{"id":9052,"date":"2024-11-04T13:25:29","date_gmt":"2024-11-04T11:25:29","guid":{"rendered":"https:\/\/highfit.es\/producto\/bcaa-glutamine-xpress\/"},"modified":"2024-11-04T13:25:29","modified_gmt":"2024-11-04T11:25:29","slug":"bcaa-glutamine-xpress","status":"publish","type":"product","link":"https:\/\/highfit.es\/en\/producto\/bcaa-glutamine-xpress\/","title":{"rendered":"BCAA + Glutamine Xpress"},"excerpt":{"rendered":"<p><strong>All known free amino acids in one place!<\/strong><\/p>\n<ul>\n<li>5 GRAMS OF BCAA IN A 2:1:1 RATIO IN EACH SERVING<\/li>\n<li>5 GRAMS OF GLUTAMINE IN EACH SERVING<\/li>\n<li>WITH ADDED TAURINE<\/li>\n<li>SUGAR-FREE*<\/li>\n<li>GLUTEN-FREE**<\/li>\n<\/ul>\n<p><strong>The most important free amino acids \u2013 why?<\/strong><\/p>\n<p>Leucine, isoleucine and valine belong to the group of branched-chain amino acids (BCAA). BCAAs are among the 9 essential amino acids for the human body, which means that our body is not able to produce them. The only source of these amino acids is the food we consume every day, or dietary supplements. Branched-chain amino acids make up approximately 35% of the essential amino acids found in muscle proteins.<\/p>\n<p>Glutamine is one of the most popular active ingredients for athletes, so it cannot be missing from our formula. In addition, BCAA+GLUTAMINE XPRESS is now supplemented with taurine. The combination of BCAA and glutamine in a 1:1 ratio is an exceptionally convenient and simple formula for replenishing the reserves of these amino acids present in large quantities in the muscles, during or after training. In addition, BCAA+GLUTAMINE XPRESS provides these amino acids in exquisite flavours.<\/p>\n","protected":false},"featured_media":8642,"comment_status":"open","ping_status":"closed","template":"","meta":[],"product_brand":[],"product_cat":[116],"product_tag":[],"class_list":{"0":"post-9052","1":"product","2":"type-product","3":"status-publish","4":"has-post-thumbnail","6":"product_cat-aminoacidos-en","7":"pa_marca-scitec-nutrition-en","8":"pa_sabor-apple","10":"first","11":"instock","12":"taxable","13":"shipping-taxable","14":"purchasable","15":"product-type-variable"},"yoast_head":"<!-- This site is optimized with the Yoast SEO plugin v27.3 - https:\/\/yoast.com\/product\/yoast-seo-wordpress\/ -->\n<title>BCAA + Glutamine Xpress - Nutrici\u00f3n Deportiva y Suplementaci\u00f3n - HighFit<\/title>\n<meta name=\"robots\" content=\"index, follow, max-snippet:-1, max-image-preview:large, max-video-preview:-1\" \/>\n<link rel=\"canonical\" href=\"https:\/\/highfit.es\/en\/producto\/bcaa-glutamine-xpress\/\" \/>\n<meta property=\"og:locale\" content=\"en_US\" \/>\n<meta property=\"og:type\" content=\"article\" \/>\n<meta property=\"og:title\" content=\"BCAA + Glutamine Xpress - Nutrici\u00f3n Deportiva y Suplementaci\u00f3n - HighFit\" \/>\n<meta property=\"og:description\" content=\"All known free amino acids in one place!  5 GRAMS OF BCAA IN A 2:1:1 RATIO IN EACH SERVING 5 GRAMS OF GLUTAMINE IN EACH SERVING WITH ADDED TAURINE SUGAR-FREE* GLUTEN-FREE**  The most important free amino acids \u2013 why? Leucine, isoleucine and valine belong to the group of branched-chain amino acids (BCAA). BCAAs are among the 9 essential amino acids for the human body, which means that our body is not able to produce them. The only source of these amino acids is the food we consume every day, or dietary supplements. Branched-chain amino acids make up approximately 35% of the essential amino acids found in muscle proteins. Glutamine is one of the most popular active ingredients for athletes, so it cannot be missing from our formula. In addition, BCAA+GLUTAMINE XPRESS is now supplemented with taurine. The combination of BCAA and glutamine in a 1:1 ratio is an exceptionally convenient and simple formula for replenishing the reserves of these amino acids present in large quantities in the muscles, during or after training. In addition, BCAA+GLUTAMINE XPRESS provides these amino acids in exquisite flavours.\" \/>\n<meta property=\"og:url\" content=\"https:\/\/highfit.es\/en\/producto\/bcaa-glutamine-xpress\/\" \/>\n<meta property=\"og:site_name\" content=\"Nutrici\u00f3n Deportiva y Suplementaci\u00f3n - HighFit\" \/>\n<meta property=\"og:image\" content=\"https:\/\/highfit.es\/wp-content\/uploads\/2024\/11\/bcaa-glutamine-xpress.jpg\" \/>\n\t<meta property=\"og:image:width\" content=\"800\" \/>\n\t<meta property=\"og:image:height\" content=\"800\" \/>\n\t<meta property=\"og:image:type\" content=\"image\/jpeg\" \/>\n<meta name=\"twitter:card\" content=\"summary_large_image\" \/>\n<script type=\"application\/ld+json\" class=\"yoast-schema-graph\">{\"@context\":\"https:\\\/\\\/schema.org\",\"@graph\":[{\"@type\":\"WebPage\",\"@id\":\"https:\\\/\\\/highfit.es\\\/en\\\/producto\\\/bcaa-glutamine-xpress\\\/\",\"url\":\"https:\\\/\\\/highfit.es\\\/en\\\/producto\\\/bcaa-glutamine-xpress\\\/\",\"name\":\"BCAA + Glutamine Xpress - Nutrici\u00f3n Deportiva y Suplementaci\u00f3n - HighFit\",\"isPartOf\":{\"@id\":\"https:\\\/\\\/highfit.es\\\/#website\"},\"primaryImageOfPage\":{\"@id\":\"https:\\\/\\\/highfit.es\\\/en\\\/producto\\\/bcaa-glutamine-xpress\\\/#primaryimage\"},\"image\":{\"@id\":\"https:\\\/\\\/highfit.es\\\/en\\\/producto\\\/bcaa-glutamine-xpress\\\/#primaryimage\"},\"thumbnailUrl\":\"https:\\\/\\\/highfit.es\\\/wp-content\\\/uploads\\\/2024\\\/11\\\/bcaa-glutamine-xpress.jpg\",\"datePublished\":\"2024-11-04T11:25:29+00:00\",\"breadcrumb\":{\"@id\":\"https:\\\/\\\/highfit.es\\\/en\\\/producto\\\/bcaa-glutamine-xpress\\\/#breadcrumb\"},\"inLanguage\":\"en-US\",\"potentialAction\":[{\"@type\":\"ReadAction\",\"target\":[\"https:\\\/\\\/highfit.es\\\/en\\\/producto\\\/bcaa-glutamine-xpress\\\/\"]}]},{\"@type\":\"ImageObject\",\"inLanguage\":\"en-US\",\"@id\":\"https:\\\/\\\/highfit.es\\\/en\\\/producto\\\/bcaa-glutamine-xpress\\\/#primaryimage\",\"url\":\"https:\\\/\\\/highfit.es\\\/wp-content\\\/uploads\\\/2024\\\/11\\\/bcaa-glutamine-xpress.jpg\",\"contentUrl\":\"https:\\\/\\\/highfit.es\\\/wp-content\\\/uploads\\\/2024\\\/11\\\/bcaa-glutamine-xpress.jpg\",\"width\":800,\"height\":800},{\"@type\":\"BreadcrumbList\",\"@id\":\"https:\\\/\\\/highfit.es\\\/en\\\/producto\\\/bcaa-glutamine-xpress\\\/#breadcrumb\",\"itemListElement\":[{\"@type\":\"ListItem\",\"position\":1,\"name\":\"Portada\",\"item\":\"https:\\\/\\\/highfit.es\\\/\"},{\"@type\":\"ListItem\",\"position\":2,\"name\":\"Productos\",\"item\":\"https:\\\/\\\/highfit.es\\\/shop\\\/\"},{\"@type\":\"ListItem\",\"position\":3,\"name\":\"BCAA + Glutamine Xpress\"}]},{\"@type\":\"WebSite\",\"@id\":\"https:\\\/\\\/highfit.es\\\/#website\",\"url\":\"https:\\\/\\\/highfit.es\\\/\",\"name\":\"Nutrici\u00f3n Deportiva y Suplementaci\u00f3n - HighFit\",\"description\":\"\u00daltima generaci\u00f3n en productos de nutrici\u00f3n deportiva. Marcas estrella en suplementaci\u00f3n con los m\u00e1s altos est\u00e1ndares de calidad\",\"potentialAction\":[{\"@type\":\"SearchAction\",\"target\":{\"@type\":\"EntryPoint\",\"urlTemplate\":\"https:\\\/\\\/highfit.es\\\/?s={search_term_string}\"},\"query-input\":{\"@type\":\"PropertyValueSpecification\",\"valueRequired\":true,\"valueName\":\"search_term_string\"}}],\"inLanguage\":\"en-US\"}]}<\/script>\n<!-- \/ Yoast SEO plugin. -->","yoast_head_json":{"title":"BCAA + Glutamine Xpress - Nutrici\u00f3n Deportiva y Suplementaci\u00f3n - HighFit","robots":{"index":"index","follow":"follow","max-snippet":"max-snippet:-1","max-image-preview":"max-image-preview:large","max-video-preview":"max-video-preview:-1"},"canonical":"https:\/\/highfit.es\/en\/producto\/bcaa-glutamine-xpress\/","og_locale":"en_US","og_type":"article","og_title":"BCAA + Glutamine Xpress - Nutrici\u00f3n Deportiva y Suplementaci\u00f3n - HighFit","og_description":"All known free amino acids in one place!  5 GRAMS OF BCAA IN A 2:1:1 RATIO IN EACH SERVING 5 GRAMS OF GLUTAMINE IN EACH SERVING WITH ADDED TAURINE SUGAR-FREE* GLUTEN-FREE**  The most important free amino acids \u2013 why? Leucine, isoleucine and valine belong to the group of branched-chain amino acids (BCAA). BCAAs are among the 9 essential amino acids for the human body, which means that our body is not able to produce them. The only source of these amino acids is the food we consume every day, or dietary supplements. Branched-chain amino acids make up approximately 35% of the essential amino acids found in muscle proteins. Glutamine is one of the most popular active ingredients for athletes, so it cannot be missing from our formula. In addition, BCAA+GLUTAMINE XPRESS is now supplemented with taurine. The combination of BCAA and glutamine in a 1:1 ratio is an exceptionally convenient and simple formula for replenishing the reserves of these amino acids present in large quantities in the muscles, during or after training. In addition, BCAA+GLUTAMINE XPRESS provides these amino acids in exquisite flavours.","og_url":"https:\/\/highfit.es\/en\/producto\/bcaa-glutamine-xpress\/","og_site_name":"Nutrici\u00f3n Deportiva y Suplementaci\u00f3n - HighFit","og_image":[{"width":800,"height":800,"url":"https:\/\/highfit.es\/wp-content\/uploads\/2024\/11\/bcaa-glutamine-xpress.jpg","type":"image\/jpeg"}],"twitter_card":"summary_large_image","schema":{"@context":"https:\/\/schema.org","@graph":[{"@type":"WebPage","@id":"https:\/\/highfit.es\/en\/producto\/bcaa-glutamine-xpress\/","url":"https:\/\/highfit.es\/en\/producto\/bcaa-glutamine-xpress\/","name":"BCAA + Glutamine Xpress - Nutrici\u00f3n Deportiva y Suplementaci\u00f3n - HighFit","isPartOf":{"@id":"https:\/\/highfit.es\/#website"},"primaryImageOfPage":{"@id":"https:\/\/highfit.es\/en\/producto\/bcaa-glutamine-xpress\/#primaryimage"},"image":{"@id":"https:\/\/highfit.es\/en\/producto\/bcaa-glutamine-xpress\/#primaryimage"},"thumbnailUrl":"https:\/\/highfit.es\/wp-content\/uploads\/2024\/11\/bcaa-glutamine-xpress.jpg","datePublished":"2024-11-04T11:25:29+00:00","breadcrumb":{"@id":"https:\/\/highfit.es\/en\/producto\/bcaa-glutamine-xpress\/#breadcrumb"},"inLanguage":"en-US","potentialAction":[{"@type":"ReadAction","target":["https:\/\/highfit.es\/en\/producto\/bcaa-glutamine-xpress\/"]}]},{"@type":"ImageObject","inLanguage":"en-US","@id":"https:\/\/highfit.es\/en\/producto\/bcaa-glutamine-xpress\/#primaryimage","url":"https:\/\/highfit.es\/wp-content\/uploads\/2024\/11\/bcaa-glutamine-xpress.jpg","contentUrl":"https:\/\/highfit.es\/wp-content\/uploads\/2024\/11\/bcaa-glutamine-xpress.jpg","width":800,"height":800},{"@type":"BreadcrumbList","@id":"https:\/\/highfit.es\/en\/producto\/bcaa-glutamine-xpress\/#breadcrumb","itemListElement":[{"@type":"ListItem","position":1,"name":"Portada","item":"https:\/\/highfit.es\/"},{"@type":"ListItem","position":2,"name":"Productos","item":"https:\/\/highfit.es\/shop\/"},{"@type":"ListItem","position":3,"name":"BCAA + Glutamine Xpress"}]},{"@type":"WebSite","@id":"https:\/\/highfit.es\/#website","url":"https:\/\/highfit.es\/","name":"Nutrici\u00f3n Deportiva y Suplementaci\u00f3n - HighFit","description":"\u00daltima generaci\u00f3n en productos de nutrici\u00f3n deportiva. Marcas estrella en suplementaci\u00f3n con los m\u00e1s altos est\u00e1ndares de calidad","potentialAction":[{"@type":"SearchAction","target":{"@type":"EntryPoint","urlTemplate":"https:\/\/highfit.es\/?s={search_term_string}"},"query-input":{"@type":"PropertyValueSpecification","valueRequired":true,"valueName":"search_term_string"}}],"inLanguage":"en-US"}]}},"_links":{"self":[{"href":"https:\/\/highfit.es\/en\/wp-json\/wp\/v2\/product\/9052","targetHints":{"allow":["GET"]}}],"collection":[{"href":"https:\/\/highfit.es\/en\/wp-json\/wp\/v2\/product"}],"about":[{"href":"https:\/\/highfit.es\/en\/wp-json\/wp\/v2\/types\/product"}],"replies":[{"embeddable":true,"href":"https:\/\/highfit.es\/en\/wp-json\/wp\/v2\/comments?post=9052"}],"wp:featuredmedia":[{"embeddable":true,"href":"https:\/\/highfit.es\/en\/wp-json\/wp\/v2\/media\/8642"}],"wp:attachment":[{"href":"https:\/\/highfit.es\/en\/wp-json\/wp\/v2\/media?parent=9052"}],"wp:term":[{"taxonomy":"product_brand","embeddable":true,"href":"https:\/\/highfit.es\/en\/wp-json\/wp\/v2\/product_brand?post=9052"},{"taxonomy":"product_cat","embeddable":true,"href":"https:\/\/highfit.es\/en\/wp-json\/wp\/v2\/product_cat?post=9052"},{"taxonomy":"product_tag","embeddable":true,"href":"https:\/\/highfit.es\/en\/wp-json\/wp\/v2\/product_tag?post=9052"}],"curies":[{"name":"wp","href":"https:\/\/api.w.org\/{rel}","templated":true}]}}