{"id":9032,"date":"2024-11-21T13:25:24","date_gmt":"2024-11-21T11:25:24","guid":{"rendered":"https:\/\/highfit.es\/producto\/olimp-clear-whey-isolate-350g\/"},"modified":"2024-11-21T13:25:24","modified_gmt":"2024-11-21T11:25:24","slug":"olimp-clear-whey-isolate-350g","status":"publish","type":"product","link":"https:\/\/highfit.es\/en\/producto\/olimp-clear-whey-isolate-350g\/","title":{"rendered":"Olimp Clear whey isolate 350g"},"excerpt":{"rendered":"<p>Do you fancy a delicious, juicy and refreshing protein in the form of highly digestible whey isolate? Nothing is impossible for the Olimp Sport Nutrition brand! Introducing Clear Whey Isolate+! No added sugars 2 and no fats, with an added portion of electrolytes (magnesium, potassium, calcium)!<\/p>\n<p>Clear Whey Isolate+ is a unique-tasting alternative to classic milk-based protein shakes. Try it and you will feel the difference and fall in love with it from the first sip!<\/p>\n<p>The prepared drink has a delicious taste, an extremely light and clear texture and, above all, contains a good amount of protein, which contributes to the growth and maintenance of muscle mass.<\/p>\n<p>Clear Whey Isolate+ works well whether you are increasing your muscle mass or reducing fatty tissue (the product has no added sugars or fats) and do not want to lose your current muscle mass. To prepare a protein shake based on whey protein isolate, all you need is water (500 ml) and a shaker. The product can be used by vegetarians.<\/p>\n","protected":false},"featured_media":8829,"comment_status":"open","ping_status":"closed","template":"","meta":[],"product_brand":[],"product_cat":[278,179],"product_tag":[],"class_list":{"0":"post-9032","1":"product","2":"type-product","3":"status-publish","4":"has-post-thumbnail","6":"product_cat-olimp-en","7":"product_cat-whey-protein-en","8":"pa_marca-olimp-en","10":"first","11":"outofstock","12":"taxable","13":"shipping-taxable","14":"product-type-variable"},"yoast_head":"<!-- This site is optimized with the Yoast SEO plugin v27.3 - https:\/\/yoast.com\/product\/yoast-seo-wordpress\/ -->\n<title>Olimp Clear whey isolate 350g - Nutrici\u00f3n Deportiva y Suplementaci\u00f3n - HighFit<\/title>\n<meta name=\"robots\" content=\"index, follow, max-snippet:-1, max-image-preview:large, max-video-preview:-1\" \/>\n<link rel=\"canonical\" href=\"https:\/\/highfit.es\/en\/producto\/olimp-clear-whey-isolate-350g\/\" \/>\n<meta property=\"og:locale\" content=\"en_US\" \/>\n<meta property=\"og:type\" content=\"article\" \/>\n<meta property=\"og:title\" content=\"Olimp Clear whey isolate 350g - Nutrici\u00f3n Deportiva y Suplementaci\u00f3n - HighFit\" \/>\n<meta property=\"og:description\" content=\"Do you fancy a delicious, juicy and refreshing protein in the form of highly digestible whey isolate? Nothing is impossible for the Olimp Sport Nutrition brand! Introducing Clear Whey Isolate+! No added sugars 2 and no fats, with an added portion of electrolytes (magnesium, potassium, calcium)! Clear Whey Isolate+ is a unique-tasting alternative to classic milk-based protein shakes. Try it and you will feel the difference and fall in love with it from the first sip! The prepared drink has a delicious taste, an extremely light and clear texture and, above all, contains a good amount of protein, which contributes to the growth and maintenance of muscle mass. Clear Whey Isolate+ works well whether you are increasing your muscle mass or reducing fatty tissue (the product has no added sugars or fats) and do not want to lose your current muscle mass. To prepare a protein shake based on whey protein isolate, all you need is water (500 ml) and a shaker. The product can be used by vegetarians.\" \/>\n<meta property=\"og:url\" content=\"https:\/\/highfit.es\/en\/producto\/olimp-clear-whey-isolate-350g\/\" \/>\n<meta property=\"og:site_name\" content=\"Nutrici\u00f3n Deportiva y Suplementaci\u00f3n - HighFit\" \/>\n<meta property=\"og:image\" content=\"https:\/\/highfit.es\/wp-content\/uploads\/2024\/11\/olimp_clear_whey_isolate.jpg\" \/>\n\t<meta property=\"og:image:width\" content=\"800\" \/>\n\t<meta property=\"og:image:height\" content=\"800\" \/>\n\t<meta property=\"og:image:type\" content=\"image\/jpeg\" \/>\n<meta name=\"twitter:card\" content=\"summary_large_image\" \/>\n<script type=\"application\/ld+json\" class=\"yoast-schema-graph\">{\"@context\":\"https:\\\/\\\/schema.org\",\"@graph\":[{\"@type\":\"WebPage\",\"@id\":\"https:\\\/\\\/highfit.es\\\/en\\\/producto\\\/olimp-clear-whey-isolate-350g\\\/\",\"url\":\"https:\\\/\\\/highfit.es\\\/en\\\/producto\\\/olimp-clear-whey-isolate-350g\\\/\",\"name\":\"Olimp Clear whey isolate 350g - Nutrici\u00f3n Deportiva y Suplementaci\u00f3n - HighFit\",\"isPartOf\":{\"@id\":\"https:\\\/\\\/highfit.es\\\/#website\"},\"primaryImageOfPage\":{\"@id\":\"https:\\\/\\\/highfit.es\\\/en\\\/producto\\\/olimp-clear-whey-isolate-350g\\\/#primaryimage\"},\"image\":{\"@id\":\"https:\\\/\\\/highfit.es\\\/en\\\/producto\\\/olimp-clear-whey-isolate-350g\\\/#primaryimage\"},\"thumbnailUrl\":\"https:\\\/\\\/highfit.es\\\/wp-content\\\/uploads\\\/2024\\\/11\\\/olimp_clear_whey_isolate.jpg\",\"datePublished\":\"2024-11-21T11:25:24+00:00\",\"breadcrumb\":{\"@id\":\"https:\\\/\\\/highfit.es\\\/en\\\/producto\\\/olimp-clear-whey-isolate-350g\\\/#breadcrumb\"},\"inLanguage\":\"en-US\",\"potentialAction\":[{\"@type\":\"ReadAction\",\"target\":[\"https:\\\/\\\/highfit.es\\\/en\\\/producto\\\/olimp-clear-whey-isolate-350g\\\/\"]}]},{\"@type\":\"ImageObject\",\"inLanguage\":\"en-US\",\"@id\":\"https:\\\/\\\/highfit.es\\\/en\\\/producto\\\/olimp-clear-whey-isolate-350g\\\/#primaryimage\",\"url\":\"https:\\\/\\\/highfit.es\\\/wp-content\\\/uploads\\\/2024\\\/11\\\/olimp_clear_whey_isolate.jpg\",\"contentUrl\":\"https:\\\/\\\/highfit.es\\\/wp-content\\\/uploads\\\/2024\\\/11\\\/olimp_clear_whey_isolate.jpg\",\"width\":800,\"height\":800},{\"@type\":\"BreadcrumbList\",\"@id\":\"https:\\\/\\\/highfit.es\\\/en\\\/producto\\\/olimp-clear-whey-isolate-350g\\\/#breadcrumb\",\"itemListElement\":[{\"@type\":\"ListItem\",\"position\":1,\"name\":\"Portada\",\"item\":\"https:\\\/\\\/highfit.es\\\/\"},{\"@type\":\"ListItem\",\"position\":2,\"name\":\"Productos\",\"item\":\"https:\\\/\\\/highfit.es\\\/shop\\\/\"},{\"@type\":\"ListItem\",\"position\":3,\"name\":\"Olimp Clear whey isolate 350g\"}]},{\"@type\":\"WebSite\",\"@id\":\"https:\\\/\\\/highfit.es\\\/#website\",\"url\":\"https:\\\/\\\/highfit.es\\\/\",\"name\":\"Nutrici\u00f3n Deportiva y Suplementaci\u00f3n - HighFit\",\"description\":\"\u00daltima generaci\u00f3n en productos de nutrici\u00f3n deportiva. Marcas estrella en suplementaci\u00f3n con los m\u00e1s altos est\u00e1ndares de calidad\",\"potentialAction\":[{\"@type\":\"SearchAction\",\"target\":{\"@type\":\"EntryPoint\",\"urlTemplate\":\"https:\\\/\\\/highfit.es\\\/?s={search_term_string}\"},\"query-input\":{\"@type\":\"PropertyValueSpecification\",\"valueRequired\":true,\"valueName\":\"search_term_string\"}}],\"inLanguage\":\"en-US\"}]}<\/script>\n<!-- \/ Yoast SEO plugin. -->","yoast_head_json":{"title":"Olimp Clear whey isolate 350g - Nutrici\u00f3n Deportiva y Suplementaci\u00f3n - HighFit","robots":{"index":"index","follow":"follow","max-snippet":"max-snippet:-1","max-image-preview":"max-image-preview:large","max-video-preview":"max-video-preview:-1"},"canonical":"https:\/\/highfit.es\/en\/producto\/olimp-clear-whey-isolate-350g\/","og_locale":"en_US","og_type":"article","og_title":"Olimp Clear whey isolate 350g - Nutrici\u00f3n Deportiva y Suplementaci\u00f3n - HighFit","og_description":"Do you fancy a delicious, juicy and refreshing protein in the form of highly digestible whey isolate? Nothing is impossible for the Olimp Sport Nutrition brand! Introducing Clear Whey Isolate+! No added sugars 2 and no fats, with an added portion of electrolytes (magnesium, potassium, calcium)! Clear Whey Isolate+ is a unique-tasting alternative to classic milk-based protein shakes. Try it and you will feel the difference and fall in love with it from the first sip! The prepared drink has a delicious taste, an extremely light and clear texture and, above all, contains a good amount of protein, which contributes to the growth and maintenance of muscle mass. Clear Whey Isolate+ works well whether you are increasing your muscle mass or reducing fatty tissue (the product has no added sugars or fats) and do not want to lose your current muscle mass. To prepare a protein shake based on whey protein isolate, all you need is water (500 ml) and a shaker. The product can be used by vegetarians.","og_url":"https:\/\/highfit.es\/en\/producto\/olimp-clear-whey-isolate-350g\/","og_site_name":"Nutrici\u00f3n Deportiva y Suplementaci\u00f3n - HighFit","og_image":[{"width":800,"height":800,"url":"https:\/\/highfit.es\/wp-content\/uploads\/2024\/11\/olimp_clear_whey_isolate.jpg","type":"image\/jpeg"}],"twitter_card":"summary_large_image","schema":{"@context":"https:\/\/schema.org","@graph":[{"@type":"WebPage","@id":"https:\/\/highfit.es\/en\/producto\/olimp-clear-whey-isolate-350g\/","url":"https:\/\/highfit.es\/en\/producto\/olimp-clear-whey-isolate-350g\/","name":"Olimp Clear whey isolate 350g - Nutrici\u00f3n Deportiva y Suplementaci\u00f3n - HighFit","isPartOf":{"@id":"https:\/\/highfit.es\/#website"},"primaryImageOfPage":{"@id":"https:\/\/highfit.es\/en\/producto\/olimp-clear-whey-isolate-350g\/#primaryimage"},"image":{"@id":"https:\/\/highfit.es\/en\/producto\/olimp-clear-whey-isolate-350g\/#primaryimage"},"thumbnailUrl":"https:\/\/highfit.es\/wp-content\/uploads\/2024\/11\/olimp_clear_whey_isolate.jpg","datePublished":"2024-11-21T11:25:24+00:00","breadcrumb":{"@id":"https:\/\/highfit.es\/en\/producto\/olimp-clear-whey-isolate-350g\/#breadcrumb"},"inLanguage":"en-US","potentialAction":[{"@type":"ReadAction","target":["https:\/\/highfit.es\/en\/producto\/olimp-clear-whey-isolate-350g\/"]}]},{"@type":"ImageObject","inLanguage":"en-US","@id":"https:\/\/highfit.es\/en\/producto\/olimp-clear-whey-isolate-350g\/#primaryimage","url":"https:\/\/highfit.es\/wp-content\/uploads\/2024\/11\/olimp_clear_whey_isolate.jpg","contentUrl":"https:\/\/highfit.es\/wp-content\/uploads\/2024\/11\/olimp_clear_whey_isolate.jpg","width":800,"height":800},{"@type":"BreadcrumbList","@id":"https:\/\/highfit.es\/en\/producto\/olimp-clear-whey-isolate-350g\/#breadcrumb","itemListElement":[{"@type":"ListItem","position":1,"name":"Portada","item":"https:\/\/highfit.es\/"},{"@type":"ListItem","position":2,"name":"Productos","item":"https:\/\/highfit.es\/shop\/"},{"@type":"ListItem","position":3,"name":"Olimp Clear whey isolate 350g"}]},{"@type":"WebSite","@id":"https:\/\/highfit.es\/#website","url":"https:\/\/highfit.es\/","name":"Nutrici\u00f3n Deportiva y Suplementaci\u00f3n - HighFit","description":"\u00daltima generaci\u00f3n en productos de nutrici\u00f3n deportiva. Marcas estrella en suplementaci\u00f3n con los m\u00e1s altos est\u00e1ndares de calidad","potentialAction":[{"@type":"SearchAction","target":{"@type":"EntryPoint","urlTemplate":"https:\/\/highfit.es\/?s={search_term_string}"},"query-input":{"@type":"PropertyValueSpecification","valueRequired":true,"valueName":"search_term_string"}}],"inLanguage":"en-US"}]}},"_links":{"self":[{"href":"https:\/\/highfit.es\/en\/wp-json\/wp\/v2\/product\/9032","targetHints":{"allow":["GET"]}}],"collection":[{"href":"https:\/\/highfit.es\/en\/wp-json\/wp\/v2\/product"}],"about":[{"href":"https:\/\/highfit.es\/en\/wp-json\/wp\/v2\/types\/product"}],"replies":[{"embeddable":true,"href":"https:\/\/highfit.es\/en\/wp-json\/wp\/v2\/comments?post=9032"}],"wp:featuredmedia":[{"embeddable":true,"href":"https:\/\/highfit.es\/en\/wp-json\/wp\/v2\/media\/8829"}],"wp:attachment":[{"href":"https:\/\/highfit.es\/en\/wp-json\/wp\/v2\/media?parent=9032"}],"wp:term":[{"taxonomy":"product_brand","embeddable":true,"href":"https:\/\/highfit.es\/en\/wp-json\/wp\/v2\/product_brand?post=9032"},{"taxonomy":"product_cat","embeddable":true,"href":"https:\/\/highfit.es\/en\/wp-json\/wp\/v2\/product_cat?post=9032"},{"taxonomy":"product_tag","embeddable":true,"href":"https:\/\/highfit.es\/en\/wp-json\/wp\/v2\/product_tag?post=9032"}],"curies":[{"name":"wp","href":"https:\/\/api.w.org\/{rel}","templated":true}]}}