{"id":9028,"date":"2025-01-13T13:56:00","date_gmt":"2025-01-13T11:56:00","guid":{"rendered":"https:\/\/highfit.es\/producto\/amix-caffeine-with-taurine\/"},"modified":"2025-01-13T13:56:00","modified_gmt":"2025-01-13T11:56:00","slug":"amix-caffeine-with-taurine","status":"publish","type":"product","link":"https:\/\/highfit.es\/en\/producto\/amix-caffeine-with-taurine\/","title":{"rendered":"Amix Caffeine with Taurine"},"excerpt":{"rendered":"<p>It is a supplement made from 200 mg of Anhydrous Caffeine and 400 mg of Taurine with its pure formula.<\/p>\n<p>Caffeine with taurine is a powerful stimulant that helps increase energy levels, increases strength and endurance, it is a pre-workout formula to enhance and maximize workouts<\/p>\n<p>&nbsp;<\/p>\n<p><strong>Caffeine<\/strong><\/p>\n<ul>\n<li>Improves performance, endurance and delays fatigue.<\/li>\n<li>Supports concentration and alertness.<\/li>\n<\/ul>\n<p><strong>Taurine<\/strong><\/p>\n<ul>\n<li>Helps delay the onset of fatigue,<\/li>\n<li>helps maintain energy levels for extended periods during intense exercise<\/li>\n<li>contributes to improving endurance and helps maintain maximum effort during times of high physical demand<br \/>\n","protected":false},"featured_media":8963,"comment_status":"open","ping_status":"closed","template":"","meta":[],"product_brand":[],"product_cat":[301,106,124],"product_tag":[],"class_list":{"0":"post-9028","1":"product","2":"type-product","3":"status-publish","4":"has-post-thumbnail","6":"product_cat-amix-en","7":"product_cat-energia-en","8":"product_cat-rendimiento-en","9":"pa_marca-amix-en","11":"first","12":"instock","13":"taxable","14":"shipping-taxable","15":"purchasable","16":"product-type-simple"},"yoast_head":"<!-- This site is optimized with the Yoast SEO plugin v27.4 - https:\/\/yoast.com\/product\/yoast-seo-wordpress\/ -->\n<title>Amix Caffeine with Taurine - Nutrici\u00f3n Deportiva y Suplementaci\u00f3n - HighFit<\/title>\n<meta name=\"robots\" content=\"index, follow, max-snippet:-1, max-image-preview:large, max-video-preview:-1\" \/>\n<link rel=\"canonical\" href=\"https:\/\/highfit.es\/en\/producto\/amix-caffeine-with-taurine\/\" \/>\n<meta property=\"og:locale\" content=\"en_US\" \/>\n<meta property=\"og:type\" content=\"article\" \/>\n<meta property=\"og:title\" content=\"Amix Caffeine with Taurine - Nutrici\u00f3n Deportiva y Suplementaci\u00f3n - HighFit\" \/>\n<meta property=\"og:description\" content=\"It is a supplement made from 200 mg of Anhydrous Caffeine and 400 mg of Taurine with its pure formula.  Caffeine with taurine is a powerful stimulant that helps increase energy levels, increases strength and endurance, it is a pre-workout formula to enhance and maximize workouts  &nbsp;  Caffeine  Improves performance, endurance and delays fatigue. Supports concentration and alertness.  Taurine  Helps delay the onset of fatigue, helps maintain energy levels for extended periods during intense exercise contributes to improving endurance and helps maintain maximum effort during times of high physical demand\" \/>\n<meta property=\"og:url\" content=\"https:\/\/highfit.es\/en\/producto\/amix-caffeine-with-taurine\/\" \/>\n<meta property=\"og:site_name\" content=\"Nutrici\u00f3n Deportiva y Suplementaci\u00f3n - HighFit\" \/>\n<meta property=\"og:image\" content=\"https:\/\/highfit.es\/wp-content\/uploads\/2025\/01\/caffeine.jpg\" \/>\n\t<meta property=\"og:image:width\" content=\"800\" \/>\n\t<meta property=\"og:image:height\" content=\"800\" \/>\n\t<meta property=\"og:image:type\" content=\"image\/jpeg\" \/>\n<meta name=\"twitter:card\" content=\"summary_large_image\" \/>\n<script type=\"application\/ld+json\" class=\"yoast-schema-graph\">{\"@context\":\"https:\\\/\\\/schema.org\",\"@graph\":[{\"@type\":\"WebPage\",\"@id\":\"https:\\\/\\\/highfit.es\\\/en\\\/producto\\\/amix-caffeine-with-taurine\\\/\",\"url\":\"https:\\\/\\\/highfit.es\\\/en\\\/producto\\\/amix-caffeine-with-taurine\\\/\",\"name\":\"Amix Caffeine with Taurine - Nutrici\u00f3n Deportiva y Suplementaci\u00f3n - HighFit\",\"isPartOf\":{\"@id\":\"https:\\\/\\\/highfit.es\\\/#website\"},\"primaryImageOfPage\":{\"@id\":\"https:\\\/\\\/highfit.es\\\/en\\\/producto\\\/amix-caffeine-with-taurine\\\/#primaryimage\"},\"image\":{\"@id\":\"https:\\\/\\\/highfit.es\\\/en\\\/producto\\\/amix-caffeine-with-taurine\\\/#primaryimage\"},\"thumbnailUrl\":\"https:\\\/\\\/highfit.es\\\/wp-content\\\/uploads\\\/2025\\\/01\\\/caffeine.jpg\",\"datePublished\":\"2025-01-13T11:56:00+00:00\",\"breadcrumb\":{\"@id\":\"https:\\\/\\\/highfit.es\\\/en\\\/producto\\\/amix-caffeine-with-taurine\\\/#breadcrumb\"},\"inLanguage\":\"en-US\",\"potentialAction\":[{\"@type\":\"ReadAction\",\"target\":[\"https:\\\/\\\/highfit.es\\\/en\\\/producto\\\/amix-caffeine-with-taurine\\\/\"]}]},{\"@type\":\"ImageObject\",\"inLanguage\":\"en-US\",\"@id\":\"https:\\\/\\\/highfit.es\\\/en\\\/producto\\\/amix-caffeine-with-taurine\\\/#primaryimage\",\"url\":\"https:\\\/\\\/highfit.es\\\/wp-content\\\/uploads\\\/2025\\\/01\\\/caffeine.jpg\",\"contentUrl\":\"https:\\\/\\\/highfit.es\\\/wp-content\\\/uploads\\\/2025\\\/01\\\/caffeine.jpg\",\"width\":800,\"height\":800},{\"@type\":\"BreadcrumbList\",\"@id\":\"https:\\\/\\\/highfit.es\\\/en\\\/producto\\\/amix-caffeine-with-taurine\\\/#breadcrumb\",\"itemListElement\":[{\"@type\":\"ListItem\",\"position\":1,\"name\":\"Portada\",\"item\":\"https:\\\/\\\/highfit.es\\\/\"},{\"@type\":\"ListItem\",\"position\":2,\"name\":\"Productos\",\"item\":\"https:\\\/\\\/highfit.es\\\/shop\\\/\"},{\"@type\":\"ListItem\",\"position\":3,\"name\":\"Amix Caffeine with Taurine\"}]},{\"@type\":\"WebSite\",\"@id\":\"https:\\\/\\\/highfit.es\\\/#website\",\"url\":\"https:\\\/\\\/highfit.es\\\/\",\"name\":\"Nutrici\u00f3n Deportiva y Suplementaci\u00f3n - HighFit\",\"description\":\"\u00daltima generaci\u00f3n en productos de nutrici\u00f3n deportiva. Marcas estrella en suplementaci\u00f3n con los m\u00e1s altos est\u00e1ndares de calidad\",\"potentialAction\":[{\"@type\":\"SearchAction\",\"target\":{\"@type\":\"EntryPoint\",\"urlTemplate\":\"https:\\\/\\\/highfit.es\\\/?s={search_term_string}\"},\"query-input\":{\"@type\":\"PropertyValueSpecification\",\"valueRequired\":true,\"valueName\":\"search_term_string\"}}],\"inLanguage\":\"en-US\"}]}<\/script>\n<!-- \/ Yoast SEO plugin. -->","yoast_head_json":{"title":"Amix Caffeine with Taurine - Nutrici\u00f3n Deportiva y Suplementaci\u00f3n - HighFit","robots":{"index":"index","follow":"follow","max-snippet":"max-snippet:-1","max-image-preview":"max-image-preview:large","max-video-preview":"max-video-preview:-1"},"canonical":"https:\/\/highfit.es\/en\/producto\/amix-caffeine-with-taurine\/","og_locale":"en_US","og_type":"article","og_title":"Amix Caffeine with Taurine - Nutrici\u00f3n Deportiva y Suplementaci\u00f3n - HighFit","og_description":"It is a supplement made from 200 mg of Anhydrous Caffeine and 400 mg of Taurine with its pure formula.  Caffeine with taurine is a powerful stimulant that helps increase energy levels, increases strength and endurance, it is a pre-workout formula to enhance and maximize workouts  &nbsp;  Caffeine  Improves performance, endurance and delays fatigue. Supports concentration and alertness.  Taurine  Helps delay the onset of fatigue, helps maintain energy levels for extended periods during intense exercise contributes to improving endurance and helps maintain maximum effort during times of high physical demand","og_url":"https:\/\/highfit.es\/en\/producto\/amix-caffeine-with-taurine\/","og_site_name":"Nutrici\u00f3n Deportiva y Suplementaci\u00f3n - HighFit","og_image":[{"width":800,"height":800,"url":"https:\/\/highfit.es\/wp-content\/uploads\/2025\/01\/caffeine.jpg","type":"image\/jpeg"}],"twitter_card":"summary_large_image","schema":{"@context":"https:\/\/schema.org","@graph":[{"@type":"WebPage","@id":"https:\/\/highfit.es\/en\/producto\/amix-caffeine-with-taurine\/","url":"https:\/\/highfit.es\/en\/producto\/amix-caffeine-with-taurine\/","name":"Amix Caffeine with Taurine - Nutrici\u00f3n Deportiva y Suplementaci\u00f3n - HighFit","isPartOf":{"@id":"https:\/\/highfit.es\/#website"},"primaryImageOfPage":{"@id":"https:\/\/highfit.es\/en\/producto\/amix-caffeine-with-taurine\/#primaryimage"},"image":{"@id":"https:\/\/highfit.es\/en\/producto\/amix-caffeine-with-taurine\/#primaryimage"},"thumbnailUrl":"https:\/\/highfit.es\/wp-content\/uploads\/2025\/01\/caffeine.jpg","datePublished":"2025-01-13T11:56:00+00:00","breadcrumb":{"@id":"https:\/\/highfit.es\/en\/producto\/amix-caffeine-with-taurine\/#breadcrumb"},"inLanguage":"en-US","potentialAction":[{"@type":"ReadAction","target":["https:\/\/highfit.es\/en\/producto\/amix-caffeine-with-taurine\/"]}]},{"@type":"ImageObject","inLanguage":"en-US","@id":"https:\/\/highfit.es\/en\/producto\/amix-caffeine-with-taurine\/#primaryimage","url":"https:\/\/highfit.es\/wp-content\/uploads\/2025\/01\/caffeine.jpg","contentUrl":"https:\/\/highfit.es\/wp-content\/uploads\/2025\/01\/caffeine.jpg","width":800,"height":800},{"@type":"BreadcrumbList","@id":"https:\/\/highfit.es\/en\/producto\/amix-caffeine-with-taurine\/#breadcrumb","itemListElement":[{"@type":"ListItem","position":1,"name":"Portada","item":"https:\/\/highfit.es\/"},{"@type":"ListItem","position":2,"name":"Productos","item":"https:\/\/highfit.es\/shop\/"},{"@type":"ListItem","position":3,"name":"Amix Caffeine with Taurine"}]},{"@type":"WebSite","@id":"https:\/\/highfit.es\/#website","url":"https:\/\/highfit.es\/","name":"Nutrici\u00f3n Deportiva y Suplementaci\u00f3n - HighFit","description":"\u00daltima generaci\u00f3n en productos de nutrici\u00f3n deportiva. Marcas estrella en suplementaci\u00f3n con los m\u00e1s altos est\u00e1ndares de calidad","potentialAction":[{"@type":"SearchAction","target":{"@type":"EntryPoint","urlTemplate":"https:\/\/highfit.es\/?s={search_term_string}"},"query-input":{"@type":"PropertyValueSpecification","valueRequired":true,"valueName":"search_term_string"}}],"inLanguage":"en-US"}]}},"_links":{"self":[{"href":"https:\/\/highfit.es\/en\/wp-json\/wp\/v2\/product\/9028","targetHints":{"allow":["GET"]}}],"collection":[{"href":"https:\/\/highfit.es\/en\/wp-json\/wp\/v2\/product"}],"about":[{"href":"https:\/\/highfit.es\/en\/wp-json\/wp\/v2\/types\/product"}],"replies":[{"embeddable":true,"href":"https:\/\/highfit.es\/en\/wp-json\/wp\/v2\/comments?post=9028"}],"wp:featuredmedia":[{"embeddable":true,"href":"https:\/\/highfit.es\/en\/wp-json\/wp\/v2\/media\/8963"}],"wp:attachment":[{"href":"https:\/\/highfit.es\/en\/wp-json\/wp\/v2\/media?parent=9028"}],"wp:term":[{"taxonomy":"product_brand","embeddable":true,"href":"https:\/\/highfit.es\/en\/wp-json\/wp\/v2\/product_brand?post=9028"},{"taxonomy":"product_cat","embeddable":true,"href":"https:\/\/highfit.es\/en\/wp-json\/wp\/v2\/product_cat?post=9028"},{"taxonomy":"product_tag","embeddable":true,"href":"https:\/\/highfit.es\/en\/wp-json\/wp\/v2\/product_tag?post=9028"}],"curies":[{"name":"wp","href":"https:\/\/api.w.org\/{rel}","templated":true}]}}