{"id":8789,"date":"2024-07-29T10:02:51","date_gmt":"2024-07-29T10:02:51","guid":{"rendered":"https:\/\/highfit.es\/producto\/100-whey-isolate-2-kg\/"},"modified":"2024-07-29T10:02:51","modified_gmt":"2024-07-29T08:02:51","slug":"100-whey-isolate-2-kg","status":"publish","type":"product","link":"https:\/\/highfit.es\/en\/producto\/100-whey-isolate-2-kg\/","title":{"rendered":"100% Whey Isolate (2 kg)"},"excerpt":{"rendered":"<ul>\n<li>100% WHEY PROTEIN ISOLATE<\/li>\n<li>WITH ADDED L-GLUTAMINE AND L-ARGININE<\/li>\n<li>SUGAR FREE ***<\/li>\n<li>GLUTEN FREE ****<\/li>\n<li>PALM OIL FREE<\/li>\n<\/ul>\n<p>Whey Isolate with Added Amino Acids<\/p>\n<p>Whey protein is one of the most popular protein sources among athletes. For us, whey protein is like materials on a construction site. 100% Whey Isolate contains only whey isolate, not whey concentrate. Thanks to its favorable amino profile, it contains over 4 grams of BCAAs per serving, and with added glutamine, the total glutamine content is over 4.5 grams per serving. 100% Whey Isolate contributes to the growth and maintenance of muscle mass and normal bone structure **<\/p>\n<p>Depending on your goals, you can also consume it after your workout with fast carbohydrates or in combination, such as VitarGO! or Supercarb Xpress!<\/p>\n<p>** Scientifically based claims approved by the European Food Safety Authority (EFSA).<br \/>\n*** &lt;0.5 g sugar \/ 100 ml ready to drink.<br \/>\n**** Gluten-free according to European Union regulations.<\/p>\n","protected":false},"featured_media":7866,"comment_status":"open","ping_status":"closed","template":"","meta":[],"product_brand":[],"product_cat":[179],"product_tag":[],"class_list":{"0":"post-8789","1":"product","2":"type-product","3":"status-publish","4":"has-post-thumbnail","6":"product_cat-whey-protein-en","7":"pa_marca-scitec-nutrition-en","8":"pa_sabor-choco-hazelnut","9":"pa_sabor-chocolate-en","10":"pa_sabor-cookies-cream-en","11":"pa_sabor-vainilla-en","13":"first","14":"outofstock","15":"taxable","16":"shipping-taxable","17":"purchasable","18":"product-type-variable"},"yoast_head":"<!-- This site is optimized with the Yoast SEO plugin v27.3 - https:\/\/yoast.com\/product\/yoast-seo-wordpress\/ -->\n<title>100% Whey Isolate (2 kg) - Nutrici\u00f3n Deportiva y Suplementaci\u00f3n - HighFit<\/title>\n<meta name=\"robots\" content=\"index, follow, max-snippet:-1, max-image-preview:large, max-video-preview:-1\" \/>\n<link rel=\"canonical\" href=\"https:\/\/highfit.es\/en\/producto\/100-whey-isolate-2-kg\/\" \/>\n<meta property=\"og:locale\" content=\"en_US\" \/>\n<meta property=\"og:type\" content=\"article\" \/>\n<meta property=\"og:title\" content=\"100% Whey Isolate (2 kg) - Nutrici\u00f3n Deportiva y Suplementaci\u00f3n - HighFit\" \/>\n<meta property=\"og:description\" content=\"100% WHEY PROTEIN ISOLATE WITH ADDED L-GLUTAMINE AND L-ARGININE SUGAR FREE *** GLUTEN FREE **** PALM OIL FREE  Whey Isolate with Added Amino Acids Whey protein is one of the most popular protein sources among athletes. For us, whey protein is like materials on a construction site. 100% Whey Isolate contains only whey isolate, not whey concentrate. Thanks to its favorable amino profile, it contains over 4 grams of BCAAs per serving, and with added glutamine, the total glutamine content is over 4.5 grams per serving. 100% Whey Isolate contributes to the growth and maintenance of muscle mass and normal bone structure ** Depending on your goals, you can also consume it after your workout with fast carbohydrates or in combination, such as VitarGO! or Supercarb Xpress! ** Scientifically based claims approved by the European Food Safety Authority (EFSA). *** &lt;0.5 g sugar \/ 100 ml ready to drink. **** Gluten-free according to European Union regulations.\" \/>\n<meta property=\"og:url\" content=\"https:\/\/highfit.es\/en\/producto\/100-whey-isolate-2-kg\/\" \/>\n<meta property=\"og:site_name\" content=\"Nutrici\u00f3n Deportiva y Suplementaci\u00f3n - HighFit\" \/>\n<meta property=\"og:image\" content=\"https:\/\/highfit.es\/wp-content\/uploads\/2024\/07\/scitec_100_whey_isolate_2000g.jpg\" \/>\n\t<meta property=\"og:image:width\" content=\"800\" \/>\n\t<meta property=\"og:image:height\" content=\"800\" \/>\n\t<meta property=\"og:image:type\" content=\"image\/jpeg\" \/>\n<meta name=\"twitter:card\" content=\"summary_large_image\" \/>\n<script type=\"application\/ld+json\" class=\"yoast-schema-graph\">{\"@context\":\"https:\\\/\\\/schema.org\",\"@graph\":[{\"@type\":\"WebPage\",\"@id\":\"https:\\\/\\\/highfit.es\\\/en\\\/producto\\\/100-whey-isolate-2-kg\\\/\",\"url\":\"https:\\\/\\\/highfit.es\\\/en\\\/producto\\\/100-whey-isolate-2-kg\\\/\",\"name\":\"100% Whey Isolate (2 kg) - Nutrici\u00f3n Deportiva y Suplementaci\u00f3n - HighFit\",\"isPartOf\":{\"@id\":\"https:\\\/\\\/highfit.es\\\/#website\"},\"primaryImageOfPage\":{\"@id\":\"https:\\\/\\\/highfit.es\\\/en\\\/producto\\\/100-whey-isolate-2-kg\\\/#primaryimage\"},\"image\":{\"@id\":\"https:\\\/\\\/highfit.es\\\/en\\\/producto\\\/100-whey-isolate-2-kg\\\/#primaryimage\"},\"thumbnailUrl\":\"https:\\\/\\\/highfit.es\\\/wp-content\\\/uploads\\\/2024\\\/07\\\/scitec_100_whey_isolate_2000g.jpg\",\"datePublished\":\"2024-07-29T10:02:51+00:00\",\"breadcrumb\":{\"@id\":\"https:\\\/\\\/highfit.es\\\/en\\\/producto\\\/100-whey-isolate-2-kg\\\/#breadcrumb\"},\"inLanguage\":\"en-US\",\"potentialAction\":[{\"@type\":\"ReadAction\",\"target\":[\"https:\\\/\\\/highfit.es\\\/en\\\/producto\\\/100-whey-isolate-2-kg\\\/\"]}]},{\"@type\":\"ImageObject\",\"inLanguage\":\"en-US\",\"@id\":\"https:\\\/\\\/highfit.es\\\/en\\\/producto\\\/100-whey-isolate-2-kg\\\/#primaryimage\",\"url\":\"https:\\\/\\\/highfit.es\\\/wp-content\\\/uploads\\\/2024\\\/07\\\/scitec_100_whey_isolate_2000g.jpg\",\"contentUrl\":\"https:\\\/\\\/highfit.es\\\/wp-content\\\/uploads\\\/2024\\\/07\\\/scitec_100_whey_isolate_2000g.jpg\",\"width\":800,\"height\":800},{\"@type\":\"BreadcrumbList\",\"@id\":\"https:\\\/\\\/highfit.es\\\/en\\\/producto\\\/100-whey-isolate-2-kg\\\/#breadcrumb\",\"itemListElement\":[{\"@type\":\"ListItem\",\"position\":1,\"name\":\"Portada\",\"item\":\"https:\\\/\\\/highfit.es\\\/\"},{\"@type\":\"ListItem\",\"position\":2,\"name\":\"Productos\",\"item\":\"https:\\\/\\\/highfit.es\\\/shop\\\/\"},{\"@type\":\"ListItem\",\"position\":3,\"name\":\"100% Whey Isolate (2 kg)\"}]},{\"@type\":\"WebSite\",\"@id\":\"https:\\\/\\\/highfit.es\\\/#website\",\"url\":\"https:\\\/\\\/highfit.es\\\/\",\"name\":\"Nutrici\u00f3n Deportiva y Suplementaci\u00f3n - HighFit\",\"description\":\"\u00daltima generaci\u00f3n en productos de nutrici\u00f3n deportiva. Marcas estrella en suplementaci\u00f3n con los m\u00e1s altos est\u00e1ndares de calidad\",\"potentialAction\":[{\"@type\":\"SearchAction\",\"target\":{\"@type\":\"EntryPoint\",\"urlTemplate\":\"https:\\\/\\\/highfit.es\\\/?s={search_term_string}\"},\"query-input\":{\"@type\":\"PropertyValueSpecification\",\"valueRequired\":true,\"valueName\":\"search_term_string\"}}],\"inLanguage\":\"en-US\"}]}<\/script>\n<!-- \/ Yoast SEO plugin. -->","yoast_head_json":{"title":"100% Whey Isolate (2 kg) - Nutrici\u00f3n Deportiva y Suplementaci\u00f3n - HighFit","robots":{"index":"index","follow":"follow","max-snippet":"max-snippet:-1","max-image-preview":"max-image-preview:large","max-video-preview":"max-video-preview:-1"},"canonical":"https:\/\/highfit.es\/en\/producto\/100-whey-isolate-2-kg\/","og_locale":"en_US","og_type":"article","og_title":"100% Whey Isolate (2 kg) - Nutrici\u00f3n Deportiva y Suplementaci\u00f3n - HighFit","og_description":"100% WHEY PROTEIN ISOLATE WITH ADDED L-GLUTAMINE AND L-ARGININE SUGAR FREE *** GLUTEN FREE **** PALM OIL FREE  Whey Isolate with Added Amino Acids Whey protein is one of the most popular protein sources among athletes. For us, whey protein is like materials on a construction site. 100% Whey Isolate contains only whey isolate, not whey concentrate. Thanks to its favorable amino profile, it contains over 4 grams of BCAAs per serving, and with added glutamine, the total glutamine content is over 4.5 grams per serving. 100% Whey Isolate contributes to the growth and maintenance of muscle mass and normal bone structure ** Depending on your goals, you can also consume it after your workout with fast carbohydrates or in combination, such as VitarGO! or Supercarb Xpress! ** Scientifically based claims approved by the European Food Safety Authority (EFSA). *** &lt;0.5 g sugar \/ 100 ml ready to drink. **** Gluten-free according to European Union regulations.","og_url":"https:\/\/highfit.es\/en\/producto\/100-whey-isolate-2-kg\/","og_site_name":"Nutrici\u00f3n Deportiva y Suplementaci\u00f3n - HighFit","og_image":[{"width":800,"height":800,"url":"https:\/\/highfit.es\/wp-content\/uploads\/2024\/07\/scitec_100_whey_isolate_2000g.jpg","type":"image\/jpeg"}],"twitter_card":"summary_large_image","schema":{"@context":"https:\/\/schema.org","@graph":[{"@type":"WebPage","@id":"https:\/\/highfit.es\/en\/producto\/100-whey-isolate-2-kg\/","url":"https:\/\/highfit.es\/en\/producto\/100-whey-isolate-2-kg\/","name":"100% Whey Isolate (2 kg) - Nutrici\u00f3n Deportiva y Suplementaci\u00f3n - HighFit","isPartOf":{"@id":"https:\/\/highfit.es\/#website"},"primaryImageOfPage":{"@id":"https:\/\/highfit.es\/en\/producto\/100-whey-isolate-2-kg\/#primaryimage"},"image":{"@id":"https:\/\/highfit.es\/en\/producto\/100-whey-isolate-2-kg\/#primaryimage"},"thumbnailUrl":"https:\/\/highfit.es\/wp-content\/uploads\/2024\/07\/scitec_100_whey_isolate_2000g.jpg","datePublished":"2024-07-29T10:02:51+00:00","breadcrumb":{"@id":"https:\/\/highfit.es\/en\/producto\/100-whey-isolate-2-kg\/#breadcrumb"},"inLanguage":"en-US","potentialAction":[{"@type":"ReadAction","target":["https:\/\/highfit.es\/en\/producto\/100-whey-isolate-2-kg\/"]}]},{"@type":"ImageObject","inLanguage":"en-US","@id":"https:\/\/highfit.es\/en\/producto\/100-whey-isolate-2-kg\/#primaryimage","url":"https:\/\/highfit.es\/wp-content\/uploads\/2024\/07\/scitec_100_whey_isolate_2000g.jpg","contentUrl":"https:\/\/highfit.es\/wp-content\/uploads\/2024\/07\/scitec_100_whey_isolate_2000g.jpg","width":800,"height":800},{"@type":"BreadcrumbList","@id":"https:\/\/highfit.es\/en\/producto\/100-whey-isolate-2-kg\/#breadcrumb","itemListElement":[{"@type":"ListItem","position":1,"name":"Portada","item":"https:\/\/highfit.es\/"},{"@type":"ListItem","position":2,"name":"Productos","item":"https:\/\/highfit.es\/shop\/"},{"@type":"ListItem","position":3,"name":"100% Whey Isolate (2 kg)"}]},{"@type":"WebSite","@id":"https:\/\/highfit.es\/#website","url":"https:\/\/highfit.es\/","name":"Nutrici\u00f3n Deportiva y Suplementaci\u00f3n - HighFit","description":"\u00daltima generaci\u00f3n en productos de nutrici\u00f3n deportiva. Marcas estrella en suplementaci\u00f3n con los m\u00e1s altos est\u00e1ndares de calidad","potentialAction":[{"@type":"SearchAction","target":{"@type":"EntryPoint","urlTemplate":"https:\/\/highfit.es\/?s={search_term_string}"},"query-input":{"@type":"PropertyValueSpecification","valueRequired":true,"valueName":"search_term_string"}}],"inLanguage":"en-US"}]}},"_links":{"self":[{"href":"https:\/\/highfit.es\/en\/wp-json\/wp\/v2\/product\/8789","targetHints":{"allow":["GET"]}}],"collection":[{"href":"https:\/\/highfit.es\/en\/wp-json\/wp\/v2\/product"}],"about":[{"href":"https:\/\/highfit.es\/en\/wp-json\/wp\/v2\/types\/product"}],"replies":[{"embeddable":true,"href":"https:\/\/highfit.es\/en\/wp-json\/wp\/v2\/comments?post=8789"}],"wp:featuredmedia":[{"embeddable":true,"href":"https:\/\/highfit.es\/en\/wp-json\/wp\/v2\/media\/7866"}],"wp:attachment":[{"href":"https:\/\/highfit.es\/en\/wp-json\/wp\/v2\/media?parent=8789"}],"wp:term":[{"taxonomy":"product_brand","embeddable":true,"href":"https:\/\/highfit.es\/en\/wp-json\/wp\/v2\/product_brand?post=8789"},{"taxonomy":"product_cat","embeddable":true,"href":"https:\/\/highfit.es\/en\/wp-json\/wp\/v2\/product_cat?post=8789"},{"taxonomy":"product_tag","embeddable":true,"href":"https:\/\/highfit.es\/en\/wp-json\/wp\/v2\/product_tag?post=8789"}],"curies":[{"name":"wp","href":"https:\/\/api.w.org\/{rel}","templated":true}]}}