{"id":8783,"date":"2024-11-04T13:33:44","date_gmt":"2024-11-04T11:33:44","guid":{"rendered":"https:\/\/highfit.es\/producto\/collagen-xpress\/"},"modified":"2024-11-04T13:33:44","modified_gmt":"2024-11-04T11:33:44","slug":"collagen-xpress","status":"publish","type":"product","link":"https:\/\/highfit.es\/en\/producto\/collagen-xpress\/","title":{"rendered":"Collagen Xpress"},"excerpt":{"rendered":"<ul>\n<li>15 GRAMS OF COLLAGEN PER SERVING<\/li>\n<li>GLUTEN FREE<\/li>\n<li>SUGAR FREE<\/li>\n<li>LACTOSE FREE<\/li>\n<li>WITH VITAMIN C AND HYALURONIC ACID<\/li>\n<\/ul>\n<p>&nbsp;<\/p>\n<p><strong>The \u00abbeauty protein\u00bb<\/strong><\/p>\n<p>Collagen has become very popular these days, and not just among athletes. This protein is found in large quantities in joints and muscles, as well as in skin tissue, which is why women also consume it specifically to maintain their beauty.<\/p>\n<p>In addition to 15 grams of collagen, one serving of Collagen Xpress also contains vitamin C, which by supporting normal collagen formation contributes to the normal functioning of the skin, veins, bones and cartilage.*It is therefore an important component of any product suitable for supporting the body&#8217;s collagen reserves. In addition, the product has been enriched with hyaluronic acid.<\/p>\n<p>The product is gluten-free, lactose-free and sugar-free, so it can be consumed without problems if you are on a diet or are sensitive to these components.<\/p>\n<p>*Scientifically proven statements, authorised by the EFSA, the European Food Safety Authority.<\/p>\n","protected":false},"featured_media":8649,"comment_status":"open","ping_status":"closed","template":"","meta":[],"product_brand":[],"product_cat":[123],"product_tag":[],"class_list":{"0":"post-8783","1":"product","2":"type-product","3":"status-publish","4":"has-post-thumbnail","6":"product_cat-vitaminas-en","7":"pa_marca-scitec-nutrition-en","8":"pa_sabor-fruit-punch","9":"pa_sabor-pina-en","11":"first","12":"instock","13":"taxable","14":"shipping-taxable","15":"purchasable","16":"product-type-variable"},"yoast_head":"<!-- This site is optimized with the Yoast SEO plugin v27.3 - https:\/\/yoast.com\/product\/yoast-seo-wordpress\/ -->\n<title>Collagen Xpress - Nutrici\u00f3n Deportiva y Suplementaci\u00f3n - HighFit<\/title>\n<meta name=\"robots\" content=\"index, follow, max-snippet:-1, max-image-preview:large, max-video-preview:-1\" \/>\n<link rel=\"canonical\" href=\"https:\/\/highfit.es\/en\/producto\/collagen-xpress\/\" \/>\n<meta property=\"og:locale\" content=\"en_US\" \/>\n<meta property=\"og:type\" content=\"article\" \/>\n<meta property=\"og:title\" content=\"Collagen Xpress - Nutrici\u00f3n Deportiva y Suplementaci\u00f3n - HighFit\" \/>\n<meta property=\"og:description\" content=\"15 GRAMS OF COLLAGEN PER SERVING GLUTEN FREE SUGAR FREE LACTOSE FREE WITH VITAMIN C AND HYALURONIC ACID  &nbsp; The \u00abbeauty protein\u00bb Collagen has become very popular these days, and not just among athletes. This protein is found in large quantities in joints and muscles, as well as in skin tissue, which is why women also consume it specifically to maintain their beauty. In addition to 15 grams of collagen, one serving of Collagen Xpress also contains vitamin C, which by supporting normal collagen formation contributes to the normal functioning of the skin, veins, bones and cartilage.*It is therefore an important component of any product suitable for supporting the body&#039;s collagen reserves. In addition, the product has been enriched with hyaluronic acid. The product is gluten-free, lactose-free and sugar-free, so it can be consumed without problems if you are on a diet or are sensitive to these components. *Scientifically proven statements, authorised by the EFSA, the European Food Safety Authority.\" \/>\n<meta property=\"og:url\" content=\"https:\/\/highfit.es\/en\/producto\/collagen-xpress\/\" \/>\n<meta property=\"og:site_name\" content=\"Nutrici\u00f3n Deportiva y Suplementaci\u00f3n - HighFit\" \/>\n<meta property=\"og:image\" content=\"https:\/\/highfit.es\/wp-content\/uploads\/2024\/11\/collargen-xpress.jpg\" \/>\n\t<meta property=\"og:image:width\" content=\"800\" \/>\n\t<meta property=\"og:image:height\" content=\"800\" \/>\n\t<meta property=\"og:image:type\" content=\"image\/jpeg\" \/>\n<meta name=\"twitter:card\" content=\"summary_large_image\" \/>\n<script type=\"application\/ld+json\" class=\"yoast-schema-graph\">{\"@context\":\"https:\\\/\\\/schema.org\",\"@graph\":[{\"@type\":\"WebPage\",\"@id\":\"https:\\\/\\\/highfit.es\\\/en\\\/producto\\\/collagen-xpress\\\/\",\"url\":\"https:\\\/\\\/highfit.es\\\/en\\\/producto\\\/collagen-xpress\\\/\",\"name\":\"Collagen Xpress - Nutrici\u00f3n Deportiva y Suplementaci\u00f3n - HighFit\",\"isPartOf\":{\"@id\":\"https:\\\/\\\/highfit.es\\\/#website\"},\"primaryImageOfPage\":{\"@id\":\"https:\\\/\\\/highfit.es\\\/en\\\/producto\\\/collagen-xpress\\\/#primaryimage\"},\"image\":{\"@id\":\"https:\\\/\\\/highfit.es\\\/en\\\/producto\\\/collagen-xpress\\\/#primaryimage\"},\"thumbnailUrl\":\"https:\\\/\\\/highfit.es\\\/wp-content\\\/uploads\\\/2024\\\/11\\\/collargen-xpress.jpg\",\"datePublished\":\"2024-11-04T11:33:44+00:00\",\"breadcrumb\":{\"@id\":\"https:\\\/\\\/highfit.es\\\/en\\\/producto\\\/collagen-xpress\\\/#breadcrumb\"},\"inLanguage\":\"en-US\",\"potentialAction\":[{\"@type\":\"ReadAction\",\"target\":[\"https:\\\/\\\/highfit.es\\\/en\\\/producto\\\/collagen-xpress\\\/\"]}]},{\"@type\":\"ImageObject\",\"inLanguage\":\"en-US\",\"@id\":\"https:\\\/\\\/highfit.es\\\/en\\\/producto\\\/collagen-xpress\\\/#primaryimage\",\"url\":\"https:\\\/\\\/highfit.es\\\/wp-content\\\/uploads\\\/2024\\\/11\\\/collargen-xpress.jpg\",\"contentUrl\":\"https:\\\/\\\/highfit.es\\\/wp-content\\\/uploads\\\/2024\\\/11\\\/collargen-xpress.jpg\",\"width\":800,\"height\":800},{\"@type\":\"BreadcrumbList\",\"@id\":\"https:\\\/\\\/highfit.es\\\/en\\\/producto\\\/collagen-xpress\\\/#breadcrumb\",\"itemListElement\":[{\"@type\":\"ListItem\",\"position\":1,\"name\":\"Portada\",\"item\":\"https:\\\/\\\/highfit.es\\\/\"},{\"@type\":\"ListItem\",\"position\":2,\"name\":\"Productos\",\"item\":\"https:\\\/\\\/highfit.es\\\/shop\\\/\"},{\"@type\":\"ListItem\",\"position\":3,\"name\":\"Collagen Xpress\"}]},{\"@type\":\"WebSite\",\"@id\":\"https:\\\/\\\/highfit.es\\\/#website\",\"url\":\"https:\\\/\\\/highfit.es\\\/\",\"name\":\"Nutrici\u00f3n Deportiva y Suplementaci\u00f3n - HighFit\",\"description\":\"\u00daltima generaci\u00f3n en productos de nutrici\u00f3n deportiva. Marcas estrella en suplementaci\u00f3n con los m\u00e1s altos est\u00e1ndares de calidad\",\"potentialAction\":[{\"@type\":\"SearchAction\",\"target\":{\"@type\":\"EntryPoint\",\"urlTemplate\":\"https:\\\/\\\/highfit.es\\\/?s={search_term_string}\"},\"query-input\":{\"@type\":\"PropertyValueSpecification\",\"valueRequired\":true,\"valueName\":\"search_term_string\"}}],\"inLanguage\":\"en-US\"}]}<\/script>\n<!-- \/ Yoast SEO plugin. -->","yoast_head_json":{"title":"Collagen Xpress - Nutrici\u00f3n Deportiva y Suplementaci\u00f3n - HighFit","robots":{"index":"index","follow":"follow","max-snippet":"max-snippet:-1","max-image-preview":"max-image-preview:large","max-video-preview":"max-video-preview:-1"},"canonical":"https:\/\/highfit.es\/en\/producto\/collagen-xpress\/","og_locale":"en_US","og_type":"article","og_title":"Collagen Xpress - Nutrici\u00f3n Deportiva y Suplementaci\u00f3n - HighFit","og_description":"15 GRAMS OF COLLAGEN PER SERVING GLUTEN FREE SUGAR FREE LACTOSE FREE WITH VITAMIN C AND HYALURONIC ACID  &nbsp; The \u00abbeauty protein\u00bb Collagen has become very popular these days, and not just among athletes. This protein is found in large quantities in joints and muscles, as well as in skin tissue, which is why women also consume it specifically to maintain their beauty. In addition to 15 grams of collagen, one serving of Collagen Xpress also contains vitamin C, which by supporting normal collagen formation contributes to the normal functioning of the skin, veins, bones and cartilage.*It is therefore an important component of any product suitable for supporting the body's collagen reserves. In addition, the product has been enriched with hyaluronic acid. The product is gluten-free, lactose-free and sugar-free, so it can be consumed without problems if you are on a diet or are sensitive to these components. *Scientifically proven statements, authorised by the EFSA, the European Food Safety Authority.","og_url":"https:\/\/highfit.es\/en\/producto\/collagen-xpress\/","og_site_name":"Nutrici\u00f3n Deportiva y Suplementaci\u00f3n - HighFit","og_image":[{"width":800,"height":800,"url":"https:\/\/highfit.es\/wp-content\/uploads\/2024\/11\/collargen-xpress.jpg","type":"image\/jpeg"}],"twitter_card":"summary_large_image","schema":{"@context":"https:\/\/schema.org","@graph":[{"@type":"WebPage","@id":"https:\/\/highfit.es\/en\/producto\/collagen-xpress\/","url":"https:\/\/highfit.es\/en\/producto\/collagen-xpress\/","name":"Collagen Xpress - Nutrici\u00f3n Deportiva y Suplementaci\u00f3n - HighFit","isPartOf":{"@id":"https:\/\/highfit.es\/#website"},"primaryImageOfPage":{"@id":"https:\/\/highfit.es\/en\/producto\/collagen-xpress\/#primaryimage"},"image":{"@id":"https:\/\/highfit.es\/en\/producto\/collagen-xpress\/#primaryimage"},"thumbnailUrl":"https:\/\/highfit.es\/wp-content\/uploads\/2024\/11\/collargen-xpress.jpg","datePublished":"2024-11-04T11:33:44+00:00","breadcrumb":{"@id":"https:\/\/highfit.es\/en\/producto\/collagen-xpress\/#breadcrumb"},"inLanguage":"en-US","potentialAction":[{"@type":"ReadAction","target":["https:\/\/highfit.es\/en\/producto\/collagen-xpress\/"]}]},{"@type":"ImageObject","inLanguage":"en-US","@id":"https:\/\/highfit.es\/en\/producto\/collagen-xpress\/#primaryimage","url":"https:\/\/highfit.es\/wp-content\/uploads\/2024\/11\/collargen-xpress.jpg","contentUrl":"https:\/\/highfit.es\/wp-content\/uploads\/2024\/11\/collargen-xpress.jpg","width":800,"height":800},{"@type":"BreadcrumbList","@id":"https:\/\/highfit.es\/en\/producto\/collagen-xpress\/#breadcrumb","itemListElement":[{"@type":"ListItem","position":1,"name":"Portada","item":"https:\/\/highfit.es\/"},{"@type":"ListItem","position":2,"name":"Productos","item":"https:\/\/highfit.es\/shop\/"},{"@type":"ListItem","position":3,"name":"Collagen Xpress"}]},{"@type":"WebSite","@id":"https:\/\/highfit.es\/#website","url":"https:\/\/highfit.es\/","name":"Nutrici\u00f3n Deportiva y Suplementaci\u00f3n - HighFit","description":"\u00daltima generaci\u00f3n en productos de nutrici\u00f3n deportiva. Marcas estrella en suplementaci\u00f3n con los m\u00e1s altos est\u00e1ndares de calidad","potentialAction":[{"@type":"SearchAction","target":{"@type":"EntryPoint","urlTemplate":"https:\/\/highfit.es\/?s={search_term_string}"},"query-input":{"@type":"PropertyValueSpecification","valueRequired":true,"valueName":"search_term_string"}}],"inLanguage":"en-US"}]}},"_links":{"self":[{"href":"https:\/\/highfit.es\/en\/wp-json\/wp\/v2\/product\/8783","targetHints":{"allow":["GET"]}}],"collection":[{"href":"https:\/\/highfit.es\/en\/wp-json\/wp\/v2\/product"}],"about":[{"href":"https:\/\/highfit.es\/en\/wp-json\/wp\/v2\/types\/product"}],"replies":[{"embeddable":true,"href":"https:\/\/highfit.es\/en\/wp-json\/wp\/v2\/comments?post=8783"}],"wp:featuredmedia":[{"embeddable":true,"href":"https:\/\/highfit.es\/en\/wp-json\/wp\/v2\/media\/8649"}],"wp:attachment":[{"href":"https:\/\/highfit.es\/en\/wp-json\/wp\/v2\/media?parent=8783"}],"wp:term":[{"taxonomy":"product_brand","embeddable":true,"href":"https:\/\/highfit.es\/en\/wp-json\/wp\/v2\/product_brand?post=8783"},{"taxonomy":"product_cat","embeddable":true,"href":"https:\/\/highfit.es\/en\/wp-json\/wp\/v2\/product_cat?post=8783"},{"taxonomy":"product_tag","embeddable":true,"href":"https:\/\/highfit.es\/en\/wp-json\/wp\/v2\/product_tag?post=8783"}],"curies":[{"name":"wp","href":"https:\/\/api.w.org\/{rel}","templated":true}]}}