{"id":8780,"date":"2024-11-05T14:04:30","date_gmt":"2024-11-05T12:04:30","guid":{"rendered":"https:\/\/highfit.es\/producto\/100-hydro-isolate-700g\/"},"modified":"2024-11-05T14:04:30","modified_gmt":"2024-11-05T12:04:30","slug":"100-hydro-isolate-700g","status":"publish","type":"product","link":"https:\/\/highfit.es\/en\/producto\/100-hydro-isolate-700g\/","title":{"rendered":"100% Hydro Isolate 700g"},"excerpt":{"rendered":"<ul>\n<li>*100% HYDROLYZED WHEY PROTEIN \/\/\/<\/li>\n<li>WITH ADDED GLUTAMINE AND ARGININE<\/li>\n<li>SUGAR FREE\u0394<\/li>\n<li>GLUTEN FREE<\/li>\n<li>PALM OIL FREE<\/li>\n<\/ul>\n<p>Hydrolyzed Protein<\/p>\n<p>Hydrolyzed whey protein is one of the most popular protein sources among athletes. Whey protein concentrates and isolates represent varying degrees of processing, however, in the case of the hydrolyzed isolates used in our product, hydrolyzation \u201cpre-digests\u201d the protein into shorter amino acid chains. Shorter amino acid chains are more easily absorbed during metabolism. This is what sets hydrolysates apart from other whey proteins.<\/p>\n<p>Unlike products that combine whey protein concentrates and isolates, the whey protein in 100% HYDRO ISOLATE is hydrolysed.<\/p>\n<p>The protein content of 100% HYDRO ISOLATE contributes to optimal muscle growth and maintenance and the maintenance of normal bone structure**.<\/p>\n<p>We recommend combining with VitarGO!, so that in addition to essential proteins, your muscles are also replenished with carbohydrates after a workout.<\/p>\n<p>&nbsp;<\/p>\n<p>\u0394 <0.5 g sugar \/ 100 ml in a ready-to-drink product.<\/p>\n<p>\u0394\u0394 Gluten-free according to EU regulations.<\/p>\n<p>** Scientifically based statements approved by the European Food Safety Authority (EFSA).<\/p>\n","protected":false},"featured_media":8687,"comment_status":"open","ping_status":"closed","template":"","meta":[],"product_brand":[],"product_cat":[179],"product_tag":[],"class_list":{"0":"post-8780","1":"product","2":"type-product","3":"status-publish","4":"has-post-thumbnail","6":"product_cat-whey-protein-en","7":"pa_marca-scitec-nutrition-en","8":"pa_sabor-chocolate-en","9":"pa_sabor-cookies-cream-en-3","10":"pa_sabor-vainilla-en","12":"first","13":"instock","14":"taxable","15":"shipping-taxable","16":"purchasable","17":"product-type-variable"},"yoast_head":"<!-- This site is optimized with the Yoast SEO plugin v27.3 - https:\/\/yoast.com\/product\/yoast-seo-wordpress\/ -->\n<title>100% Hydro Isolate 700g - Nutrici\u00f3n Deportiva y Suplementaci\u00f3n - HighFit<\/title>\n<meta name=\"robots\" content=\"index, follow, max-snippet:-1, max-image-preview:large, max-video-preview:-1\" \/>\n<link rel=\"canonical\" href=\"https:\/\/highfit.es\/en\/producto\/100-hydro-isolate-700g\/\" \/>\n<meta property=\"og:locale\" content=\"en_US\" \/>\n<meta property=\"og:type\" content=\"article\" \/>\n<meta property=\"og:title\" content=\"100% Hydro Isolate 700g - Nutrici\u00f3n Deportiva y Suplementaci\u00f3n - HighFit\" \/>\n<meta property=\"og:description\" content=\"*100% HYDROLYZED WHEY PROTEIN \/\/\/ WITH ADDED GLUTAMINE AND ARGININE SUGAR FREE\u0394 GLUTEN FREE PALM OIL FREE  Hydrolyzed Protein Hydrolyzed whey protein is one of the most popular protein sources among athletes. Whey protein concentrates and isolates represent varying degrees of processing, however, in the case of the hydrolyzed isolates used in our product, hydrolyzation \u201cpre-digests\u201d the protein into shorter amino acid chains. Shorter amino acid chains are more easily absorbed during metabolism. This is what sets hydrolysates apart from other whey proteins. Unlike products that combine whey protein concentrates and isolates, the whey protein in 100% HYDRO ISOLATE is hydrolysed. The protein content of 100% HYDRO ISOLATE contributes to optimal muscle growth and maintenance and the maintenance of normal bone structure**. We recommend combining with VitarGO!, so that in addition to essential proteins, your muscles are also replenished with carbohydrates after a workout. &nbsp; \u0394\" \/>\n<meta property=\"og:url\" content=\"https:\/\/highfit.es\/en\/producto\/100-hydro-isolate-700g\/\" \/>\n<meta property=\"og:site_name\" content=\"Nutrici\u00f3n Deportiva y Suplementaci\u00f3n - HighFit\" \/>\n<meta property=\"og:image\" content=\"https:\/\/highfit.es\/wp-content\/uploads\/2024\/11\/11-hydro-isolate.jpg\" \/>\n\t<meta property=\"og:image:width\" content=\"800\" \/>\n\t<meta property=\"og:image:height\" content=\"800\" \/>\n\t<meta property=\"og:image:type\" content=\"image\/jpeg\" \/>\n<meta name=\"twitter:card\" content=\"summary_large_image\" \/>\n<script type=\"application\/ld+json\" class=\"yoast-schema-graph\">{\"@context\":\"https:\\\/\\\/schema.org\",\"@graph\":[{\"@type\":\"WebPage\",\"@id\":\"https:\\\/\\\/highfit.es\\\/en\\\/producto\\\/100-hydro-isolate-700g\\\/\",\"url\":\"https:\\\/\\\/highfit.es\\\/en\\\/producto\\\/100-hydro-isolate-700g\\\/\",\"name\":\"100% Hydro Isolate 700g - Nutrici\u00f3n Deportiva y Suplementaci\u00f3n - HighFit\",\"isPartOf\":{\"@id\":\"https:\\\/\\\/highfit.es\\\/#website\"},\"primaryImageOfPage\":{\"@id\":\"https:\\\/\\\/highfit.es\\\/en\\\/producto\\\/100-hydro-isolate-700g\\\/#primaryimage\"},\"image\":{\"@id\":\"https:\\\/\\\/highfit.es\\\/en\\\/producto\\\/100-hydro-isolate-700g\\\/#primaryimage\"},\"thumbnailUrl\":\"https:\\\/\\\/highfit.es\\\/wp-content\\\/uploads\\\/2024\\\/11\\\/11-hydro-isolate.jpg\",\"datePublished\":\"2024-11-05T12:04:30+00:00\",\"breadcrumb\":{\"@id\":\"https:\\\/\\\/highfit.es\\\/en\\\/producto\\\/100-hydro-isolate-700g\\\/#breadcrumb\"},\"inLanguage\":\"en-US\",\"potentialAction\":[{\"@type\":\"ReadAction\",\"target\":[\"https:\\\/\\\/highfit.es\\\/en\\\/producto\\\/100-hydro-isolate-700g\\\/\"]}]},{\"@type\":\"ImageObject\",\"inLanguage\":\"en-US\",\"@id\":\"https:\\\/\\\/highfit.es\\\/en\\\/producto\\\/100-hydro-isolate-700g\\\/#primaryimage\",\"url\":\"https:\\\/\\\/highfit.es\\\/wp-content\\\/uploads\\\/2024\\\/11\\\/11-hydro-isolate.jpg\",\"contentUrl\":\"https:\\\/\\\/highfit.es\\\/wp-content\\\/uploads\\\/2024\\\/11\\\/11-hydro-isolate.jpg\",\"width\":800,\"height\":800},{\"@type\":\"BreadcrumbList\",\"@id\":\"https:\\\/\\\/highfit.es\\\/en\\\/producto\\\/100-hydro-isolate-700g\\\/#breadcrumb\",\"itemListElement\":[{\"@type\":\"ListItem\",\"position\":1,\"name\":\"Portada\",\"item\":\"https:\\\/\\\/highfit.es\\\/\"},{\"@type\":\"ListItem\",\"position\":2,\"name\":\"Productos\",\"item\":\"https:\\\/\\\/highfit.es\\\/shop\\\/\"},{\"@type\":\"ListItem\",\"position\":3,\"name\":\"100% Hydro Isolate 700g\"}]},{\"@type\":\"WebSite\",\"@id\":\"https:\\\/\\\/highfit.es\\\/#website\",\"url\":\"https:\\\/\\\/highfit.es\\\/\",\"name\":\"Nutrici\u00f3n Deportiva y Suplementaci\u00f3n - HighFit\",\"description\":\"\u00daltima generaci\u00f3n en productos de nutrici\u00f3n deportiva. Marcas estrella en suplementaci\u00f3n con los m\u00e1s altos est\u00e1ndares de calidad\",\"potentialAction\":[{\"@type\":\"SearchAction\",\"target\":{\"@type\":\"EntryPoint\",\"urlTemplate\":\"https:\\\/\\\/highfit.es\\\/?s={search_term_string}\"},\"query-input\":{\"@type\":\"PropertyValueSpecification\",\"valueRequired\":true,\"valueName\":\"search_term_string\"}}],\"inLanguage\":\"en-US\"}]}<\/script>\n<!-- \/ Yoast SEO plugin. -->","yoast_head_json":{"title":"100% Hydro Isolate 700g - Nutrici\u00f3n Deportiva y Suplementaci\u00f3n - HighFit","robots":{"index":"index","follow":"follow","max-snippet":"max-snippet:-1","max-image-preview":"max-image-preview:large","max-video-preview":"max-video-preview:-1"},"canonical":"https:\/\/highfit.es\/en\/producto\/100-hydro-isolate-700g\/","og_locale":"en_US","og_type":"article","og_title":"100% Hydro Isolate 700g - Nutrici\u00f3n Deportiva y Suplementaci\u00f3n - HighFit","og_description":"*100% HYDROLYZED WHEY PROTEIN \/\/\/ WITH ADDED GLUTAMINE AND ARGININE SUGAR FREE\u0394 GLUTEN FREE PALM OIL FREE  Hydrolyzed Protein Hydrolyzed whey protein is one of the most popular protein sources among athletes. Whey protein concentrates and isolates represent varying degrees of processing, however, in the case of the hydrolyzed isolates used in our product, hydrolyzation \u201cpre-digests\u201d the protein into shorter amino acid chains. Shorter amino acid chains are more easily absorbed during metabolism. This is what sets hydrolysates apart from other whey proteins. Unlike products that combine whey protein concentrates and isolates, the whey protein in 100% HYDRO ISOLATE is hydrolysed. The protein content of 100% HYDRO ISOLATE contributes to optimal muscle growth and maintenance and the maintenance of normal bone structure**. We recommend combining with VitarGO!, so that in addition to essential proteins, your muscles are also replenished with carbohydrates after a workout. &nbsp; \u0394","og_url":"https:\/\/highfit.es\/en\/producto\/100-hydro-isolate-700g\/","og_site_name":"Nutrici\u00f3n Deportiva y Suplementaci\u00f3n - HighFit","og_image":[{"width":800,"height":800,"url":"https:\/\/highfit.es\/wp-content\/uploads\/2024\/11\/11-hydro-isolate.jpg","type":"image\/jpeg"}],"twitter_card":"summary_large_image","schema":{"@context":"https:\/\/schema.org","@graph":[{"@type":"WebPage","@id":"https:\/\/highfit.es\/en\/producto\/100-hydro-isolate-700g\/","url":"https:\/\/highfit.es\/en\/producto\/100-hydro-isolate-700g\/","name":"100% Hydro Isolate 700g - Nutrici\u00f3n Deportiva y Suplementaci\u00f3n - HighFit","isPartOf":{"@id":"https:\/\/highfit.es\/#website"},"primaryImageOfPage":{"@id":"https:\/\/highfit.es\/en\/producto\/100-hydro-isolate-700g\/#primaryimage"},"image":{"@id":"https:\/\/highfit.es\/en\/producto\/100-hydro-isolate-700g\/#primaryimage"},"thumbnailUrl":"https:\/\/highfit.es\/wp-content\/uploads\/2024\/11\/11-hydro-isolate.jpg","datePublished":"2024-11-05T12:04:30+00:00","breadcrumb":{"@id":"https:\/\/highfit.es\/en\/producto\/100-hydro-isolate-700g\/#breadcrumb"},"inLanguage":"en-US","potentialAction":[{"@type":"ReadAction","target":["https:\/\/highfit.es\/en\/producto\/100-hydro-isolate-700g\/"]}]},{"@type":"ImageObject","inLanguage":"en-US","@id":"https:\/\/highfit.es\/en\/producto\/100-hydro-isolate-700g\/#primaryimage","url":"https:\/\/highfit.es\/wp-content\/uploads\/2024\/11\/11-hydro-isolate.jpg","contentUrl":"https:\/\/highfit.es\/wp-content\/uploads\/2024\/11\/11-hydro-isolate.jpg","width":800,"height":800},{"@type":"BreadcrumbList","@id":"https:\/\/highfit.es\/en\/producto\/100-hydro-isolate-700g\/#breadcrumb","itemListElement":[{"@type":"ListItem","position":1,"name":"Portada","item":"https:\/\/highfit.es\/"},{"@type":"ListItem","position":2,"name":"Productos","item":"https:\/\/highfit.es\/shop\/"},{"@type":"ListItem","position":3,"name":"100% Hydro Isolate 700g"}]},{"@type":"WebSite","@id":"https:\/\/highfit.es\/#website","url":"https:\/\/highfit.es\/","name":"Nutrici\u00f3n Deportiva y Suplementaci\u00f3n - HighFit","description":"\u00daltima generaci\u00f3n en productos de nutrici\u00f3n deportiva. Marcas estrella en suplementaci\u00f3n con los m\u00e1s altos est\u00e1ndares de calidad","potentialAction":[{"@type":"SearchAction","target":{"@type":"EntryPoint","urlTemplate":"https:\/\/highfit.es\/?s={search_term_string}"},"query-input":{"@type":"PropertyValueSpecification","valueRequired":true,"valueName":"search_term_string"}}],"inLanguage":"en-US"}]}},"_links":{"self":[{"href":"https:\/\/highfit.es\/en\/wp-json\/wp\/v2\/product\/8780","targetHints":{"allow":["GET"]}}],"collection":[{"href":"https:\/\/highfit.es\/en\/wp-json\/wp\/v2\/product"}],"about":[{"href":"https:\/\/highfit.es\/en\/wp-json\/wp\/v2\/types\/product"}],"replies":[{"embeddable":true,"href":"https:\/\/highfit.es\/en\/wp-json\/wp\/v2\/comments?post=8780"}],"wp:featuredmedia":[{"embeddable":true,"href":"https:\/\/highfit.es\/en\/wp-json\/wp\/v2\/media\/8687"}],"wp:attachment":[{"href":"https:\/\/highfit.es\/en\/wp-json\/wp\/v2\/media?parent=8780"}],"wp:term":[{"taxonomy":"product_brand","embeddable":true,"href":"https:\/\/highfit.es\/en\/wp-json\/wp\/v2\/product_brand?post=8780"},{"taxonomy":"product_cat","embeddable":true,"href":"https:\/\/highfit.es\/en\/wp-json\/wp\/v2\/product_cat?post=8780"},{"taxonomy":"product_tag","embeddable":true,"href":"https:\/\/highfit.es\/en\/wp-json\/wp\/v2\/product_tag?post=8780"}],"curies":[{"name":"wp","href":"https:\/\/api.w.org\/{rel}","templated":true}]}}