{"id":8777,"date":"2024-11-04T14:14:03","date_gmt":"2024-11-04T12:14:03","guid":{"rendered":"https:\/\/highfit.es\/producto\/scitec-protein-pudding-400g\/"},"modified":"2024-11-04T14:14:03","modified_gmt":"2024-11-04T12:14:03","slug":"scitec-protein-pudding-400g","status":"publish","type":"product","link":"https:\/\/highfit.es\/en\/producto\/scitec-protein-pudding-400g\/","title":{"rendered":"Scitec Protein Pudding 400g"},"excerpt":{"rendered":"<ul>\n<li>29g protein per serving<\/li>\n<li>Gluten-free*<\/li>\n<li>Palm oil-free<\/li>\n<\/ul>\n<p>*Gluten-free according to EU regulations<\/p>\n<p><strong>Product Description<\/strong><\/p>\n<p>Do you like late-night snacks? A delicious sweet treat? There&#8217;s a snack that&#8217;s on hand for those moments.<\/p>\n<p>Feel free to include Protein Pudding in your consciously formulated diet to meet your goals. You can even combine it with our Protein Pancake to make a delicious and filling dessert.<\/p>\n<p>If you&#8217;re tired of shakes, you can replace your evening casein drink with this delicious pudding. Since it also needs carbohydrates, we recommend adding Flav &#8216;n&#8217; Oats carbohydrates to your smoothie.<\/p>\n<p>Anyone can make it in the kitchen, you can add it to your diet, in pastry creams, or even as a tasty cupcake for the whole family.<\/p>\n<p>Who do we recommend?<\/p>\n<ul>\n<li>Dieters<\/li>\n<li>For bodybuilding focused on weight gain, in combination with carbohydrate products such as Flav &#8216;n&#8217; Oats or Protein Breakfast<\/li>\n<li>To satisfy sweet cravings<\/li>\n<\/ul>\n","protected":false},"featured_media":8675,"comment_status":"open","ping_status":"closed","template":"","meta":[],"product_brand":[],"product_cat":[302,179],"product_tag":[],"class_list":{"0":"post-8777","1":"product","2":"type-product","3":"status-publish","4":"has-post-thumbnail","6":"product_cat-bar","7":"product_cat-whey-protein-en","8":"pa_marca-scitec-nutrition-en","9":"pa_sabor-doble-chocolate-en","10":"pa_sabor-panna-cotta-en","12":"first","13":"instock","14":"sale","15":"taxable","16":"shipping-taxable","17":"purchasable","18":"product-type-variable"},"yoast_head":"<!-- This site is optimized with the Yoast SEO plugin v27.3 - https:\/\/yoast.com\/product\/yoast-seo-wordpress\/ -->\n<title>Scitec Protein Pudding 400g - Nutrici\u00f3n Deportiva y Suplementaci\u00f3n - HighFit<\/title>\n<meta name=\"robots\" content=\"index, follow, max-snippet:-1, max-image-preview:large, max-video-preview:-1\" \/>\n<link rel=\"canonical\" href=\"https:\/\/highfit.es\/en\/producto\/scitec-protein-pudding-400g\/\" \/>\n<meta property=\"og:locale\" content=\"en_US\" \/>\n<meta property=\"og:type\" content=\"article\" \/>\n<meta property=\"og:title\" content=\"Scitec Protein Pudding 400g - Nutrici\u00f3n Deportiva y Suplementaci\u00f3n - HighFit\" \/>\n<meta property=\"og:description\" content=\"29g protein per serving Gluten-free* Palm oil-free  *Gluten-free according to EU regulations Product Description Do you like late-night snacks? A delicious sweet treat? There&#039;s a snack that&#039;s on hand for those moments. Feel free to include Protein Pudding in your consciously formulated diet to meet your goals. You can even combine it with our Protein Pancake to make a delicious and filling dessert. If you&#039;re tired of shakes, you can replace your evening casein drink with this delicious pudding. Since it also needs carbohydrates, we recommend adding Flav &#039;n&#039; Oats carbohydrates to your smoothie. Anyone can make it in the kitchen, you can add it to your diet, in pastry creams, or even as a tasty cupcake for the whole family. Who do we recommend?  Dieters For bodybuilding focused on weight gain, in combination with carbohydrate products such as Flav &#039;n&#039; Oats or Protein Breakfast To satisfy sweet cravings\" \/>\n<meta property=\"og:url\" content=\"https:\/\/highfit.es\/en\/producto\/scitec-protein-pudding-400g\/\" \/>\n<meta property=\"og:site_name\" content=\"Nutrici\u00f3n Deportiva y Suplementaci\u00f3n - HighFit\" \/>\n<meta property=\"og:image\" content=\"https:\/\/highfit.es\/wp-content\/uploads\/2024\/11\/protein-pudding.jpg\" \/>\n\t<meta property=\"og:image:width\" content=\"800\" \/>\n\t<meta property=\"og:image:height\" content=\"800\" \/>\n\t<meta property=\"og:image:type\" content=\"image\/jpeg\" \/>\n<meta name=\"twitter:card\" content=\"summary_large_image\" \/>\n<script type=\"application\/ld+json\" class=\"yoast-schema-graph\">{\"@context\":\"https:\\\/\\\/schema.org\",\"@graph\":[{\"@type\":\"WebPage\",\"@id\":\"https:\\\/\\\/highfit.es\\\/en\\\/producto\\\/scitec-protein-pudding-400g\\\/\",\"url\":\"https:\\\/\\\/highfit.es\\\/en\\\/producto\\\/scitec-protein-pudding-400g\\\/\",\"name\":\"Scitec Protein Pudding 400g - Nutrici\u00f3n Deportiva y Suplementaci\u00f3n - HighFit\",\"isPartOf\":{\"@id\":\"https:\\\/\\\/highfit.es\\\/#website\"},\"primaryImageOfPage\":{\"@id\":\"https:\\\/\\\/highfit.es\\\/en\\\/producto\\\/scitec-protein-pudding-400g\\\/#primaryimage\"},\"image\":{\"@id\":\"https:\\\/\\\/highfit.es\\\/en\\\/producto\\\/scitec-protein-pudding-400g\\\/#primaryimage\"},\"thumbnailUrl\":\"https:\\\/\\\/highfit.es\\\/wp-content\\\/uploads\\\/2024\\\/11\\\/protein-pudding.jpg\",\"datePublished\":\"2024-11-04T12:14:03+00:00\",\"breadcrumb\":{\"@id\":\"https:\\\/\\\/highfit.es\\\/en\\\/producto\\\/scitec-protein-pudding-400g\\\/#breadcrumb\"},\"inLanguage\":\"en-US\",\"potentialAction\":[{\"@type\":\"ReadAction\",\"target\":[\"https:\\\/\\\/highfit.es\\\/en\\\/producto\\\/scitec-protein-pudding-400g\\\/\"]}]},{\"@type\":\"ImageObject\",\"inLanguage\":\"en-US\",\"@id\":\"https:\\\/\\\/highfit.es\\\/en\\\/producto\\\/scitec-protein-pudding-400g\\\/#primaryimage\",\"url\":\"https:\\\/\\\/highfit.es\\\/wp-content\\\/uploads\\\/2024\\\/11\\\/protein-pudding.jpg\",\"contentUrl\":\"https:\\\/\\\/highfit.es\\\/wp-content\\\/uploads\\\/2024\\\/11\\\/protein-pudding.jpg\",\"width\":800,\"height\":800},{\"@type\":\"BreadcrumbList\",\"@id\":\"https:\\\/\\\/highfit.es\\\/en\\\/producto\\\/scitec-protein-pudding-400g\\\/#breadcrumb\",\"itemListElement\":[{\"@type\":\"ListItem\",\"position\":1,\"name\":\"Portada\",\"item\":\"https:\\\/\\\/highfit.es\\\/\"},{\"@type\":\"ListItem\",\"position\":2,\"name\":\"Productos\",\"item\":\"https:\\\/\\\/highfit.es\\\/shop\\\/\"},{\"@type\":\"ListItem\",\"position\":3,\"name\":\"Scitec Protein Pudding 400g\"}]},{\"@type\":\"WebSite\",\"@id\":\"https:\\\/\\\/highfit.es\\\/#website\",\"url\":\"https:\\\/\\\/highfit.es\\\/\",\"name\":\"Nutrici\u00f3n Deportiva y Suplementaci\u00f3n - HighFit\",\"description\":\"\u00daltima generaci\u00f3n en productos de nutrici\u00f3n deportiva. Marcas estrella en suplementaci\u00f3n con los m\u00e1s altos est\u00e1ndares de calidad\",\"potentialAction\":[{\"@type\":\"SearchAction\",\"target\":{\"@type\":\"EntryPoint\",\"urlTemplate\":\"https:\\\/\\\/highfit.es\\\/?s={search_term_string}\"},\"query-input\":{\"@type\":\"PropertyValueSpecification\",\"valueRequired\":true,\"valueName\":\"search_term_string\"}}],\"inLanguage\":\"en-US\"}]}<\/script>\n<!-- \/ Yoast SEO plugin. -->","yoast_head_json":{"title":"Scitec Protein Pudding 400g - Nutrici\u00f3n Deportiva y Suplementaci\u00f3n - HighFit","robots":{"index":"index","follow":"follow","max-snippet":"max-snippet:-1","max-image-preview":"max-image-preview:large","max-video-preview":"max-video-preview:-1"},"canonical":"https:\/\/highfit.es\/en\/producto\/scitec-protein-pudding-400g\/","og_locale":"en_US","og_type":"article","og_title":"Scitec Protein Pudding 400g - Nutrici\u00f3n Deportiva y Suplementaci\u00f3n - HighFit","og_description":"29g protein per serving Gluten-free* Palm oil-free  *Gluten-free according to EU regulations Product Description Do you like late-night snacks? A delicious sweet treat? There's a snack that's on hand for those moments. Feel free to include Protein Pudding in your consciously formulated diet to meet your goals. You can even combine it with our Protein Pancake to make a delicious and filling dessert. If you're tired of shakes, you can replace your evening casein drink with this delicious pudding. Since it also needs carbohydrates, we recommend adding Flav 'n' Oats carbohydrates to your smoothie. Anyone can make it in the kitchen, you can add it to your diet, in pastry creams, or even as a tasty cupcake for the whole family. Who do we recommend?  Dieters For bodybuilding focused on weight gain, in combination with carbohydrate products such as Flav 'n' Oats or Protein Breakfast To satisfy sweet cravings","og_url":"https:\/\/highfit.es\/en\/producto\/scitec-protein-pudding-400g\/","og_site_name":"Nutrici\u00f3n Deportiva y Suplementaci\u00f3n - HighFit","og_image":[{"width":800,"height":800,"url":"https:\/\/highfit.es\/wp-content\/uploads\/2024\/11\/protein-pudding.jpg","type":"image\/jpeg"}],"twitter_card":"summary_large_image","schema":{"@context":"https:\/\/schema.org","@graph":[{"@type":"WebPage","@id":"https:\/\/highfit.es\/en\/producto\/scitec-protein-pudding-400g\/","url":"https:\/\/highfit.es\/en\/producto\/scitec-protein-pudding-400g\/","name":"Scitec Protein Pudding 400g - Nutrici\u00f3n Deportiva y Suplementaci\u00f3n - HighFit","isPartOf":{"@id":"https:\/\/highfit.es\/#website"},"primaryImageOfPage":{"@id":"https:\/\/highfit.es\/en\/producto\/scitec-protein-pudding-400g\/#primaryimage"},"image":{"@id":"https:\/\/highfit.es\/en\/producto\/scitec-protein-pudding-400g\/#primaryimage"},"thumbnailUrl":"https:\/\/highfit.es\/wp-content\/uploads\/2024\/11\/protein-pudding.jpg","datePublished":"2024-11-04T12:14:03+00:00","breadcrumb":{"@id":"https:\/\/highfit.es\/en\/producto\/scitec-protein-pudding-400g\/#breadcrumb"},"inLanguage":"en-US","potentialAction":[{"@type":"ReadAction","target":["https:\/\/highfit.es\/en\/producto\/scitec-protein-pudding-400g\/"]}]},{"@type":"ImageObject","inLanguage":"en-US","@id":"https:\/\/highfit.es\/en\/producto\/scitec-protein-pudding-400g\/#primaryimage","url":"https:\/\/highfit.es\/wp-content\/uploads\/2024\/11\/protein-pudding.jpg","contentUrl":"https:\/\/highfit.es\/wp-content\/uploads\/2024\/11\/protein-pudding.jpg","width":800,"height":800},{"@type":"BreadcrumbList","@id":"https:\/\/highfit.es\/en\/producto\/scitec-protein-pudding-400g\/#breadcrumb","itemListElement":[{"@type":"ListItem","position":1,"name":"Portada","item":"https:\/\/highfit.es\/"},{"@type":"ListItem","position":2,"name":"Productos","item":"https:\/\/highfit.es\/shop\/"},{"@type":"ListItem","position":3,"name":"Scitec Protein Pudding 400g"}]},{"@type":"WebSite","@id":"https:\/\/highfit.es\/#website","url":"https:\/\/highfit.es\/","name":"Nutrici\u00f3n Deportiva y Suplementaci\u00f3n - HighFit","description":"\u00daltima generaci\u00f3n en productos de nutrici\u00f3n deportiva. Marcas estrella en suplementaci\u00f3n con los m\u00e1s altos est\u00e1ndares de calidad","potentialAction":[{"@type":"SearchAction","target":{"@type":"EntryPoint","urlTemplate":"https:\/\/highfit.es\/?s={search_term_string}"},"query-input":{"@type":"PropertyValueSpecification","valueRequired":true,"valueName":"search_term_string"}}],"inLanguage":"en-US"}]}},"_links":{"self":[{"href":"https:\/\/highfit.es\/en\/wp-json\/wp\/v2\/product\/8777","targetHints":{"allow":["GET"]}}],"collection":[{"href":"https:\/\/highfit.es\/en\/wp-json\/wp\/v2\/product"}],"about":[{"href":"https:\/\/highfit.es\/en\/wp-json\/wp\/v2\/types\/product"}],"replies":[{"embeddable":true,"href":"https:\/\/highfit.es\/en\/wp-json\/wp\/v2\/comments?post=8777"}],"wp:featuredmedia":[{"embeddable":true,"href":"https:\/\/highfit.es\/en\/wp-json\/wp\/v2\/media\/8675"}],"wp:attachment":[{"href":"https:\/\/highfit.es\/en\/wp-json\/wp\/v2\/media?parent=8777"}],"wp:term":[{"taxonomy":"product_brand","embeddable":true,"href":"https:\/\/highfit.es\/en\/wp-json\/wp\/v2\/product_brand?post=8777"},{"taxonomy":"product_cat","embeddable":true,"href":"https:\/\/highfit.es\/en\/wp-json\/wp\/v2\/product_cat?post=8777"},{"taxonomy":"product_tag","embeddable":true,"href":"https:\/\/highfit.es\/en\/wp-json\/wp\/v2\/product_tag?post=8777"}],"curies":[{"name":"wp","href":"https:\/\/api.w.org\/{rel}","templated":true}]}}