{"id":8772,"date":"2024-03-13T11:51:44","date_gmt":"2024-03-13T09:51:44","guid":{"rendered":"https:\/\/highfit.es\/producto\/olimp-veggie-protein-complex-500g\/"},"modified":"2024-11-12T13:46:05","modified_gmt":"2024-11-12T11:46:05","slug":"olimp-veggie-protein-complex-500g","status":"publish","type":"product","link":"https:\/\/highfit.es\/en\/producto\/olimp-veggie-protein-complex-500g\/","title":{"rendered":"Olimp Veggie Protein Complex 500g"},"excerpt":{"rendered":"<h2>Olimp Veggie Protein Complex \u2013 the natural power of plants!<\/h2>\n<p>The dietary supplement Olimp Veggie Protein Complex is a source of protein for vegans and vegetarians. Specialists from the pharmaceutical company Olimp Laboratories decided to add only natural ingredients to the composition, which are characterized by a high degree of purity and allow you to supplement your daily diet with the necessary portion of protein and amino acids from three different sources. The composition of <strong>Olimp Veggie Protein Complex<\/strong> does not contain synthetic sweeteners, and each serving is a simple and convenient way to provide your body with complete plant protein.<\/p>\n<h2><strong>Composition of the supplement Olimp Veggie Protein Complex<\/strong><\/h2>\n<p>Soy, the popular source of plant protein, was abandoned in the process of developing the composition of the supplement <strong>Olimp Veggie Protein Complex<\/strong>. <strong>Olimp Sport Nutrition<\/strong> vegan protein supplement uses pea protein, pumpkin seeds and brown rice grains. The three different sources contained in each serving of the preparation allow you to provide the right amount of protein and amino acids to your daily diet, including the popular BCAA complex (leucine, isoleucine, valine).<\/p>\n<p>The vegan protein supplement from Olimp Sport Nutrition contains no synthetic sweeteners. Instead, natural xylitol and stevia were used. As a result, the sugar content in each serving of the supplement is less than 0.5 g! The product is available in two flavors &#8211; neutral and chocolate (with real cocoa), so you can use the supplement to prepare a tasty protein-rich cocktail or as an accompaniment to a meal or fitness snack. The only limit here can be your imagination!<br \/>\nEffects of using the Olimp Veggie Protein Complex supplement<br \/>\n<strong>Veggie Protein Complex<\/strong> from <strong>Olimp Sport Nutrition<\/strong> is a dietary supplement that can be used by both amateurs and experienced athletes of various sports disciplines who follow the rules of healthy eating. The product is primarily recommended for vegans and vegetarians, but also for anyone who wants to reduce their intake of animal proteins and dairy products.<\/p>\n<p>Thanks to <strong>Olimp Veggie Protein Complex<\/strong> you have the opportunity to quickly and conveniently supplement your daily diet with an adequate portion of complete vegetable proteins with a rich amino acid profile. As we all know, protein is a fundamental component in the process of gaining mass and shaping the body. However, the low-sugar composition allows the supplement <strong>Olimp Veggie Protein Complex<\/strong> to be used during weight loss as well.<\/p>\n<p>If you choose <strong>Olimp Veggie Protein Complex<\/strong> you will get:<\/p>\n<ul>\n<li>a dietary supplement that makes it quick and easy to add high-quality complete plant proteins to your daily diet<\/li>\n<li>a protein supplement for vegans and vegetarians \u2013 the perfect alternative to animal proteins<\/li>\n<li>support for building muscle mass (protein)<\/li>\n<li>assistance in maintaining muscle mass (protein)<\/li>\n<li>a low-sugar supplement for weight loss and reducing body fat<\/li>\n<li>a powder product with excellent solubility<\/li>\n<li>a great addition to daily nutrition, which can be used to prepare a variety of protein desserts and healthy snacks<\/li>\n<\/ul>\n","protected":false},"featured_media":6623,"comment_status":"open","ping_status":"closed","template":"","meta":[],"product_brand":[],"product_cat":[278,179],"product_tag":[],"class_list":{"0":"post-8772","1":"product","2":"type-product","3":"status-publish","4":"has-post-thumbnail","6":"product_cat-olimp-en","7":"product_cat-whey-protein-en","8":"pa_marca-olimp-en","9":"pa_sabor-chocolate-en","10":"pa_sabor-neutro-en","12":"first","13":"instock","14":"taxable","15":"shipping-taxable","16":"purchasable","17":"product-type-variable"},"yoast_head":"<!-- This site is optimized with the Yoast SEO plugin v27.3 - https:\/\/yoast.com\/product\/yoast-seo-wordpress\/ -->\n<title>Olimp Veggie Protein Complex 500g - Nutrici\u00f3n Deportiva y Suplementaci\u00f3n - HighFit<\/title>\n<meta name=\"robots\" content=\"index, follow, max-snippet:-1, max-image-preview:large, max-video-preview:-1\" \/>\n<link rel=\"canonical\" href=\"https:\/\/highfit.es\/en\/producto\/olimp-veggie-protein-complex-500g\/\" \/>\n<meta property=\"og:locale\" content=\"en_US\" \/>\n<meta property=\"og:type\" content=\"article\" \/>\n<meta property=\"og:title\" content=\"Olimp Veggie Protein Complex 500g - Nutrici\u00f3n Deportiva y Suplementaci\u00f3n - HighFit\" \/>\n<meta property=\"og:description\" content=\"Olimp Veggie Protein Complex \u2013 the natural power of plants! The dietary supplement Olimp Veggie Protein Complex is a source of protein for vegans and vegetarians. Specialists from the pharmaceutical company Olimp Laboratories decided to add only natural ingredients to the composition, which are characterized by a high degree of purity and allow you to supplement your daily diet with the necessary portion of protein and amino acids from three different sources. The composition of Olimp Veggie Protein Complex does not contain synthetic sweeteners, and each serving is a simple and convenient way to provide your body with complete plant protein. Composition of the supplement Olimp Veggie Protein Complex Soy, the popular source of plant protein, was abandoned in the process of developing the composition of the supplement Olimp Veggie Protein Complex. Olimp Sport Nutrition vegan protein supplement uses pea protein, pumpkin seeds and brown rice grains. The three different sources contained in each serving of the preparation allow you to provide the right amount of protein and amino acids to your daily diet, including the popular BCAA complex (leucine, isoleucine, valine).  The vegan protein supplement from Olimp Sport Nutrition contains no synthetic sweeteners. Instead, natural xylitol and stevia were used. As a result, the sugar content in each serving of the supplement is less than 0.5 g! The product is available in two flavors - neutral and chocolate (with real cocoa), so you can use the supplement to prepare a tasty protein-rich cocktail or as an accompaniment to a meal or fitness snack. The only limit here can be your imagination! Effects of using the Olimp Veggie Protein Complex supplement Veggie Protein Complex from Olimp Sport Nutrition is a dietary supplement that can be used by both amateurs and experienced athletes of various sports disciplines who follow the rules of healthy eating. The product is primarily recommended for vegans and vegetarians, but also for anyone who wants to reduce their intake of animal proteins and dairy products.  Thanks to Olimp Veggie Protein Complex you have the opportunity to quickly and conveniently supplement your daily diet with an adequate portion of complete vegetable proteins with a rich amino acid profile. As we all know, protein is a fundamental component in the process of gaining mass and shaping the body. However, the low-sugar composition allows the supplement Olimp Veggie Protein Complex to be used during weight loss as well.  If you choose Olimp Veggie Protein Complex you will get:   a dietary supplement that makes it quick and easy to add high-quality complete plant proteins to your daily diet  a protein supplement for vegans and vegetarians \u2013 the perfect alternative to animal proteins  support for building muscle mass (protein)  assistance in maintaining muscle mass (protein)  a low-sugar supplement for weight loss and reducing body fat  a powder product with excellent solubility  a great addition to daily nutrition, which can be used to prepare a variety of protein desserts and healthy snacks\" \/>\n<meta property=\"og:url\" content=\"https:\/\/highfit.es\/en\/producto\/olimp-veggie-protein-complex-500g\/\" \/>\n<meta property=\"og:site_name\" content=\"Nutrici\u00f3n Deportiva y Suplementaci\u00f3n - HighFit\" \/>\n<meta property=\"article:modified_time\" content=\"2024-11-12T11:46:05+00:00\" \/>\n<meta property=\"og:image\" content=\"https:\/\/highfit.es\/wp-content\/uploads\/2024\/03\/col_veggieproteincomplex_zip_500g_en-de-pl_0011_0001_jpg.webp\" \/>\n\t<meta property=\"og:image:width\" content=\"660\" \/>\n\t<meta property=\"og:image:height\" content=\"660\" \/>\n\t<meta property=\"og:image:type\" content=\"image\/webp\" \/>\n<meta name=\"twitter:card\" content=\"summary_large_image\" \/>\n<script type=\"application\/ld+json\" class=\"yoast-schema-graph\">{\"@context\":\"https:\\\/\\\/schema.org\",\"@graph\":[{\"@type\":\"WebPage\",\"@id\":\"https:\\\/\\\/highfit.es\\\/en\\\/producto\\\/olimp-veggie-protein-complex-500g\\\/\",\"url\":\"https:\\\/\\\/highfit.es\\\/en\\\/producto\\\/olimp-veggie-protein-complex-500g\\\/\",\"name\":\"Olimp Veggie Protein Complex 500g - Nutrici\u00f3n Deportiva y Suplementaci\u00f3n - HighFit\",\"isPartOf\":{\"@id\":\"https:\\\/\\\/highfit.es\\\/#website\"},\"primaryImageOfPage\":{\"@id\":\"https:\\\/\\\/highfit.es\\\/en\\\/producto\\\/olimp-veggie-protein-complex-500g\\\/#primaryimage\"},\"image\":{\"@id\":\"https:\\\/\\\/highfit.es\\\/en\\\/producto\\\/olimp-veggie-protein-complex-500g\\\/#primaryimage\"},\"thumbnailUrl\":\"https:\\\/\\\/highfit.es\\\/wp-content\\\/uploads\\\/2024\\\/03\\\/col_veggieproteincomplex_zip_500g_en-de-pl_0011_0001_jpg.webp\",\"datePublished\":\"2024-03-13T09:51:44+00:00\",\"dateModified\":\"2024-11-12T11:46:05+00:00\",\"breadcrumb\":{\"@id\":\"https:\\\/\\\/highfit.es\\\/en\\\/producto\\\/olimp-veggie-protein-complex-500g\\\/#breadcrumb\"},\"inLanguage\":\"en-US\",\"potentialAction\":[{\"@type\":\"ReadAction\",\"target\":[\"https:\\\/\\\/highfit.es\\\/en\\\/producto\\\/olimp-veggie-protein-complex-500g\\\/\"]}]},{\"@type\":\"ImageObject\",\"inLanguage\":\"en-US\",\"@id\":\"https:\\\/\\\/highfit.es\\\/en\\\/producto\\\/olimp-veggie-protein-complex-500g\\\/#primaryimage\",\"url\":\"https:\\\/\\\/highfit.es\\\/wp-content\\\/uploads\\\/2024\\\/03\\\/col_veggieproteincomplex_zip_500g_en-de-pl_0011_0001_jpg.webp\",\"contentUrl\":\"https:\\\/\\\/highfit.es\\\/wp-content\\\/uploads\\\/2024\\\/03\\\/col_veggieproteincomplex_zip_500g_en-de-pl_0011_0001_jpg.webp\",\"width\":660,\"height\":660},{\"@type\":\"BreadcrumbList\",\"@id\":\"https:\\\/\\\/highfit.es\\\/en\\\/producto\\\/olimp-veggie-protein-complex-500g\\\/#breadcrumb\",\"itemListElement\":[{\"@type\":\"ListItem\",\"position\":1,\"name\":\"Portada\",\"item\":\"https:\\\/\\\/highfit.es\\\/\"},{\"@type\":\"ListItem\",\"position\":2,\"name\":\"Productos\",\"item\":\"https:\\\/\\\/highfit.es\\\/shop\\\/\"},{\"@type\":\"ListItem\",\"position\":3,\"name\":\"Olimp Veggie Protein Complex 500g\"}]},{\"@type\":\"WebSite\",\"@id\":\"https:\\\/\\\/highfit.es\\\/#website\",\"url\":\"https:\\\/\\\/highfit.es\\\/\",\"name\":\"Nutrici\u00f3n Deportiva y Suplementaci\u00f3n - HighFit\",\"description\":\"\u00daltima generaci\u00f3n en productos de nutrici\u00f3n deportiva. Marcas estrella en suplementaci\u00f3n con los m\u00e1s altos est\u00e1ndares de calidad\",\"potentialAction\":[{\"@type\":\"SearchAction\",\"target\":{\"@type\":\"EntryPoint\",\"urlTemplate\":\"https:\\\/\\\/highfit.es\\\/?s={search_term_string}\"},\"query-input\":{\"@type\":\"PropertyValueSpecification\",\"valueRequired\":true,\"valueName\":\"search_term_string\"}}],\"inLanguage\":\"en-US\"}]}<\/script>\n<!-- \/ Yoast SEO plugin. -->","yoast_head_json":{"title":"Olimp Veggie Protein Complex 500g - Nutrici\u00f3n Deportiva y Suplementaci\u00f3n - HighFit","robots":{"index":"index","follow":"follow","max-snippet":"max-snippet:-1","max-image-preview":"max-image-preview:large","max-video-preview":"max-video-preview:-1"},"canonical":"https:\/\/highfit.es\/en\/producto\/olimp-veggie-protein-complex-500g\/","og_locale":"en_US","og_type":"article","og_title":"Olimp Veggie Protein Complex 500g - Nutrici\u00f3n Deportiva y Suplementaci\u00f3n - HighFit","og_description":"Olimp Veggie Protein Complex \u2013 the natural power of plants! The dietary supplement Olimp Veggie Protein Complex is a source of protein for vegans and vegetarians. Specialists from the pharmaceutical company Olimp Laboratories decided to add only natural ingredients to the composition, which are characterized by a high degree of purity and allow you to supplement your daily diet with the necessary portion of protein and amino acids from three different sources. The composition of Olimp Veggie Protein Complex does not contain synthetic sweeteners, and each serving is a simple and convenient way to provide your body with complete plant protein. Composition of the supplement Olimp Veggie Protein Complex Soy, the popular source of plant protein, was abandoned in the process of developing the composition of the supplement Olimp Veggie Protein Complex. Olimp Sport Nutrition vegan protein supplement uses pea protein, pumpkin seeds and brown rice grains. The three different sources contained in each serving of the preparation allow you to provide the right amount of protein and amino acids to your daily diet, including the popular BCAA complex (leucine, isoleucine, valine).  The vegan protein supplement from Olimp Sport Nutrition contains no synthetic sweeteners. Instead, natural xylitol and stevia were used. As a result, the sugar content in each serving of the supplement is less than 0.5 g! The product is available in two flavors - neutral and chocolate (with real cocoa), so you can use the supplement to prepare a tasty protein-rich cocktail or as an accompaniment to a meal or fitness snack. The only limit here can be your imagination! Effects of using the Olimp Veggie Protein Complex supplement Veggie Protein Complex from Olimp Sport Nutrition is a dietary supplement that can be used by both amateurs and experienced athletes of various sports disciplines who follow the rules of healthy eating. The product is primarily recommended for vegans and vegetarians, but also for anyone who wants to reduce their intake of animal proteins and dairy products.  Thanks to Olimp Veggie Protein Complex you have the opportunity to quickly and conveniently supplement your daily diet with an adequate portion of complete vegetable proteins with a rich amino acid profile. As we all know, protein is a fundamental component in the process of gaining mass and shaping the body. However, the low-sugar composition allows the supplement Olimp Veggie Protein Complex to be used during weight loss as well.  If you choose Olimp Veggie Protein Complex you will get:   a dietary supplement that makes it quick and easy to add high-quality complete plant proteins to your daily diet  a protein supplement for vegans and vegetarians \u2013 the perfect alternative to animal proteins  support for building muscle mass (protein)  assistance in maintaining muscle mass (protein)  a low-sugar supplement for weight loss and reducing body fat  a powder product with excellent solubility  a great addition to daily nutrition, which can be used to prepare a variety of protein desserts and healthy snacks","og_url":"https:\/\/highfit.es\/en\/producto\/olimp-veggie-protein-complex-500g\/","og_site_name":"Nutrici\u00f3n Deportiva y Suplementaci\u00f3n - HighFit","article_modified_time":"2024-11-12T11:46:05+00:00","og_image":[{"width":660,"height":660,"url":"https:\/\/highfit.es\/wp-content\/uploads\/2024\/03\/col_veggieproteincomplex_zip_500g_en-de-pl_0011_0001_jpg.webp","type":"image\/webp"}],"twitter_card":"summary_large_image","schema":{"@context":"https:\/\/schema.org","@graph":[{"@type":"WebPage","@id":"https:\/\/highfit.es\/en\/producto\/olimp-veggie-protein-complex-500g\/","url":"https:\/\/highfit.es\/en\/producto\/olimp-veggie-protein-complex-500g\/","name":"Olimp Veggie Protein Complex 500g - Nutrici\u00f3n Deportiva y Suplementaci\u00f3n - HighFit","isPartOf":{"@id":"https:\/\/highfit.es\/#website"},"primaryImageOfPage":{"@id":"https:\/\/highfit.es\/en\/producto\/olimp-veggie-protein-complex-500g\/#primaryimage"},"image":{"@id":"https:\/\/highfit.es\/en\/producto\/olimp-veggie-protein-complex-500g\/#primaryimage"},"thumbnailUrl":"https:\/\/highfit.es\/wp-content\/uploads\/2024\/03\/col_veggieproteincomplex_zip_500g_en-de-pl_0011_0001_jpg.webp","datePublished":"2024-03-13T09:51:44+00:00","dateModified":"2024-11-12T11:46:05+00:00","breadcrumb":{"@id":"https:\/\/highfit.es\/en\/producto\/olimp-veggie-protein-complex-500g\/#breadcrumb"},"inLanguage":"en-US","potentialAction":[{"@type":"ReadAction","target":["https:\/\/highfit.es\/en\/producto\/olimp-veggie-protein-complex-500g\/"]}]},{"@type":"ImageObject","inLanguage":"en-US","@id":"https:\/\/highfit.es\/en\/producto\/olimp-veggie-protein-complex-500g\/#primaryimage","url":"https:\/\/highfit.es\/wp-content\/uploads\/2024\/03\/col_veggieproteincomplex_zip_500g_en-de-pl_0011_0001_jpg.webp","contentUrl":"https:\/\/highfit.es\/wp-content\/uploads\/2024\/03\/col_veggieproteincomplex_zip_500g_en-de-pl_0011_0001_jpg.webp","width":660,"height":660},{"@type":"BreadcrumbList","@id":"https:\/\/highfit.es\/en\/producto\/olimp-veggie-protein-complex-500g\/#breadcrumb","itemListElement":[{"@type":"ListItem","position":1,"name":"Portada","item":"https:\/\/highfit.es\/"},{"@type":"ListItem","position":2,"name":"Productos","item":"https:\/\/highfit.es\/shop\/"},{"@type":"ListItem","position":3,"name":"Olimp Veggie Protein Complex 500g"}]},{"@type":"WebSite","@id":"https:\/\/highfit.es\/#website","url":"https:\/\/highfit.es\/","name":"Nutrici\u00f3n Deportiva y Suplementaci\u00f3n - HighFit","description":"\u00daltima generaci\u00f3n en productos de nutrici\u00f3n deportiva. Marcas estrella en suplementaci\u00f3n con los m\u00e1s altos est\u00e1ndares de calidad","potentialAction":[{"@type":"SearchAction","target":{"@type":"EntryPoint","urlTemplate":"https:\/\/highfit.es\/?s={search_term_string}"},"query-input":{"@type":"PropertyValueSpecification","valueRequired":true,"valueName":"search_term_string"}}],"inLanguage":"en-US"}]}},"_links":{"self":[{"href":"https:\/\/highfit.es\/en\/wp-json\/wp\/v2\/product\/8772","targetHints":{"allow":["GET"]}}],"collection":[{"href":"https:\/\/highfit.es\/en\/wp-json\/wp\/v2\/product"}],"about":[{"href":"https:\/\/highfit.es\/en\/wp-json\/wp\/v2\/types\/product"}],"replies":[{"embeddable":true,"href":"https:\/\/highfit.es\/en\/wp-json\/wp\/v2\/comments?post=8772"}],"wp:featuredmedia":[{"embeddable":true,"href":"https:\/\/highfit.es\/en\/wp-json\/wp\/v2\/media\/6623"}],"wp:attachment":[{"href":"https:\/\/highfit.es\/en\/wp-json\/wp\/v2\/media?parent=8772"}],"wp:term":[{"taxonomy":"product_brand","embeddable":true,"href":"https:\/\/highfit.es\/en\/wp-json\/wp\/v2\/product_brand?post=8772"},{"taxonomy":"product_cat","embeddable":true,"href":"https:\/\/highfit.es\/en\/wp-json\/wp\/v2\/product_cat?post=8772"},{"taxonomy":"product_tag","embeddable":true,"href":"https:\/\/highfit.es\/en\/wp-json\/wp\/v2\/product_tag?post=8772"}],"curies":[{"name":"wp","href":"https:\/\/api.w.org\/{rel}","templated":true}]}}