{"id":8760,"date":"2024-07-11T09:59:24","date_gmt":"2024-07-11T07:59:24","guid":{"rendered":"https:\/\/highfit.es\/producto\/olimp-protein-bar-xplode-coco\/"},"modified":"2024-07-11T09:59:24","modified_gmt":"2024-07-11T07:59:24","slug":"olimp-protein-bar-xplode-coco","status":"publish","type":"product","link":"https:\/\/highfit.es\/en\/producto\/olimp-protein-bar-xplode-coco\/","title":{"rendered":"Olimp protein bar Xplode Coco"},"excerpt":{"rendered":"<p>After training, during a busy day at work, on the go &#8211; anywhere you feel hunger strike. Try the delicious bar coated in real chocolate with a good dose of protein and dietary fiber. Here is the <b>Protein Xplode bar<\/b>! A real explosion of flavor and a feast for your palate! Try it yourself and enjoy every bite.<\/p>\n<p><b>The Protein Xplode bar<\/b> contains a mix of proteins with different absorption rates. We are talking about MPC milk protein concentrate, collagen hydrolysate, soy protein isolate, WPC whey protein concentrate and hydrolyzed wheat gluten. Depending on the flavor, the 40 g bar provides between 16 and 14 g of high-quality protein, which contributes to the growth and maintenance of muscle mass. In addition, it is an extra boost of carbohydrates and dietary fiber.<\/p>\n<p>The protein bar does not contain much sugar. Therefore, it works very well as an alternative to sweets. It does not contain any added preservatives, artificial colors or palm oil. However, the composition was supplemented with vitamin D, magnesium and zinc.<\/p>\n<p>Remember to eat a balanced diet and a healthy lifestyle. <b>The Protein Xplode bar<\/b> is:<\/p>\n<ul>\n<li>A valuable snack with a real chocolate coating that makes it easy to supplement your diet with some key nutrients and collagen, a valuable component of connective tissue.<\/li>\n<li>Supports the building and maintenance of muscle mass (protein),<\/li>\n<li>148 kcal ,<\/li>\n<li>A sensational tasting snack with no added preservatives, artificial colours or palm oil.<\/li>\n<li>Delicious alternative to sweets: a low sugar bar,<\/li>\n<li>High in dietary fibre.<\/li>\n<li>The bar with added vitamin D and magnesium, which support normal muscle function,<\/li>\n<li>The bar with added zinc in the form of hypoallergenic and highly absorbable amino acid chelate Albion\u2122, which supports the maintenance of normal macronutrient metabolism and normal protein synthesis. Like vitamin D and magnesium, zinc also helps maintain normal bones.<\/li>\n<\/ul>\n","protected":false},"featured_media":7778,"comment_status":"open","ping_status":"closed","template":"","meta":[],"product_brand":[],"product_cat":[302,278],"product_tag":[],"class_list":{"0":"post-8760","1":"product","2":"type-product","3":"status-publish","4":"has-post-thumbnail","6":"product_cat-bar","7":"product_cat-olimp-en","8":"pa_marca-olimp-en","10":"first","11":"outofstock","12":"taxable","13":"shipping-taxable","14":"purchasable","15":"product-type-simple"},"yoast_head":"<!-- This site is optimized with the Yoast SEO plugin v27.3 - https:\/\/yoast.com\/product\/yoast-seo-wordpress\/ -->\n<title>Olimp protein bar Xplode Coco - Nutrici\u00f3n Deportiva y Suplementaci\u00f3n - HighFit<\/title>\n<meta name=\"robots\" content=\"index, follow, max-snippet:-1, max-image-preview:large, max-video-preview:-1\" \/>\n<link rel=\"canonical\" href=\"https:\/\/highfit.es\/en\/producto\/olimp-protein-bar-xplode-coco\/\" \/>\n<meta property=\"og:locale\" content=\"en_US\" \/>\n<meta property=\"og:type\" content=\"article\" \/>\n<meta property=\"og:title\" content=\"Olimp protein bar Xplode Coco - Nutrici\u00f3n Deportiva y Suplementaci\u00f3n - HighFit\" \/>\n<meta property=\"og:description\" content=\"After training, during a busy day at work, on the go - anywhere you feel hunger strike. Try the delicious bar coated in real chocolate with a good dose of protein and dietary fiber. Here is the Protein Xplode bar! A real explosion of flavor and a feast for your palate! Try it yourself and enjoy every bite. The Protein Xplode bar contains a mix of proteins with different absorption rates. We are talking about MPC milk protein concentrate, collagen hydrolysate, soy protein isolate, WPC whey protein concentrate and hydrolyzed wheat gluten. Depending on the flavor, the 40 g bar provides between 16 and 14 g of high-quality protein, which contributes to the growth and maintenance of muscle mass. In addition, it is an extra boost of carbohydrates and dietary fiber. The protein bar does not contain much sugar. Therefore, it works very well as an alternative to sweets. It does not contain any added preservatives, artificial colors or palm oil. However, the composition was supplemented with vitamin D, magnesium and zinc. Remember to eat a balanced diet and a healthy lifestyle. The Protein Xplode bar is:  A valuable snack with a real chocolate coating that makes it easy to supplement your diet with some key nutrients and collagen, a valuable component of connective tissue. Supports the building and maintenance of muscle mass (protein), 148 kcal , A sensational tasting snack with no added preservatives, artificial colours or palm oil. Delicious alternative to sweets: a low sugar bar, High in dietary fibre. The bar with added vitamin D and magnesium, which support normal muscle function, The bar with added zinc in the form of hypoallergenic and highly absorbable amino acid chelate Albion\u2122, which supports the maintenance of normal macronutrient metabolism and normal protein synthesis. Like vitamin D and magnesium, zinc also helps maintain normal bones.\" \/>\n<meta property=\"og:url\" content=\"https:\/\/highfit.es\/en\/producto\/olimp-protein-bar-xplode-coco\/\" \/>\n<meta property=\"og:site_name\" content=\"Nutrici\u00f3n Deportiva y Suplementaci\u00f3n - HighFit\" \/>\n<meta property=\"og:image\" content=\"https:\/\/highfit.es\/wp-content\/uploads\/2024\/07\/protein-explode-coconut.jpg\" \/>\n\t<meta property=\"og:image:width\" content=\"800\" \/>\n\t<meta property=\"og:image:height\" content=\"800\" \/>\n\t<meta property=\"og:image:type\" content=\"image\/jpeg\" \/>\n<meta name=\"twitter:card\" content=\"summary_large_image\" \/>\n<script type=\"application\/ld+json\" class=\"yoast-schema-graph\">{\"@context\":\"https:\\\/\\\/schema.org\",\"@graph\":[{\"@type\":\"WebPage\",\"@id\":\"https:\\\/\\\/highfit.es\\\/en\\\/producto\\\/olimp-protein-bar-xplode-coco\\\/\",\"url\":\"https:\\\/\\\/highfit.es\\\/en\\\/producto\\\/olimp-protein-bar-xplode-coco\\\/\",\"name\":\"Olimp protein bar Xplode Coco - Nutrici\u00f3n Deportiva y Suplementaci\u00f3n - HighFit\",\"isPartOf\":{\"@id\":\"https:\\\/\\\/highfit.es\\\/#website\"},\"primaryImageOfPage\":{\"@id\":\"https:\\\/\\\/highfit.es\\\/en\\\/producto\\\/olimp-protein-bar-xplode-coco\\\/#primaryimage\"},\"image\":{\"@id\":\"https:\\\/\\\/highfit.es\\\/en\\\/producto\\\/olimp-protein-bar-xplode-coco\\\/#primaryimage\"},\"thumbnailUrl\":\"https:\\\/\\\/highfit.es\\\/wp-content\\\/uploads\\\/2024\\\/07\\\/protein-explode-coconut.jpg\",\"datePublished\":\"2024-07-11T07:59:24+00:00\",\"breadcrumb\":{\"@id\":\"https:\\\/\\\/highfit.es\\\/en\\\/producto\\\/olimp-protein-bar-xplode-coco\\\/#breadcrumb\"},\"inLanguage\":\"en-US\",\"potentialAction\":[{\"@type\":\"ReadAction\",\"target\":[\"https:\\\/\\\/highfit.es\\\/en\\\/producto\\\/olimp-protein-bar-xplode-coco\\\/\"]}]},{\"@type\":\"ImageObject\",\"inLanguage\":\"en-US\",\"@id\":\"https:\\\/\\\/highfit.es\\\/en\\\/producto\\\/olimp-protein-bar-xplode-coco\\\/#primaryimage\",\"url\":\"https:\\\/\\\/highfit.es\\\/wp-content\\\/uploads\\\/2024\\\/07\\\/protein-explode-coconut.jpg\",\"contentUrl\":\"https:\\\/\\\/highfit.es\\\/wp-content\\\/uploads\\\/2024\\\/07\\\/protein-explode-coconut.jpg\",\"width\":800,\"height\":800},{\"@type\":\"BreadcrumbList\",\"@id\":\"https:\\\/\\\/highfit.es\\\/en\\\/producto\\\/olimp-protein-bar-xplode-coco\\\/#breadcrumb\",\"itemListElement\":[{\"@type\":\"ListItem\",\"position\":1,\"name\":\"Portada\",\"item\":\"https:\\\/\\\/highfit.es\\\/\"},{\"@type\":\"ListItem\",\"position\":2,\"name\":\"Productos\",\"item\":\"https:\\\/\\\/highfit.es\\\/shop\\\/\"},{\"@type\":\"ListItem\",\"position\":3,\"name\":\"Olimp protein bar Xplode Coco\"}]},{\"@type\":\"WebSite\",\"@id\":\"https:\\\/\\\/highfit.es\\\/#website\",\"url\":\"https:\\\/\\\/highfit.es\\\/\",\"name\":\"Nutrici\u00f3n Deportiva y Suplementaci\u00f3n - HighFit\",\"description\":\"\u00daltima generaci\u00f3n en productos de nutrici\u00f3n deportiva. Marcas estrella en suplementaci\u00f3n con los m\u00e1s altos est\u00e1ndares de calidad\",\"potentialAction\":[{\"@type\":\"SearchAction\",\"target\":{\"@type\":\"EntryPoint\",\"urlTemplate\":\"https:\\\/\\\/highfit.es\\\/?s={search_term_string}\"},\"query-input\":{\"@type\":\"PropertyValueSpecification\",\"valueRequired\":true,\"valueName\":\"search_term_string\"}}],\"inLanguage\":\"en-US\"}]}<\/script>\n<!-- \/ Yoast SEO plugin. -->","yoast_head_json":{"title":"Olimp protein bar Xplode Coco - Nutrici\u00f3n Deportiva y Suplementaci\u00f3n - HighFit","robots":{"index":"index","follow":"follow","max-snippet":"max-snippet:-1","max-image-preview":"max-image-preview:large","max-video-preview":"max-video-preview:-1"},"canonical":"https:\/\/highfit.es\/en\/producto\/olimp-protein-bar-xplode-coco\/","og_locale":"en_US","og_type":"article","og_title":"Olimp protein bar Xplode Coco - Nutrici\u00f3n Deportiva y Suplementaci\u00f3n - HighFit","og_description":"After training, during a busy day at work, on the go - anywhere you feel hunger strike. Try the delicious bar coated in real chocolate with a good dose of protein and dietary fiber. Here is the Protein Xplode bar! A real explosion of flavor and a feast for your palate! Try it yourself and enjoy every bite. The Protein Xplode bar contains a mix of proteins with different absorption rates. We are talking about MPC milk protein concentrate, collagen hydrolysate, soy protein isolate, WPC whey protein concentrate and hydrolyzed wheat gluten. Depending on the flavor, the 40 g bar provides between 16 and 14 g of high-quality protein, which contributes to the growth and maintenance of muscle mass. In addition, it is an extra boost of carbohydrates and dietary fiber. The protein bar does not contain much sugar. Therefore, it works very well as an alternative to sweets. It does not contain any added preservatives, artificial colors or palm oil. However, the composition was supplemented with vitamin D, magnesium and zinc. Remember to eat a balanced diet and a healthy lifestyle. The Protein Xplode bar is:  A valuable snack with a real chocolate coating that makes it easy to supplement your diet with some key nutrients and collagen, a valuable component of connective tissue. Supports the building and maintenance of muscle mass (protein), 148 kcal , A sensational tasting snack with no added preservatives, artificial colours or palm oil. Delicious alternative to sweets: a low sugar bar, High in dietary fibre. The bar with added vitamin D and magnesium, which support normal muscle function, The bar with added zinc in the form of hypoallergenic and highly absorbable amino acid chelate Albion\u2122, which supports the maintenance of normal macronutrient metabolism and normal protein synthesis. Like vitamin D and magnesium, zinc also helps maintain normal bones.","og_url":"https:\/\/highfit.es\/en\/producto\/olimp-protein-bar-xplode-coco\/","og_site_name":"Nutrici\u00f3n Deportiva y Suplementaci\u00f3n - HighFit","og_image":[{"width":800,"height":800,"url":"https:\/\/highfit.es\/wp-content\/uploads\/2024\/07\/protein-explode-coconut.jpg","type":"image\/jpeg"}],"twitter_card":"summary_large_image","schema":{"@context":"https:\/\/schema.org","@graph":[{"@type":"WebPage","@id":"https:\/\/highfit.es\/en\/producto\/olimp-protein-bar-xplode-coco\/","url":"https:\/\/highfit.es\/en\/producto\/olimp-protein-bar-xplode-coco\/","name":"Olimp protein bar Xplode Coco - Nutrici\u00f3n Deportiva y Suplementaci\u00f3n - HighFit","isPartOf":{"@id":"https:\/\/highfit.es\/#website"},"primaryImageOfPage":{"@id":"https:\/\/highfit.es\/en\/producto\/olimp-protein-bar-xplode-coco\/#primaryimage"},"image":{"@id":"https:\/\/highfit.es\/en\/producto\/olimp-protein-bar-xplode-coco\/#primaryimage"},"thumbnailUrl":"https:\/\/highfit.es\/wp-content\/uploads\/2024\/07\/protein-explode-coconut.jpg","datePublished":"2024-07-11T07:59:24+00:00","breadcrumb":{"@id":"https:\/\/highfit.es\/en\/producto\/olimp-protein-bar-xplode-coco\/#breadcrumb"},"inLanguage":"en-US","potentialAction":[{"@type":"ReadAction","target":["https:\/\/highfit.es\/en\/producto\/olimp-protein-bar-xplode-coco\/"]}]},{"@type":"ImageObject","inLanguage":"en-US","@id":"https:\/\/highfit.es\/en\/producto\/olimp-protein-bar-xplode-coco\/#primaryimage","url":"https:\/\/highfit.es\/wp-content\/uploads\/2024\/07\/protein-explode-coconut.jpg","contentUrl":"https:\/\/highfit.es\/wp-content\/uploads\/2024\/07\/protein-explode-coconut.jpg","width":800,"height":800},{"@type":"BreadcrumbList","@id":"https:\/\/highfit.es\/en\/producto\/olimp-protein-bar-xplode-coco\/#breadcrumb","itemListElement":[{"@type":"ListItem","position":1,"name":"Portada","item":"https:\/\/highfit.es\/"},{"@type":"ListItem","position":2,"name":"Productos","item":"https:\/\/highfit.es\/shop\/"},{"@type":"ListItem","position":3,"name":"Olimp protein bar Xplode Coco"}]},{"@type":"WebSite","@id":"https:\/\/highfit.es\/#website","url":"https:\/\/highfit.es\/","name":"Nutrici\u00f3n Deportiva y Suplementaci\u00f3n - HighFit","description":"\u00daltima generaci\u00f3n en productos de nutrici\u00f3n deportiva. Marcas estrella en suplementaci\u00f3n con los m\u00e1s altos est\u00e1ndares de calidad","potentialAction":[{"@type":"SearchAction","target":{"@type":"EntryPoint","urlTemplate":"https:\/\/highfit.es\/?s={search_term_string}"},"query-input":{"@type":"PropertyValueSpecification","valueRequired":true,"valueName":"search_term_string"}}],"inLanguage":"en-US"}]}},"_links":{"self":[{"href":"https:\/\/highfit.es\/en\/wp-json\/wp\/v2\/product\/8760","targetHints":{"allow":["GET"]}}],"collection":[{"href":"https:\/\/highfit.es\/en\/wp-json\/wp\/v2\/product"}],"about":[{"href":"https:\/\/highfit.es\/en\/wp-json\/wp\/v2\/types\/product"}],"replies":[{"embeddable":true,"href":"https:\/\/highfit.es\/en\/wp-json\/wp\/v2\/comments?post=8760"}],"wp:featuredmedia":[{"embeddable":true,"href":"https:\/\/highfit.es\/en\/wp-json\/wp\/v2\/media\/7778"}],"wp:attachment":[{"href":"https:\/\/highfit.es\/en\/wp-json\/wp\/v2\/media?parent=8760"}],"wp:term":[{"taxonomy":"product_brand","embeddable":true,"href":"https:\/\/highfit.es\/en\/wp-json\/wp\/v2\/product_brand?post=8760"},{"taxonomy":"product_cat","embeddable":true,"href":"https:\/\/highfit.es\/en\/wp-json\/wp\/v2\/product_cat?post=8760"},{"taxonomy":"product_tag","embeddable":true,"href":"https:\/\/highfit.es\/en\/wp-json\/wp\/v2\/product_tag?post=8760"}],"curies":[{"name":"wp","href":"https:\/\/api.w.org\/{rel}","templated":true}]}}