{"id":8753,"date":"2024-10-30T13:36:23","date_gmt":"2024-10-30T11:36:23","guid":{"rendered":"https:\/\/highfit.es\/producto\/olimp-bcaa-xplode-powder\/"},"modified":"2024-11-12T13:19:07","modified_gmt":"2024-11-12T11:19:07","slug":"olimp-bcaa-xplode-powder","status":"publish","type":"product","link":"https:\/\/highfit.es\/en\/producto\/olimp-bcaa-xplode-powder\/","title":{"rendered":"OLIMP BCAA Xplode powder"},"excerpt":{"rendered":"<p>BCAA complex and L-glutamine in one serving? Now it&#8217;s possible thanks to BCAA Xplode Powder! The dietary supplement created by the specialists of the pharmaceutical company Olimp Laboratories makes it easier to supplement the diet of every athlete with the branched-chain amino acids BCAA (L-leucine, L-valine, L-isoleucine) that have been additionally enriched with L-glutamine and vitamin B6.<\/p>\n<p>The lack of sugar and the presence of protein in each serving allows the product, which contains proteins that contribute to the increase and preservation of muscle mass, to be used as a supplement to a balanced diet when working on a muscular silhouette, as well as during weight loss. The vitamin B6 present in the composition contributes to the normal metabolism of the mentioned proteins. In addition, this component contributes to normal energy metabolism and normal psychological function, as well as helps to reduce tiredness and fatigue.<\/p>\n<p>However, these are not all the benefits of the amino acid supplement from the Olimp Sport Nutrition brand. The excellent solubility and perfect assimilation of the ingredients used in BCAA Xplode Powder allow you to easily and quickly supply a solid portion of BCAA amino acids every day! The product comes in seven sensational flavours (lemon, cola, pineapple, orange, strawberry, fruit punch and peach iced tea). Choose your favourite and enjoy the refreshing taste of BCAA amino acids from the popular Xplode series created for amateurs and sports professionals who belong to the elite group of the Olimp Team!<\/p>\n","protected":false},"featured_media":8588,"comment_status":"open","ping_status":"closed","template":"","meta":[],"product_brand":[],"product_cat":[116],"product_tag":[],"class_list":{"0":"post-8753","1":"product","2":"type-product","3":"status-publish","4":"has-post-thumbnail","6":"product_cat-aminoacidos-en","7":"pa_marca-olimp-en","8":"pa_sabor-naranja-en","9":"pa_sabor-pina-en","11":"first","12":"instock","13":"taxable","14":"shipping-taxable","15":"purchasable","16":"product-type-variable"},"yoast_head":"<!-- This site is optimized with the Yoast SEO plugin v27.3 - https:\/\/yoast.com\/product\/yoast-seo-wordpress\/ -->\n<title>OLIMP BCAA Xplode powder - Nutrici\u00f3n Deportiva y Suplementaci\u00f3n - HighFit<\/title>\n<meta name=\"robots\" content=\"index, follow, max-snippet:-1, max-image-preview:large, max-video-preview:-1\" \/>\n<link rel=\"canonical\" href=\"https:\/\/highfit.es\/en\/producto\/olimp-bcaa-xplode-powder\/\" \/>\n<meta property=\"og:locale\" content=\"en_US\" \/>\n<meta property=\"og:type\" content=\"article\" \/>\n<meta property=\"og:title\" content=\"OLIMP BCAA Xplode powder - Nutrici\u00f3n Deportiva y Suplementaci\u00f3n - HighFit\" \/>\n<meta property=\"og:description\" content=\"BCAA complex and L-glutamine in one serving? Now it&#039;s possible thanks to BCAA Xplode Powder! The dietary supplement created by the specialists of the pharmaceutical company Olimp Laboratories makes it easier to supplement the diet of every athlete with the branched-chain amino acids BCAA (L-leucine, L-valine, L-isoleucine) that have been additionally enriched with L-glutamine and vitamin B6. The lack of sugar and the presence of protein in each serving allows the product, which contains proteins that contribute to the increase and preservation of muscle mass, to be used as a supplement to a balanced diet when working on a muscular silhouette, as well as during weight loss. The vitamin B6 present in the composition contributes to the normal metabolism of the mentioned proteins. In addition, this component contributes to normal energy metabolism and normal psychological function, as well as helps to reduce tiredness and fatigue. However, these are not all the benefits of the amino acid supplement from the Olimp Sport Nutrition brand. The excellent solubility and perfect assimilation of the ingredients used in BCAA Xplode Powder allow you to easily and quickly supply a solid portion of BCAA amino acids every day! The product comes in seven sensational flavours (lemon, cola, pineapple, orange, strawberry, fruit punch and peach iced tea). Choose your favourite and enjoy the refreshing taste of BCAA amino acids from the popular Xplode series created for amateurs and sports professionals who belong to the elite group of the Olimp Team!\" \/>\n<meta property=\"og:url\" content=\"https:\/\/highfit.es\/en\/producto\/olimp-bcaa-xplode-powder\/\" \/>\n<meta property=\"og:site_name\" content=\"Nutrici\u00f3n Deportiva y Suplementaci\u00f3n - HighFit\" \/>\n<meta property=\"article:modified_time\" content=\"2024-11-12T11:19:07+00:00\" \/>\n<meta property=\"og:image\" content=\"https:\/\/highfit.es\/wp-content\/uploads\/2024\/10\/bcaa-xplode-powder.jpg\" \/>\n\t<meta property=\"og:image:width\" content=\"800\" \/>\n\t<meta property=\"og:image:height\" content=\"800\" \/>\n\t<meta property=\"og:image:type\" content=\"image\/jpeg\" \/>\n<meta name=\"twitter:card\" content=\"summary_large_image\" \/>\n<meta name=\"twitter:label1\" content=\"Est. reading time\" \/>\n\t<meta name=\"twitter:data1\" content=\"1 minute\" \/>\n<script type=\"application\/ld+json\" class=\"yoast-schema-graph\">{\"@context\":\"https:\\\/\\\/schema.org\",\"@graph\":[{\"@type\":\"WebPage\",\"@id\":\"https:\\\/\\\/highfit.es\\\/en\\\/producto\\\/olimp-bcaa-xplode-powder\\\/\",\"url\":\"https:\\\/\\\/highfit.es\\\/en\\\/producto\\\/olimp-bcaa-xplode-powder\\\/\",\"name\":\"OLIMP BCAA Xplode powder - Nutrici\u00f3n Deportiva y Suplementaci\u00f3n - HighFit\",\"isPartOf\":{\"@id\":\"https:\\\/\\\/highfit.es\\\/#website\"},\"primaryImageOfPage\":{\"@id\":\"https:\\\/\\\/highfit.es\\\/en\\\/producto\\\/olimp-bcaa-xplode-powder\\\/#primaryimage\"},\"image\":{\"@id\":\"https:\\\/\\\/highfit.es\\\/en\\\/producto\\\/olimp-bcaa-xplode-powder\\\/#primaryimage\"},\"thumbnailUrl\":\"https:\\\/\\\/highfit.es\\\/wp-content\\\/uploads\\\/2024\\\/10\\\/bcaa-xplode-powder.jpg\",\"datePublished\":\"2024-10-30T11:36:23+00:00\",\"dateModified\":\"2024-11-12T11:19:07+00:00\",\"breadcrumb\":{\"@id\":\"https:\\\/\\\/highfit.es\\\/en\\\/producto\\\/olimp-bcaa-xplode-powder\\\/#breadcrumb\"},\"inLanguage\":\"en-US\",\"potentialAction\":[{\"@type\":\"ReadAction\",\"target\":[\"https:\\\/\\\/highfit.es\\\/en\\\/producto\\\/olimp-bcaa-xplode-powder\\\/\"]}]},{\"@type\":\"ImageObject\",\"inLanguage\":\"en-US\",\"@id\":\"https:\\\/\\\/highfit.es\\\/en\\\/producto\\\/olimp-bcaa-xplode-powder\\\/#primaryimage\",\"url\":\"https:\\\/\\\/highfit.es\\\/wp-content\\\/uploads\\\/2024\\\/10\\\/bcaa-xplode-powder.jpg\",\"contentUrl\":\"https:\\\/\\\/highfit.es\\\/wp-content\\\/uploads\\\/2024\\\/10\\\/bcaa-xplode-powder.jpg\",\"width\":800,\"height\":800},{\"@type\":\"BreadcrumbList\",\"@id\":\"https:\\\/\\\/highfit.es\\\/en\\\/producto\\\/olimp-bcaa-xplode-powder\\\/#breadcrumb\",\"itemListElement\":[{\"@type\":\"ListItem\",\"position\":1,\"name\":\"Portada\",\"item\":\"https:\\\/\\\/highfit.es\\\/\"},{\"@type\":\"ListItem\",\"position\":2,\"name\":\"Productos\",\"item\":\"https:\\\/\\\/highfit.es\\\/shop\\\/\"},{\"@type\":\"ListItem\",\"position\":3,\"name\":\"OLIMP BCAA Xplode powder\"}]},{\"@type\":\"WebSite\",\"@id\":\"https:\\\/\\\/highfit.es\\\/#website\",\"url\":\"https:\\\/\\\/highfit.es\\\/\",\"name\":\"Nutrici\u00f3n Deportiva y Suplementaci\u00f3n - HighFit\",\"description\":\"\u00daltima generaci\u00f3n en productos de nutrici\u00f3n deportiva. Marcas estrella en suplementaci\u00f3n con los m\u00e1s altos est\u00e1ndares de calidad\",\"potentialAction\":[{\"@type\":\"SearchAction\",\"target\":{\"@type\":\"EntryPoint\",\"urlTemplate\":\"https:\\\/\\\/highfit.es\\\/?s={search_term_string}\"},\"query-input\":{\"@type\":\"PropertyValueSpecification\",\"valueRequired\":true,\"valueName\":\"search_term_string\"}}],\"inLanguage\":\"en-US\"}]}<\/script>\n<!-- \/ Yoast SEO plugin. -->","yoast_head_json":{"title":"OLIMP BCAA Xplode powder - Nutrici\u00f3n Deportiva y Suplementaci\u00f3n - HighFit","robots":{"index":"index","follow":"follow","max-snippet":"max-snippet:-1","max-image-preview":"max-image-preview:large","max-video-preview":"max-video-preview:-1"},"canonical":"https:\/\/highfit.es\/en\/producto\/olimp-bcaa-xplode-powder\/","og_locale":"en_US","og_type":"article","og_title":"OLIMP BCAA Xplode powder - Nutrici\u00f3n Deportiva y Suplementaci\u00f3n - HighFit","og_description":"BCAA complex and L-glutamine in one serving? Now it's possible thanks to BCAA Xplode Powder! The dietary supplement created by the specialists of the pharmaceutical company Olimp Laboratories makes it easier to supplement the diet of every athlete with the branched-chain amino acids BCAA (L-leucine, L-valine, L-isoleucine) that have been additionally enriched with L-glutamine and vitamin B6. The lack of sugar and the presence of protein in each serving allows the product, which contains proteins that contribute to the increase and preservation of muscle mass, to be used as a supplement to a balanced diet when working on a muscular silhouette, as well as during weight loss. The vitamin B6 present in the composition contributes to the normal metabolism of the mentioned proteins. In addition, this component contributes to normal energy metabolism and normal psychological function, as well as helps to reduce tiredness and fatigue. However, these are not all the benefits of the amino acid supplement from the Olimp Sport Nutrition brand. The excellent solubility and perfect assimilation of the ingredients used in BCAA Xplode Powder allow you to easily and quickly supply a solid portion of BCAA amino acids every day! The product comes in seven sensational flavours (lemon, cola, pineapple, orange, strawberry, fruit punch and peach iced tea). Choose your favourite and enjoy the refreshing taste of BCAA amino acids from the popular Xplode series created for amateurs and sports professionals who belong to the elite group of the Olimp Team!","og_url":"https:\/\/highfit.es\/en\/producto\/olimp-bcaa-xplode-powder\/","og_site_name":"Nutrici\u00f3n Deportiva y Suplementaci\u00f3n - HighFit","article_modified_time":"2024-11-12T11:19:07+00:00","og_image":[{"width":800,"height":800,"url":"https:\/\/highfit.es\/wp-content\/uploads\/2024\/10\/bcaa-xplode-powder.jpg","type":"image\/jpeg"}],"twitter_card":"summary_large_image","twitter_misc":{"Est. reading time":"1 minute"},"schema":{"@context":"https:\/\/schema.org","@graph":[{"@type":"WebPage","@id":"https:\/\/highfit.es\/en\/producto\/olimp-bcaa-xplode-powder\/","url":"https:\/\/highfit.es\/en\/producto\/olimp-bcaa-xplode-powder\/","name":"OLIMP BCAA Xplode powder - Nutrici\u00f3n Deportiva y Suplementaci\u00f3n - HighFit","isPartOf":{"@id":"https:\/\/highfit.es\/#website"},"primaryImageOfPage":{"@id":"https:\/\/highfit.es\/en\/producto\/olimp-bcaa-xplode-powder\/#primaryimage"},"image":{"@id":"https:\/\/highfit.es\/en\/producto\/olimp-bcaa-xplode-powder\/#primaryimage"},"thumbnailUrl":"https:\/\/highfit.es\/wp-content\/uploads\/2024\/10\/bcaa-xplode-powder.jpg","datePublished":"2024-10-30T11:36:23+00:00","dateModified":"2024-11-12T11:19:07+00:00","breadcrumb":{"@id":"https:\/\/highfit.es\/en\/producto\/olimp-bcaa-xplode-powder\/#breadcrumb"},"inLanguage":"en-US","potentialAction":[{"@type":"ReadAction","target":["https:\/\/highfit.es\/en\/producto\/olimp-bcaa-xplode-powder\/"]}]},{"@type":"ImageObject","inLanguage":"en-US","@id":"https:\/\/highfit.es\/en\/producto\/olimp-bcaa-xplode-powder\/#primaryimage","url":"https:\/\/highfit.es\/wp-content\/uploads\/2024\/10\/bcaa-xplode-powder.jpg","contentUrl":"https:\/\/highfit.es\/wp-content\/uploads\/2024\/10\/bcaa-xplode-powder.jpg","width":800,"height":800},{"@type":"BreadcrumbList","@id":"https:\/\/highfit.es\/en\/producto\/olimp-bcaa-xplode-powder\/#breadcrumb","itemListElement":[{"@type":"ListItem","position":1,"name":"Portada","item":"https:\/\/highfit.es\/"},{"@type":"ListItem","position":2,"name":"Productos","item":"https:\/\/highfit.es\/shop\/"},{"@type":"ListItem","position":3,"name":"OLIMP BCAA Xplode powder"}]},{"@type":"WebSite","@id":"https:\/\/highfit.es\/#website","url":"https:\/\/highfit.es\/","name":"Nutrici\u00f3n Deportiva y Suplementaci\u00f3n - HighFit","description":"\u00daltima generaci\u00f3n en productos de nutrici\u00f3n deportiva. Marcas estrella en suplementaci\u00f3n con los m\u00e1s altos est\u00e1ndares de calidad","potentialAction":[{"@type":"SearchAction","target":{"@type":"EntryPoint","urlTemplate":"https:\/\/highfit.es\/?s={search_term_string}"},"query-input":{"@type":"PropertyValueSpecification","valueRequired":true,"valueName":"search_term_string"}}],"inLanguage":"en-US"}]}},"_links":{"self":[{"href":"https:\/\/highfit.es\/en\/wp-json\/wp\/v2\/product\/8753","targetHints":{"allow":["GET"]}}],"collection":[{"href":"https:\/\/highfit.es\/en\/wp-json\/wp\/v2\/product"}],"about":[{"href":"https:\/\/highfit.es\/en\/wp-json\/wp\/v2\/types\/product"}],"replies":[{"embeddable":true,"href":"https:\/\/highfit.es\/en\/wp-json\/wp\/v2\/comments?post=8753"}],"wp:featuredmedia":[{"embeddable":true,"href":"https:\/\/highfit.es\/en\/wp-json\/wp\/v2\/media\/8588"}],"wp:attachment":[{"href":"https:\/\/highfit.es\/en\/wp-json\/wp\/v2\/media?parent=8753"}],"wp:term":[{"taxonomy":"product_brand","embeddable":true,"href":"https:\/\/highfit.es\/en\/wp-json\/wp\/v2\/product_brand?post=8753"},{"taxonomy":"product_cat","embeddable":true,"href":"https:\/\/highfit.es\/en\/wp-json\/wp\/v2\/product_cat?post=8753"},{"taxonomy":"product_tag","embeddable":true,"href":"https:\/\/highfit.es\/en\/wp-json\/wp\/v2\/product_tag?post=8753"}],"curies":[{"name":"wp","href":"https:\/\/api.w.org\/{rel}","templated":true}]}}