{"id":8751,"date":"2024-10-30T13:47:23","date_gmt":"2024-10-30T11:47:23","guid":{"rendered":"https:\/\/highfit.es\/producto\/olimp-glutamine-xplode-powder\/"},"modified":"2024-10-30T13:47:23","modified_gmt":"2024-10-30T11:47:23","slug":"olimp-glutamine-xplode-powder","status":"publish","type":"product","link":"https:\/\/highfit.es\/en\/producto\/olimp-glutamine-xplode-powder\/","title":{"rendered":"Olimp Glutamine Xplode Powder"},"excerpt":{"rendered":"<p>It&#8217;s time for you to discover how GLUTAMINE XPLODE works, enriched with the innovative VIT-A-MIN SuperCharge.<\/p>\n<p>Once again we decided to address the needs of our customers (raising the bar for both ourselves and the supplementation industry) and launch a truly innovative product composed in a way that guarantees maximum reduction of damaged muscles after a workout and rapid and effective stimulation of their regeneration. <\/p>\n<p>Based on the latest scientific data on physiology, biochemistry of metabolic processes and supplementation, as well as on the vast knowledge of our scientists and their enormous experience in this matter, we can say that it is not the quantity, but the properly selected ingredients that are decisive for the quality and efficiency of the product. <\/p>\n","protected":false},"featured_media":8593,"comment_status":"open","ping_status":"closed","template":"","meta":[],"product_brand":[],"product_cat":[116],"product_tag":[],"class_list":{"0":"post-8751","1":"product","2":"type-product","3":"status-publish","4":"has-post-thumbnail","6":"product_cat-aminoacidos-en","7":"pa_marca-olimp-en","8":"pa_sabor-limon-en","10":"first","11":"instock","12":"sale","13":"taxable","14":"shipping-taxable","15":"purchasable","16":"product-type-variable"},"yoast_head":"<!-- This site is optimized with the Yoast SEO plugin v27.3 - https:\/\/yoast.com\/product\/yoast-seo-wordpress\/ -->\n<title>Olimp Glutamine Xplode Powder - Nutrici\u00f3n Deportiva y Suplementaci\u00f3n - HighFit<\/title>\n<meta name=\"robots\" content=\"index, follow, max-snippet:-1, max-image-preview:large, max-video-preview:-1\" \/>\n<link rel=\"canonical\" href=\"https:\/\/highfit.es\/en\/producto\/olimp-glutamine-xplode-powder\/\" \/>\n<meta property=\"og:locale\" content=\"en_US\" \/>\n<meta property=\"og:type\" content=\"article\" \/>\n<meta property=\"og:title\" content=\"Olimp Glutamine Xplode Powder - Nutrici\u00f3n Deportiva y Suplementaci\u00f3n - HighFit\" \/>\n<meta property=\"og:description\" content=\"It&#039;s time for you to discover how GLUTAMINE XPLODE works, enriched with the innovative VIT-A-MIN SuperCharge. Once again we decided to address the needs of our customers (raising the bar for both ourselves and the supplementation industry) and launch a truly innovative product composed in a way that guarantees maximum reduction of damaged muscles after a workout and rapid and effective stimulation of their regeneration.  Based on the latest scientific data on physiology, biochemistry of metabolic processes and supplementation, as well as on the vast knowledge of our scientists and their enormous experience in this matter, we can say that it is not the quantity, but the properly selected ingredients that are decisive for the quality and efficiency of the product.\" \/>\n<meta property=\"og:url\" content=\"https:\/\/highfit.es\/en\/producto\/olimp-glutamine-xplode-powder\/\" \/>\n<meta property=\"og:site_name\" content=\"Nutrici\u00f3n Deportiva y Suplementaci\u00f3n - HighFit\" \/>\n<meta property=\"og:image\" content=\"https:\/\/highfit.es\/wp-content\/uploads\/2024\/10\/glutamine-xplode-powder.jpg\" \/>\n\t<meta property=\"og:image:width\" content=\"800\" \/>\n\t<meta property=\"og:image:height\" content=\"800\" \/>\n\t<meta property=\"og:image:type\" content=\"image\/jpeg\" \/>\n<meta name=\"twitter:card\" content=\"summary_large_image\" \/>\n<script type=\"application\/ld+json\" class=\"yoast-schema-graph\">{\"@context\":\"https:\\\/\\\/schema.org\",\"@graph\":[{\"@type\":\"WebPage\",\"@id\":\"https:\\\/\\\/highfit.es\\\/en\\\/producto\\\/olimp-glutamine-xplode-powder\\\/\",\"url\":\"https:\\\/\\\/highfit.es\\\/en\\\/producto\\\/olimp-glutamine-xplode-powder\\\/\",\"name\":\"Olimp Glutamine Xplode Powder - Nutrici\u00f3n Deportiva y Suplementaci\u00f3n - HighFit\",\"isPartOf\":{\"@id\":\"https:\\\/\\\/highfit.es\\\/#website\"},\"primaryImageOfPage\":{\"@id\":\"https:\\\/\\\/highfit.es\\\/en\\\/producto\\\/olimp-glutamine-xplode-powder\\\/#primaryimage\"},\"image\":{\"@id\":\"https:\\\/\\\/highfit.es\\\/en\\\/producto\\\/olimp-glutamine-xplode-powder\\\/#primaryimage\"},\"thumbnailUrl\":\"https:\\\/\\\/highfit.es\\\/wp-content\\\/uploads\\\/2024\\\/10\\\/glutamine-xplode-powder.jpg\",\"datePublished\":\"2024-10-30T11:47:23+00:00\",\"breadcrumb\":{\"@id\":\"https:\\\/\\\/highfit.es\\\/en\\\/producto\\\/olimp-glutamine-xplode-powder\\\/#breadcrumb\"},\"inLanguage\":\"en-US\",\"potentialAction\":[{\"@type\":\"ReadAction\",\"target\":[\"https:\\\/\\\/highfit.es\\\/en\\\/producto\\\/olimp-glutamine-xplode-powder\\\/\"]}]},{\"@type\":\"ImageObject\",\"inLanguage\":\"en-US\",\"@id\":\"https:\\\/\\\/highfit.es\\\/en\\\/producto\\\/olimp-glutamine-xplode-powder\\\/#primaryimage\",\"url\":\"https:\\\/\\\/highfit.es\\\/wp-content\\\/uploads\\\/2024\\\/10\\\/glutamine-xplode-powder.jpg\",\"contentUrl\":\"https:\\\/\\\/highfit.es\\\/wp-content\\\/uploads\\\/2024\\\/10\\\/glutamine-xplode-powder.jpg\",\"width\":800,\"height\":800},{\"@type\":\"BreadcrumbList\",\"@id\":\"https:\\\/\\\/highfit.es\\\/en\\\/producto\\\/olimp-glutamine-xplode-powder\\\/#breadcrumb\",\"itemListElement\":[{\"@type\":\"ListItem\",\"position\":1,\"name\":\"Portada\",\"item\":\"https:\\\/\\\/highfit.es\\\/\"},{\"@type\":\"ListItem\",\"position\":2,\"name\":\"Productos\",\"item\":\"https:\\\/\\\/highfit.es\\\/shop\\\/\"},{\"@type\":\"ListItem\",\"position\":3,\"name\":\"Olimp Glutamine Xplode Powder\"}]},{\"@type\":\"WebSite\",\"@id\":\"https:\\\/\\\/highfit.es\\\/#website\",\"url\":\"https:\\\/\\\/highfit.es\\\/\",\"name\":\"Nutrici\u00f3n Deportiva y Suplementaci\u00f3n - HighFit\",\"description\":\"\u00daltima generaci\u00f3n en productos de nutrici\u00f3n deportiva. Marcas estrella en suplementaci\u00f3n con los m\u00e1s altos est\u00e1ndares de calidad\",\"potentialAction\":[{\"@type\":\"SearchAction\",\"target\":{\"@type\":\"EntryPoint\",\"urlTemplate\":\"https:\\\/\\\/highfit.es\\\/?s={search_term_string}\"},\"query-input\":{\"@type\":\"PropertyValueSpecification\",\"valueRequired\":true,\"valueName\":\"search_term_string\"}}],\"inLanguage\":\"en-US\"}]}<\/script>\n<!-- \/ Yoast SEO plugin. -->","yoast_head_json":{"title":"Olimp Glutamine Xplode Powder - Nutrici\u00f3n Deportiva y Suplementaci\u00f3n - HighFit","robots":{"index":"index","follow":"follow","max-snippet":"max-snippet:-1","max-image-preview":"max-image-preview:large","max-video-preview":"max-video-preview:-1"},"canonical":"https:\/\/highfit.es\/en\/producto\/olimp-glutamine-xplode-powder\/","og_locale":"en_US","og_type":"article","og_title":"Olimp Glutamine Xplode Powder - Nutrici\u00f3n Deportiva y Suplementaci\u00f3n - HighFit","og_description":"It's time for you to discover how GLUTAMINE XPLODE works, enriched with the innovative VIT-A-MIN SuperCharge. Once again we decided to address the needs of our customers (raising the bar for both ourselves and the supplementation industry) and launch a truly innovative product composed in a way that guarantees maximum reduction of damaged muscles after a workout and rapid and effective stimulation of their regeneration.  Based on the latest scientific data on physiology, biochemistry of metabolic processes and supplementation, as well as on the vast knowledge of our scientists and their enormous experience in this matter, we can say that it is not the quantity, but the properly selected ingredients that are decisive for the quality and efficiency of the product.","og_url":"https:\/\/highfit.es\/en\/producto\/olimp-glutamine-xplode-powder\/","og_site_name":"Nutrici\u00f3n Deportiva y Suplementaci\u00f3n - HighFit","og_image":[{"width":800,"height":800,"url":"https:\/\/highfit.es\/wp-content\/uploads\/2024\/10\/glutamine-xplode-powder.jpg","type":"image\/jpeg"}],"twitter_card":"summary_large_image","schema":{"@context":"https:\/\/schema.org","@graph":[{"@type":"WebPage","@id":"https:\/\/highfit.es\/en\/producto\/olimp-glutamine-xplode-powder\/","url":"https:\/\/highfit.es\/en\/producto\/olimp-glutamine-xplode-powder\/","name":"Olimp Glutamine Xplode Powder - Nutrici\u00f3n Deportiva y Suplementaci\u00f3n - HighFit","isPartOf":{"@id":"https:\/\/highfit.es\/#website"},"primaryImageOfPage":{"@id":"https:\/\/highfit.es\/en\/producto\/olimp-glutamine-xplode-powder\/#primaryimage"},"image":{"@id":"https:\/\/highfit.es\/en\/producto\/olimp-glutamine-xplode-powder\/#primaryimage"},"thumbnailUrl":"https:\/\/highfit.es\/wp-content\/uploads\/2024\/10\/glutamine-xplode-powder.jpg","datePublished":"2024-10-30T11:47:23+00:00","breadcrumb":{"@id":"https:\/\/highfit.es\/en\/producto\/olimp-glutamine-xplode-powder\/#breadcrumb"},"inLanguage":"en-US","potentialAction":[{"@type":"ReadAction","target":["https:\/\/highfit.es\/en\/producto\/olimp-glutamine-xplode-powder\/"]}]},{"@type":"ImageObject","inLanguage":"en-US","@id":"https:\/\/highfit.es\/en\/producto\/olimp-glutamine-xplode-powder\/#primaryimage","url":"https:\/\/highfit.es\/wp-content\/uploads\/2024\/10\/glutamine-xplode-powder.jpg","contentUrl":"https:\/\/highfit.es\/wp-content\/uploads\/2024\/10\/glutamine-xplode-powder.jpg","width":800,"height":800},{"@type":"BreadcrumbList","@id":"https:\/\/highfit.es\/en\/producto\/olimp-glutamine-xplode-powder\/#breadcrumb","itemListElement":[{"@type":"ListItem","position":1,"name":"Portada","item":"https:\/\/highfit.es\/"},{"@type":"ListItem","position":2,"name":"Productos","item":"https:\/\/highfit.es\/shop\/"},{"@type":"ListItem","position":3,"name":"Olimp Glutamine Xplode Powder"}]},{"@type":"WebSite","@id":"https:\/\/highfit.es\/#website","url":"https:\/\/highfit.es\/","name":"Nutrici\u00f3n Deportiva y Suplementaci\u00f3n - HighFit","description":"\u00daltima generaci\u00f3n en productos de nutrici\u00f3n deportiva. Marcas estrella en suplementaci\u00f3n con los m\u00e1s altos est\u00e1ndares de calidad","potentialAction":[{"@type":"SearchAction","target":{"@type":"EntryPoint","urlTemplate":"https:\/\/highfit.es\/?s={search_term_string}"},"query-input":{"@type":"PropertyValueSpecification","valueRequired":true,"valueName":"search_term_string"}}],"inLanguage":"en-US"}]}},"_links":{"self":[{"href":"https:\/\/highfit.es\/en\/wp-json\/wp\/v2\/product\/8751","targetHints":{"allow":["GET"]}}],"collection":[{"href":"https:\/\/highfit.es\/en\/wp-json\/wp\/v2\/product"}],"about":[{"href":"https:\/\/highfit.es\/en\/wp-json\/wp\/v2\/types\/product"}],"replies":[{"embeddable":true,"href":"https:\/\/highfit.es\/en\/wp-json\/wp\/v2\/comments?post=8751"}],"wp:featuredmedia":[{"embeddable":true,"href":"https:\/\/highfit.es\/en\/wp-json\/wp\/v2\/media\/8593"}],"wp:attachment":[{"href":"https:\/\/highfit.es\/en\/wp-json\/wp\/v2\/media?parent=8751"}],"wp:term":[{"taxonomy":"product_brand","embeddable":true,"href":"https:\/\/highfit.es\/en\/wp-json\/wp\/v2\/product_brand?post=8751"},{"taxonomy":"product_cat","embeddable":true,"href":"https:\/\/highfit.es\/en\/wp-json\/wp\/v2\/product_cat?post=8751"},{"taxonomy":"product_tag","embeddable":true,"href":"https:\/\/highfit.es\/en\/wp-json\/wp\/v2\/product_tag?post=8751"}],"curies":[{"name":"wp","href":"https:\/\/api.w.org\/{rel}","templated":true}]}}