{"id":8747,"date":"2024-10-30T14:15:47","date_gmt":"2024-10-30T12:15:47","guid":{"rendered":"https:\/\/highfit.es\/producto\/olimp-l-carnitine-1500-extreme-mega-caps\/"},"modified":"2024-10-30T14:15:47","modified_gmt":"2024-10-30T12:15:47","slug":"olimp-l-carnitine-1500-extreme-mega-caps","status":"publish","type":"product","link":"https:\/\/highfit.es\/en\/producto\/olimp-l-carnitine-1500-extreme-mega-caps\/","title":{"rendered":"Olimp L-Carnitine 1500 Extreme Mega Caps"},"excerpt":{"rendered":"<p>A MEGA DOSE of 1500 mg of L-CARNITINE in every 3 g!<\/p>\n<p>PERFECTLY ASSIMILABLE!<\/p>\n<p>SUPER FAST ACTION!<\/p>\n<p>L-CARNITINE XPLODE POWDER supplements your diet with L-carnitine enriched with magnesium and vitamin B6. All this in a perfectly soluble form and with an incredible taste!<\/p>\n<p>How does L-CARNITINE work?<\/p>\n<p>L-Carnitine is the key element of the last stage of the fat breakdown process. It transports free fatty acids where they are finally oxidized (mitochondria) and where the energy stored in them is released \u2013 which substantially increases the body&#8217;s ability to exercise.<\/p>\n<p>The effective oxidation of free fatty acids ensures that they are not stored again as triglycerides, thereby increasing the volume of adipose tissue.<\/p>\n<p>In addition, researchers have found that magnesium helps in:<\/p>\n<p>The proper functioning of muscles, the nervous system, maintaining proper psychological functions, reducing the feeling of tiredness and fatigue, maintaining healthy bones and teeth and maintaining electrolyte balance. It is also involved in proper energy metabolism and in helping in protein synthesis.<\/p>\n<p>The vitamin B6 contained in L-CARNITINE XPLODE POWDER is also important as it is the component of many enzymes that participate in metabolic conversions, as well as its direct participation in the metabolism of carbohydrates (the creation and breakdown of muscle glycogen) and fats, in addition to increasing energy production. Vitamin B6 is essential for the production of hemoglobin and, as it participates in the creation of antibodies, it strengthens the immune system.<\/p>\n","protected":false},"featured_media":8607,"comment_status":"open","ping_status":"closed","template":"","meta":[],"product_brand":[],"product_cat":[114,106,278],"product_tag":[],"class_list":{"0":"post-8747","1":"product","2":"type-product","3":"status-publish","4":"has-post-thumbnail","6":"product_cat-quemadores-en","7":"product_cat-energia-en","8":"product_cat-olimp-en","9":"pa_marca-olimp-en","11":"first","12":"instock","13":"taxable","14":"shipping-taxable","15":"purchasable","16":"product-type-simple"},"yoast_head":"<!-- This site is optimized with the Yoast SEO plugin v27.3 - https:\/\/yoast.com\/product\/yoast-seo-wordpress\/ -->\n<title>Olimp L-Carnitine 1500 Extreme Mega Caps - Nutrici\u00f3n Deportiva y Suplementaci\u00f3n - HighFit<\/title>\n<meta name=\"robots\" content=\"index, follow, max-snippet:-1, max-image-preview:large, max-video-preview:-1\" \/>\n<link rel=\"canonical\" href=\"https:\/\/highfit.es\/en\/producto\/olimp-l-carnitine-1500-extreme-mega-caps\/\" \/>\n<meta property=\"og:locale\" content=\"en_US\" \/>\n<meta property=\"og:type\" content=\"article\" \/>\n<meta property=\"og:title\" content=\"Olimp L-Carnitine 1500 Extreme Mega Caps - Nutrici\u00f3n Deportiva y Suplementaci\u00f3n - HighFit\" \/>\n<meta property=\"og:description\" content=\"A MEGA DOSE of 1500 mg of L-CARNITINE in every 3 g! PERFECTLY ASSIMILABLE! SUPER FAST ACTION! L-CARNITINE XPLODE POWDER supplements your diet with L-carnitine enriched with magnesium and vitamin B6. All this in a perfectly soluble form and with an incredible taste! How does L-CARNITINE work? L-Carnitine is the key element of the last stage of the fat breakdown process. It transports free fatty acids where they are finally oxidized (mitochondria) and where the energy stored in them is released \u2013 which substantially increases the body&#039;s ability to exercise. The effective oxidation of free fatty acids ensures that they are not stored again as triglycerides, thereby increasing the volume of adipose tissue. In addition, researchers have found that magnesium helps in: The proper functioning of muscles, the nervous system, maintaining proper psychological functions, reducing the feeling of tiredness and fatigue, maintaining healthy bones and teeth and maintaining electrolyte balance. It is also involved in proper energy metabolism and in helping in protein synthesis. The vitamin B6 contained in L-CARNITINE XPLODE POWDER is also important as it is the component of many enzymes that participate in metabolic conversions, as well as its direct participation in the metabolism of carbohydrates (the creation and breakdown of muscle glycogen) and fats, in addition to increasing energy production. Vitamin B6 is essential for the production of hemoglobin and, as it participates in the creation of antibodies, it strengthens the immune system.\" \/>\n<meta property=\"og:url\" content=\"https:\/\/highfit.es\/en\/producto\/olimp-l-carnitine-1500-extreme-mega-caps\/\" \/>\n<meta property=\"og:site_name\" content=\"Nutrici\u00f3n Deportiva y Suplementaci\u00f3n - HighFit\" \/>\n<meta property=\"og:image\" content=\"https:\/\/highfit.es\/wp-content\/uploads\/2024\/10\/l-carnitina-1500-megacaps.jpg\" \/>\n\t<meta property=\"og:image:width\" content=\"800\" \/>\n\t<meta property=\"og:image:height\" content=\"800\" \/>\n\t<meta property=\"og:image:type\" content=\"image\/jpeg\" \/>\n<meta name=\"twitter:card\" content=\"summary_large_image\" \/>\n<script type=\"application\/ld+json\" class=\"yoast-schema-graph\">{\"@context\":\"https:\\\/\\\/schema.org\",\"@graph\":[{\"@type\":\"WebPage\",\"@id\":\"https:\\\/\\\/highfit.es\\\/en\\\/producto\\\/olimp-l-carnitine-1500-extreme-mega-caps\\\/\",\"url\":\"https:\\\/\\\/highfit.es\\\/en\\\/producto\\\/olimp-l-carnitine-1500-extreme-mega-caps\\\/\",\"name\":\"Olimp L-Carnitine 1500 Extreme Mega Caps - Nutrici\u00f3n Deportiva y Suplementaci\u00f3n - HighFit\",\"isPartOf\":{\"@id\":\"https:\\\/\\\/highfit.es\\\/#website\"},\"primaryImageOfPage\":{\"@id\":\"https:\\\/\\\/highfit.es\\\/en\\\/producto\\\/olimp-l-carnitine-1500-extreme-mega-caps\\\/#primaryimage\"},\"image\":{\"@id\":\"https:\\\/\\\/highfit.es\\\/en\\\/producto\\\/olimp-l-carnitine-1500-extreme-mega-caps\\\/#primaryimage\"},\"thumbnailUrl\":\"https:\\\/\\\/highfit.es\\\/wp-content\\\/uploads\\\/2024\\\/10\\\/l-carnitina-1500-megacaps.jpg\",\"datePublished\":\"2024-10-30T12:15:47+00:00\",\"breadcrumb\":{\"@id\":\"https:\\\/\\\/highfit.es\\\/en\\\/producto\\\/olimp-l-carnitine-1500-extreme-mega-caps\\\/#breadcrumb\"},\"inLanguage\":\"en-US\",\"potentialAction\":[{\"@type\":\"ReadAction\",\"target\":[\"https:\\\/\\\/highfit.es\\\/en\\\/producto\\\/olimp-l-carnitine-1500-extreme-mega-caps\\\/\"]}]},{\"@type\":\"ImageObject\",\"inLanguage\":\"en-US\",\"@id\":\"https:\\\/\\\/highfit.es\\\/en\\\/producto\\\/olimp-l-carnitine-1500-extreme-mega-caps\\\/#primaryimage\",\"url\":\"https:\\\/\\\/highfit.es\\\/wp-content\\\/uploads\\\/2024\\\/10\\\/l-carnitina-1500-megacaps.jpg\",\"contentUrl\":\"https:\\\/\\\/highfit.es\\\/wp-content\\\/uploads\\\/2024\\\/10\\\/l-carnitina-1500-megacaps.jpg\",\"width\":800,\"height\":800},{\"@type\":\"BreadcrumbList\",\"@id\":\"https:\\\/\\\/highfit.es\\\/en\\\/producto\\\/olimp-l-carnitine-1500-extreme-mega-caps\\\/#breadcrumb\",\"itemListElement\":[{\"@type\":\"ListItem\",\"position\":1,\"name\":\"Portada\",\"item\":\"https:\\\/\\\/highfit.es\\\/\"},{\"@type\":\"ListItem\",\"position\":2,\"name\":\"Productos\",\"item\":\"https:\\\/\\\/highfit.es\\\/shop\\\/\"},{\"@type\":\"ListItem\",\"position\":3,\"name\":\"Olimp L-Carnitine 1500 Extreme Mega Caps\"}]},{\"@type\":\"WebSite\",\"@id\":\"https:\\\/\\\/highfit.es\\\/#website\",\"url\":\"https:\\\/\\\/highfit.es\\\/\",\"name\":\"Nutrici\u00f3n Deportiva y Suplementaci\u00f3n - HighFit\",\"description\":\"\u00daltima generaci\u00f3n en productos de nutrici\u00f3n deportiva. Marcas estrella en suplementaci\u00f3n con los m\u00e1s altos est\u00e1ndares de calidad\",\"potentialAction\":[{\"@type\":\"SearchAction\",\"target\":{\"@type\":\"EntryPoint\",\"urlTemplate\":\"https:\\\/\\\/highfit.es\\\/?s={search_term_string}\"},\"query-input\":{\"@type\":\"PropertyValueSpecification\",\"valueRequired\":true,\"valueName\":\"search_term_string\"}}],\"inLanguage\":\"en-US\"}]}<\/script>\n<!-- \/ Yoast SEO plugin. -->","yoast_head_json":{"title":"Olimp L-Carnitine 1500 Extreme Mega Caps - Nutrici\u00f3n Deportiva y Suplementaci\u00f3n - HighFit","robots":{"index":"index","follow":"follow","max-snippet":"max-snippet:-1","max-image-preview":"max-image-preview:large","max-video-preview":"max-video-preview:-1"},"canonical":"https:\/\/highfit.es\/en\/producto\/olimp-l-carnitine-1500-extreme-mega-caps\/","og_locale":"en_US","og_type":"article","og_title":"Olimp L-Carnitine 1500 Extreme Mega Caps - Nutrici\u00f3n Deportiva y Suplementaci\u00f3n - HighFit","og_description":"A MEGA DOSE of 1500 mg of L-CARNITINE in every 3 g! PERFECTLY ASSIMILABLE! SUPER FAST ACTION! L-CARNITINE XPLODE POWDER supplements your diet with L-carnitine enriched with magnesium and vitamin B6. All this in a perfectly soluble form and with an incredible taste! How does L-CARNITINE work? L-Carnitine is the key element of the last stage of the fat breakdown process. It transports free fatty acids where they are finally oxidized (mitochondria) and where the energy stored in them is released \u2013 which substantially increases the body's ability to exercise. The effective oxidation of free fatty acids ensures that they are not stored again as triglycerides, thereby increasing the volume of adipose tissue. In addition, researchers have found that magnesium helps in: The proper functioning of muscles, the nervous system, maintaining proper psychological functions, reducing the feeling of tiredness and fatigue, maintaining healthy bones and teeth and maintaining electrolyte balance. It is also involved in proper energy metabolism and in helping in protein synthesis. The vitamin B6 contained in L-CARNITINE XPLODE POWDER is also important as it is the component of many enzymes that participate in metabolic conversions, as well as its direct participation in the metabolism of carbohydrates (the creation and breakdown of muscle glycogen) and fats, in addition to increasing energy production. Vitamin B6 is essential for the production of hemoglobin and, as it participates in the creation of antibodies, it strengthens the immune system.","og_url":"https:\/\/highfit.es\/en\/producto\/olimp-l-carnitine-1500-extreme-mega-caps\/","og_site_name":"Nutrici\u00f3n Deportiva y Suplementaci\u00f3n - HighFit","og_image":[{"width":800,"height":800,"url":"https:\/\/highfit.es\/wp-content\/uploads\/2024\/10\/l-carnitina-1500-megacaps.jpg","type":"image\/jpeg"}],"twitter_card":"summary_large_image","schema":{"@context":"https:\/\/schema.org","@graph":[{"@type":"WebPage","@id":"https:\/\/highfit.es\/en\/producto\/olimp-l-carnitine-1500-extreme-mega-caps\/","url":"https:\/\/highfit.es\/en\/producto\/olimp-l-carnitine-1500-extreme-mega-caps\/","name":"Olimp L-Carnitine 1500 Extreme Mega Caps - Nutrici\u00f3n Deportiva y Suplementaci\u00f3n - HighFit","isPartOf":{"@id":"https:\/\/highfit.es\/#website"},"primaryImageOfPage":{"@id":"https:\/\/highfit.es\/en\/producto\/olimp-l-carnitine-1500-extreme-mega-caps\/#primaryimage"},"image":{"@id":"https:\/\/highfit.es\/en\/producto\/olimp-l-carnitine-1500-extreme-mega-caps\/#primaryimage"},"thumbnailUrl":"https:\/\/highfit.es\/wp-content\/uploads\/2024\/10\/l-carnitina-1500-megacaps.jpg","datePublished":"2024-10-30T12:15:47+00:00","breadcrumb":{"@id":"https:\/\/highfit.es\/en\/producto\/olimp-l-carnitine-1500-extreme-mega-caps\/#breadcrumb"},"inLanguage":"en-US","potentialAction":[{"@type":"ReadAction","target":["https:\/\/highfit.es\/en\/producto\/olimp-l-carnitine-1500-extreme-mega-caps\/"]}]},{"@type":"ImageObject","inLanguage":"en-US","@id":"https:\/\/highfit.es\/en\/producto\/olimp-l-carnitine-1500-extreme-mega-caps\/#primaryimage","url":"https:\/\/highfit.es\/wp-content\/uploads\/2024\/10\/l-carnitina-1500-megacaps.jpg","contentUrl":"https:\/\/highfit.es\/wp-content\/uploads\/2024\/10\/l-carnitina-1500-megacaps.jpg","width":800,"height":800},{"@type":"BreadcrumbList","@id":"https:\/\/highfit.es\/en\/producto\/olimp-l-carnitine-1500-extreme-mega-caps\/#breadcrumb","itemListElement":[{"@type":"ListItem","position":1,"name":"Portada","item":"https:\/\/highfit.es\/"},{"@type":"ListItem","position":2,"name":"Productos","item":"https:\/\/highfit.es\/shop\/"},{"@type":"ListItem","position":3,"name":"Olimp L-Carnitine 1500 Extreme Mega Caps"}]},{"@type":"WebSite","@id":"https:\/\/highfit.es\/#website","url":"https:\/\/highfit.es\/","name":"Nutrici\u00f3n Deportiva y Suplementaci\u00f3n - HighFit","description":"\u00daltima generaci\u00f3n en productos de nutrici\u00f3n deportiva. Marcas estrella en suplementaci\u00f3n con los m\u00e1s altos est\u00e1ndares de calidad","potentialAction":[{"@type":"SearchAction","target":{"@type":"EntryPoint","urlTemplate":"https:\/\/highfit.es\/?s={search_term_string}"},"query-input":{"@type":"PropertyValueSpecification","valueRequired":true,"valueName":"search_term_string"}}],"inLanguage":"en-US"}]}},"_links":{"self":[{"href":"https:\/\/highfit.es\/en\/wp-json\/wp\/v2\/product\/8747","targetHints":{"allow":["GET"]}}],"collection":[{"href":"https:\/\/highfit.es\/en\/wp-json\/wp\/v2\/product"}],"about":[{"href":"https:\/\/highfit.es\/en\/wp-json\/wp\/v2\/types\/product"}],"replies":[{"embeddable":true,"href":"https:\/\/highfit.es\/en\/wp-json\/wp\/v2\/comments?post=8747"}],"wp:featuredmedia":[{"embeddable":true,"href":"https:\/\/highfit.es\/en\/wp-json\/wp\/v2\/media\/8607"}],"wp:attachment":[{"href":"https:\/\/highfit.es\/en\/wp-json\/wp\/v2\/media?parent=8747"}],"wp:term":[{"taxonomy":"product_brand","embeddable":true,"href":"https:\/\/highfit.es\/en\/wp-json\/wp\/v2\/product_brand?post=8747"},{"taxonomy":"product_cat","embeddable":true,"href":"https:\/\/highfit.es\/en\/wp-json\/wp\/v2\/product_cat?post=8747"},{"taxonomy":"product_tag","embeddable":true,"href":"https:\/\/highfit.es\/en\/wp-json\/wp\/v2\/product_tag?post=8747"}],"curies":[{"name":"wp","href":"https:\/\/api.w.org\/{rel}","templated":true}]}}