{"id":8745,"date":"2024-11-06T13:30:12","date_gmt":"2024-11-06T11:30:12","guid":{"rendered":"https:\/\/highfit.es\/producto\/amix-bar-tigger-zero\/"},"modified":"2024-11-06T13:30:12","modified_gmt":"2024-11-06T11:30:12","slug":"amix-bar-tigger-zero","status":"publish","type":"product","link":"https:\/\/highfit.es\/en\/producto\/amix-bar-tigger-zero\/","title":{"rendered":"Amix Bar Tigger Zero"},"excerpt":{"rendered":"<p><strong>Tigger Zero Bars<\/strong> are a new bar with a unique flavor, with a high protein content, that will surprise you with its incredible flavor and texture<\/p>\n<p><strong>Tigger Zero Bars<\/strong> are a bar that includes the patented <strong>MilkPro\u00ae<\/strong> that provides a combination of the best protein sources, <strong>protein isolate and concentrate<\/strong> <span class=\"TextRun SCXW154420770 BCX0\" lang=\"ES-ES\" xml:lang=\"ES-ES\" data-contrast=\"auto\">of <\/span><span class=\"TextRun SCXW154420770 BCX0\" lang=\"ES-ES\" xml:lang=\"ES-ES\" data-contrast=\"auto\">milk<\/span><span class=\"TextRun SCXW154420770 BCX0\" lang=\"EN-US\" xml:lang=\"EN-US\" data-contrast=\"auto\">, Whey Protein Concentrate from <\/span><span class=\"TextRun SCXW154420770 BCX0\" lang=\"EN-US\" xml:lang=\"EN-US\" data-contrast=\"auto\">milk<\/span><\/strong><\/span><\/p>\n<ul>\n<li>Protein contributes to muscle growth<\/li>\n<li>Ideal to take before or after physical activity<\/li>\n<li>Low sugar levels<\/li>\n<li>Nutritious snack<\/li>\n<\/ul>\n<h3>Chocolate-caramel flavor<\/h3>\n","protected":false},"featured_media":8708,"comment_status":"open","ping_status":"closed","template":"","meta":[],"product_brand":[],"product_cat":[301,302],"product_tag":[],"class_list":{"0":"post-8745","1":"product","2":"type-product","3":"status-publish","4":"has-post-thumbnail","6":"product_cat-amix-en","7":"product_cat-bar","8":"pa_marca-amix-en","9":"pa_sabor-brownie-en","11":"first","12":"outofstock","13":"taxable","14":"shipping-taxable","15":"purchasable","16":"product-type-variable"},"yoast_head":"<!-- This site is optimized with the Yoast SEO plugin v27.3 - https:\/\/yoast.com\/product\/yoast-seo-wordpress\/ -->\n<title>Amix Bar Tigger Zero - Nutrici\u00f3n Deportiva y Suplementaci\u00f3n - HighFit<\/title>\n<meta name=\"robots\" content=\"index, follow, max-snippet:-1, max-image-preview:large, max-video-preview:-1\" \/>\n<link rel=\"canonical\" href=\"https:\/\/highfit.es\/en\/producto\/amix-bar-tigger-zero\/\" \/>\n<meta property=\"og:locale\" content=\"en_US\" \/>\n<meta property=\"og:type\" content=\"article\" \/>\n<meta property=\"og:title\" content=\"Amix Bar Tigger Zero - Nutrici\u00f3n Deportiva y Suplementaci\u00f3n - HighFit\" \/>\n<meta property=\"og:description\" content=\"Tigger Zero Bars are a new bar with a unique flavor, with a high protein content, that will surprise you with its incredible flavor and texture  Tigger Zero Bars are a bar that includes the patented MilkPro\u00ae that provides a combination of the best protein sources, protein isolate and concentrate of milk, Whey Protein Concentrate from milk  Protein contributes to muscle growth Ideal to take before or after physical activity Low sugar levels Nutritious snack  Chocolate-caramel flavor\" \/>\n<meta property=\"og:url\" content=\"https:\/\/highfit.es\/en\/producto\/amix-bar-tigger-zero\/\" \/>\n<meta property=\"og:site_name\" content=\"Nutrici\u00f3n Deportiva y Suplementaci\u00f3n - HighFit\" \/>\n<meta property=\"og:image\" content=\"https:\/\/highfit.es\/wp-content\/uploads\/2024\/11\/tigger-zero.jpg\" \/>\n\t<meta property=\"og:image:width\" content=\"800\" \/>\n\t<meta property=\"og:image:height\" content=\"800\" \/>\n\t<meta property=\"og:image:type\" content=\"image\/jpeg\" \/>\n<meta name=\"twitter:card\" content=\"summary_large_image\" \/>\n<script type=\"application\/ld+json\" class=\"yoast-schema-graph\">{\"@context\":\"https:\\\/\\\/schema.org\",\"@graph\":[{\"@type\":\"WebPage\",\"@id\":\"https:\\\/\\\/highfit.es\\\/en\\\/producto\\\/amix-bar-tigger-zero\\\/\",\"url\":\"https:\\\/\\\/highfit.es\\\/en\\\/producto\\\/amix-bar-tigger-zero\\\/\",\"name\":\"Amix Bar Tigger Zero - Nutrici\u00f3n Deportiva y Suplementaci\u00f3n - HighFit\",\"isPartOf\":{\"@id\":\"https:\\\/\\\/highfit.es\\\/#website\"},\"primaryImageOfPage\":{\"@id\":\"https:\\\/\\\/highfit.es\\\/en\\\/producto\\\/amix-bar-tigger-zero\\\/#primaryimage\"},\"image\":{\"@id\":\"https:\\\/\\\/highfit.es\\\/en\\\/producto\\\/amix-bar-tigger-zero\\\/#primaryimage\"},\"thumbnailUrl\":\"https:\\\/\\\/highfit.es\\\/wp-content\\\/uploads\\\/2024\\\/11\\\/tigger-zero.jpg\",\"datePublished\":\"2024-11-06T11:30:12+00:00\",\"breadcrumb\":{\"@id\":\"https:\\\/\\\/highfit.es\\\/en\\\/producto\\\/amix-bar-tigger-zero\\\/#breadcrumb\"},\"inLanguage\":\"en-US\",\"potentialAction\":[{\"@type\":\"ReadAction\",\"target\":[\"https:\\\/\\\/highfit.es\\\/en\\\/producto\\\/amix-bar-tigger-zero\\\/\"]}]},{\"@type\":\"ImageObject\",\"inLanguage\":\"en-US\",\"@id\":\"https:\\\/\\\/highfit.es\\\/en\\\/producto\\\/amix-bar-tigger-zero\\\/#primaryimage\",\"url\":\"https:\\\/\\\/highfit.es\\\/wp-content\\\/uploads\\\/2024\\\/11\\\/tigger-zero.jpg\",\"contentUrl\":\"https:\\\/\\\/highfit.es\\\/wp-content\\\/uploads\\\/2024\\\/11\\\/tigger-zero.jpg\",\"width\":800,\"height\":800},{\"@type\":\"BreadcrumbList\",\"@id\":\"https:\\\/\\\/highfit.es\\\/en\\\/producto\\\/amix-bar-tigger-zero\\\/#breadcrumb\",\"itemListElement\":[{\"@type\":\"ListItem\",\"position\":1,\"name\":\"Portada\",\"item\":\"https:\\\/\\\/highfit.es\\\/\"},{\"@type\":\"ListItem\",\"position\":2,\"name\":\"Productos\",\"item\":\"https:\\\/\\\/highfit.es\\\/shop\\\/\"},{\"@type\":\"ListItem\",\"position\":3,\"name\":\"Amix Bar Tigger Zero\"}]},{\"@type\":\"WebSite\",\"@id\":\"https:\\\/\\\/highfit.es\\\/#website\",\"url\":\"https:\\\/\\\/highfit.es\\\/\",\"name\":\"Nutrici\u00f3n Deportiva y Suplementaci\u00f3n - HighFit\",\"description\":\"\u00daltima generaci\u00f3n en productos de nutrici\u00f3n deportiva. Marcas estrella en suplementaci\u00f3n con los m\u00e1s altos est\u00e1ndares de calidad\",\"potentialAction\":[{\"@type\":\"SearchAction\",\"target\":{\"@type\":\"EntryPoint\",\"urlTemplate\":\"https:\\\/\\\/highfit.es\\\/?s={search_term_string}\"},\"query-input\":{\"@type\":\"PropertyValueSpecification\",\"valueRequired\":true,\"valueName\":\"search_term_string\"}}],\"inLanguage\":\"en-US\"}]}<\/script>\n<!-- \/ Yoast SEO plugin. -->","yoast_head_json":{"title":"Amix Bar Tigger Zero - Nutrici\u00f3n Deportiva y Suplementaci\u00f3n - HighFit","robots":{"index":"index","follow":"follow","max-snippet":"max-snippet:-1","max-image-preview":"max-image-preview:large","max-video-preview":"max-video-preview:-1"},"canonical":"https:\/\/highfit.es\/en\/producto\/amix-bar-tigger-zero\/","og_locale":"en_US","og_type":"article","og_title":"Amix Bar Tigger Zero - Nutrici\u00f3n Deportiva y Suplementaci\u00f3n - HighFit","og_description":"Tigger Zero Bars are a new bar with a unique flavor, with a high protein content, that will surprise you with its incredible flavor and texture  Tigger Zero Bars are a bar that includes the patented MilkPro\u00ae that provides a combination of the best protein sources, protein isolate and concentrate of milk, Whey Protein Concentrate from milk  Protein contributes to muscle growth Ideal to take before or after physical activity Low sugar levels Nutritious snack  Chocolate-caramel flavor","og_url":"https:\/\/highfit.es\/en\/producto\/amix-bar-tigger-zero\/","og_site_name":"Nutrici\u00f3n Deportiva y Suplementaci\u00f3n - HighFit","og_image":[{"width":800,"height":800,"url":"https:\/\/highfit.es\/wp-content\/uploads\/2024\/11\/tigger-zero.jpg","type":"image\/jpeg"}],"twitter_card":"summary_large_image","schema":{"@context":"https:\/\/schema.org","@graph":[{"@type":"WebPage","@id":"https:\/\/highfit.es\/en\/producto\/amix-bar-tigger-zero\/","url":"https:\/\/highfit.es\/en\/producto\/amix-bar-tigger-zero\/","name":"Amix Bar Tigger Zero - Nutrici\u00f3n Deportiva y Suplementaci\u00f3n - HighFit","isPartOf":{"@id":"https:\/\/highfit.es\/#website"},"primaryImageOfPage":{"@id":"https:\/\/highfit.es\/en\/producto\/amix-bar-tigger-zero\/#primaryimage"},"image":{"@id":"https:\/\/highfit.es\/en\/producto\/amix-bar-tigger-zero\/#primaryimage"},"thumbnailUrl":"https:\/\/highfit.es\/wp-content\/uploads\/2024\/11\/tigger-zero.jpg","datePublished":"2024-11-06T11:30:12+00:00","breadcrumb":{"@id":"https:\/\/highfit.es\/en\/producto\/amix-bar-tigger-zero\/#breadcrumb"},"inLanguage":"en-US","potentialAction":[{"@type":"ReadAction","target":["https:\/\/highfit.es\/en\/producto\/amix-bar-tigger-zero\/"]}]},{"@type":"ImageObject","inLanguage":"en-US","@id":"https:\/\/highfit.es\/en\/producto\/amix-bar-tigger-zero\/#primaryimage","url":"https:\/\/highfit.es\/wp-content\/uploads\/2024\/11\/tigger-zero.jpg","contentUrl":"https:\/\/highfit.es\/wp-content\/uploads\/2024\/11\/tigger-zero.jpg","width":800,"height":800},{"@type":"BreadcrumbList","@id":"https:\/\/highfit.es\/en\/producto\/amix-bar-tigger-zero\/#breadcrumb","itemListElement":[{"@type":"ListItem","position":1,"name":"Portada","item":"https:\/\/highfit.es\/"},{"@type":"ListItem","position":2,"name":"Productos","item":"https:\/\/highfit.es\/shop\/"},{"@type":"ListItem","position":3,"name":"Amix Bar Tigger Zero"}]},{"@type":"WebSite","@id":"https:\/\/highfit.es\/#website","url":"https:\/\/highfit.es\/","name":"Nutrici\u00f3n Deportiva y Suplementaci\u00f3n - HighFit","description":"\u00daltima generaci\u00f3n en productos de nutrici\u00f3n deportiva. Marcas estrella en suplementaci\u00f3n con los m\u00e1s altos est\u00e1ndares de calidad","potentialAction":[{"@type":"SearchAction","target":{"@type":"EntryPoint","urlTemplate":"https:\/\/highfit.es\/?s={search_term_string}"},"query-input":{"@type":"PropertyValueSpecification","valueRequired":true,"valueName":"search_term_string"}}],"inLanguage":"en-US"}]}},"_links":{"self":[{"href":"https:\/\/highfit.es\/en\/wp-json\/wp\/v2\/product\/8745","targetHints":{"allow":["GET"]}}],"collection":[{"href":"https:\/\/highfit.es\/en\/wp-json\/wp\/v2\/product"}],"about":[{"href":"https:\/\/highfit.es\/en\/wp-json\/wp\/v2\/types\/product"}],"replies":[{"embeddable":true,"href":"https:\/\/highfit.es\/en\/wp-json\/wp\/v2\/comments?post=8745"}],"wp:featuredmedia":[{"embeddable":true,"href":"https:\/\/highfit.es\/en\/wp-json\/wp\/v2\/media\/8708"}],"wp:attachment":[{"href":"https:\/\/highfit.es\/en\/wp-json\/wp\/v2\/media?parent=8745"}],"wp:term":[{"taxonomy":"product_brand","embeddable":true,"href":"https:\/\/highfit.es\/en\/wp-json\/wp\/v2\/product_brand?post=8745"},{"taxonomy":"product_cat","embeddable":true,"href":"https:\/\/highfit.es\/en\/wp-json\/wp\/v2\/product_cat?post=8745"},{"taxonomy":"product_tag","embeddable":true,"href":"https:\/\/highfit.es\/en\/wp-json\/wp\/v2\/product_tag?post=8745"}],"curies":[{"name":"wp","href":"https:\/\/api.w.org\/{rel}","templated":true}]}}