{"id":8739,"date":"2024-03-15T10:39:31","date_gmt":"2024-03-15T08:39:31","guid":{"rendered":"https:\/\/highfit.es\/producto\/amix-whey-pro-fusion-500g\/"},"modified":"2024-11-12T12:50:04","modified_gmt":"2024-11-12T10:50:04","slug":"amix-whey-pro-fusion-500g","status":"publish","type":"product","link":"https:\/\/highfit.es\/en\/producto\/amix-whey-pro-fusion-500g\/","title":{"rendered":"Amix Whey-Pro Fusion 500g"},"excerpt":{"rendered":"<p><strong>Amix\u2122 Whey Fusion Protein<\/strong> is a protein supplement of the highest quality and excellent taste<\/p>\n<p><strong>Whey Fusion<\/strong> contains 75% pure protein, composed of Instant Whey Concentrate Processed at Low Temperature (WPC) and CFM\u00ae Whey Isolate, with an ideal amino acid profile for a magnificent and rapid absorption<\/p>\n<p>&nbsp;<\/p>\n<ul>\n<li>Protein contributes to the maintenance and growth of muscle mass<\/li>\n<li>Contains\u00a0<strong><span class=\"TextRun SCXW150453664 BCX0\" lang=\"es-es\" xml:lang=\"es-es\"><span class=\"SpellingError SCXW150453664 BCX0\">DigeZyme<\/span><span class=\"NormalTextRun SCXW150453664 BCX0\">\u00ae\u00a0<\/span><\/span><\/strong>digestive enzymes<\/li>\n<li>Sweeten with sucralose\u00a0<strong>Splenda\u00ae<\/strong><\/li>\n<li>Excellent flavor and creamy<\/li>\n<li>Aspartame-free<\/li>\n<li>Resealable format<\/li>\n<\/ul>\n","protected":false},"featured_media":6667,"comment_status":"open","ping_status":"closed","template":"","meta":[],"product_brand":[],"product_cat":[301,179],"product_tag":[],"class_list":{"0":"post-8739","1":"product","2":"type-product","3":"status-publish","4":"has-post-thumbnail","6":"product_cat-amix-en","7":"product_cat-whey-protein-en","8":"pa_marca-amix-en","9":"pa_sabor-caramelo-chocolate","10":"pa_sabor-chocolate-en","11":"pa_sabor-cookies-cream-en-3","12":"pa_sabor-vainilla-en","14":"first","15":"instock","16":"taxable","17":"shipping-taxable","18":"purchasable","19":"product-type-variable"},"yoast_head":"<!-- This site is optimized with the Yoast SEO plugin v27.3 - https:\/\/yoast.com\/product\/yoast-seo-wordpress\/ -->\n<title>Amix Whey-Pro Fusion 500g - Nutrici\u00f3n Deportiva y Suplementaci\u00f3n - HighFit<\/title>\n<meta name=\"robots\" content=\"index, follow, max-snippet:-1, max-image-preview:large, max-video-preview:-1\" \/>\n<link rel=\"canonical\" href=\"https:\/\/highfit.es\/en\/producto\/amix-whey-pro-fusion-500g\/\" \/>\n<meta property=\"og:locale\" content=\"en_US\" \/>\n<meta property=\"og:type\" content=\"article\" \/>\n<meta property=\"og:title\" content=\"Amix Whey-Pro Fusion 500g - Nutrici\u00f3n Deportiva y Suplementaci\u00f3n - HighFit\" \/>\n<meta property=\"og:description\" content=\"Amix\u2122 Whey Fusion Protein is a protein supplement of the highest quality and excellent taste  Whey Fusion contains 75% pure protein, composed of Instant Whey Concentrate Processed at Low Temperature (WPC) and CFM\u00ae Whey Isolate, with an ideal amino acid profile for a magnificent and rapid absorption  &nbsp;  Protein contributes to the maintenance and growth of muscle mass Contains\u00a0DigeZyme\u00ae\u00a0digestive enzymes Sweeten with sucralose\u00a0Splenda\u00ae Excellent flavor and creamy Aspartame-free Resealable format\" \/>\n<meta property=\"og:url\" content=\"https:\/\/highfit.es\/en\/producto\/amix-whey-pro-fusion-500g\/\" \/>\n<meta property=\"og:site_name\" content=\"Nutrici\u00f3n Deportiva y Suplementaci\u00f3n - HighFit\" \/>\n<meta property=\"article:modified_time\" content=\"2024-11-12T10:50:04+00:00\" \/>\n<meta property=\"og:image\" content=\"https:\/\/highfit.es\/wp-content\/uploads\/2024\/03\/Whey-ProFusion.jpg\" \/>\n\t<meta property=\"og:image:width\" content=\"660\" \/>\n\t<meta property=\"og:image:height\" content=\"660\" \/>\n\t<meta property=\"og:image:type\" content=\"image\/jpeg\" \/>\n<meta name=\"twitter:card\" content=\"summary_large_image\" \/>\n<script type=\"application\/ld+json\" class=\"yoast-schema-graph\">{\"@context\":\"https:\\\/\\\/schema.org\",\"@graph\":[{\"@type\":\"WebPage\",\"@id\":\"https:\\\/\\\/highfit.es\\\/en\\\/producto\\\/amix-whey-pro-fusion-500g\\\/\",\"url\":\"https:\\\/\\\/highfit.es\\\/en\\\/producto\\\/amix-whey-pro-fusion-500g\\\/\",\"name\":\"Amix Whey-Pro Fusion 500g - Nutrici\u00f3n Deportiva y Suplementaci\u00f3n - HighFit\",\"isPartOf\":{\"@id\":\"https:\\\/\\\/highfit.es\\\/#website\"},\"primaryImageOfPage\":{\"@id\":\"https:\\\/\\\/highfit.es\\\/en\\\/producto\\\/amix-whey-pro-fusion-500g\\\/#primaryimage\"},\"image\":{\"@id\":\"https:\\\/\\\/highfit.es\\\/en\\\/producto\\\/amix-whey-pro-fusion-500g\\\/#primaryimage\"},\"thumbnailUrl\":\"https:\\\/\\\/highfit.es\\\/wp-content\\\/uploads\\\/2024\\\/03\\\/Whey-ProFusion.jpg\",\"datePublished\":\"2024-03-15T08:39:31+00:00\",\"dateModified\":\"2024-11-12T10:50:04+00:00\",\"breadcrumb\":{\"@id\":\"https:\\\/\\\/highfit.es\\\/en\\\/producto\\\/amix-whey-pro-fusion-500g\\\/#breadcrumb\"},\"inLanguage\":\"en-US\",\"potentialAction\":[{\"@type\":\"ReadAction\",\"target\":[\"https:\\\/\\\/highfit.es\\\/en\\\/producto\\\/amix-whey-pro-fusion-500g\\\/\"]}]},{\"@type\":\"ImageObject\",\"inLanguage\":\"en-US\",\"@id\":\"https:\\\/\\\/highfit.es\\\/en\\\/producto\\\/amix-whey-pro-fusion-500g\\\/#primaryimage\",\"url\":\"https:\\\/\\\/highfit.es\\\/wp-content\\\/uploads\\\/2024\\\/03\\\/Whey-ProFusion.jpg\",\"contentUrl\":\"https:\\\/\\\/highfit.es\\\/wp-content\\\/uploads\\\/2024\\\/03\\\/Whey-ProFusion.jpg\",\"width\":660,\"height\":660},{\"@type\":\"BreadcrumbList\",\"@id\":\"https:\\\/\\\/highfit.es\\\/en\\\/producto\\\/amix-whey-pro-fusion-500g\\\/#breadcrumb\",\"itemListElement\":[{\"@type\":\"ListItem\",\"position\":1,\"name\":\"Portada\",\"item\":\"https:\\\/\\\/highfit.es\\\/\"},{\"@type\":\"ListItem\",\"position\":2,\"name\":\"Productos\",\"item\":\"https:\\\/\\\/highfit.es\\\/shop\\\/\"},{\"@type\":\"ListItem\",\"position\":3,\"name\":\"Amix Whey-Pro Fusion 500g\"}]},{\"@type\":\"WebSite\",\"@id\":\"https:\\\/\\\/highfit.es\\\/#website\",\"url\":\"https:\\\/\\\/highfit.es\\\/\",\"name\":\"Nutrici\u00f3n Deportiva y Suplementaci\u00f3n - HighFit\",\"description\":\"\u00daltima generaci\u00f3n en productos de nutrici\u00f3n deportiva. Marcas estrella en suplementaci\u00f3n con los m\u00e1s altos est\u00e1ndares de calidad\",\"potentialAction\":[{\"@type\":\"SearchAction\",\"target\":{\"@type\":\"EntryPoint\",\"urlTemplate\":\"https:\\\/\\\/highfit.es\\\/?s={search_term_string}\"},\"query-input\":{\"@type\":\"PropertyValueSpecification\",\"valueRequired\":true,\"valueName\":\"search_term_string\"}}],\"inLanguage\":\"en-US\"}]}<\/script>\n<!-- \/ Yoast SEO plugin. -->","yoast_head_json":{"title":"Amix Whey-Pro Fusion 500g - Nutrici\u00f3n Deportiva y Suplementaci\u00f3n - HighFit","robots":{"index":"index","follow":"follow","max-snippet":"max-snippet:-1","max-image-preview":"max-image-preview:large","max-video-preview":"max-video-preview:-1"},"canonical":"https:\/\/highfit.es\/en\/producto\/amix-whey-pro-fusion-500g\/","og_locale":"en_US","og_type":"article","og_title":"Amix Whey-Pro Fusion 500g - Nutrici\u00f3n Deportiva y Suplementaci\u00f3n - HighFit","og_description":"Amix\u2122 Whey Fusion Protein is a protein supplement of the highest quality and excellent taste  Whey Fusion contains 75% pure protein, composed of Instant Whey Concentrate Processed at Low Temperature (WPC) and CFM\u00ae Whey Isolate, with an ideal amino acid profile for a magnificent and rapid absorption  &nbsp;  Protein contributes to the maintenance and growth of muscle mass Contains\u00a0DigeZyme\u00ae\u00a0digestive enzymes Sweeten with sucralose\u00a0Splenda\u00ae Excellent flavor and creamy Aspartame-free Resealable format","og_url":"https:\/\/highfit.es\/en\/producto\/amix-whey-pro-fusion-500g\/","og_site_name":"Nutrici\u00f3n Deportiva y Suplementaci\u00f3n - HighFit","article_modified_time":"2024-11-12T10:50:04+00:00","og_image":[{"width":660,"height":660,"url":"https:\/\/highfit.es\/wp-content\/uploads\/2024\/03\/Whey-ProFusion.jpg","type":"image\/jpeg"}],"twitter_card":"summary_large_image","schema":{"@context":"https:\/\/schema.org","@graph":[{"@type":"WebPage","@id":"https:\/\/highfit.es\/en\/producto\/amix-whey-pro-fusion-500g\/","url":"https:\/\/highfit.es\/en\/producto\/amix-whey-pro-fusion-500g\/","name":"Amix Whey-Pro Fusion 500g - Nutrici\u00f3n Deportiva y Suplementaci\u00f3n - HighFit","isPartOf":{"@id":"https:\/\/highfit.es\/#website"},"primaryImageOfPage":{"@id":"https:\/\/highfit.es\/en\/producto\/amix-whey-pro-fusion-500g\/#primaryimage"},"image":{"@id":"https:\/\/highfit.es\/en\/producto\/amix-whey-pro-fusion-500g\/#primaryimage"},"thumbnailUrl":"https:\/\/highfit.es\/wp-content\/uploads\/2024\/03\/Whey-ProFusion.jpg","datePublished":"2024-03-15T08:39:31+00:00","dateModified":"2024-11-12T10:50:04+00:00","breadcrumb":{"@id":"https:\/\/highfit.es\/en\/producto\/amix-whey-pro-fusion-500g\/#breadcrumb"},"inLanguage":"en-US","potentialAction":[{"@type":"ReadAction","target":["https:\/\/highfit.es\/en\/producto\/amix-whey-pro-fusion-500g\/"]}]},{"@type":"ImageObject","inLanguage":"en-US","@id":"https:\/\/highfit.es\/en\/producto\/amix-whey-pro-fusion-500g\/#primaryimage","url":"https:\/\/highfit.es\/wp-content\/uploads\/2024\/03\/Whey-ProFusion.jpg","contentUrl":"https:\/\/highfit.es\/wp-content\/uploads\/2024\/03\/Whey-ProFusion.jpg","width":660,"height":660},{"@type":"BreadcrumbList","@id":"https:\/\/highfit.es\/en\/producto\/amix-whey-pro-fusion-500g\/#breadcrumb","itemListElement":[{"@type":"ListItem","position":1,"name":"Portada","item":"https:\/\/highfit.es\/"},{"@type":"ListItem","position":2,"name":"Productos","item":"https:\/\/highfit.es\/shop\/"},{"@type":"ListItem","position":3,"name":"Amix Whey-Pro Fusion 500g"}]},{"@type":"WebSite","@id":"https:\/\/highfit.es\/#website","url":"https:\/\/highfit.es\/","name":"Nutrici\u00f3n Deportiva y Suplementaci\u00f3n - HighFit","description":"\u00daltima generaci\u00f3n en productos de nutrici\u00f3n deportiva. Marcas estrella en suplementaci\u00f3n con los m\u00e1s altos est\u00e1ndares de calidad","potentialAction":[{"@type":"SearchAction","target":{"@type":"EntryPoint","urlTemplate":"https:\/\/highfit.es\/?s={search_term_string}"},"query-input":{"@type":"PropertyValueSpecification","valueRequired":true,"valueName":"search_term_string"}}],"inLanguage":"en-US"}]}},"_links":{"self":[{"href":"https:\/\/highfit.es\/en\/wp-json\/wp\/v2\/product\/8739","targetHints":{"allow":["GET"]}}],"collection":[{"href":"https:\/\/highfit.es\/en\/wp-json\/wp\/v2\/product"}],"about":[{"href":"https:\/\/highfit.es\/en\/wp-json\/wp\/v2\/types\/product"}],"replies":[{"embeddable":true,"href":"https:\/\/highfit.es\/en\/wp-json\/wp\/v2\/comments?post=8739"}],"wp:featuredmedia":[{"embeddable":true,"href":"https:\/\/highfit.es\/en\/wp-json\/wp\/v2\/media\/6667"}],"wp:attachment":[{"href":"https:\/\/highfit.es\/en\/wp-json\/wp\/v2\/media?parent=8739"}],"wp:term":[{"taxonomy":"product_brand","embeddable":true,"href":"https:\/\/highfit.es\/en\/wp-json\/wp\/v2\/product_brand?post=8739"},{"taxonomy":"product_cat","embeddable":true,"href":"https:\/\/highfit.es\/en\/wp-json\/wp\/v2\/product_cat?post=8739"},{"taxonomy":"product_tag","embeddable":true,"href":"https:\/\/highfit.es\/en\/wp-json\/wp\/v2\/product_tag?post=8739"}],"curies":[{"name":"wp","href":"https:\/\/api.w.org\/{rel}","templated":true}]}}