{"id":8735,"date":"2024-03-15T10:12:14","date_gmt":"2024-03-15T10:12:14","guid":{"rendered":"https:\/\/highfit.es\/producto\/amix-protein-isoprime-cfm-500-gr\/"},"modified":"2024-03-15T10:12:14","modified_gmt":"2024-03-15T08:12:14","slug":"amix-protein-isoprime-cfm-500-gr","status":"publish","type":"product","link":"https:\/\/highfit.es\/en\/producto\/amix-protein-isoprime-cfm-500-gr\/","title":{"rendered":"Amix Protein ISOPrime CFM 500 gr"},"excerpt":{"rendered":"<p><strong>ISO Prime CFM Isolate protein<\/strong> is a protein supplement that has a <strong>90% purity,<\/strong> this <strong>protein<\/strong> is a pure whey isolate that ensures a high biological value considering the amino acid composition<\/p>\n<p><strong>Iso Prime CFM Isolate<\/strong> is specially designed to promote recovery after exercise, thanks to a greater quantity and concentration of BCAA&#8217;s and their rapid absorption<\/p>\n<ul>\n<li>The protein contributes to the growth of muscle mass<\/li>\n<li>Contains digestive enzymes <strong>DigeZyme\u00ae<\/strong><\/li>\n<li>Very low in lactose and low in fat<\/li>\n<li>Sweeten with sucralose <strong>Splenda\u00ae<\/strong><\/li>\n<li>Excellent dissolution<\/li>\n<li>Free of aspartame<\/li>\n<\/ul>\n","protected":false},"featured_media":6659,"comment_status":"open","ping_status":"closed","template":"","meta":[],"product_brand":[],"product_cat":[301,179],"product_tag":[],"class_list":{"0":"post-8735","1":"product","2":"type-product","3":"status-publish","4":"has-post-thumbnail","6":"product_cat-amix-en","7":"product_cat-whey-protein-en","8":"pa_marca-amix-en","9":"pa_sabor-chocolate-en","10":"pa_sabor-vainilla-en","11":"pa_sabor-white-chocolate","13":"first","14":"instock","15":"taxable","16":"shipping-taxable","17":"purchasable","18":"product-type-variable"},"yoast_head":"<!-- This site is optimized with the Yoast SEO plugin v27.3 - https:\/\/yoast.com\/product\/yoast-seo-wordpress\/ -->\n<title>Amix Protein ISOPrime CFM 500 gr - Nutrici\u00f3n Deportiva y Suplementaci\u00f3n - HighFit<\/title>\n<meta name=\"robots\" content=\"index, follow, max-snippet:-1, max-image-preview:large, max-video-preview:-1\" \/>\n<link rel=\"canonical\" href=\"https:\/\/highfit.es\/en\/producto\/amix-protein-isoprime-cfm-500-gr\/\" \/>\n<meta property=\"og:locale\" content=\"en_US\" \/>\n<meta property=\"og:type\" content=\"article\" \/>\n<meta property=\"og:title\" content=\"Amix Protein ISOPrime CFM 500 gr - Nutrici\u00f3n Deportiva y Suplementaci\u00f3n - HighFit\" \/>\n<meta property=\"og:description\" content=\"ISO Prime CFM Isolate protein is a protein supplement that has a 90% purity, this protein is a pure whey isolate that ensures a high biological value considering the amino acid composition  Iso Prime CFM Isolate is specially designed to promote recovery after exercise, thanks to a greater quantity and concentration of BCAA&#039;s and their rapid absorption  The protein contributes to the growth of muscle mass Contains digestive enzymes DigeZyme\u00ae Very low in lactose and low in fat Sweeten with sucralose Splenda\u00ae Excellent dissolution Free of aspartame\" \/>\n<meta property=\"og:url\" content=\"https:\/\/highfit.es\/en\/producto\/amix-protein-isoprime-cfm-500-gr\/\" \/>\n<meta property=\"og:site_name\" content=\"Nutrici\u00f3n Deportiva y Suplementaci\u00f3n - HighFit\" \/>\n<meta property=\"og:image\" content=\"https:\/\/highfit.es\/wp-content\/uploads\/2024\/03\/iso-prime-cfm.jpg\" \/>\n\t<meta property=\"og:image:width\" content=\"660\" \/>\n\t<meta property=\"og:image:height\" content=\"660\" \/>\n\t<meta property=\"og:image:type\" content=\"image\/jpeg\" \/>\n<meta name=\"twitter:card\" content=\"summary_large_image\" \/>\n<script type=\"application\/ld+json\" class=\"yoast-schema-graph\">{\"@context\":\"https:\\\/\\\/schema.org\",\"@graph\":[{\"@type\":\"WebPage\",\"@id\":\"https:\\\/\\\/highfit.es\\\/en\\\/producto\\\/amix-protein-isoprime-cfm-500-gr\\\/\",\"url\":\"https:\\\/\\\/highfit.es\\\/en\\\/producto\\\/amix-protein-isoprime-cfm-500-gr\\\/\",\"name\":\"Amix Protein ISOPrime CFM 500 gr - Nutrici\u00f3n Deportiva y Suplementaci\u00f3n - HighFit\",\"isPartOf\":{\"@id\":\"https:\\\/\\\/highfit.es\\\/#website\"},\"primaryImageOfPage\":{\"@id\":\"https:\\\/\\\/highfit.es\\\/en\\\/producto\\\/amix-protein-isoprime-cfm-500-gr\\\/#primaryimage\"},\"image\":{\"@id\":\"https:\\\/\\\/highfit.es\\\/en\\\/producto\\\/amix-protein-isoprime-cfm-500-gr\\\/#primaryimage\"},\"thumbnailUrl\":\"https:\\\/\\\/highfit.es\\\/wp-content\\\/uploads\\\/2024\\\/03\\\/iso-prime-cfm.jpg\",\"datePublished\":\"2024-03-15T10:12:14+00:00\",\"breadcrumb\":{\"@id\":\"https:\\\/\\\/highfit.es\\\/en\\\/producto\\\/amix-protein-isoprime-cfm-500-gr\\\/#breadcrumb\"},\"inLanguage\":\"en-US\",\"potentialAction\":[{\"@type\":\"ReadAction\",\"target\":[\"https:\\\/\\\/highfit.es\\\/en\\\/producto\\\/amix-protein-isoprime-cfm-500-gr\\\/\"]}]},{\"@type\":\"ImageObject\",\"inLanguage\":\"en-US\",\"@id\":\"https:\\\/\\\/highfit.es\\\/en\\\/producto\\\/amix-protein-isoprime-cfm-500-gr\\\/#primaryimage\",\"url\":\"https:\\\/\\\/highfit.es\\\/wp-content\\\/uploads\\\/2024\\\/03\\\/iso-prime-cfm.jpg\",\"contentUrl\":\"https:\\\/\\\/highfit.es\\\/wp-content\\\/uploads\\\/2024\\\/03\\\/iso-prime-cfm.jpg\",\"width\":660,\"height\":660},{\"@type\":\"BreadcrumbList\",\"@id\":\"https:\\\/\\\/highfit.es\\\/en\\\/producto\\\/amix-protein-isoprime-cfm-500-gr\\\/#breadcrumb\",\"itemListElement\":[{\"@type\":\"ListItem\",\"position\":1,\"name\":\"Portada\",\"item\":\"https:\\\/\\\/highfit.es\\\/\"},{\"@type\":\"ListItem\",\"position\":2,\"name\":\"Productos\",\"item\":\"https:\\\/\\\/highfit.es\\\/shop\\\/\"},{\"@type\":\"ListItem\",\"position\":3,\"name\":\"Amix Protein ISOPrime CFM 500 gr\"}]},{\"@type\":\"WebSite\",\"@id\":\"https:\\\/\\\/highfit.es\\\/#website\",\"url\":\"https:\\\/\\\/highfit.es\\\/\",\"name\":\"Nutrici\u00f3n Deportiva y Suplementaci\u00f3n - HighFit\",\"description\":\"\u00daltima generaci\u00f3n en productos de nutrici\u00f3n deportiva. Marcas estrella en suplementaci\u00f3n con los m\u00e1s altos est\u00e1ndares de calidad\",\"potentialAction\":[{\"@type\":\"SearchAction\",\"target\":{\"@type\":\"EntryPoint\",\"urlTemplate\":\"https:\\\/\\\/highfit.es\\\/?s={search_term_string}\"},\"query-input\":{\"@type\":\"PropertyValueSpecification\",\"valueRequired\":true,\"valueName\":\"search_term_string\"}}],\"inLanguage\":\"en-US\"}]}<\/script>\n<!-- \/ Yoast SEO plugin. -->","yoast_head_json":{"title":"Amix Protein ISOPrime CFM 500 gr - Nutrici\u00f3n Deportiva y Suplementaci\u00f3n - HighFit","robots":{"index":"index","follow":"follow","max-snippet":"max-snippet:-1","max-image-preview":"max-image-preview:large","max-video-preview":"max-video-preview:-1"},"canonical":"https:\/\/highfit.es\/en\/producto\/amix-protein-isoprime-cfm-500-gr\/","og_locale":"en_US","og_type":"article","og_title":"Amix Protein ISOPrime CFM 500 gr - Nutrici\u00f3n Deportiva y Suplementaci\u00f3n - HighFit","og_description":"ISO Prime CFM Isolate protein is a protein supplement that has a 90% purity, this protein is a pure whey isolate that ensures a high biological value considering the amino acid composition  Iso Prime CFM Isolate is specially designed to promote recovery after exercise, thanks to a greater quantity and concentration of BCAA's and their rapid absorption  The protein contributes to the growth of muscle mass Contains digestive enzymes DigeZyme\u00ae Very low in lactose and low in fat Sweeten with sucralose Splenda\u00ae Excellent dissolution Free of aspartame","og_url":"https:\/\/highfit.es\/en\/producto\/amix-protein-isoprime-cfm-500-gr\/","og_site_name":"Nutrici\u00f3n Deportiva y Suplementaci\u00f3n - HighFit","og_image":[{"width":660,"height":660,"url":"https:\/\/highfit.es\/wp-content\/uploads\/2024\/03\/iso-prime-cfm.jpg","type":"image\/jpeg"}],"twitter_card":"summary_large_image","schema":{"@context":"https:\/\/schema.org","@graph":[{"@type":"WebPage","@id":"https:\/\/highfit.es\/en\/producto\/amix-protein-isoprime-cfm-500-gr\/","url":"https:\/\/highfit.es\/en\/producto\/amix-protein-isoprime-cfm-500-gr\/","name":"Amix Protein ISOPrime CFM 500 gr - Nutrici\u00f3n Deportiva y Suplementaci\u00f3n - HighFit","isPartOf":{"@id":"https:\/\/highfit.es\/#website"},"primaryImageOfPage":{"@id":"https:\/\/highfit.es\/en\/producto\/amix-protein-isoprime-cfm-500-gr\/#primaryimage"},"image":{"@id":"https:\/\/highfit.es\/en\/producto\/amix-protein-isoprime-cfm-500-gr\/#primaryimage"},"thumbnailUrl":"https:\/\/highfit.es\/wp-content\/uploads\/2024\/03\/iso-prime-cfm.jpg","datePublished":"2024-03-15T10:12:14+00:00","breadcrumb":{"@id":"https:\/\/highfit.es\/en\/producto\/amix-protein-isoprime-cfm-500-gr\/#breadcrumb"},"inLanguage":"en-US","potentialAction":[{"@type":"ReadAction","target":["https:\/\/highfit.es\/en\/producto\/amix-protein-isoprime-cfm-500-gr\/"]}]},{"@type":"ImageObject","inLanguage":"en-US","@id":"https:\/\/highfit.es\/en\/producto\/amix-protein-isoprime-cfm-500-gr\/#primaryimage","url":"https:\/\/highfit.es\/wp-content\/uploads\/2024\/03\/iso-prime-cfm.jpg","contentUrl":"https:\/\/highfit.es\/wp-content\/uploads\/2024\/03\/iso-prime-cfm.jpg","width":660,"height":660},{"@type":"BreadcrumbList","@id":"https:\/\/highfit.es\/en\/producto\/amix-protein-isoprime-cfm-500-gr\/#breadcrumb","itemListElement":[{"@type":"ListItem","position":1,"name":"Portada","item":"https:\/\/highfit.es\/"},{"@type":"ListItem","position":2,"name":"Productos","item":"https:\/\/highfit.es\/shop\/"},{"@type":"ListItem","position":3,"name":"Amix Protein ISOPrime CFM 500 gr"}]},{"@type":"WebSite","@id":"https:\/\/highfit.es\/#website","url":"https:\/\/highfit.es\/","name":"Nutrici\u00f3n Deportiva y Suplementaci\u00f3n - HighFit","description":"\u00daltima generaci\u00f3n en productos de nutrici\u00f3n deportiva. Marcas estrella en suplementaci\u00f3n con los m\u00e1s altos est\u00e1ndares de calidad","potentialAction":[{"@type":"SearchAction","target":{"@type":"EntryPoint","urlTemplate":"https:\/\/highfit.es\/?s={search_term_string}"},"query-input":{"@type":"PropertyValueSpecification","valueRequired":true,"valueName":"search_term_string"}}],"inLanguage":"en-US"}]}},"_links":{"self":[{"href":"https:\/\/highfit.es\/en\/wp-json\/wp\/v2\/product\/8735","targetHints":{"allow":["GET"]}}],"collection":[{"href":"https:\/\/highfit.es\/en\/wp-json\/wp\/v2\/product"}],"about":[{"href":"https:\/\/highfit.es\/en\/wp-json\/wp\/v2\/types\/product"}],"replies":[{"embeddable":true,"href":"https:\/\/highfit.es\/en\/wp-json\/wp\/v2\/comments?post=8735"}],"wp:featuredmedia":[{"embeddable":true,"href":"https:\/\/highfit.es\/en\/wp-json\/wp\/v2\/media\/6659"}],"wp:attachment":[{"href":"https:\/\/highfit.es\/en\/wp-json\/wp\/v2\/media?parent=8735"}],"wp:term":[{"taxonomy":"product_brand","embeddable":true,"href":"https:\/\/highfit.es\/en\/wp-json\/wp\/v2\/product_brand?post=8735"},{"taxonomy":"product_cat","embeddable":true,"href":"https:\/\/highfit.es\/en\/wp-json\/wp\/v2\/product_cat?post=8735"},{"taxonomy":"product_tag","embeddable":true,"href":"https:\/\/highfit.es\/en\/wp-json\/wp\/v2\/product_tag?post=8735"}],"curies":[{"name":"wp","href":"https:\/\/api.w.org\/{rel}","templated":true}]}}