{"id":8731,"date":"2024-03-15T09:56:32","date_gmt":"2024-03-15T07:56:32","guid":{"rendered":"https:\/\/highfit.es\/producto\/amix-glutamine-bcaas-530-g\/"},"modified":"2024-03-15T09:56:32","modified_gmt":"2024-03-15T07:56:32","slug":"amix-glutamine-bcaas-530-g","status":"publish","type":"product","link":"https:\/\/highfit.es\/en\/producto\/amix-glutamine-bcaas-530-g\/","title":{"rendered":"Amix Glutamine + Bcaa\u00b4s 530 g"},"excerpt":{"rendered":"<p><strong>Glutamine + Bcaa&#8217;s from<\/strong> <strong>Amix<\/strong> <span class=\"TextRun SCXW139378305 BCX0\" lang=\"CS-CZ\" xml:lang=\"CS-CZ\" data-contrast =\"auto\"><span class=\"NormalTextRun SCXW139378305 BCX0\">en<\/span><span class=\"NormalTextRun SCXW139378305 BCX0\"> a<\/span><span class=\"NormalTextRun SCXW139378305 BCX0\"> a dietary supplement composed of amino acids<\/span><span class= \"NormalTextRun SCXW139378305 BCX0\">branched chain acids with an optimal ratio of 2:1:1<\/span><span class=\"NormalTextRun SCXW139378305 BCX0\">\u00a0<\/span><span class=\"NormalTextRun SCXW139378305 BCX0\">and the same amount of glutamine< \/span><\/span><\/p>\n<p><span class=\"TextRun SCXW139378305 BCX0\" lang=\"CS-CZ\" xml:lang=\"CS-CZ\" data-contrast=\"auto\"><span class=\"NormalTextRun SCXW139378305 BCX0\"> <strong>BCAA amino acids<\/strong> are the building blocks of proteins<\/span><\/span><\/p>\n<p>&nbsp;<\/p>\n<p>&nbsp;<\/p>\n<ul>\n<li><span class=\"TextRun SCXW139378305 BCX0\" lang=\"CS-CZ\" xml:lang=\"CS-CZ\" data-contrast=\"auto\"><span class=\"NormalTextRun SCXW139378305 BCX0\">Contains 5,000 mg of BCAA&#8217;s 5,000 mg of L-Glutamine per service<\/span><\/span><\/li>\n<li><span class=\"TextRun SCXW139378305 BCX0\" lang=\"CS-CZ\" xml:lang=\"CS-CZ\" data-contrast=\"auto\"><span class=\"NormalTextRun SCXW139378305 BCX0\">Micronized L-Glutamine and highly soluble<\/span><\/span><\/li>\n<li><span class=\"TextRun SCXW139378305 BCX0\" lang=\"CS-CZ\" xml:lang=\"CS-CZ\" data-contrast=\"auto\"><span class=\"NormalTextRun SCXW139378305 BCX0\">Instant drink <\/span><\/span><\/li >\n<li><span class=\"TextRun SCXW139378305 BCX0\" lang=\"CS-CZ\" xml:lang=\"CS-CZ\" data-contrast=\"auto\"><span class=\"NormalTextRun SCXW139378305 BCX0\">Aspartame Free<\/ span><\/span><\/li>\n<\/ul>\n<p>&nbsp;<\/p>\n<p>*Natural Flavor Format 500 g<\/p>\n","protected":false},"featured_media":6653,"comment_status":"open","ping_status":"closed","template":"","meta":[],"product_brand":[],"product_cat":[116,301],"product_tag":[],"class_list":{"0":"post-8731","1":"product","2":"type-product","3":"status-publish","4":"has-post-thumbnail","6":"product_cat-aminoacidos-en","7":"product_cat-amix-en","8":"pa_marca-amix-en","9":"pa_sabor-forest-fruits","10":"pa_sabor-mango-en","11":"pa_sabor-naranja-en","13":"first","14":"outofstock","15":"taxable","16":"shipping-taxable","17":"product-type-variable"},"yoast_head":"<!-- This site is optimized with the Yoast SEO plugin v27.3 - https:\/\/yoast.com\/product\/yoast-seo-wordpress\/ -->\n<title>Amix Glutamine + Bcaa\u00b4s 530 g - Nutrici\u00f3n Deportiva y Suplementaci\u00f3n - HighFit<\/title>\n<meta name=\"robots\" content=\"index, follow, max-snippet:-1, max-image-preview:large, max-video-preview:-1\" \/>\n<link rel=\"canonical\" href=\"https:\/\/highfit.es\/en\/producto\/amix-glutamine-bcaas-530-g\/\" \/>\n<meta property=\"og:locale\" content=\"en_US\" \/>\n<meta property=\"og:type\" content=\"article\" \/>\n<meta property=\"og:title\" content=\"Amix Glutamine + Bcaa\u00b4s 530 g - Nutrici\u00f3n Deportiva y Suplementaci\u00f3n - HighFit\" \/>\n<meta property=\"og:description\" content=\"Glutamine + Bcaa&#039;s from Amix en a a dietary supplement composed of amino acidsbranched chain acids with an optimal ratio of 2:1:1\u00a0and the same amount of glutamine&lt; \/span&gt;   BCAA amino acids are the building blocks of proteins  &nbsp;  &nbsp;   Contains 5,000 mg of BCAA&#039;s 5,000 mg of L-Glutamine per service  Micronized L-Glutamine and highly soluble  Instant drink  Aspartame Free  &nbsp;  *Natural Flavor Format 500 g\" \/>\n<meta property=\"og:url\" content=\"https:\/\/highfit.es\/en\/producto\/amix-glutamine-bcaas-530-g\/\" \/>\n<meta property=\"og:site_name\" content=\"Nutrici\u00f3n Deportiva y Suplementaci\u00f3n - HighFit\" \/>\n<meta property=\"og:image\" content=\"https:\/\/highfit.es\/wp-content\/uploads\/2024\/03\/amix-Glutamina530.jpg\" \/>\n\t<meta property=\"og:image:width\" content=\"660\" \/>\n\t<meta property=\"og:image:height\" content=\"660\" \/>\n\t<meta property=\"og:image:type\" content=\"image\/jpeg\" \/>\n<meta name=\"twitter:card\" content=\"summary_large_image\" \/>\n<script type=\"application\/ld+json\" class=\"yoast-schema-graph\">{\"@context\":\"https:\\\/\\\/schema.org\",\"@graph\":[{\"@type\":\"WebPage\",\"@id\":\"https:\\\/\\\/highfit.es\\\/en\\\/producto\\\/amix-glutamine-bcaas-530-g\\\/\",\"url\":\"https:\\\/\\\/highfit.es\\\/en\\\/producto\\\/amix-glutamine-bcaas-530-g\\\/\",\"name\":\"Amix Glutamine + Bcaa\u00b4s 530 g - Nutrici\u00f3n Deportiva y Suplementaci\u00f3n - HighFit\",\"isPartOf\":{\"@id\":\"https:\\\/\\\/highfit.es\\\/#website\"},\"primaryImageOfPage\":{\"@id\":\"https:\\\/\\\/highfit.es\\\/en\\\/producto\\\/amix-glutamine-bcaas-530-g\\\/#primaryimage\"},\"image\":{\"@id\":\"https:\\\/\\\/highfit.es\\\/en\\\/producto\\\/amix-glutamine-bcaas-530-g\\\/#primaryimage\"},\"thumbnailUrl\":\"https:\\\/\\\/highfit.es\\\/wp-content\\\/uploads\\\/2024\\\/03\\\/amix-Glutamina530.jpg\",\"datePublished\":\"2024-03-15T07:56:32+00:00\",\"breadcrumb\":{\"@id\":\"https:\\\/\\\/highfit.es\\\/en\\\/producto\\\/amix-glutamine-bcaas-530-g\\\/#breadcrumb\"},\"inLanguage\":\"en-US\",\"potentialAction\":[{\"@type\":\"ReadAction\",\"target\":[\"https:\\\/\\\/highfit.es\\\/en\\\/producto\\\/amix-glutamine-bcaas-530-g\\\/\"]}]},{\"@type\":\"ImageObject\",\"inLanguage\":\"en-US\",\"@id\":\"https:\\\/\\\/highfit.es\\\/en\\\/producto\\\/amix-glutamine-bcaas-530-g\\\/#primaryimage\",\"url\":\"https:\\\/\\\/highfit.es\\\/wp-content\\\/uploads\\\/2024\\\/03\\\/amix-Glutamina530.jpg\",\"contentUrl\":\"https:\\\/\\\/highfit.es\\\/wp-content\\\/uploads\\\/2024\\\/03\\\/amix-Glutamina530.jpg\",\"width\":660,\"height\":660},{\"@type\":\"BreadcrumbList\",\"@id\":\"https:\\\/\\\/highfit.es\\\/en\\\/producto\\\/amix-glutamine-bcaas-530-g\\\/#breadcrumb\",\"itemListElement\":[{\"@type\":\"ListItem\",\"position\":1,\"name\":\"Portada\",\"item\":\"https:\\\/\\\/highfit.es\\\/\"},{\"@type\":\"ListItem\",\"position\":2,\"name\":\"Productos\",\"item\":\"https:\\\/\\\/highfit.es\\\/shop\\\/\"},{\"@type\":\"ListItem\",\"position\":3,\"name\":\"Amix Glutamine + Bcaa\u00b4s 530 g\"}]},{\"@type\":\"WebSite\",\"@id\":\"https:\\\/\\\/highfit.es\\\/#website\",\"url\":\"https:\\\/\\\/highfit.es\\\/\",\"name\":\"Nutrici\u00f3n Deportiva y Suplementaci\u00f3n - HighFit\",\"description\":\"\u00daltima generaci\u00f3n en productos de nutrici\u00f3n deportiva. Marcas estrella en suplementaci\u00f3n con los m\u00e1s altos est\u00e1ndares de calidad\",\"potentialAction\":[{\"@type\":\"SearchAction\",\"target\":{\"@type\":\"EntryPoint\",\"urlTemplate\":\"https:\\\/\\\/highfit.es\\\/?s={search_term_string}\"},\"query-input\":{\"@type\":\"PropertyValueSpecification\",\"valueRequired\":true,\"valueName\":\"search_term_string\"}}],\"inLanguage\":\"en-US\"}]}<\/script>\n<!-- \/ Yoast SEO plugin. -->","yoast_head_json":{"title":"Amix Glutamine + Bcaa\u00b4s 530 g - Nutrici\u00f3n Deportiva y Suplementaci\u00f3n - HighFit","robots":{"index":"index","follow":"follow","max-snippet":"max-snippet:-1","max-image-preview":"max-image-preview:large","max-video-preview":"max-video-preview:-1"},"canonical":"https:\/\/highfit.es\/en\/producto\/amix-glutamine-bcaas-530-g\/","og_locale":"en_US","og_type":"article","og_title":"Amix Glutamine + Bcaa\u00b4s 530 g - Nutrici\u00f3n Deportiva y Suplementaci\u00f3n - HighFit","og_description":"Glutamine + Bcaa's from Amix en a a dietary supplement composed of amino acidsbranched chain acids with an optimal ratio of 2:1:1\u00a0and the same amount of glutamine< \/span>   BCAA amino acids are the building blocks of proteins  &nbsp;  &nbsp;   Contains 5,000 mg of BCAA's 5,000 mg of L-Glutamine per service  Micronized L-Glutamine and highly soluble  Instant drink  Aspartame Free  &nbsp;  *Natural Flavor Format 500 g","og_url":"https:\/\/highfit.es\/en\/producto\/amix-glutamine-bcaas-530-g\/","og_site_name":"Nutrici\u00f3n Deportiva y Suplementaci\u00f3n - HighFit","og_image":[{"width":660,"height":660,"url":"https:\/\/highfit.es\/wp-content\/uploads\/2024\/03\/amix-Glutamina530.jpg","type":"image\/jpeg"}],"twitter_card":"summary_large_image","schema":{"@context":"https:\/\/schema.org","@graph":[{"@type":"WebPage","@id":"https:\/\/highfit.es\/en\/producto\/amix-glutamine-bcaas-530-g\/","url":"https:\/\/highfit.es\/en\/producto\/amix-glutamine-bcaas-530-g\/","name":"Amix Glutamine + Bcaa\u00b4s 530 g - Nutrici\u00f3n Deportiva y Suplementaci\u00f3n - HighFit","isPartOf":{"@id":"https:\/\/highfit.es\/#website"},"primaryImageOfPage":{"@id":"https:\/\/highfit.es\/en\/producto\/amix-glutamine-bcaas-530-g\/#primaryimage"},"image":{"@id":"https:\/\/highfit.es\/en\/producto\/amix-glutamine-bcaas-530-g\/#primaryimage"},"thumbnailUrl":"https:\/\/highfit.es\/wp-content\/uploads\/2024\/03\/amix-Glutamina530.jpg","datePublished":"2024-03-15T07:56:32+00:00","breadcrumb":{"@id":"https:\/\/highfit.es\/en\/producto\/amix-glutamine-bcaas-530-g\/#breadcrumb"},"inLanguage":"en-US","potentialAction":[{"@type":"ReadAction","target":["https:\/\/highfit.es\/en\/producto\/amix-glutamine-bcaas-530-g\/"]}]},{"@type":"ImageObject","inLanguage":"en-US","@id":"https:\/\/highfit.es\/en\/producto\/amix-glutamine-bcaas-530-g\/#primaryimage","url":"https:\/\/highfit.es\/wp-content\/uploads\/2024\/03\/amix-Glutamina530.jpg","contentUrl":"https:\/\/highfit.es\/wp-content\/uploads\/2024\/03\/amix-Glutamina530.jpg","width":660,"height":660},{"@type":"BreadcrumbList","@id":"https:\/\/highfit.es\/en\/producto\/amix-glutamine-bcaas-530-g\/#breadcrumb","itemListElement":[{"@type":"ListItem","position":1,"name":"Portada","item":"https:\/\/highfit.es\/"},{"@type":"ListItem","position":2,"name":"Productos","item":"https:\/\/highfit.es\/shop\/"},{"@type":"ListItem","position":3,"name":"Amix Glutamine + Bcaa\u00b4s 530 g"}]},{"@type":"WebSite","@id":"https:\/\/highfit.es\/#website","url":"https:\/\/highfit.es\/","name":"Nutrici\u00f3n Deportiva y Suplementaci\u00f3n - HighFit","description":"\u00daltima generaci\u00f3n en productos de nutrici\u00f3n deportiva. Marcas estrella en suplementaci\u00f3n con los m\u00e1s altos est\u00e1ndares de calidad","potentialAction":[{"@type":"SearchAction","target":{"@type":"EntryPoint","urlTemplate":"https:\/\/highfit.es\/?s={search_term_string}"},"query-input":{"@type":"PropertyValueSpecification","valueRequired":true,"valueName":"search_term_string"}}],"inLanguage":"en-US"}]}},"_links":{"self":[{"href":"https:\/\/highfit.es\/en\/wp-json\/wp\/v2\/product\/8731","targetHints":{"allow":["GET"]}}],"collection":[{"href":"https:\/\/highfit.es\/en\/wp-json\/wp\/v2\/product"}],"about":[{"href":"https:\/\/highfit.es\/en\/wp-json\/wp\/v2\/types\/product"}],"replies":[{"embeddable":true,"href":"https:\/\/highfit.es\/en\/wp-json\/wp\/v2\/comments?post=8731"}],"wp:featuredmedia":[{"embeddable":true,"href":"https:\/\/highfit.es\/en\/wp-json\/wp\/v2\/media\/6653"}],"wp:attachment":[{"href":"https:\/\/highfit.es\/en\/wp-json\/wp\/v2\/media?parent=8731"}],"wp:term":[{"taxonomy":"product_brand","embeddable":true,"href":"https:\/\/highfit.es\/en\/wp-json\/wp\/v2\/product_brand?post=8731"},{"taxonomy":"product_cat","embeddable":true,"href":"https:\/\/highfit.es\/en\/wp-json\/wp\/v2\/product_cat?post=8731"},{"taxonomy":"product_tag","embeddable":true,"href":"https:\/\/highfit.es\/en\/wp-json\/wp\/v2\/product_tag?post=8731"}],"curies":[{"name":"wp","href":"https:\/\/api.w.org\/{rel}","templated":true}]}}