{"id":8441,"date":"2024-05-17T09:11:36","date_gmt":"2024-05-17T09:11:36","guid":{"rendered":"https:\/\/highfit.es\/producto\/scitec-saw-palmetto-complex\/"},"modified":"2024-05-17T09:11:36","modified_gmt":"2024-05-17T07:11:36","slug":"scitec-saw-palmetto-complex","status":"publish","type":"product","link":"https:\/\/highfit.es\/en\/producto\/scitec-saw-palmetto-complex\/","title":{"rendered":"Scitec Saw Palmetto Complex"},"excerpt":{"rendered":"<h3>For Prostate Health<\/h3>\n<ul>\n<li>5 Popular Ingredients<\/li>\n<\/ul>\n<p>Our SAW PALMETTO COMPLEX contains 5 popular and respected herbal ingredients in a total amount of 730 mg per serving. All of them help maintain the healthy state of the prostate gland. The most important one is Serenoa repens (Saw Palmetto) which has a long medicinal history as an exclusive and usual component in these formulas.<\/p>\n<p>In SAW PALMETTO COMPLEX Serenoa is accompanied by 4 additional beneficial herbal extracts. Each of these components supports the normal function of the prostate and urinary tract. The lignans present in Linum usitatissimum (Flax) play an important role. The fatty acids in Serenoa are also essential for maintaining reproductive function in men. Urtica dioica and Commiphora mukul (Guggul plant) also support the immune system!<\/p>\n","protected":false},"featured_media":7296,"comment_status":"open","ping_status":"closed","template":"","meta":[],"product_brand":[],"product_cat":[123],"product_tag":[],"class_list":{"0":"post-8441","1":"product","2":"type-product","3":"status-publish","4":"has-post-thumbnail","6":"product_cat-vitaminas-en","7":"pa_marca-scitec-nutrition-en","9":"first","10":"instock","11":"taxable","12":"shipping-taxable","13":"purchasable","14":"product-type-simple"},"yoast_head":"<!-- This site is optimized with the Yoast SEO plugin v27.3 - https:\/\/yoast.com\/product\/yoast-seo-wordpress\/ -->\n<title>Scitec Saw Palmetto Complex - Nutrici\u00f3n Deportiva y Suplementaci\u00f3n - HighFit<\/title>\n<meta name=\"robots\" content=\"index, follow, max-snippet:-1, max-image-preview:large, max-video-preview:-1\" \/>\n<link rel=\"canonical\" href=\"https:\/\/highfit.es\/en\/producto\/scitec-saw-palmetto-complex\/\" \/>\n<meta property=\"og:locale\" content=\"en_US\" \/>\n<meta property=\"og:type\" content=\"article\" \/>\n<meta property=\"og:title\" content=\"Scitec Saw Palmetto Complex - Nutrici\u00f3n Deportiva y Suplementaci\u00f3n - HighFit\" \/>\n<meta property=\"og:description\" content=\"For Prostate Health  5 Popular Ingredients  Our SAW PALMETTO COMPLEX contains 5 popular and respected herbal ingredients in a total amount of 730 mg per serving. All of them help maintain the healthy state of the prostate gland. The most important one is Serenoa repens (Saw Palmetto) which has a long medicinal history as an exclusive and usual component in these formulas. In SAW PALMETTO COMPLEX Serenoa is accompanied by 4 additional beneficial herbal extracts. Each of these components supports the normal function of the prostate and urinary tract. The lignans present in Linum usitatissimum (Flax) play an important role. The fatty acids in Serenoa are also essential for maintaining reproductive function in men. Urtica dioica and Commiphora mukul (Guggul plant) also support the immune system!\" \/>\n<meta property=\"og:url\" content=\"https:\/\/highfit.es\/en\/producto\/scitec-saw-palmetto-complex\/\" \/>\n<meta property=\"og:site_name\" content=\"Nutrici\u00f3n Deportiva y Suplementaci\u00f3n - HighFit\" \/>\n<meta property=\"og:image\" content=\"https:\/\/highfit.es\/wp-content\/uploads\/2024\/05\/scitec_saw_pametto_complex.jpg\" \/>\n\t<meta property=\"og:image:width\" content=\"800\" \/>\n\t<meta property=\"og:image:height\" content=\"800\" \/>\n\t<meta property=\"og:image:type\" content=\"image\/jpeg\" \/>\n<meta name=\"twitter:card\" content=\"summary_large_image\" \/>\n<script type=\"application\/ld+json\" class=\"yoast-schema-graph\">{\"@context\":\"https:\\\/\\\/schema.org\",\"@graph\":[{\"@type\":\"WebPage\",\"@id\":\"https:\\\/\\\/highfit.es\\\/en\\\/producto\\\/scitec-saw-palmetto-complex\\\/\",\"url\":\"https:\\\/\\\/highfit.es\\\/en\\\/producto\\\/scitec-saw-palmetto-complex\\\/\",\"name\":\"Scitec Saw Palmetto Complex - Nutrici\u00f3n Deportiva y Suplementaci\u00f3n - HighFit\",\"isPartOf\":{\"@id\":\"https:\\\/\\\/highfit.es\\\/#website\"},\"primaryImageOfPage\":{\"@id\":\"https:\\\/\\\/highfit.es\\\/en\\\/producto\\\/scitec-saw-palmetto-complex\\\/#primaryimage\"},\"image\":{\"@id\":\"https:\\\/\\\/highfit.es\\\/en\\\/producto\\\/scitec-saw-palmetto-complex\\\/#primaryimage\"},\"thumbnailUrl\":\"https:\\\/\\\/highfit.es\\\/wp-content\\\/uploads\\\/2024\\\/05\\\/scitec_saw_pametto_complex.jpg\",\"datePublished\":\"2024-05-17T09:11:36+00:00\",\"breadcrumb\":{\"@id\":\"https:\\\/\\\/highfit.es\\\/en\\\/producto\\\/scitec-saw-palmetto-complex\\\/#breadcrumb\"},\"inLanguage\":\"en-US\",\"potentialAction\":[{\"@type\":\"ReadAction\",\"target\":[\"https:\\\/\\\/highfit.es\\\/en\\\/producto\\\/scitec-saw-palmetto-complex\\\/\"]}]},{\"@type\":\"ImageObject\",\"inLanguage\":\"en-US\",\"@id\":\"https:\\\/\\\/highfit.es\\\/en\\\/producto\\\/scitec-saw-palmetto-complex\\\/#primaryimage\",\"url\":\"https:\\\/\\\/highfit.es\\\/wp-content\\\/uploads\\\/2024\\\/05\\\/scitec_saw_pametto_complex.jpg\",\"contentUrl\":\"https:\\\/\\\/highfit.es\\\/wp-content\\\/uploads\\\/2024\\\/05\\\/scitec_saw_pametto_complex.jpg\",\"width\":800,\"height\":800},{\"@type\":\"BreadcrumbList\",\"@id\":\"https:\\\/\\\/highfit.es\\\/en\\\/producto\\\/scitec-saw-palmetto-complex\\\/#breadcrumb\",\"itemListElement\":[{\"@type\":\"ListItem\",\"position\":1,\"name\":\"Portada\",\"item\":\"https:\\\/\\\/highfit.es\\\/\"},{\"@type\":\"ListItem\",\"position\":2,\"name\":\"Productos\",\"item\":\"https:\\\/\\\/highfit.es\\\/shop\\\/\"},{\"@type\":\"ListItem\",\"position\":3,\"name\":\"Scitec Saw Palmetto Complex\"}]},{\"@type\":\"WebSite\",\"@id\":\"https:\\\/\\\/highfit.es\\\/#website\",\"url\":\"https:\\\/\\\/highfit.es\\\/\",\"name\":\"Nutrici\u00f3n Deportiva y Suplementaci\u00f3n - HighFit\",\"description\":\"\u00daltima generaci\u00f3n en productos de nutrici\u00f3n deportiva. Marcas estrella en suplementaci\u00f3n con los m\u00e1s altos est\u00e1ndares de calidad\",\"potentialAction\":[{\"@type\":\"SearchAction\",\"target\":{\"@type\":\"EntryPoint\",\"urlTemplate\":\"https:\\\/\\\/highfit.es\\\/?s={search_term_string}\"},\"query-input\":{\"@type\":\"PropertyValueSpecification\",\"valueRequired\":true,\"valueName\":\"search_term_string\"}}],\"inLanguage\":\"en-US\"}]}<\/script>\n<!-- \/ Yoast SEO plugin. -->","yoast_head_json":{"title":"Scitec Saw Palmetto Complex - Nutrici\u00f3n Deportiva y Suplementaci\u00f3n - HighFit","robots":{"index":"index","follow":"follow","max-snippet":"max-snippet:-1","max-image-preview":"max-image-preview:large","max-video-preview":"max-video-preview:-1"},"canonical":"https:\/\/highfit.es\/en\/producto\/scitec-saw-palmetto-complex\/","og_locale":"en_US","og_type":"article","og_title":"Scitec Saw Palmetto Complex - Nutrici\u00f3n Deportiva y Suplementaci\u00f3n - HighFit","og_description":"For Prostate Health  5 Popular Ingredients  Our SAW PALMETTO COMPLEX contains 5 popular and respected herbal ingredients in a total amount of 730 mg per serving. All of them help maintain the healthy state of the prostate gland. The most important one is Serenoa repens (Saw Palmetto) which has a long medicinal history as an exclusive and usual component in these formulas. In SAW PALMETTO COMPLEX Serenoa is accompanied by 4 additional beneficial herbal extracts. Each of these components supports the normal function of the prostate and urinary tract. The lignans present in Linum usitatissimum (Flax) play an important role. The fatty acids in Serenoa are also essential for maintaining reproductive function in men. Urtica dioica and Commiphora mukul (Guggul plant) also support the immune system!","og_url":"https:\/\/highfit.es\/en\/producto\/scitec-saw-palmetto-complex\/","og_site_name":"Nutrici\u00f3n Deportiva y Suplementaci\u00f3n - HighFit","og_image":[{"width":800,"height":800,"url":"https:\/\/highfit.es\/wp-content\/uploads\/2024\/05\/scitec_saw_pametto_complex.jpg","type":"image\/jpeg"}],"twitter_card":"summary_large_image","schema":{"@context":"https:\/\/schema.org","@graph":[{"@type":"WebPage","@id":"https:\/\/highfit.es\/en\/producto\/scitec-saw-palmetto-complex\/","url":"https:\/\/highfit.es\/en\/producto\/scitec-saw-palmetto-complex\/","name":"Scitec Saw Palmetto Complex - Nutrici\u00f3n Deportiva y Suplementaci\u00f3n - HighFit","isPartOf":{"@id":"https:\/\/highfit.es\/#website"},"primaryImageOfPage":{"@id":"https:\/\/highfit.es\/en\/producto\/scitec-saw-palmetto-complex\/#primaryimage"},"image":{"@id":"https:\/\/highfit.es\/en\/producto\/scitec-saw-palmetto-complex\/#primaryimage"},"thumbnailUrl":"https:\/\/highfit.es\/wp-content\/uploads\/2024\/05\/scitec_saw_pametto_complex.jpg","datePublished":"2024-05-17T09:11:36+00:00","breadcrumb":{"@id":"https:\/\/highfit.es\/en\/producto\/scitec-saw-palmetto-complex\/#breadcrumb"},"inLanguage":"en-US","potentialAction":[{"@type":"ReadAction","target":["https:\/\/highfit.es\/en\/producto\/scitec-saw-palmetto-complex\/"]}]},{"@type":"ImageObject","inLanguage":"en-US","@id":"https:\/\/highfit.es\/en\/producto\/scitec-saw-palmetto-complex\/#primaryimage","url":"https:\/\/highfit.es\/wp-content\/uploads\/2024\/05\/scitec_saw_pametto_complex.jpg","contentUrl":"https:\/\/highfit.es\/wp-content\/uploads\/2024\/05\/scitec_saw_pametto_complex.jpg","width":800,"height":800},{"@type":"BreadcrumbList","@id":"https:\/\/highfit.es\/en\/producto\/scitec-saw-palmetto-complex\/#breadcrumb","itemListElement":[{"@type":"ListItem","position":1,"name":"Portada","item":"https:\/\/highfit.es\/"},{"@type":"ListItem","position":2,"name":"Productos","item":"https:\/\/highfit.es\/shop\/"},{"@type":"ListItem","position":3,"name":"Scitec Saw Palmetto Complex"}]},{"@type":"WebSite","@id":"https:\/\/highfit.es\/#website","url":"https:\/\/highfit.es\/","name":"Nutrici\u00f3n Deportiva y Suplementaci\u00f3n - HighFit","description":"\u00daltima generaci\u00f3n en productos de nutrici\u00f3n deportiva. Marcas estrella en suplementaci\u00f3n con los m\u00e1s altos est\u00e1ndares de calidad","potentialAction":[{"@type":"SearchAction","target":{"@type":"EntryPoint","urlTemplate":"https:\/\/highfit.es\/?s={search_term_string}"},"query-input":{"@type":"PropertyValueSpecification","valueRequired":true,"valueName":"search_term_string"}}],"inLanguage":"en-US"}]}},"_links":{"self":[{"href":"https:\/\/highfit.es\/en\/wp-json\/wp\/v2\/product\/8441","targetHints":{"allow":["GET"]}}],"collection":[{"href":"https:\/\/highfit.es\/en\/wp-json\/wp\/v2\/product"}],"about":[{"href":"https:\/\/highfit.es\/en\/wp-json\/wp\/v2\/types\/product"}],"replies":[{"embeddable":true,"href":"https:\/\/highfit.es\/en\/wp-json\/wp\/v2\/comments?post=8441"}],"wp:featuredmedia":[{"embeddable":true,"href":"https:\/\/highfit.es\/en\/wp-json\/wp\/v2\/media\/7296"}],"wp:attachment":[{"href":"https:\/\/highfit.es\/en\/wp-json\/wp\/v2\/media?parent=8441"}],"wp:term":[{"taxonomy":"product_brand","embeddable":true,"href":"https:\/\/highfit.es\/en\/wp-json\/wp\/v2\/product_brand?post=8441"},{"taxonomy":"product_cat","embeddable":true,"href":"https:\/\/highfit.es\/en\/wp-json\/wp\/v2\/product_cat?post=8441"},{"taxonomy":"product_tag","embeddable":true,"href":"https:\/\/highfit.es\/en\/wp-json\/wp\/v2\/product_tag?post=8441"}],"curies":[{"name":"wp","href":"https:\/\/api.w.org\/{rel}","templated":true}]}}