{"id":8430,"date":"2024-05-17T09:18:30","date_gmt":"2024-05-17T07:18:30","guid":{"rendered":"https:\/\/highfit.es\/producto\/scitec-jumbo-mass-gainer-3-5kg\/"},"modified":"2024-05-17T09:18:30","modified_gmt":"2024-05-17T07:18:30","slug":"scitec-jumbo-mass-gainer-3-5kg","status":"publish","type":"product","link":"https:\/\/highfit.es\/en\/producto\/scitec-jumbo-mass-gainer-3-5kg\/","title":{"rendered":"Scitec Jumbo! Mass Gainer 3.5Kg"},"excerpt":{"rendered":"<ul>\n<li>MULTI-COMPONENT PROTEIN MATRIX<\/li>\n<li>ADDED AMINO ACID MATRIX<\/li>\n<li>METABOLIC MATRIX<\/li>\n<li>FIBERS<\/li>\n<li>PROTEINS ONLY OF ANIMAL ORIGIN<\/li>\n<li>HIGH CALORIC CONTENT<\/li>\n<\/ul>\n<h3>The &#8220;Calorie Bomb&#8221;<\/h3>\n<p>To gain weight, you need to take in more calories over a period of time than you burn &#8211; if you struggle to gain weight with a fast metabolism, this can be particularly difficult as you literally have to eat all day to achieve this calorie surplus.<\/p>\n<p>Jumbo, true to its name, helps those looking to bulk up to achieve that calorie surplus more easily. It contains 135 g of carbohydrates and 53 g of protein per serving, which allows us to increase the amount of macronutrients consumed in a day and therefore the amount of calories we ingest daily.<\/p>\n<p>The product is composed exclusively of protein sources of animal origin &#8211; with the exception of various flours, of course, which are not counted as protein sources &#8211; which not only contain all essential amino acids, but also have a proportion of essential amino acids that is perfectly adapted to human needs. The protein found in Jumbo contributes to the increase of muscle mass and the maintenance of normal bone structure*.<\/p>\n<p>The product also contains 3 grams of creatine per serving, creatine increases physical performance during short, sequential and high-intensity exercises*. The Energizing Complex**, Digestive Complex***, added amino acids and superfood matrix complete Jumbo&#8217;s impressive formula.<\/p>\n<p>*Scientifically proven claims approved by the European Food Safety Authority (EFSA).<br \/>\n** Magnesium is involved in normal metabolic processes of energy production.<\/p>\n<p>*** Chromium is involved in normal macronutrient metabolism.<\/p>\n","protected":false},"featured_media":7304,"comment_status":"open","ping_status":"closed","template":"","meta":[],"product_brand":[],"product_cat":[125],"product_tag":[],"class_list":{"0":"post-8430","1":"product","2":"type-product","3":"status-publish","4":"has-post-thumbnail","6":"product_cat-ganadores-de-masa-en","7":"pa_marca-scitec-nutrition-en","8":"pa_sabor-chocolate-en","9":"pa_sabor-fresa-en","10":"pa_sabor-vainilla-en","12":"first","13":"instock","14":"taxable","15":"shipping-taxable","16":"purchasable","17":"product-type-variable"},"yoast_head":"<!-- This site is optimized with the Yoast SEO plugin v27.3 - https:\/\/yoast.com\/product\/yoast-seo-wordpress\/ -->\n<title>Scitec Jumbo! Mass Gainer 3.5Kg - Nutrici\u00f3n Deportiva y Suplementaci\u00f3n - HighFit<\/title>\n<meta name=\"robots\" content=\"index, follow, max-snippet:-1, max-image-preview:large, max-video-preview:-1\" \/>\n<link rel=\"canonical\" href=\"https:\/\/highfit.es\/en\/producto\/scitec-jumbo-mass-gainer-3-5kg\/\" \/>\n<meta property=\"og:locale\" content=\"en_US\" \/>\n<meta property=\"og:type\" content=\"article\" \/>\n<meta property=\"og:title\" content=\"Scitec Jumbo! Mass Gainer 3.5Kg - Nutrici\u00f3n Deportiva y Suplementaci\u00f3n - HighFit\" \/>\n<meta property=\"og:description\" content=\"MULTI-COMPONENT PROTEIN MATRIX ADDED AMINO ACID MATRIX METABOLIC MATRIX FIBERS PROTEINS ONLY OF ANIMAL ORIGIN HIGH CALORIC CONTENT  The &quot;Calorie Bomb&quot; To gain weight, you need to take in more calories over a period of time than you burn - if you struggle to gain weight with a fast metabolism, this can be particularly difficult as you literally have to eat all day to achieve this calorie surplus. Jumbo, true to its name, helps those looking to bulk up to achieve that calorie surplus more easily. It contains 135 g of carbohydrates and 53 g of protein per serving, which allows us to increase the amount of macronutrients consumed in a day and therefore the amount of calories we ingest daily. The product is composed exclusively of protein sources of animal origin - with the exception of various flours, of course, which are not counted as protein sources - which not only contain all essential amino acids, but also have a proportion of essential amino acids that is perfectly adapted to human needs. The protein found in Jumbo contributes to the increase of muscle mass and the maintenance of normal bone structure*. The product also contains 3 grams of creatine per serving, creatine increases physical performance during short, sequential and high-intensity exercises*. The Energizing Complex**, Digestive Complex***, added amino acids and superfood matrix complete Jumbo&#039;s impressive formula. *Scientifically proven claims approved by the European Food Safety Authority (EFSA). ** Magnesium is involved in normal metabolic processes of energy production. *** Chromium is involved in normal macronutrient metabolism.\" \/>\n<meta property=\"og:url\" content=\"https:\/\/highfit.es\/en\/producto\/scitec-jumbo-mass-gainer-3-5kg\/\" \/>\n<meta property=\"og:site_name\" content=\"Nutrici\u00f3n Deportiva y Suplementaci\u00f3n - HighFit\" \/>\n<meta property=\"og:image\" content=\"https:\/\/highfit.es\/wp-content\/uploads\/2024\/05\/scitec_jumbo.jpg\" \/>\n\t<meta property=\"og:image:width\" content=\"800\" \/>\n\t<meta property=\"og:image:height\" content=\"800\" \/>\n\t<meta property=\"og:image:type\" content=\"image\/jpeg\" \/>\n<meta name=\"twitter:card\" content=\"summary_large_image\" \/>\n<script type=\"application\/ld+json\" class=\"yoast-schema-graph\">{\"@context\":\"https:\\\/\\\/schema.org\",\"@graph\":[{\"@type\":\"WebPage\",\"@id\":\"https:\\\/\\\/highfit.es\\\/en\\\/producto\\\/scitec-jumbo-mass-gainer-3-5kg\\\/\",\"url\":\"https:\\\/\\\/highfit.es\\\/en\\\/producto\\\/scitec-jumbo-mass-gainer-3-5kg\\\/\",\"name\":\"Scitec Jumbo! Mass Gainer 3.5Kg - Nutrici\u00f3n Deportiva y Suplementaci\u00f3n - HighFit\",\"isPartOf\":{\"@id\":\"https:\\\/\\\/highfit.es\\\/#website\"},\"primaryImageOfPage\":{\"@id\":\"https:\\\/\\\/highfit.es\\\/en\\\/producto\\\/scitec-jumbo-mass-gainer-3-5kg\\\/#primaryimage\"},\"image\":{\"@id\":\"https:\\\/\\\/highfit.es\\\/en\\\/producto\\\/scitec-jumbo-mass-gainer-3-5kg\\\/#primaryimage\"},\"thumbnailUrl\":\"https:\\\/\\\/highfit.es\\\/wp-content\\\/uploads\\\/2024\\\/05\\\/scitec_jumbo.jpg\",\"datePublished\":\"2024-05-17T07:18:30+00:00\",\"breadcrumb\":{\"@id\":\"https:\\\/\\\/highfit.es\\\/en\\\/producto\\\/scitec-jumbo-mass-gainer-3-5kg\\\/#breadcrumb\"},\"inLanguage\":\"en-US\",\"potentialAction\":[{\"@type\":\"ReadAction\",\"target\":[\"https:\\\/\\\/highfit.es\\\/en\\\/producto\\\/scitec-jumbo-mass-gainer-3-5kg\\\/\"]}]},{\"@type\":\"ImageObject\",\"inLanguage\":\"en-US\",\"@id\":\"https:\\\/\\\/highfit.es\\\/en\\\/producto\\\/scitec-jumbo-mass-gainer-3-5kg\\\/#primaryimage\",\"url\":\"https:\\\/\\\/highfit.es\\\/wp-content\\\/uploads\\\/2024\\\/05\\\/scitec_jumbo.jpg\",\"contentUrl\":\"https:\\\/\\\/highfit.es\\\/wp-content\\\/uploads\\\/2024\\\/05\\\/scitec_jumbo.jpg\",\"width\":800,\"height\":800},{\"@type\":\"BreadcrumbList\",\"@id\":\"https:\\\/\\\/highfit.es\\\/en\\\/producto\\\/scitec-jumbo-mass-gainer-3-5kg\\\/#breadcrumb\",\"itemListElement\":[{\"@type\":\"ListItem\",\"position\":1,\"name\":\"Portada\",\"item\":\"https:\\\/\\\/highfit.es\\\/\"},{\"@type\":\"ListItem\",\"position\":2,\"name\":\"Productos\",\"item\":\"https:\\\/\\\/highfit.es\\\/shop\\\/\"},{\"@type\":\"ListItem\",\"position\":3,\"name\":\"Scitec Jumbo! Mass Gainer 3.5Kg\"}]},{\"@type\":\"WebSite\",\"@id\":\"https:\\\/\\\/highfit.es\\\/#website\",\"url\":\"https:\\\/\\\/highfit.es\\\/\",\"name\":\"Nutrici\u00f3n Deportiva y Suplementaci\u00f3n - HighFit\",\"description\":\"\u00daltima generaci\u00f3n en productos de nutrici\u00f3n deportiva. Marcas estrella en suplementaci\u00f3n con los m\u00e1s altos est\u00e1ndares de calidad\",\"potentialAction\":[{\"@type\":\"SearchAction\",\"target\":{\"@type\":\"EntryPoint\",\"urlTemplate\":\"https:\\\/\\\/highfit.es\\\/?s={search_term_string}\"},\"query-input\":{\"@type\":\"PropertyValueSpecification\",\"valueRequired\":true,\"valueName\":\"search_term_string\"}}],\"inLanguage\":\"en-US\"}]}<\/script>\n<!-- \/ Yoast SEO plugin. -->","yoast_head_json":{"title":"Scitec Jumbo! Mass Gainer 3.5Kg - Nutrici\u00f3n Deportiva y Suplementaci\u00f3n - HighFit","robots":{"index":"index","follow":"follow","max-snippet":"max-snippet:-1","max-image-preview":"max-image-preview:large","max-video-preview":"max-video-preview:-1"},"canonical":"https:\/\/highfit.es\/en\/producto\/scitec-jumbo-mass-gainer-3-5kg\/","og_locale":"en_US","og_type":"article","og_title":"Scitec Jumbo! Mass Gainer 3.5Kg - Nutrici\u00f3n Deportiva y Suplementaci\u00f3n - HighFit","og_description":"MULTI-COMPONENT PROTEIN MATRIX ADDED AMINO ACID MATRIX METABOLIC MATRIX FIBERS PROTEINS ONLY OF ANIMAL ORIGIN HIGH CALORIC CONTENT  The \"Calorie Bomb\" To gain weight, you need to take in more calories over a period of time than you burn - if you struggle to gain weight with a fast metabolism, this can be particularly difficult as you literally have to eat all day to achieve this calorie surplus. Jumbo, true to its name, helps those looking to bulk up to achieve that calorie surplus more easily. It contains 135 g of carbohydrates and 53 g of protein per serving, which allows us to increase the amount of macronutrients consumed in a day and therefore the amount of calories we ingest daily. The product is composed exclusively of protein sources of animal origin - with the exception of various flours, of course, which are not counted as protein sources - which not only contain all essential amino acids, but also have a proportion of essential amino acids that is perfectly adapted to human needs. The protein found in Jumbo contributes to the increase of muscle mass and the maintenance of normal bone structure*. The product also contains 3 grams of creatine per serving, creatine increases physical performance during short, sequential and high-intensity exercises*. The Energizing Complex**, Digestive Complex***, added amino acids and superfood matrix complete Jumbo's impressive formula. *Scientifically proven claims approved by the European Food Safety Authority (EFSA). ** Magnesium is involved in normal metabolic processes of energy production. *** Chromium is involved in normal macronutrient metabolism.","og_url":"https:\/\/highfit.es\/en\/producto\/scitec-jumbo-mass-gainer-3-5kg\/","og_site_name":"Nutrici\u00f3n Deportiva y Suplementaci\u00f3n - HighFit","og_image":[{"width":800,"height":800,"url":"https:\/\/highfit.es\/wp-content\/uploads\/2024\/05\/scitec_jumbo.jpg","type":"image\/jpeg"}],"twitter_card":"summary_large_image","schema":{"@context":"https:\/\/schema.org","@graph":[{"@type":"WebPage","@id":"https:\/\/highfit.es\/en\/producto\/scitec-jumbo-mass-gainer-3-5kg\/","url":"https:\/\/highfit.es\/en\/producto\/scitec-jumbo-mass-gainer-3-5kg\/","name":"Scitec Jumbo! Mass Gainer 3.5Kg - Nutrici\u00f3n Deportiva y Suplementaci\u00f3n - HighFit","isPartOf":{"@id":"https:\/\/highfit.es\/#website"},"primaryImageOfPage":{"@id":"https:\/\/highfit.es\/en\/producto\/scitec-jumbo-mass-gainer-3-5kg\/#primaryimage"},"image":{"@id":"https:\/\/highfit.es\/en\/producto\/scitec-jumbo-mass-gainer-3-5kg\/#primaryimage"},"thumbnailUrl":"https:\/\/highfit.es\/wp-content\/uploads\/2024\/05\/scitec_jumbo.jpg","datePublished":"2024-05-17T07:18:30+00:00","breadcrumb":{"@id":"https:\/\/highfit.es\/en\/producto\/scitec-jumbo-mass-gainer-3-5kg\/#breadcrumb"},"inLanguage":"en-US","potentialAction":[{"@type":"ReadAction","target":["https:\/\/highfit.es\/en\/producto\/scitec-jumbo-mass-gainer-3-5kg\/"]}]},{"@type":"ImageObject","inLanguage":"en-US","@id":"https:\/\/highfit.es\/en\/producto\/scitec-jumbo-mass-gainer-3-5kg\/#primaryimage","url":"https:\/\/highfit.es\/wp-content\/uploads\/2024\/05\/scitec_jumbo.jpg","contentUrl":"https:\/\/highfit.es\/wp-content\/uploads\/2024\/05\/scitec_jumbo.jpg","width":800,"height":800},{"@type":"BreadcrumbList","@id":"https:\/\/highfit.es\/en\/producto\/scitec-jumbo-mass-gainer-3-5kg\/#breadcrumb","itemListElement":[{"@type":"ListItem","position":1,"name":"Portada","item":"https:\/\/highfit.es\/"},{"@type":"ListItem","position":2,"name":"Productos","item":"https:\/\/highfit.es\/shop\/"},{"@type":"ListItem","position":3,"name":"Scitec Jumbo! Mass Gainer 3.5Kg"}]},{"@type":"WebSite","@id":"https:\/\/highfit.es\/#website","url":"https:\/\/highfit.es\/","name":"Nutrici\u00f3n Deportiva y Suplementaci\u00f3n - HighFit","description":"\u00daltima generaci\u00f3n en productos de nutrici\u00f3n deportiva. Marcas estrella en suplementaci\u00f3n con los m\u00e1s altos est\u00e1ndares de calidad","potentialAction":[{"@type":"SearchAction","target":{"@type":"EntryPoint","urlTemplate":"https:\/\/highfit.es\/?s={search_term_string}"},"query-input":{"@type":"PropertyValueSpecification","valueRequired":true,"valueName":"search_term_string"}}],"inLanguage":"en-US"}]}},"_links":{"self":[{"href":"https:\/\/highfit.es\/en\/wp-json\/wp\/v2\/product\/8430","targetHints":{"allow":["GET"]}}],"collection":[{"href":"https:\/\/highfit.es\/en\/wp-json\/wp\/v2\/product"}],"about":[{"href":"https:\/\/highfit.es\/en\/wp-json\/wp\/v2\/types\/product"}],"replies":[{"embeddable":true,"href":"https:\/\/highfit.es\/en\/wp-json\/wp\/v2\/comments?post=8430"}],"wp:featuredmedia":[{"embeddable":true,"href":"https:\/\/highfit.es\/en\/wp-json\/wp\/v2\/media\/7304"}],"wp:attachment":[{"href":"https:\/\/highfit.es\/en\/wp-json\/wp\/v2\/media?parent=8430"}],"wp:term":[{"taxonomy":"product_brand","embeddable":true,"href":"https:\/\/highfit.es\/en\/wp-json\/wp\/v2\/product_brand?post=8430"},{"taxonomy":"product_cat","embeddable":true,"href":"https:\/\/highfit.es\/en\/wp-json\/wp\/v2\/product_cat?post=8430"},{"taxonomy":"product_tag","embeddable":true,"href":"https:\/\/highfit.es\/en\/wp-json\/wp\/v2\/product_tag?post=8430"}],"curies":[{"name":"wp","href":"https:\/\/api.w.org\/{rel}","templated":true}]}}