{"id":8423,"date":"2024-05-23T09:54:47","date_gmt":"2024-05-23T07:54:47","guid":{"rendered":"https:\/\/highfit.es\/producto\/olimp-im-veggie-protein-bar\/"},"modified":"2024-05-23T09:54:47","modified_gmt":"2024-05-23T07:54:47","slug":"olimp-im-veggie-protein-bar","status":"publish","type":"product","link":"https:\/\/highfit.es\/en\/producto\/olimp-im-veggie-protein-bar\/","title":{"rendered":"Olimp I\u2019M VEGGIE PROTEIN BAR"},"excerpt":{"rendered":"<p><strong>Olimp I&#8217;M VEGGIE PROTEIN BAR+ *Protein-rich bar (23% protein) with chocolate-peanut flavour with a layer of peanut flavour (12%) and potato chips (4%), covered with chocolate (24%). Contains sugars and sweeteners. With the addition of vitamin B12, selected minerals, ashwagandha extract and lactic acid bacteria. The product is suitable for vegans and vegetarians. Low in sugar. High in dietary fibre.<\/p>\n","protected":false},"featured_media":7320,"comment_status":"open","ping_status":"closed","template":"","meta":[],"product_brand":[],"product_cat":[302,278],"product_tag":[],"class_list":{"0":"post-8423","1":"product","2":"type-product","3":"status-publish","4":"has-post-thumbnail","6":"product_cat-bar","7":"product_cat-olimp-en","8":"pa_marca-olimp-en","10":"first","11":"outofstock","12":"taxable","13":"shipping-taxable","14":"purchasable","15":"product-type-simple"},"yoast_head":"<!-- This site is optimized with the Yoast SEO plugin v27.3 - https:\/\/yoast.com\/product\/yoast-seo-wordpress\/ -->\n<title>Olimp I\u2019M VEGGIE PROTEIN BAR - Nutrici\u00f3n Deportiva y Suplementaci\u00f3n - HighFit<\/title>\n<meta name=\"robots\" content=\"index, follow, max-snippet:-1, max-image-preview:large, max-video-preview:-1\" \/>\n<link rel=\"canonical\" href=\"https:\/\/highfit.es\/en\/producto\/olimp-im-veggie-protein-bar\/\" \/>\n<meta property=\"og:locale\" content=\"en_US\" \/>\n<meta property=\"og:type\" content=\"article\" \/>\n<meta property=\"og:title\" content=\"Olimp I\u2019M VEGGIE PROTEIN BAR - Nutrici\u00f3n Deportiva y Suplementaci\u00f3n - HighFit\" \/>\n<meta property=\"og:description\" content=\"Olimp I&#039;M VEGGIE PROTEIN BAR+ *Protein-rich bar (23% protein) with chocolate-peanut flavour with a layer of peanut flavour (12%) and potato chips (4%), covered with chocolate (24%). Contains sugars and sweeteners. With the addition of vitamin B12, selected minerals, ashwagandha extract and lactic acid bacteria. The product is suitable for vegans and vegetarians. Low in sugar. High in dietary fibre.\" \/>\n<meta property=\"og:url\" content=\"https:\/\/highfit.es\/en\/producto\/olimp-im-veggie-protein-bar\/\" \/>\n<meta property=\"og:site_name\" content=\"Nutrici\u00f3n Deportiva y Suplementaci\u00f3n - HighFit\" \/>\n<meta property=\"og:image\" content=\"https:\/\/highfit.es\/wp-content\/uploads\/2024\/05\/olimp_barra_beggie.jpg\" \/>\n\t<meta property=\"og:image:width\" content=\"800\" \/>\n\t<meta property=\"og:image:height\" content=\"800\" \/>\n\t<meta property=\"og:image:type\" content=\"image\/jpeg\" \/>\n<meta name=\"twitter:card\" content=\"summary_large_image\" \/>\n<script type=\"application\/ld+json\" class=\"yoast-schema-graph\">{\"@context\":\"https:\\\/\\\/schema.org\",\"@graph\":[{\"@type\":\"WebPage\",\"@id\":\"https:\\\/\\\/highfit.es\\\/en\\\/producto\\\/olimp-im-veggie-protein-bar\\\/\",\"url\":\"https:\\\/\\\/highfit.es\\\/en\\\/producto\\\/olimp-im-veggie-protein-bar\\\/\",\"name\":\"Olimp I\u2019M VEGGIE PROTEIN BAR - Nutrici\u00f3n Deportiva y Suplementaci\u00f3n - HighFit\",\"isPartOf\":{\"@id\":\"https:\\\/\\\/highfit.es\\\/#website\"},\"primaryImageOfPage\":{\"@id\":\"https:\\\/\\\/highfit.es\\\/en\\\/producto\\\/olimp-im-veggie-protein-bar\\\/#primaryimage\"},\"image\":{\"@id\":\"https:\\\/\\\/highfit.es\\\/en\\\/producto\\\/olimp-im-veggie-protein-bar\\\/#primaryimage\"},\"thumbnailUrl\":\"https:\\\/\\\/highfit.es\\\/wp-content\\\/uploads\\\/2024\\\/05\\\/olimp_barra_beggie.jpg\",\"datePublished\":\"2024-05-23T07:54:47+00:00\",\"breadcrumb\":{\"@id\":\"https:\\\/\\\/highfit.es\\\/en\\\/producto\\\/olimp-im-veggie-protein-bar\\\/#breadcrumb\"},\"inLanguage\":\"en-US\",\"potentialAction\":[{\"@type\":\"ReadAction\",\"target\":[\"https:\\\/\\\/highfit.es\\\/en\\\/producto\\\/olimp-im-veggie-protein-bar\\\/\"]}]},{\"@type\":\"ImageObject\",\"inLanguage\":\"en-US\",\"@id\":\"https:\\\/\\\/highfit.es\\\/en\\\/producto\\\/olimp-im-veggie-protein-bar\\\/#primaryimage\",\"url\":\"https:\\\/\\\/highfit.es\\\/wp-content\\\/uploads\\\/2024\\\/05\\\/olimp_barra_beggie.jpg\",\"contentUrl\":\"https:\\\/\\\/highfit.es\\\/wp-content\\\/uploads\\\/2024\\\/05\\\/olimp_barra_beggie.jpg\",\"width\":800,\"height\":800},{\"@type\":\"BreadcrumbList\",\"@id\":\"https:\\\/\\\/highfit.es\\\/en\\\/producto\\\/olimp-im-veggie-protein-bar\\\/#breadcrumb\",\"itemListElement\":[{\"@type\":\"ListItem\",\"position\":1,\"name\":\"Portada\",\"item\":\"https:\\\/\\\/highfit.es\\\/\"},{\"@type\":\"ListItem\",\"position\":2,\"name\":\"Productos\",\"item\":\"https:\\\/\\\/highfit.es\\\/shop\\\/\"},{\"@type\":\"ListItem\",\"position\":3,\"name\":\"Olimp I\u2019M VEGGIE PROTEIN BAR\"}]},{\"@type\":\"WebSite\",\"@id\":\"https:\\\/\\\/highfit.es\\\/#website\",\"url\":\"https:\\\/\\\/highfit.es\\\/\",\"name\":\"Nutrici\u00f3n Deportiva y Suplementaci\u00f3n - HighFit\",\"description\":\"\u00daltima generaci\u00f3n en productos de nutrici\u00f3n deportiva. Marcas estrella en suplementaci\u00f3n con los m\u00e1s altos est\u00e1ndares de calidad\",\"potentialAction\":[{\"@type\":\"SearchAction\",\"target\":{\"@type\":\"EntryPoint\",\"urlTemplate\":\"https:\\\/\\\/highfit.es\\\/?s={search_term_string}\"},\"query-input\":{\"@type\":\"PropertyValueSpecification\",\"valueRequired\":true,\"valueName\":\"search_term_string\"}}],\"inLanguage\":\"en-US\"}]}<\/script>\n<!-- \/ Yoast SEO plugin. -->","yoast_head_json":{"title":"Olimp I\u2019M VEGGIE PROTEIN BAR - Nutrici\u00f3n Deportiva y Suplementaci\u00f3n - HighFit","robots":{"index":"index","follow":"follow","max-snippet":"max-snippet:-1","max-image-preview":"max-image-preview:large","max-video-preview":"max-video-preview:-1"},"canonical":"https:\/\/highfit.es\/en\/producto\/olimp-im-veggie-protein-bar\/","og_locale":"en_US","og_type":"article","og_title":"Olimp I\u2019M VEGGIE PROTEIN BAR - Nutrici\u00f3n Deportiva y Suplementaci\u00f3n - HighFit","og_description":"Olimp I'M VEGGIE PROTEIN BAR+ *Protein-rich bar (23% protein) with chocolate-peanut flavour with a layer of peanut flavour (12%) and potato chips (4%), covered with chocolate (24%). Contains sugars and sweeteners. With the addition of vitamin B12, selected minerals, ashwagandha extract and lactic acid bacteria. The product is suitable for vegans and vegetarians. Low in sugar. High in dietary fibre.","og_url":"https:\/\/highfit.es\/en\/producto\/olimp-im-veggie-protein-bar\/","og_site_name":"Nutrici\u00f3n Deportiva y Suplementaci\u00f3n - HighFit","og_image":[{"width":800,"height":800,"url":"https:\/\/highfit.es\/wp-content\/uploads\/2024\/05\/olimp_barra_beggie.jpg","type":"image\/jpeg"}],"twitter_card":"summary_large_image","schema":{"@context":"https:\/\/schema.org","@graph":[{"@type":"WebPage","@id":"https:\/\/highfit.es\/en\/producto\/olimp-im-veggie-protein-bar\/","url":"https:\/\/highfit.es\/en\/producto\/olimp-im-veggie-protein-bar\/","name":"Olimp I\u2019M VEGGIE PROTEIN BAR - Nutrici\u00f3n Deportiva y Suplementaci\u00f3n - HighFit","isPartOf":{"@id":"https:\/\/highfit.es\/#website"},"primaryImageOfPage":{"@id":"https:\/\/highfit.es\/en\/producto\/olimp-im-veggie-protein-bar\/#primaryimage"},"image":{"@id":"https:\/\/highfit.es\/en\/producto\/olimp-im-veggie-protein-bar\/#primaryimage"},"thumbnailUrl":"https:\/\/highfit.es\/wp-content\/uploads\/2024\/05\/olimp_barra_beggie.jpg","datePublished":"2024-05-23T07:54:47+00:00","breadcrumb":{"@id":"https:\/\/highfit.es\/en\/producto\/olimp-im-veggie-protein-bar\/#breadcrumb"},"inLanguage":"en-US","potentialAction":[{"@type":"ReadAction","target":["https:\/\/highfit.es\/en\/producto\/olimp-im-veggie-protein-bar\/"]}]},{"@type":"ImageObject","inLanguage":"en-US","@id":"https:\/\/highfit.es\/en\/producto\/olimp-im-veggie-protein-bar\/#primaryimage","url":"https:\/\/highfit.es\/wp-content\/uploads\/2024\/05\/olimp_barra_beggie.jpg","contentUrl":"https:\/\/highfit.es\/wp-content\/uploads\/2024\/05\/olimp_barra_beggie.jpg","width":800,"height":800},{"@type":"BreadcrumbList","@id":"https:\/\/highfit.es\/en\/producto\/olimp-im-veggie-protein-bar\/#breadcrumb","itemListElement":[{"@type":"ListItem","position":1,"name":"Portada","item":"https:\/\/highfit.es\/"},{"@type":"ListItem","position":2,"name":"Productos","item":"https:\/\/highfit.es\/shop\/"},{"@type":"ListItem","position":3,"name":"Olimp I\u2019M VEGGIE PROTEIN BAR"}]},{"@type":"WebSite","@id":"https:\/\/highfit.es\/#website","url":"https:\/\/highfit.es\/","name":"Nutrici\u00f3n Deportiva y Suplementaci\u00f3n - HighFit","description":"\u00daltima generaci\u00f3n en productos de nutrici\u00f3n deportiva. Marcas estrella en suplementaci\u00f3n con los m\u00e1s altos est\u00e1ndares de calidad","potentialAction":[{"@type":"SearchAction","target":{"@type":"EntryPoint","urlTemplate":"https:\/\/highfit.es\/?s={search_term_string}"},"query-input":{"@type":"PropertyValueSpecification","valueRequired":true,"valueName":"search_term_string"}}],"inLanguage":"en-US"}]}},"_links":{"self":[{"href":"https:\/\/highfit.es\/en\/wp-json\/wp\/v2\/product\/8423","targetHints":{"allow":["GET"]}}],"collection":[{"href":"https:\/\/highfit.es\/en\/wp-json\/wp\/v2\/product"}],"about":[{"href":"https:\/\/highfit.es\/en\/wp-json\/wp\/v2\/types\/product"}],"replies":[{"embeddable":true,"href":"https:\/\/highfit.es\/en\/wp-json\/wp\/v2\/comments?post=8423"}],"wp:featuredmedia":[{"embeddable":true,"href":"https:\/\/highfit.es\/en\/wp-json\/wp\/v2\/media\/7320"}],"wp:attachment":[{"href":"https:\/\/highfit.es\/en\/wp-json\/wp\/v2\/media?parent=8423"}],"wp:term":[{"taxonomy":"product_brand","embeddable":true,"href":"https:\/\/highfit.es\/en\/wp-json\/wp\/v2\/product_brand?post=8423"},{"taxonomy":"product_cat","embeddable":true,"href":"https:\/\/highfit.es\/en\/wp-json\/wp\/v2\/product_cat?post=8423"},{"taxonomy":"product_tag","embeddable":true,"href":"https:\/\/highfit.es\/en\/wp-json\/wp\/v2\/product_tag?post=8423"}],"curies":[{"name":"wp","href":"https:\/\/api.w.org\/{rel}","templated":true}]}}