{"id":8416,"date":"2024-05-17T09:18:19","date_gmt":"2024-05-17T09:18:19","guid":{"rendered":"https:\/\/highfit.es\/producto\/scitec-100-vegan-protein-1kg\/"},"modified":"2024-05-17T09:18:19","modified_gmt":"2024-05-17T07:18:19","slug":"scitec-100-vegan-protein-1kg","status":"publish","type":"product","link":"https:\/\/highfit.es\/en\/producto\/scitec-100-vegan-protein-1kg\/","title":{"rendered":"Scitec 100% Vegan Protein 1Kg"},"excerpt":{"rendered":"<h2>100% Vegan Protein<\/h2>\n<ul>\n<li>Sugar-free<\/li>\n<li>Gluten-free<\/li>\n<li>No preservatives<\/li>\n<li>Combined plant-based protein sources<\/li>\n<\/ul>\n<h3>What are the benefits of plant-based proteins?<\/h3>\n<p>If you are a committed vegetarian or vegan, or do not want to consume animal proteins for other reasons, for example due to some kind of sensitivity, then you should consider plant-based proteins. However, these do not have a perfect amino acid profile because, although they contain all the essential amino acids, their proportions do not suit the needs of the human body, unlike animal-based proteins. Since whey protein contributes to increasing and maintaining muscle mass and maintaining a normal bone system*, it is necessary and important to consume the right amount of protein of the corresponding quality if you are vegan.<\/p>\n<p>What to do in this situation? Combining several plant-based proteins can counteract the disadvantages mentioned above. 100% Vegan Protein combines five plant-based proteins. It contains no sugar, no gluten, no preservatives, and has been enriched with vitamin B12, which helps reduce feelings of tiredness and fatigue and is essential for everyone, vegans and non-vegans alike.<\/p>\n<p>If you&#8217;re looking for a vegan protein source, you&#8217;ve found it.<\/p>\n<p>*Scientifically proven claims, authorised by the EFSA, the European Food Safety Authority.<\/p>\n","protected":false},"featured_media":7291,"comment_status":"open","ping_status":"closed","template":"","meta":[],"product_brand":[],"product_cat":[179],"product_tag":[],"class_list":{"0":"post-8416","1":"product","2":"type-product","3":"status-publish","4":"has-post-thumbnail","6":"product_cat-whey-protein-en","7":"pa_marca-scitec-nutrition-en","8":"pa_sabor-avellana-nuez-en","9":"pa_sabor-chocolate-en","10":"pa_sabor-vainilla-en","12":"first","13":"instock","14":"taxable","15":"shipping-taxable","16":"purchasable","17":"product-type-variable"},"yoast_head":"<!-- This site is optimized with the Yoast SEO plugin v27.3 - https:\/\/yoast.com\/product\/yoast-seo-wordpress\/ -->\n<title>Scitec 100% Vegan Protein 1Kg - Nutrici\u00f3n Deportiva y Suplementaci\u00f3n - HighFit<\/title>\n<meta name=\"robots\" content=\"index, follow, max-snippet:-1, max-image-preview:large, max-video-preview:-1\" \/>\n<link rel=\"canonical\" href=\"https:\/\/highfit.es\/en\/producto\/scitec-100-vegan-protein-1kg\/\" \/>\n<meta property=\"og:locale\" content=\"en_US\" \/>\n<meta property=\"og:type\" content=\"article\" \/>\n<meta property=\"og:title\" content=\"Scitec 100% Vegan Protein 1Kg - Nutrici\u00f3n Deportiva y Suplementaci\u00f3n - HighFit\" \/>\n<meta property=\"og:description\" content=\"100% Vegan Protein  Sugar-free Gluten-free No preservatives Combined plant-based protein sources  What are the benefits of plant-based proteins? If you are a committed vegetarian or vegan, or do not want to consume animal proteins for other reasons, for example due to some kind of sensitivity, then you should consider plant-based proteins. However, these do not have a perfect amino acid profile because, although they contain all the essential amino acids, their proportions do not suit the needs of the human body, unlike animal-based proteins. Since whey protein contributes to increasing and maintaining muscle mass and maintaining a normal bone system*, it is necessary and important to consume the right amount of protein of the corresponding quality if you are vegan. What to do in this situation? Combining several plant-based proteins can counteract the disadvantages mentioned above. 100% Vegan Protein combines five plant-based proteins. It contains no sugar, no gluten, no preservatives, and has been enriched with vitamin B12, which helps reduce feelings of tiredness and fatigue and is essential for everyone, vegans and non-vegans alike. If you&#039;re looking for a vegan protein source, you&#039;ve found it. *Scientifically proven claims, authorised by the EFSA, the European Food Safety Authority.\" \/>\n<meta property=\"og:url\" content=\"https:\/\/highfit.es\/en\/producto\/scitec-100-vegan-protein-1kg\/\" \/>\n<meta property=\"og:site_name\" content=\"Nutrici\u00f3n Deportiva y Suplementaci\u00f3n - HighFit\" \/>\n<meta property=\"og:image\" content=\"https:\/\/highfit.es\/wp-content\/uploads\/2024\/05\/scitec_100_vegan_protein.jpg\" \/>\n\t<meta property=\"og:image:width\" content=\"800\" \/>\n\t<meta property=\"og:image:height\" content=\"800\" \/>\n\t<meta property=\"og:image:type\" content=\"image\/jpeg\" \/>\n<meta name=\"twitter:card\" content=\"summary_large_image\" \/>\n<script type=\"application\/ld+json\" class=\"yoast-schema-graph\">{\"@context\":\"https:\\\/\\\/schema.org\",\"@graph\":[{\"@type\":\"WebPage\",\"@id\":\"https:\\\/\\\/highfit.es\\\/en\\\/producto\\\/scitec-100-vegan-protein-1kg\\\/\",\"url\":\"https:\\\/\\\/highfit.es\\\/en\\\/producto\\\/scitec-100-vegan-protein-1kg\\\/\",\"name\":\"Scitec 100% Vegan Protein 1Kg - Nutrici\u00f3n Deportiva y Suplementaci\u00f3n - HighFit\",\"isPartOf\":{\"@id\":\"https:\\\/\\\/highfit.es\\\/#website\"},\"primaryImageOfPage\":{\"@id\":\"https:\\\/\\\/highfit.es\\\/en\\\/producto\\\/scitec-100-vegan-protein-1kg\\\/#primaryimage\"},\"image\":{\"@id\":\"https:\\\/\\\/highfit.es\\\/en\\\/producto\\\/scitec-100-vegan-protein-1kg\\\/#primaryimage\"},\"thumbnailUrl\":\"https:\\\/\\\/highfit.es\\\/wp-content\\\/uploads\\\/2024\\\/05\\\/scitec_100_vegan_protein.jpg\",\"datePublished\":\"2024-05-17T09:18:19+00:00\",\"breadcrumb\":{\"@id\":\"https:\\\/\\\/highfit.es\\\/en\\\/producto\\\/scitec-100-vegan-protein-1kg\\\/#breadcrumb\"},\"inLanguage\":\"en-US\",\"potentialAction\":[{\"@type\":\"ReadAction\",\"target\":[\"https:\\\/\\\/highfit.es\\\/en\\\/producto\\\/scitec-100-vegan-protein-1kg\\\/\"]}]},{\"@type\":\"ImageObject\",\"inLanguage\":\"en-US\",\"@id\":\"https:\\\/\\\/highfit.es\\\/en\\\/producto\\\/scitec-100-vegan-protein-1kg\\\/#primaryimage\",\"url\":\"https:\\\/\\\/highfit.es\\\/wp-content\\\/uploads\\\/2024\\\/05\\\/scitec_100_vegan_protein.jpg\",\"contentUrl\":\"https:\\\/\\\/highfit.es\\\/wp-content\\\/uploads\\\/2024\\\/05\\\/scitec_100_vegan_protein.jpg\",\"width\":800,\"height\":800},{\"@type\":\"BreadcrumbList\",\"@id\":\"https:\\\/\\\/highfit.es\\\/en\\\/producto\\\/scitec-100-vegan-protein-1kg\\\/#breadcrumb\",\"itemListElement\":[{\"@type\":\"ListItem\",\"position\":1,\"name\":\"Portada\",\"item\":\"https:\\\/\\\/highfit.es\\\/\"},{\"@type\":\"ListItem\",\"position\":2,\"name\":\"Productos\",\"item\":\"https:\\\/\\\/highfit.es\\\/shop\\\/\"},{\"@type\":\"ListItem\",\"position\":3,\"name\":\"Scitec 100% Vegan Protein 1Kg\"}]},{\"@type\":\"WebSite\",\"@id\":\"https:\\\/\\\/highfit.es\\\/#website\",\"url\":\"https:\\\/\\\/highfit.es\\\/\",\"name\":\"Nutrici\u00f3n Deportiva y Suplementaci\u00f3n - HighFit\",\"description\":\"\u00daltima generaci\u00f3n en productos de nutrici\u00f3n deportiva. Marcas estrella en suplementaci\u00f3n con los m\u00e1s altos est\u00e1ndares de calidad\",\"potentialAction\":[{\"@type\":\"SearchAction\",\"target\":{\"@type\":\"EntryPoint\",\"urlTemplate\":\"https:\\\/\\\/highfit.es\\\/?s={search_term_string}\"},\"query-input\":{\"@type\":\"PropertyValueSpecification\",\"valueRequired\":true,\"valueName\":\"search_term_string\"}}],\"inLanguage\":\"en-US\"}]}<\/script>\n<!-- \/ Yoast SEO plugin. -->","yoast_head_json":{"title":"Scitec 100% Vegan Protein 1Kg - Nutrici\u00f3n Deportiva y Suplementaci\u00f3n - HighFit","robots":{"index":"index","follow":"follow","max-snippet":"max-snippet:-1","max-image-preview":"max-image-preview:large","max-video-preview":"max-video-preview:-1"},"canonical":"https:\/\/highfit.es\/en\/producto\/scitec-100-vegan-protein-1kg\/","og_locale":"en_US","og_type":"article","og_title":"Scitec 100% Vegan Protein 1Kg - Nutrici\u00f3n Deportiva y Suplementaci\u00f3n - HighFit","og_description":"100% Vegan Protein  Sugar-free Gluten-free No preservatives Combined plant-based protein sources  What are the benefits of plant-based proteins? If you are a committed vegetarian or vegan, or do not want to consume animal proteins for other reasons, for example due to some kind of sensitivity, then you should consider plant-based proteins. However, these do not have a perfect amino acid profile because, although they contain all the essential amino acids, their proportions do not suit the needs of the human body, unlike animal-based proteins. Since whey protein contributes to increasing and maintaining muscle mass and maintaining a normal bone system*, it is necessary and important to consume the right amount of protein of the corresponding quality if you are vegan. What to do in this situation? Combining several plant-based proteins can counteract the disadvantages mentioned above. 100% Vegan Protein combines five plant-based proteins. It contains no sugar, no gluten, no preservatives, and has been enriched with vitamin B12, which helps reduce feelings of tiredness and fatigue and is essential for everyone, vegans and non-vegans alike. If you're looking for a vegan protein source, you've found it. *Scientifically proven claims, authorised by the EFSA, the European Food Safety Authority.","og_url":"https:\/\/highfit.es\/en\/producto\/scitec-100-vegan-protein-1kg\/","og_site_name":"Nutrici\u00f3n Deportiva y Suplementaci\u00f3n - HighFit","og_image":[{"width":800,"height":800,"url":"https:\/\/highfit.es\/wp-content\/uploads\/2024\/05\/scitec_100_vegan_protein.jpg","type":"image\/jpeg"}],"twitter_card":"summary_large_image","schema":{"@context":"https:\/\/schema.org","@graph":[{"@type":"WebPage","@id":"https:\/\/highfit.es\/en\/producto\/scitec-100-vegan-protein-1kg\/","url":"https:\/\/highfit.es\/en\/producto\/scitec-100-vegan-protein-1kg\/","name":"Scitec 100% Vegan Protein 1Kg - Nutrici\u00f3n Deportiva y Suplementaci\u00f3n - HighFit","isPartOf":{"@id":"https:\/\/highfit.es\/#website"},"primaryImageOfPage":{"@id":"https:\/\/highfit.es\/en\/producto\/scitec-100-vegan-protein-1kg\/#primaryimage"},"image":{"@id":"https:\/\/highfit.es\/en\/producto\/scitec-100-vegan-protein-1kg\/#primaryimage"},"thumbnailUrl":"https:\/\/highfit.es\/wp-content\/uploads\/2024\/05\/scitec_100_vegan_protein.jpg","datePublished":"2024-05-17T09:18:19+00:00","breadcrumb":{"@id":"https:\/\/highfit.es\/en\/producto\/scitec-100-vegan-protein-1kg\/#breadcrumb"},"inLanguage":"en-US","potentialAction":[{"@type":"ReadAction","target":["https:\/\/highfit.es\/en\/producto\/scitec-100-vegan-protein-1kg\/"]}]},{"@type":"ImageObject","inLanguage":"en-US","@id":"https:\/\/highfit.es\/en\/producto\/scitec-100-vegan-protein-1kg\/#primaryimage","url":"https:\/\/highfit.es\/wp-content\/uploads\/2024\/05\/scitec_100_vegan_protein.jpg","contentUrl":"https:\/\/highfit.es\/wp-content\/uploads\/2024\/05\/scitec_100_vegan_protein.jpg","width":800,"height":800},{"@type":"BreadcrumbList","@id":"https:\/\/highfit.es\/en\/producto\/scitec-100-vegan-protein-1kg\/#breadcrumb","itemListElement":[{"@type":"ListItem","position":1,"name":"Portada","item":"https:\/\/highfit.es\/"},{"@type":"ListItem","position":2,"name":"Productos","item":"https:\/\/highfit.es\/shop\/"},{"@type":"ListItem","position":3,"name":"Scitec 100% Vegan Protein 1Kg"}]},{"@type":"WebSite","@id":"https:\/\/highfit.es\/#website","url":"https:\/\/highfit.es\/","name":"Nutrici\u00f3n Deportiva y Suplementaci\u00f3n - HighFit","description":"\u00daltima generaci\u00f3n en productos de nutrici\u00f3n deportiva. Marcas estrella en suplementaci\u00f3n con los m\u00e1s altos est\u00e1ndares de calidad","potentialAction":[{"@type":"SearchAction","target":{"@type":"EntryPoint","urlTemplate":"https:\/\/highfit.es\/?s={search_term_string}"},"query-input":{"@type":"PropertyValueSpecification","valueRequired":true,"valueName":"search_term_string"}}],"inLanguage":"en-US"}]}},"_links":{"self":[{"href":"https:\/\/highfit.es\/en\/wp-json\/wp\/v2\/product\/8416","targetHints":{"allow":["GET"]}}],"collection":[{"href":"https:\/\/highfit.es\/en\/wp-json\/wp\/v2\/product"}],"about":[{"href":"https:\/\/highfit.es\/en\/wp-json\/wp\/v2\/types\/product"}],"replies":[{"embeddable":true,"href":"https:\/\/highfit.es\/en\/wp-json\/wp\/v2\/comments?post=8416"}],"wp:featuredmedia":[{"embeddable":true,"href":"https:\/\/highfit.es\/en\/wp-json\/wp\/v2\/media\/7291"}],"wp:attachment":[{"href":"https:\/\/highfit.es\/en\/wp-json\/wp\/v2\/media?parent=8416"}],"wp:term":[{"taxonomy":"product_brand","embeddable":true,"href":"https:\/\/highfit.es\/en\/wp-json\/wp\/v2\/product_brand?post=8416"},{"taxonomy":"product_cat","embeddable":true,"href":"https:\/\/highfit.es\/en\/wp-json\/wp\/v2\/product_cat?post=8416"},{"taxonomy":"product_tag","embeddable":true,"href":"https:\/\/highfit.es\/en\/wp-json\/wp\/v2\/product_tag?post=8416"}],"curies":[{"name":"wp","href":"https:\/\/api.w.org\/{rel}","templated":true}]}}