{"id":8309,"date":"2024-08-22T13:10:04","date_gmt":"2024-08-22T11:10:04","guid":{"rendered":"https:\/\/highfit.es\/producto\/scitec-creatine-660-gr\/"},"modified":"2024-08-22T13:10:04","modified_gmt":"2024-08-22T11:10:04","slug":"scitec-creatine-660-gr","status":"publish","type":"product","link":"https:\/\/highfit.es\/en\/producto\/scitec-creatine-660-gr\/","title":{"rendered":"Scitec Creatine (660 gr.)"},"excerpt":{"rendered":"<h3>Multi-component creatine matrix<\/h3>\n<ul>\n<li>5 types of creatine<\/li>\n<li>9 active ingredients<\/li>\n<li>Additional taurine<\/li>\n<li>Magnesium and vitamin b3<\/li>\n<\/ul>\n<p>Diversity and teamwork have many advantages. There is no need to take part in the impossible debate about the best form of creatine: many types can be taken at once. It is possible to \u201cbombard\u201d the muscle cells with important types of creatine with CREA-BOMB. Our best matrix, with 6 types of creatine, provides, among others, the most advanced form of creatine. This dose of creatine (at least 3 grams per day) has been scientifically proven to improve physical performance in successive bouts of short, high-intensity exercise*.<\/p>\n<h3>Many of our selected ingredients also contribute to one or more of the following beneficial physiological effects*:<\/h3>\n<ul>\n<li>Normal protein synthesis<\/li>\n<li>Normal functioning of the nervous system: neurotransmission and muscle contraction including the heart muscle<\/li>\n<li>Reduction of tiredness and fatigue<\/li>\n<li>Normal energy-yielding metabolism<\/li>\n<li>Normal psychological function<\/li>\n<li>Electrolyte balance<\/li>\n<li>Maintenance of normal bones and teeth<\/li>\n<\/ul>\n<p>* These claims have been authorised by the European Food Safety Authority (EFSA).<\/p>\n","protected":false},"featured_media":8005,"comment_status":"open","ping_status":"closed","template":"","meta":[],"product_brand":[],"product_cat":[180,106],"product_tag":[],"class_list":{"0":"post-8309","1":"product","2":"type-product","3":"status-publish","4":"has-post-thumbnail","6":"product_cat-creatine-en","7":"product_cat-energia-en","8":"pa_marca-scitec-nutrition-en","9":"pa_sabor-fruit-passion","11":"first","12":"instock","13":"taxable","14":"shipping-taxable","15":"purchasable","16":"product-type-variable"},"yoast_head":"<!-- This site is optimized with the Yoast SEO plugin v27.4 - https:\/\/yoast.com\/product\/yoast-seo-wordpress\/ -->\n<title>Scitec Creatine (660 gr.) - Nutrici\u00f3n Deportiva y Suplementaci\u00f3n - HighFit<\/title>\n<meta name=\"robots\" content=\"index, follow, max-snippet:-1, max-image-preview:large, max-video-preview:-1\" \/>\n<link rel=\"canonical\" href=\"https:\/\/highfit.es\/en\/producto\/scitec-creatine-660-gr\/\" \/>\n<meta property=\"og:locale\" content=\"en_US\" \/>\n<meta property=\"og:type\" content=\"article\" \/>\n<meta property=\"og:title\" content=\"Scitec Creatine (660 gr.) - Nutrici\u00f3n Deportiva y Suplementaci\u00f3n - HighFit\" \/>\n<meta property=\"og:description\" content=\"Multi-component creatine matrix  5 types of creatine 9 active ingredients Additional taurine Magnesium and vitamin b3  Diversity and teamwork have many advantages. There is no need to take part in the impossible debate about the best form of creatine: many types can be taken at once. It is possible to \u201cbombard\u201d the muscle cells with important types of creatine with CREA-BOMB. Our best matrix, with 6 types of creatine, provides, among others, the most advanced form of creatine. This dose of creatine (at least 3 grams per day) has been scientifically proven to improve physical performance in successive bouts of short, high-intensity exercise*. Many of our selected ingredients also contribute to one or more of the following beneficial physiological effects*:  Normal protein synthesis Normal functioning of the nervous system: neurotransmission and muscle contraction including the heart muscle Reduction of tiredness and fatigue Normal energy-yielding metabolism Normal psychological function Electrolyte balance Maintenance of normal bones and teeth  * These claims have been authorised by the European Food Safety Authority (EFSA).\" \/>\n<meta property=\"og:url\" content=\"https:\/\/highfit.es\/en\/producto\/scitec-creatine-660-gr\/\" \/>\n<meta property=\"og:site_name\" content=\"Nutrici\u00f3n Deportiva y Suplementaci\u00f3n - HighFit\" \/>\n<meta property=\"og:image\" content=\"https:\/\/highfit.es\/wp-content\/uploads\/2024\/08\/crea-bomb.jpg\" \/>\n\t<meta property=\"og:image:width\" content=\"800\" \/>\n\t<meta property=\"og:image:height\" content=\"800\" \/>\n\t<meta property=\"og:image:type\" content=\"image\/jpeg\" \/>\n<meta name=\"twitter:card\" content=\"summary_large_image\" \/>\n<script type=\"application\/ld+json\" class=\"yoast-schema-graph\">{\"@context\":\"https:\\\/\\\/schema.org\",\"@graph\":[{\"@type\":\"WebPage\",\"@id\":\"https:\\\/\\\/highfit.es\\\/en\\\/producto\\\/scitec-creatine-660-gr\\\/\",\"url\":\"https:\\\/\\\/highfit.es\\\/en\\\/producto\\\/scitec-creatine-660-gr\\\/\",\"name\":\"Scitec Creatine (660 gr.) - Nutrici\u00f3n Deportiva y Suplementaci\u00f3n - HighFit\",\"isPartOf\":{\"@id\":\"https:\\\/\\\/highfit.es\\\/#website\"},\"primaryImageOfPage\":{\"@id\":\"https:\\\/\\\/highfit.es\\\/en\\\/producto\\\/scitec-creatine-660-gr\\\/#primaryimage\"},\"image\":{\"@id\":\"https:\\\/\\\/highfit.es\\\/en\\\/producto\\\/scitec-creatine-660-gr\\\/#primaryimage\"},\"thumbnailUrl\":\"https:\\\/\\\/highfit.es\\\/wp-content\\\/uploads\\\/2024\\\/08\\\/crea-bomb.jpg\",\"datePublished\":\"2024-08-22T11:10:04+00:00\",\"breadcrumb\":{\"@id\":\"https:\\\/\\\/highfit.es\\\/en\\\/producto\\\/scitec-creatine-660-gr\\\/#breadcrumb\"},\"inLanguage\":\"en-US\",\"potentialAction\":[{\"@type\":\"ReadAction\",\"target\":[\"https:\\\/\\\/highfit.es\\\/en\\\/producto\\\/scitec-creatine-660-gr\\\/\"]}]},{\"@type\":\"ImageObject\",\"inLanguage\":\"en-US\",\"@id\":\"https:\\\/\\\/highfit.es\\\/en\\\/producto\\\/scitec-creatine-660-gr\\\/#primaryimage\",\"url\":\"https:\\\/\\\/highfit.es\\\/wp-content\\\/uploads\\\/2024\\\/08\\\/crea-bomb.jpg\",\"contentUrl\":\"https:\\\/\\\/highfit.es\\\/wp-content\\\/uploads\\\/2024\\\/08\\\/crea-bomb.jpg\",\"width\":800,\"height\":800},{\"@type\":\"BreadcrumbList\",\"@id\":\"https:\\\/\\\/highfit.es\\\/en\\\/producto\\\/scitec-creatine-660-gr\\\/#breadcrumb\",\"itemListElement\":[{\"@type\":\"ListItem\",\"position\":1,\"name\":\"Portada\",\"item\":\"https:\\\/\\\/highfit.es\\\/\"},{\"@type\":\"ListItem\",\"position\":2,\"name\":\"Productos\",\"item\":\"https:\\\/\\\/highfit.es\\\/shop\\\/\"},{\"@type\":\"ListItem\",\"position\":3,\"name\":\"Scitec Creatine (660 gr.)\"}]},{\"@type\":\"WebSite\",\"@id\":\"https:\\\/\\\/highfit.es\\\/#website\",\"url\":\"https:\\\/\\\/highfit.es\\\/\",\"name\":\"Nutrici\u00f3n Deportiva y Suplementaci\u00f3n - HighFit\",\"description\":\"\u00daltima generaci\u00f3n en productos de nutrici\u00f3n deportiva. Marcas estrella en suplementaci\u00f3n con los m\u00e1s altos est\u00e1ndares de calidad\",\"potentialAction\":[{\"@type\":\"SearchAction\",\"target\":{\"@type\":\"EntryPoint\",\"urlTemplate\":\"https:\\\/\\\/highfit.es\\\/?s={search_term_string}\"},\"query-input\":{\"@type\":\"PropertyValueSpecification\",\"valueRequired\":true,\"valueName\":\"search_term_string\"}}],\"inLanguage\":\"en-US\"}]}<\/script>\n<!-- \/ Yoast SEO plugin. -->","yoast_head_json":{"title":"Scitec Creatine (660 gr.) - Nutrici\u00f3n Deportiva y Suplementaci\u00f3n - HighFit","robots":{"index":"index","follow":"follow","max-snippet":"max-snippet:-1","max-image-preview":"max-image-preview:large","max-video-preview":"max-video-preview:-1"},"canonical":"https:\/\/highfit.es\/en\/producto\/scitec-creatine-660-gr\/","og_locale":"en_US","og_type":"article","og_title":"Scitec Creatine (660 gr.) - Nutrici\u00f3n Deportiva y Suplementaci\u00f3n - HighFit","og_description":"Multi-component creatine matrix  5 types of creatine 9 active ingredients Additional taurine Magnesium and vitamin b3  Diversity and teamwork have many advantages. There is no need to take part in the impossible debate about the best form of creatine: many types can be taken at once. It is possible to \u201cbombard\u201d the muscle cells with important types of creatine with CREA-BOMB. Our best matrix, with 6 types of creatine, provides, among others, the most advanced form of creatine. This dose of creatine (at least 3 grams per day) has been scientifically proven to improve physical performance in successive bouts of short, high-intensity exercise*. Many of our selected ingredients also contribute to one or more of the following beneficial physiological effects*:  Normal protein synthesis Normal functioning of the nervous system: neurotransmission and muscle contraction including the heart muscle Reduction of tiredness and fatigue Normal energy-yielding metabolism Normal psychological function Electrolyte balance Maintenance of normal bones and teeth  * These claims have been authorised by the European Food Safety Authority (EFSA).","og_url":"https:\/\/highfit.es\/en\/producto\/scitec-creatine-660-gr\/","og_site_name":"Nutrici\u00f3n Deportiva y Suplementaci\u00f3n - HighFit","og_image":[{"width":800,"height":800,"url":"https:\/\/highfit.es\/wp-content\/uploads\/2024\/08\/crea-bomb.jpg","type":"image\/jpeg"}],"twitter_card":"summary_large_image","schema":{"@context":"https:\/\/schema.org","@graph":[{"@type":"WebPage","@id":"https:\/\/highfit.es\/en\/producto\/scitec-creatine-660-gr\/","url":"https:\/\/highfit.es\/en\/producto\/scitec-creatine-660-gr\/","name":"Scitec Creatine (660 gr.) - Nutrici\u00f3n Deportiva y Suplementaci\u00f3n - HighFit","isPartOf":{"@id":"https:\/\/highfit.es\/#website"},"primaryImageOfPage":{"@id":"https:\/\/highfit.es\/en\/producto\/scitec-creatine-660-gr\/#primaryimage"},"image":{"@id":"https:\/\/highfit.es\/en\/producto\/scitec-creatine-660-gr\/#primaryimage"},"thumbnailUrl":"https:\/\/highfit.es\/wp-content\/uploads\/2024\/08\/crea-bomb.jpg","datePublished":"2024-08-22T11:10:04+00:00","breadcrumb":{"@id":"https:\/\/highfit.es\/en\/producto\/scitec-creatine-660-gr\/#breadcrumb"},"inLanguage":"en-US","potentialAction":[{"@type":"ReadAction","target":["https:\/\/highfit.es\/en\/producto\/scitec-creatine-660-gr\/"]}]},{"@type":"ImageObject","inLanguage":"en-US","@id":"https:\/\/highfit.es\/en\/producto\/scitec-creatine-660-gr\/#primaryimage","url":"https:\/\/highfit.es\/wp-content\/uploads\/2024\/08\/crea-bomb.jpg","contentUrl":"https:\/\/highfit.es\/wp-content\/uploads\/2024\/08\/crea-bomb.jpg","width":800,"height":800},{"@type":"BreadcrumbList","@id":"https:\/\/highfit.es\/en\/producto\/scitec-creatine-660-gr\/#breadcrumb","itemListElement":[{"@type":"ListItem","position":1,"name":"Portada","item":"https:\/\/highfit.es\/"},{"@type":"ListItem","position":2,"name":"Productos","item":"https:\/\/highfit.es\/shop\/"},{"@type":"ListItem","position":3,"name":"Scitec Creatine (660 gr.)"}]},{"@type":"WebSite","@id":"https:\/\/highfit.es\/#website","url":"https:\/\/highfit.es\/","name":"Nutrici\u00f3n Deportiva y Suplementaci\u00f3n - HighFit","description":"\u00daltima generaci\u00f3n en productos de nutrici\u00f3n deportiva. Marcas estrella en suplementaci\u00f3n con los m\u00e1s altos est\u00e1ndares de calidad","potentialAction":[{"@type":"SearchAction","target":{"@type":"EntryPoint","urlTemplate":"https:\/\/highfit.es\/?s={search_term_string}"},"query-input":{"@type":"PropertyValueSpecification","valueRequired":true,"valueName":"search_term_string"}}],"inLanguage":"en-US"}]}},"_links":{"self":[{"href":"https:\/\/highfit.es\/en\/wp-json\/wp\/v2\/product\/8309","targetHints":{"allow":["GET"]}}],"collection":[{"href":"https:\/\/highfit.es\/en\/wp-json\/wp\/v2\/product"}],"about":[{"href":"https:\/\/highfit.es\/en\/wp-json\/wp\/v2\/types\/product"}],"replies":[{"embeddable":true,"href":"https:\/\/highfit.es\/en\/wp-json\/wp\/v2\/comments?post=8309"}],"wp:featuredmedia":[{"embeddable":true,"href":"https:\/\/highfit.es\/en\/wp-json\/wp\/v2\/media\/8005"}],"wp:attachment":[{"href":"https:\/\/highfit.es\/en\/wp-json\/wp\/v2\/media?parent=8309"}],"wp:term":[{"taxonomy":"product_brand","embeddable":true,"href":"https:\/\/highfit.es\/en\/wp-json\/wp\/v2\/product_brand?post=8309"},{"taxonomy":"product_cat","embeddable":true,"href":"https:\/\/highfit.es\/en\/wp-json\/wp\/v2\/product_cat?post=8309"},{"taxonomy":"product_tag","embeddable":true,"href":"https:\/\/highfit.es\/en\/wp-json\/wp\/v2\/product_tag?post=8309"}],"curies":[{"name":"wp","href":"https:\/\/api.w.org\/{rel}","templated":true}]}}