{"id":8191,"date":"2024-08-22T13:10:19","date_gmt":"2024-08-22T11:10:19","guid":{"rendered":"https:\/\/highfit.es\/producto\/scitec-whey-protein-professional-1kg\/"},"modified":"2024-08-22T13:10:19","modified_gmt":"2024-08-22T11:10:19","slug":"scitec-whey-protein-professional-1kg","status":"publish","type":"product","link":"https:\/\/highfit.es\/en\/producto\/scitec-whey-protein-professional-1kg\/","title":{"rendered":"Scitec Whey Protein Professional 1kg"},"excerpt":{"rendered":"<ul>\n<li>with added amino acids<\/li>\n<li>with digestive enzymes<\/li>\n<li>with instant whey protein<\/li>\n<li>gluten-free***<\/li>\n<\/ul>\n<h3>Building the body<\/h3>\n<p>Just as a building site cannot function without building materials, the body needs essential nutrients to build muscle. Imagine a building site where the bricks don&#8217;t arrive on time &#8211; you have everything else to build the house in vain. In the same way, your body will not be able to build muscle if you don&#8217;t provide it with the nutrients it needs.<\/p>\n<p>The whey protein in 100% Whey Protein* Professional helps to increase and maintain muscle mass and maintain a normal bone system**. What bricks are to a building site, proteins are to us. This product also incorporates added amino acids \u2013 leucine, glutamine, arginine and taurine \u2013 in addition to the amino acids that make up proteins. Finally, it incorporates enzymes that support protein breakdown, such as papain and bromelain.<\/p>\n<p>In addition, 100% Whey Protein Professional is gluten-free. And last but not least, you can choose from an impressive variety of flavours, from traditional to special.<\/p>\n<p>* The protein comes from 100% whey.<br \/>\n** Scientifically proven claims, authorised by the EFSA, the European Food Safety Authority.<br \/>\n*** Gluten-free, according to European Union regulations.<\/p>\n","protected":false},"featured_media":8038,"comment_status":"open","ping_status":"closed","template":"","meta":[],"product_brand":[],"product_cat":[179],"product_tag":[],"class_list":{"0":"post-8191","1":"product","2":"type-product","3":"status-publish","4":"has-post-thumbnail","6":"product_cat-whey-protein-en","7":"pa_marca-scitec-nutrition-en","8":"pa_sabor-chocolate-en","9":"pa_sabor-chocolate-cookie-en","10":"pa_sabor-cookies-cream-en-2","11":"pa_sabor-strawberry-white-chocolate","12":"pa_sabor-vainilla-en","14":"first","15":"instock","16":"taxable","17":"shipping-taxable","18":"purchasable","19":"product-type-variable"},"yoast_head":"<!-- This site is optimized with the Yoast SEO plugin v27.3 - https:\/\/yoast.com\/product\/yoast-seo-wordpress\/ -->\n<title>Scitec Whey Protein Professional 1kg - Nutrici\u00f3n Deportiva y Suplementaci\u00f3n - HighFit<\/title>\n<meta name=\"robots\" content=\"index, follow, max-snippet:-1, max-image-preview:large, max-video-preview:-1\" \/>\n<link rel=\"canonical\" href=\"https:\/\/highfit.es\/en\/producto\/scitec-whey-protein-professional-1kg\/\" \/>\n<meta property=\"og:locale\" content=\"en_US\" \/>\n<meta property=\"og:type\" content=\"article\" \/>\n<meta property=\"og:title\" content=\"Scitec Whey Protein Professional 1kg - Nutrici\u00f3n Deportiva y Suplementaci\u00f3n - HighFit\" \/>\n<meta property=\"og:description\" content=\"with added amino acids with digestive enzymes with instant whey protein gluten-free***  Building the body Just as a building site cannot function without building materials, the body needs essential nutrients to build muscle. Imagine a building site where the bricks don&#039;t arrive on time - you have everything else to build the house in vain. In the same way, your body will not be able to build muscle if you don&#039;t provide it with the nutrients it needs. The whey protein in 100% Whey Protein* Professional helps to increase and maintain muscle mass and maintain a normal bone system**. What bricks are to a building site, proteins are to us. This product also incorporates added amino acids \u2013 leucine, glutamine, arginine and taurine \u2013 in addition to the amino acids that make up proteins. Finally, it incorporates enzymes that support protein breakdown, such as papain and bromelain. In addition, 100% Whey Protein Professional is gluten-free. And last but not least, you can choose from an impressive variety of flavours, from traditional to special. * The protein comes from 100% whey. ** Scientifically proven claims, authorised by the EFSA, the European Food Safety Authority. *** Gluten-free, according to European Union regulations.\" \/>\n<meta property=\"og:url\" content=\"https:\/\/highfit.es\/en\/producto\/scitec-whey-protein-professional-1kg\/\" \/>\n<meta property=\"og:site_name\" content=\"Nutrici\u00f3n Deportiva y Suplementaci\u00f3n - HighFit\" \/>\n<meta property=\"og:image\" content=\"https:\/\/highfit.es\/wp-content\/uploads\/2024\/08\/scitec_100_whey_protein_1kg.jpg\" \/>\n\t<meta property=\"og:image:width\" content=\"800\" \/>\n\t<meta property=\"og:image:height\" content=\"800\" \/>\n\t<meta property=\"og:image:type\" content=\"image\/jpeg\" \/>\n<meta name=\"twitter:card\" content=\"summary_large_image\" \/>\n<script type=\"application\/ld+json\" class=\"yoast-schema-graph\">{\"@context\":\"https:\\\/\\\/schema.org\",\"@graph\":[{\"@type\":\"WebPage\",\"@id\":\"https:\\\/\\\/highfit.es\\\/en\\\/producto\\\/scitec-whey-protein-professional-1kg\\\/\",\"url\":\"https:\\\/\\\/highfit.es\\\/en\\\/producto\\\/scitec-whey-protein-professional-1kg\\\/\",\"name\":\"Scitec Whey Protein Professional 1kg - Nutrici\u00f3n Deportiva y Suplementaci\u00f3n - HighFit\",\"isPartOf\":{\"@id\":\"https:\\\/\\\/highfit.es\\\/#website\"},\"primaryImageOfPage\":{\"@id\":\"https:\\\/\\\/highfit.es\\\/en\\\/producto\\\/scitec-whey-protein-professional-1kg\\\/#primaryimage\"},\"image\":{\"@id\":\"https:\\\/\\\/highfit.es\\\/en\\\/producto\\\/scitec-whey-protein-professional-1kg\\\/#primaryimage\"},\"thumbnailUrl\":\"https:\\\/\\\/highfit.es\\\/wp-content\\\/uploads\\\/2024\\\/08\\\/scitec_100_whey_protein_1kg.jpg\",\"datePublished\":\"2024-08-22T11:10:19+00:00\",\"breadcrumb\":{\"@id\":\"https:\\\/\\\/highfit.es\\\/en\\\/producto\\\/scitec-whey-protein-professional-1kg\\\/#breadcrumb\"},\"inLanguage\":\"en-US\",\"potentialAction\":[{\"@type\":\"ReadAction\",\"target\":[\"https:\\\/\\\/highfit.es\\\/en\\\/producto\\\/scitec-whey-protein-professional-1kg\\\/\"]}]},{\"@type\":\"ImageObject\",\"inLanguage\":\"en-US\",\"@id\":\"https:\\\/\\\/highfit.es\\\/en\\\/producto\\\/scitec-whey-protein-professional-1kg\\\/#primaryimage\",\"url\":\"https:\\\/\\\/highfit.es\\\/wp-content\\\/uploads\\\/2024\\\/08\\\/scitec_100_whey_protein_1kg.jpg\",\"contentUrl\":\"https:\\\/\\\/highfit.es\\\/wp-content\\\/uploads\\\/2024\\\/08\\\/scitec_100_whey_protein_1kg.jpg\",\"width\":800,\"height\":800},{\"@type\":\"BreadcrumbList\",\"@id\":\"https:\\\/\\\/highfit.es\\\/en\\\/producto\\\/scitec-whey-protein-professional-1kg\\\/#breadcrumb\",\"itemListElement\":[{\"@type\":\"ListItem\",\"position\":1,\"name\":\"Portada\",\"item\":\"https:\\\/\\\/highfit.es\\\/\"},{\"@type\":\"ListItem\",\"position\":2,\"name\":\"Productos\",\"item\":\"https:\\\/\\\/highfit.es\\\/shop\\\/\"},{\"@type\":\"ListItem\",\"position\":3,\"name\":\"Scitec Whey Protein Professional 1kg\"}]},{\"@type\":\"WebSite\",\"@id\":\"https:\\\/\\\/highfit.es\\\/#website\",\"url\":\"https:\\\/\\\/highfit.es\\\/\",\"name\":\"Nutrici\u00f3n Deportiva y Suplementaci\u00f3n - HighFit\",\"description\":\"\u00daltima generaci\u00f3n en productos de nutrici\u00f3n deportiva. Marcas estrella en suplementaci\u00f3n con los m\u00e1s altos est\u00e1ndares de calidad\",\"potentialAction\":[{\"@type\":\"SearchAction\",\"target\":{\"@type\":\"EntryPoint\",\"urlTemplate\":\"https:\\\/\\\/highfit.es\\\/?s={search_term_string}\"},\"query-input\":{\"@type\":\"PropertyValueSpecification\",\"valueRequired\":true,\"valueName\":\"search_term_string\"}}],\"inLanguage\":\"en-US\"}]}<\/script>\n<!-- \/ Yoast SEO plugin. -->","yoast_head_json":{"title":"Scitec Whey Protein Professional 1kg - Nutrici\u00f3n Deportiva y Suplementaci\u00f3n - HighFit","robots":{"index":"index","follow":"follow","max-snippet":"max-snippet:-1","max-image-preview":"max-image-preview:large","max-video-preview":"max-video-preview:-1"},"canonical":"https:\/\/highfit.es\/en\/producto\/scitec-whey-protein-professional-1kg\/","og_locale":"en_US","og_type":"article","og_title":"Scitec Whey Protein Professional 1kg - Nutrici\u00f3n Deportiva y Suplementaci\u00f3n - HighFit","og_description":"with added amino acids with digestive enzymes with instant whey protein gluten-free***  Building the body Just as a building site cannot function without building materials, the body needs essential nutrients to build muscle. Imagine a building site where the bricks don't arrive on time - you have everything else to build the house in vain. In the same way, your body will not be able to build muscle if you don't provide it with the nutrients it needs. The whey protein in 100% Whey Protein* Professional helps to increase and maintain muscle mass and maintain a normal bone system**. What bricks are to a building site, proteins are to us. This product also incorporates added amino acids \u2013 leucine, glutamine, arginine and taurine \u2013 in addition to the amino acids that make up proteins. Finally, it incorporates enzymes that support protein breakdown, such as papain and bromelain. In addition, 100% Whey Protein Professional is gluten-free. And last but not least, you can choose from an impressive variety of flavours, from traditional to special. * The protein comes from 100% whey. ** Scientifically proven claims, authorised by the EFSA, the European Food Safety Authority. *** Gluten-free, according to European Union regulations.","og_url":"https:\/\/highfit.es\/en\/producto\/scitec-whey-protein-professional-1kg\/","og_site_name":"Nutrici\u00f3n Deportiva y Suplementaci\u00f3n - HighFit","og_image":[{"width":800,"height":800,"url":"https:\/\/highfit.es\/wp-content\/uploads\/2024\/08\/scitec_100_whey_protein_1kg.jpg","type":"image\/jpeg"}],"twitter_card":"summary_large_image","schema":{"@context":"https:\/\/schema.org","@graph":[{"@type":"WebPage","@id":"https:\/\/highfit.es\/en\/producto\/scitec-whey-protein-professional-1kg\/","url":"https:\/\/highfit.es\/en\/producto\/scitec-whey-protein-professional-1kg\/","name":"Scitec Whey Protein Professional 1kg - Nutrici\u00f3n Deportiva y Suplementaci\u00f3n - HighFit","isPartOf":{"@id":"https:\/\/highfit.es\/#website"},"primaryImageOfPage":{"@id":"https:\/\/highfit.es\/en\/producto\/scitec-whey-protein-professional-1kg\/#primaryimage"},"image":{"@id":"https:\/\/highfit.es\/en\/producto\/scitec-whey-protein-professional-1kg\/#primaryimage"},"thumbnailUrl":"https:\/\/highfit.es\/wp-content\/uploads\/2024\/08\/scitec_100_whey_protein_1kg.jpg","datePublished":"2024-08-22T11:10:19+00:00","breadcrumb":{"@id":"https:\/\/highfit.es\/en\/producto\/scitec-whey-protein-professional-1kg\/#breadcrumb"},"inLanguage":"en-US","potentialAction":[{"@type":"ReadAction","target":["https:\/\/highfit.es\/en\/producto\/scitec-whey-protein-professional-1kg\/"]}]},{"@type":"ImageObject","inLanguage":"en-US","@id":"https:\/\/highfit.es\/en\/producto\/scitec-whey-protein-professional-1kg\/#primaryimage","url":"https:\/\/highfit.es\/wp-content\/uploads\/2024\/08\/scitec_100_whey_protein_1kg.jpg","contentUrl":"https:\/\/highfit.es\/wp-content\/uploads\/2024\/08\/scitec_100_whey_protein_1kg.jpg","width":800,"height":800},{"@type":"BreadcrumbList","@id":"https:\/\/highfit.es\/en\/producto\/scitec-whey-protein-professional-1kg\/#breadcrumb","itemListElement":[{"@type":"ListItem","position":1,"name":"Portada","item":"https:\/\/highfit.es\/"},{"@type":"ListItem","position":2,"name":"Productos","item":"https:\/\/highfit.es\/shop\/"},{"@type":"ListItem","position":3,"name":"Scitec Whey Protein Professional 1kg"}]},{"@type":"WebSite","@id":"https:\/\/highfit.es\/#website","url":"https:\/\/highfit.es\/","name":"Nutrici\u00f3n Deportiva y Suplementaci\u00f3n - HighFit","description":"\u00daltima generaci\u00f3n en productos de nutrici\u00f3n deportiva. Marcas estrella en suplementaci\u00f3n con los m\u00e1s altos est\u00e1ndares de calidad","potentialAction":[{"@type":"SearchAction","target":{"@type":"EntryPoint","urlTemplate":"https:\/\/highfit.es\/?s={search_term_string}"},"query-input":{"@type":"PropertyValueSpecification","valueRequired":true,"valueName":"search_term_string"}}],"inLanguage":"en-US"}]}},"_links":{"self":[{"href":"https:\/\/highfit.es\/en\/wp-json\/wp\/v2\/product\/8191","targetHints":{"allow":["GET"]}}],"collection":[{"href":"https:\/\/highfit.es\/en\/wp-json\/wp\/v2\/product"}],"about":[{"href":"https:\/\/highfit.es\/en\/wp-json\/wp\/v2\/types\/product"}],"replies":[{"embeddable":true,"href":"https:\/\/highfit.es\/en\/wp-json\/wp\/v2\/comments?post=8191"}],"wp:featuredmedia":[{"embeddable":true,"href":"https:\/\/highfit.es\/en\/wp-json\/wp\/v2\/media\/8038"}],"wp:attachment":[{"href":"https:\/\/highfit.es\/en\/wp-json\/wp\/v2\/media?parent=8191"}],"wp:term":[{"taxonomy":"product_brand","embeddable":true,"href":"https:\/\/highfit.es\/en\/wp-json\/wp\/v2\/product_brand?post=8191"},{"taxonomy":"product_cat","embeddable":true,"href":"https:\/\/highfit.es\/en\/wp-json\/wp\/v2\/product_cat?post=8191"},{"taxonomy":"product_tag","embeddable":true,"href":"https:\/\/highfit.es\/en\/wp-json\/wp\/v2\/product_tag?post=8191"}],"curies":[{"name":"wp","href":"https:\/\/api.w.org\/{rel}","templated":true}]}}