{"id":3507,"date":"2022-08-11T10:50:30","date_gmt":"2022-08-11T10:50:30","guid":{"rendered":"https:\/\/highfit.es\/producto\/maxx-tribulus-120-tablets-2\/"},"modified":"2023-04-04T10:54:01","modified_gmt":"2023-04-04T10:54:01","slug":"maxx-tribulus-120-tablets-2","status":"publish","type":"product","link":"https:\/\/highfit.es\/en\/producto\/maxx-tribulus-120-tablets-2\/","title":{"rendered":"Maxx Tribulus &#8211; 120 Capsules"},"excerpt":{"rendered":"<p><b>Tribulus <\/b>contains extract of tribulus terrestris, a well-known herb within the Ayurvedic group of medicine. One of its active principles at a biochemical level are steroidal saponins. Said substances in plants have a molecular structure similar to testosterone, and in the case of tribulus terrestris, it is found in a high concentration.<\/p>\n","protected":false},"featured_media":3948,"comment_status":"closed","ping_status":"closed","template":"","meta":[],"product_brand":[],"product_cat":[],"product_tag":[],"class_list":{"0":"post-3507","1":"product","2":"type-product","3":"status-publish","4":"has-post-thumbnail","7":"first","8":"outofstock","9":"taxable","10":"shipping-taxable","11":"purchasable","12":"product-type-simple"},"yoast_head":"<!-- This site is optimized with the Yoast SEO plugin v27.3 - https:\/\/yoast.com\/product\/yoast-seo-wordpress\/ -->\n<title>Maxx Tribulus - 120 Capsules - Nutrici\u00f3n Deportiva y Suplementaci\u00f3n - HighFit<\/title>\n<meta name=\"robots\" content=\"index, follow, max-snippet:-1, max-image-preview:large, max-video-preview:-1\" \/>\n<link rel=\"canonical\" href=\"https:\/\/highfit.es\/en\/producto\/maxx-tribulus-120-tablets-2\/\" \/>\n<meta property=\"og:locale\" content=\"en_US\" \/>\n<meta property=\"og:type\" content=\"article\" \/>\n<meta property=\"og:title\" content=\"Maxx Tribulus - 120 Capsules - Nutrici\u00f3n Deportiva y Suplementaci\u00f3n - HighFit\" \/>\n<meta property=\"og:description\" content=\"Tribulus contains extract of tribulus terrestris, a well-known herb within the Ayurvedic group of medicine. One of its active principles at a biochemical level are steroidal saponins. Said substances in plants have a molecular structure similar to testosterone, and in the case of tribulus terrestris, it is found in a high concentration.\" \/>\n<meta property=\"og:url\" content=\"https:\/\/highfit.es\/en\/producto\/maxx-tribulus-120-tablets-2\/\" \/>\n<meta property=\"og:site_name\" content=\"Nutrici\u00f3n Deportiva y Suplementaci\u00f3n - HighFit\" \/>\n<meta property=\"article:modified_time\" content=\"2023-04-04T10:54:01+00:00\" \/>\n<meta property=\"og:image\" content=\"https:\/\/highfit.es\/wp-content\/uploads\/2022\/08\/tribulus.jpg\" \/>\n\t<meta property=\"og:image:width\" content=\"578\" \/>\n\t<meta property=\"og:image:height\" content=\"578\" \/>\n\t<meta property=\"og:image:type\" content=\"image\/jpeg\" \/>\n<meta name=\"twitter:card\" content=\"summary_large_image\" \/>\n<script type=\"application\/ld+json\" class=\"yoast-schema-graph\">{\"@context\":\"https:\\\/\\\/schema.org\",\"@graph\":[{\"@type\":\"WebPage\",\"@id\":\"https:\\\/\\\/highfit.es\\\/en\\\/producto\\\/maxx-tribulus-120-tablets-2\\\/\",\"url\":\"https:\\\/\\\/highfit.es\\\/en\\\/producto\\\/maxx-tribulus-120-tablets-2\\\/\",\"name\":\"Maxx Tribulus - 120 Capsules - Nutrici\u00f3n Deportiva y Suplementaci\u00f3n - HighFit\",\"isPartOf\":{\"@id\":\"https:\\\/\\\/highfit.es\\\/#website\"},\"primaryImageOfPage\":{\"@id\":\"https:\\\/\\\/highfit.es\\\/en\\\/producto\\\/maxx-tribulus-120-tablets-2\\\/#primaryimage\"},\"image\":{\"@id\":\"https:\\\/\\\/highfit.es\\\/en\\\/producto\\\/maxx-tribulus-120-tablets-2\\\/#primaryimage\"},\"thumbnailUrl\":\"https:\\\/\\\/highfit.es\\\/wp-content\\\/uploads\\\/2022\\\/08\\\/tribulus.jpg\",\"datePublished\":\"2022-08-11T10:50:30+00:00\",\"dateModified\":\"2023-04-04T10:54:01+00:00\",\"breadcrumb\":{\"@id\":\"https:\\\/\\\/highfit.es\\\/en\\\/producto\\\/maxx-tribulus-120-tablets-2\\\/#breadcrumb\"},\"inLanguage\":\"en-US\",\"potentialAction\":[{\"@type\":\"ReadAction\",\"target\":[\"https:\\\/\\\/highfit.es\\\/en\\\/producto\\\/maxx-tribulus-120-tablets-2\\\/\"]}]},{\"@type\":\"ImageObject\",\"inLanguage\":\"en-US\",\"@id\":\"https:\\\/\\\/highfit.es\\\/en\\\/producto\\\/maxx-tribulus-120-tablets-2\\\/#primaryimage\",\"url\":\"https:\\\/\\\/highfit.es\\\/wp-content\\\/uploads\\\/2022\\\/08\\\/tribulus.jpg\",\"contentUrl\":\"https:\\\/\\\/highfit.es\\\/wp-content\\\/uploads\\\/2022\\\/08\\\/tribulus.jpg\",\"width\":578,\"height\":578},{\"@type\":\"BreadcrumbList\",\"@id\":\"https:\\\/\\\/highfit.es\\\/en\\\/producto\\\/maxx-tribulus-120-tablets-2\\\/#breadcrumb\",\"itemListElement\":[{\"@type\":\"ListItem\",\"position\":1,\"name\":\"Portada\",\"item\":\"https:\\\/\\\/highfit.es\\\/\"},{\"@type\":\"ListItem\",\"position\":2,\"name\":\"Productos\",\"item\":\"https:\\\/\\\/highfit.es\\\/shop\\\/\"},{\"@type\":\"ListItem\",\"position\":3,\"name\":\"Maxx Tribulus &#8211; 120 Capsules\"}]},{\"@type\":\"WebSite\",\"@id\":\"https:\\\/\\\/highfit.es\\\/#website\",\"url\":\"https:\\\/\\\/highfit.es\\\/\",\"name\":\"Nutrici\u00f3n Deportiva y Suplementaci\u00f3n - HighFit\",\"description\":\"\u00daltima generaci\u00f3n en productos de nutrici\u00f3n deportiva. Marcas estrella en suplementaci\u00f3n con los m\u00e1s altos est\u00e1ndares de calidad\",\"potentialAction\":[{\"@type\":\"SearchAction\",\"target\":{\"@type\":\"EntryPoint\",\"urlTemplate\":\"https:\\\/\\\/highfit.es\\\/?s={search_term_string}\"},\"query-input\":{\"@type\":\"PropertyValueSpecification\",\"valueRequired\":true,\"valueName\":\"search_term_string\"}}],\"inLanguage\":\"en-US\"}]}<\/script>\n<!-- \/ Yoast SEO plugin. -->","yoast_head_json":{"title":"Maxx Tribulus - 120 Capsules - Nutrici\u00f3n Deportiva y Suplementaci\u00f3n - HighFit","robots":{"index":"index","follow":"follow","max-snippet":"max-snippet:-1","max-image-preview":"max-image-preview:large","max-video-preview":"max-video-preview:-1"},"canonical":"https:\/\/highfit.es\/en\/producto\/maxx-tribulus-120-tablets-2\/","og_locale":"en_US","og_type":"article","og_title":"Maxx Tribulus - 120 Capsules - Nutrici\u00f3n Deportiva y Suplementaci\u00f3n - HighFit","og_description":"Tribulus contains extract of tribulus terrestris, a well-known herb within the Ayurvedic group of medicine. One of its active principles at a biochemical level are steroidal saponins. Said substances in plants have a molecular structure similar to testosterone, and in the case of tribulus terrestris, it is found in a high concentration.","og_url":"https:\/\/highfit.es\/en\/producto\/maxx-tribulus-120-tablets-2\/","og_site_name":"Nutrici\u00f3n Deportiva y Suplementaci\u00f3n - HighFit","article_modified_time":"2023-04-04T10:54:01+00:00","og_image":[{"width":578,"height":578,"url":"https:\/\/highfit.es\/wp-content\/uploads\/2022\/08\/tribulus.jpg","type":"image\/jpeg"}],"twitter_card":"summary_large_image","schema":{"@context":"https:\/\/schema.org","@graph":[{"@type":"WebPage","@id":"https:\/\/highfit.es\/en\/producto\/maxx-tribulus-120-tablets-2\/","url":"https:\/\/highfit.es\/en\/producto\/maxx-tribulus-120-tablets-2\/","name":"Maxx Tribulus - 120 Capsules - Nutrici\u00f3n Deportiva y Suplementaci\u00f3n - HighFit","isPartOf":{"@id":"https:\/\/highfit.es\/#website"},"primaryImageOfPage":{"@id":"https:\/\/highfit.es\/en\/producto\/maxx-tribulus-120-tablets-2\/#primaryimage"},"image":{"@id":"https:\/\/highfit.es\/en\/producto\/maxx-tribulus-120-tablets-2\/#primaryimage"},"thumbnailUrl":"https:\/\/highfit.es\/wp-content\/uploads\/2022\/08\/tribulus.jpg","datePublished":"2022-08-11T10:50:30+00:00","dateModified":"2023-04-04T10:54:01+00:00","breadcrumb":{"@id":"https:\/\/highfit.es\/en\/producto\/maxx-tribulus-120-tablets-2\/#breadcrumb"},"inLanguage":"en-US","potentialAction":[{"@type":"ReadAction","target":["https:\/\/highfit.es\/en\/producto\/maxx-tribulus-120-tablets-2\/"]}]},{"@type":"ImageObject","inLanguage":"en-US","@id":"https:\/\/highfit.es\/en\/producto\/maxx-tribulus-120-tablets-2\/#primaryimage","url":"https:\/\/highfit.es\/wp-content\/uploads\/2022\/08\/tribulus.jpg","contentUrl":"https:\/\/highfit.es\/wp-content\/uploads\/2022\/08\/tribulus.jpg","width":578,"height":578},{"@type":"BreadcrumbList","@id":"https:\/\/highfit.es\/en\/producto\/maxx-tribulus-120-tablets-2\/#breadcrumb","itemListElement":[{"@type":"ListItem","position":1,"name":"Portada","item":"https:\/\/highfit.es\/"},{"@type":"ListItem","position":2,"name":"Productos","item":"https:\/\/highfit.es\/shop\/"},{"@type":"ListItem","position":3,"name":"Maxx Tribulus &#8211; 120 Capsules"}]},{"@type":"WebSite","@id":"https:\/\/highfit.es\/#website","url":"https:\/\/highfit.es\/","name":"Nutrici\u00f3n Deportiva y Suplementaci\u00f3n - HighFit","description":"\u00daltima generaci\u00f3n en productos de nutrici\u00f3n deportiva. Marcas estrella en suplementaci\u00f3n con los m\u00e1s altos est\u00e1ndares de calidad","potentialAction":[{"@type":"SearchAction","target":{"@type":"EntryPoint","urlTemplate":"https:\/\/highfit.es\/?s={search_term_string}"},"query-input":{"@type":"PropertyValueSpecification","valueRequired":true,"valueName":"search_term_string"}}],"inLanguage":"en-US"}]}},"_links":{"self":[{"href":"https:\/\/highfit.es\/en\/wp-json\/wp\/v2\/product\/3507","targetHints":{"allow":["GET"]}}],"collection":[{"href":"https:\/\/highfit.es\/en\/wp-json\/wp\/v2\/product"}],"about":[{"href":"https:\/\/highfit.es\/en\/wp-json\/wp\/v2\/types\/product"}],"replies":[{"embeddable":true,"href":"https:\/\/highfit.es\/en\/wp-json\/wp\/v2\/comments?post=3507"}],"wp:featuredmedia":[{"embeddable":true,"href":"https:\/\/highfit.es\/en\/wp-json\/wp\/v2\/media\/3948"}],"wp:attachment":[{"href":"https:\/\/highfit.es\/en\/wp-json\/wp\/v2\/media?parent=3507"}],"wp:term":[{"taxonomy":"product_brand","embeddable":true,"href":"https:\/\/highfit.es\/en\/wp-json\/wp\/v2\/product_brand?post=3507"},{"taxonomy":"product_cat","embeddable":true,"href":"https:\/\/highfit.es\/en\/wp-json\/wp\/v2\/product_cat?post=3507"},{"taxonomy":"product_tag","embeddable":true,"href":"https:\/\/highfit.es\/en\/wp-json\/wp\/v2\/product_tag?post=3507"}],"curies":[{"name":"wp","href":"https:\/\/api.w.org\/{rel}","templated":true}]}}