{"id":3453,"date":"2022-08-11T10:50:30","date_gmt":"2022-08-11T10:50:30","guid":{"rendered":"https:\/\/highfit.es\/producto\/zma-zinc-magnesium-aspartate-120-softgel\/"},"modified":"2023-04-25T12:00:55","modified_gmt":"2023-04-25T12:00:55","slug":"zma-zinc-magnesium-aspartate-120-softgel","status":"publish","type":"product","link":"https:\/\/highfit.es\/en\/producto\/zma-zinc-magnesium-aspartate-120-softgel\/","title":{"rendered":"ZMA Zinc Magnesium Aspartate &#8211; 120 softgel"},"excerpt":{"rendered":"<p class=\"p1\"><b>ZMA <\/b>These vitamins and minerals act as powerful antioxidants to protect against free radical damage. Zinc and magnesium contribute to the normal functioning of skin, hair and nails. Also helps reduce tiredness and fatigue by helping to better synthesise nutrients.<\/p>\n","protected":false},"featured_media":2885,"comment_status":"closed","ping_status":"closed","template":"","meta":[],"product_brand":[],"product_cat":[],"product_tag":[],"class_list":{"0":"post-3453","1":"product","2":"type-product","3":"status-publish","4":"has-post-thumbnail","7":"first","8":"outofstock","9":"taxable","10":"shipping-taxable","11":"purchasable","12":"product-type-simple"},"yoast_head":"<!-- This site is optimized with the Yoast SEO plugin v27.3 - https:\/\/yoast.com\/product\/yoast-seo-wordpress\/ -->\n<title>ZMA Zinc Magnesium Aspartate - 120 softgel - Nutrici\u00f3n Deportiva y Suplementaci\u00f3n - HighFit<\/title>\n<meta name=\"description\" content=\"Acts as a powerful antioxidant, protecting us against damage caused by free radicals. In addition, this set of vitamins and minerals contributes to the maintenance of protein synthesis under normal conditions, which helps in the formation of testosterone.\" \/>\n<meta name=\"robots\" content=\"index, follow, max-snippet:-1, max-image-preview:large, max-video-preview:-1\" \/>\n<link rel=\"canonical\" href=\"https:\/\/highfit.es\/en\/producto\/zma-zinc-magnesium-aspartate-120-softgel\/\" \/>\n<meta property=\"og:locale\" content=\"en_US\" \/>\n<meta property=\"og:type\" content=\"article\" \/>\n<meta property=\"og:title\" content=\"ZMA Zinc Magnesium Aspartate - 120 softgel - Nutrici\u00f3n Deportiva y Suplementaci\u00f3n - HighFit\" \/>\n<meta property=\"og:description\" content=\"Acts as a powerful antioxidant, protecting us against damage caused by free radicals. In addition, this set of vitamins and minerals contributes to the maintenance of protein synthesis under normal conditions, which helps in the formation of testosterone.\" \/>\n<meta property=\"og:url\" content=\"https:\/\/highfit.es\/en\/producto\/zma-zinc-magnesium-aspartate-120-softgel\/\" \/>\n<meta property=\"og:site_name\" content=\"Nutrici\u00f3n Deportiva y Suplementaci\u00f3n - HighFit\" \/>\n<meta property=\"article:modified_time\" content=\"2023-04-25T12:00:55+00:00\" \/>\n<meta property=\"og:image\" content=\"https:\/\/highfit.es\/wp-content\/uploads\/2022\/08\/zmasoftgels.jpg\" \/>\n\t<meta property=\"og:image:width\" content=\"578\" \/>\n\t<meta property=\"og:image:height\" content=\"578\" \/>\n\t<meta property=\"og:image:type\" content=\"image\/jpeg\" \/>\n<meta name=\"twitter:card\" content=\"summary_large_image\" \/>\n<script type=\"application\/ld+json\" class=\"yoast-schema-graph\">{\"@context\":\"https:\\\/\\\/schema.org\",\"@graph\":[{\"@type\":\"WebPage\",\"@id\":\"https:\\\/\\\/highfit.es\\\/en\\\/producto\\\/zma-zinc-magnesium-aspartate-120-softgel\\\/\",\"url\":\"https:\\\/\\\/highfit.es\\\/en\\\/producto\\\/zma-zinc-magnesium-aspartate-120-softgel\\\/\",\"name\":\"ZMA Zinc Magnesium Aspartate - 120 softgel - Nutrici\u00f3n Deportiva y Suplementaci\u00f3n - HighFit\",\"isPartOf\":{\"@id\":\"https:\\\/\\\/highfit.es\\\/#website\"},\"primaryImageOfPage\":{\"@id\":\"https:\\\/\\\/highfit.es\\\/en\\\/producto\\\/zma-zinc-magnesium-aspartate-120-softgel\\\/#primaryimage\"},\"image\":{\"@id\":\"https:\\\/\\\/highfit.es\\\/en\\\/producto\\\/zma-zinc-magnesium-aspartate-120-softgel\\\/#primaryimage\"},\"thumbnailUrl\":\"https:\\\/\\\/highfit.es\\\/wp-content\\\/uploads\\\/2022\\\/08\\\/zmasoftgels.jpg\",\"datePublished\":\"2022-08-11T10:50:30+00:00\",\"dateModified\":\"2023-04-25T12:00:55+00:00\",\"description\":\"Acts as a powerful antioxidant, protecting us against damage caused by free radicals. In addition, this set of vitamins and minerals contributes to the maintenance of protein synthesis under normal conditions, which helps in the formation of testosterone.\",\"breadcrumb\":{\"@id\":\"https:\\\/\\\/highfit.es\\\/en\\\/producto\\\/zma-zinc-magnesium-aspartate-120-softgel\\\/#breadcrumb\"},\"inLanguage\":\"en-US\",\"potentialAction\":[{\"@type\":\"ReadAction\",\"target\":[\"https:\\\/\\\/highfit.es\\\/en\\\/producto\\\/zma-zinc-magnesium-aspartate-120-softgel\\\/\"]}]},{\"@type\":\"ImageObject\",\"inLanguage\":\"en-US\",\"@id\":\"https:\\\/\\\/highfit.es\\\/en\\\/producto\\\/zma-zinc-magnesium-aspartate-120-softgel\\\/#primaryimage\",\"url\":\"https:\\\/\\\/highfit.es\\\/wp-content\\\/uploads\\\/2022\\\/08\\\/zmasoftgels.jpg\",\"contentUrl\":\"https:\\\/\\\/highfit.es\\\/wp-content\\\/uploads\\\/2022\\\/08\\\/zmasoftgels.jpg\",\"width\":578,\"height\":578},{\"@type\":\"BreadcrumbList\",\"@id\":\"https:\\\/\\\/highfit.es\\\/en\\\/producto\\\/zma-zinc-magnesium-aspartate-120-softgel\\\/#breadcrumb\",\"itemListElement\":[{\"@type\":\"ListItem\",\"position\":1,\"name\":\"Portada\",\"item\":\"https:\\\/\\\/highfit.es\\\/\"},{\"@type\":\"ListItem\",\"position\":2,\"name\":\"Productos\",\"item\":\"https:\\\/\\\/highfit.es\\\/shop\\\/\"},{\"@type\":\"ListItem\",\"position\":3,\"name\":\"ZMA Zinc Magnesium Aspartate &#8211; 120 softgel\"}]},{\"@type\":\"WebSite\",\"@id\":\"https:\\\/\\\/highfit.es\\\/#website\",\"url\":\"https:\\\/\\\/highfit.es\\\/\",\"name\":\"Nutrici\u00f3n Deportiva y Suplementaci\u00f3n - HighFit\",\"description\":\"\u00daltima generaci\u00f3n en productos de nutrici\u00f3n deportiva. Marcas estrella en suplementaci\u00f3n con los m\u00e1s altos est\u00e1ndares de calidad\",\"potentialAction\":[{\"@type\":\"SearchAction\",\"target\":{\"@type\":\"EntryPoint\",\"urlTemplate\":\"https:\\\/\\\/highfit.es\\\/?s={search_term_string}\"},\"query-input\":{\"@type\":\"PropertyValueSpecification\",\"valueRequired\":true,\"valueName\":\"search_term_string\"}}],\"inLanguage\":\"en-US\"}]}<\/script>\n<!-- \/ Yoast SEO plugin. -->","yoast_head_json":{"title":"ZMA Zinc Magnesium Aspartate - 120 softgel - Nutrici\u00f3n Deportiva y Suplementaci\u00f3n - HighFit","description":"Acts as a powerful antioxidant, protecting us against damage caused by free radicals. In addition, this set of vitamins and minerals contributes to the maintenance of protein synthesis under normal conditions, which helps in the formation of testosterone.","robots":{"index":"index","follow":"follow","max-snippet":"max-snippet:-1","max-image-preview":"max-image-preview:large","max-video-preview":"max-video-preview:-1"},"canonical":"https:\/\/highfit.es\/en\/producto\/zma-zinc-magnesium-aspartate-120-softgel\/","og_locale":"en_US","og_type":"article","og_title":"ZMA Zinc Magnesium Aspartate - 120 softgel - Nutrici\u00f3n Deportiva y Suplementaci\u00f3n - HighFit","og_description":"Acts as a powerful antioxidant, protecting us against damage caused by free radicals. In addition, this set of vitamins and minerals contributes to the maintenance of protein synthesis under normal conditions, which helps in the formation of testosterone.","og_url":"https:\/\/highfit.es\/en\/producto\/zma-zinc-magnesium-aspartate-120-softgel\/","og_site_name":"Nutrici\u00f3n Deportiva y Suplementaci\u00f3n - HighFit","article_modified_time":"2023-04-25T12:00:55+00:00","og_image":[{"width":578,"height":578,"url":"https:\/\/highfit.es\/wp-content\/uploads\/2022\/08\/zmasoftgels.jpg","type":"image\/jpeg"}],"twitter_card":"summary_large_image","schema":{"@context":"https:\/\/schema.org","@graph":[{"@type":"WebPage","@id":"https:\/\/highfit.es\/en\/producto\/zma-zinc-magnesium-aspartate-120-softgel\/","url":"https:\/\/highfit.es\/en\/producto\/zma-zinc-magnesium-aspartate-120-softgel\/","name":"ZMA Zinc Magnesium Aspartate - 120 softgel - Nutrici\u00f3n Deportiva y Suplementaci\u00f3n - HighFit","isPartOf":{"@id":"https:\/\/highfit.es\/#website"},"primaryImageOfPage":{"@id":"https:\/\/highfit.es\/en\/producto\/zma-zinc-magnesium-aspartate-120-softgel\/#primaryimage"},"image":{"@id":"https:\/\/highfit.es\/en\/producto\/zma-zinc-magnesium-aspartate-120-softgel\/#primaryimage"},"thumbnailUrl":"https:\/\/highfit.es\/wp-content\/uploads\/2022\/08\/zmasoftgels.jpg","datePublished":"2022-08-11T10:50:30+00:00","dateModified":"2023-04-25T12:00:55+00:00","description":"Acts as a powerful antioxidant, protecting us against damage caused by free radicals. In addition, this set of vitamins and minerals contributes to the maintenance of protein synthesis under normal conditions, which helps in the formation of testosterone.","breadcrumb":{"@id":"https:\/\/highfit.es\/en\/producto\/zma-zinc-magnesium-aspartate-120-softgel\/#breadcrumb"},"inLanguage":"en-US","potentialAction":[{"@type":"ReadAction","target":["https:\/\/highfit.es\/en\/producto\/zma-zinc-magnesium-aspartate-120-softgel\/"]}]},{"@type":"ImageObject","inLanguage":"en-US","@id":"https:\/\/highfit.es\/en\/producto\/zma-zinc-magnesium-aspartate-120-softgel\/#primaryimage","url":"https:\/\/highfit.es\/wp-content\/uploads\/2022\/08\/zmasoftgels.jpg","contentUrl":"https:\/\/highfit.es\/wp-content\/uploads\/2022\/08\/zmasoftgels.jpg","width":578,"height":578},{"@type":"BreadcrumbList","@id":"https:\/\/highfit.es\/en\/producto\/zma-zinc-magnesium-aspartate-120-softgel\/#breadcrumb","itemListElement":[{"@type":"ListItem","position":1,"name":"Portada","item":"https:\/\/highfit.es\/"},{"@type":"ListItem","position":2,"name":"Productos","item":"https:\/\/highfit.es\/shop\/"},{"@type":"ListItem","position":3,"name":"ZMA Zinc Magnesium Aspartate &#8211; 120 softgel"}]},{"@type":"WebSite","@id":"https:\/\/highfit.es\/#website","url":"https:\/\/highfit.es\/","name":"Nutrici\u00f3n Deportiva y Suplementaci\u00f3n - HighFit","description":"\u00daltima generaci\u00f3n en productos de nutrici\u00f3n deportiva. Marcas estrella en suplementaci\u00f3n con los m\u00e1s altos est\u00e1ndares de calidad","potentialAction":[{"@type":"SearchAction","target":{"@type":"EntryPoint","urlTemplate":"https:\/\/highfit.es\/?s={search_term_string}"},"query-input":{"@type":"PropertyValueSpecification","valueRequired":true,"valueName":"search_term_string"}}],"inLanguage":"en-US"}]}},"_links":{"self":[{"href":"https:\/\/highfit.es\/en\/wp-json\/wp\/v2\/product\/3453","targetHints":{"allow":["GET"]}}],"collection":[{"href":"https:\/\/highfit.es\/en\/wp-json\/wp\/v2\/product"}],"about":[{"href":"https:\/\/highfit.es\/en\/wp-json\/wp\/v2\/types\/product"}],"replies":[{"embeddable":true,"href":"https:\/\/highfit.es\/en\/wp-json\/wp\/v2\/comments?post=3453"}],"wp:featuredmedia":[{"embeddable":true,"href":"https:\/\/highfit.es\/en\/wp-json\/wp\/v2\/media\/2885"}],"wp:attachment":[{"href":"https:\/\/highfit.es\/en\/wp-json\/wp\/v2\/media?parent=3453"}],"wp:term":[{"taxonomy":"product_brand","embeddable":true,"href":"https:\/\/highfit.es\/en\/wp-json\/wp\/v2\/product_brand?post=3453"},{"taxonomy":"product_cat","embeddable":true,"href":"https:\/\/highfit.es\/en\/wp-json\/wp\/v2\/product_cat?post=3453"},{"taxonomy":"product_tag","embeddable":true,"href":"https:\/\/highfit.es\/en\/wp-json\/wp\/v2\/product_tag?post=3453"}],"curies":[{"name":"wp","href":"https:\/\/api.w.org\/{rel}","templated":true}]}}