{"id":3446,"date":"2022-08-11T10:50:31","date_gmt":"2022-08-11T10:50:31","guid":{"rendered":"https:\/\/highfit.es\/producto\/lipo-c4-120-capsulas\/"},"modified":"2023-04-04T08:56:04","modified_gmt":"2023-04-04T08:56:04","slug":"lipo-c4-120-capsules-ares","status":"publish","type":"product","link":"https:\/\/highfit.es\/en\/producto\/lipo-c4-120-capsules-ares\/","title":{"rendered":"LIPO C4 -120 CAPSULES"},"excerpt":{"rendered":"<p><b>LIPO C4 <\/b>is a fatburner with thermogenic effect. It is designed to increase body temperature. Also increases the metabolic rate and the amount of calories burned. Your body will burn more calories during the day, even when resting.<\/p>\n","protected":false},"featured_media":2889,"comment_status":"closed","ping_status":"closed","template":"","meta":[],"product_brand":[],"product_cat":[],"product_tag":[],"class_list":{"0":"post-3446","1":"product","2":"type-product","3":"status-publish","4":"has-post-thumbnail","7":"first","8":"outofstock","9":"taxable","10":"shipping-taxable","11":"purchasable","12":"product-type-simple"},"yoast_head":"<!-- This site is optimized with the Yoast SEO plugin v27.3 - https:\/\/yoast.com\/product\/yoast-seo-wordpress\/ -->\n<title>LIPO C4 ARES - 120 CAPSULES - HighFit<\/title>\n<meta name=\"robots\" content=\"index, follow, max-snippet:-1, max-image-preview:large, max-video-preview:-1\" \/>\n<link rel=\"canonical\" href=\"https:\/\/highfit.es\/en\/producto\/lipo-c4-120-capsules-ares\/\" \/>\n<meta property=\"og:locale\" content=\"en_US\" \/>\n<meta property=\"og:type\" content=\"article\" \/>\n<meta property=\"og:title\" content=\"LIPO C4 ARES - 120 CAPSULES - HighFit\" \/>\n<meta property=\"og:description\" content=\"LIPO C4 is a fatburner with thermogenic effect. It is designed to increase body temperature. Also increases the metabolic rate and the amount of calories burned. Your body will burn more calories during the day, even when resting.\" \/>\n<meta property=\"og:url\" content=\"https:\/\/highfit.es\/en\/producto\/lipo-c4-120-capsules-ares\/\" \/>\n<meta property=\"og:site_name\" content=\"Nutrici\u00f3n Deportiva y Suplementaci\u00f3n - HighFit\" \/>\n<meta property=\"article:modified_time\" content=\"2023-04-04T08:56:04+00:00\" \/>\n<meta property=\"og:image\" content=\"https:\/\/highfit.es\/wp-content\/uploads\/2022\/08\/ares-lipoc4.jpg\" \/>\n\t<meta property=\"og:image:width\" content=\"578\" \/>\n\t<meta property=\"og:image:height\" content=\"578\" \/>\n\t<meta property=\"og:image:type\" content=\"image\/jpeg\" \/>\n<meta name=\"twitter:card\" content=\"summary_large_image\" \/>\n<script type=\"application\/ld+json\" class=\"yoast-schema-graph\">{\"@context\":\"https:\\\/\\\/schema.org\",\"@graph\":[{\"@type\":\"WebPage\",\"@id\":\"https:\\\/\\\/highfit.es\\\/en\\\/producto\\\/lipo-c4-120-capsules-ares\\\/\",\"url\":\"https:\\\/\\\/highfit.es\\\/en\\\/producto\\\/lipo-c4-120-capsules-ares\\\/\",\"name\":\"LIPO C4 ARES - 120 CAPSULES - HighFit\",\"isPartOf\":{\"@id\":\"https:\\\/\\\/highfit.es\\\/#website\"},\"primaryImageOfPage\":{\"@id\":\"https:\\\/\\\/highfit.es\\\/en\\\/producto\\\/lipo-c4-120-capsules-ares\\\/#primaryimage\"},\"image\":{\"@id\":\"https:\\\/\\\/highfit.es\\\/en\\\/producto\\\/lipo-c4-120-capsules-ares\\\/#primaryimage\"},\"thumbnailUrl\":\"https:\\\/\\\/highfit.es\\\/wp-content\\\/uploads\\\/2022\\\/08\\\/ares-lipoc4.jpg\",\"datePublished\":\"2022-08-11T10:50:31+00:00\",\"dateModified\":\"2023-04-04T08:56:04+00:00\",\"breadcrumb\":{\"@id\":\"https:\\\/\\\/highfit.es\\\/en\\\/producto\\\/lipo-c4-120-capsules-ares\\\/#breadcrumb\"},\"inLanguage\":\"en-US\",\"potentialAction\":[{\"@type\":\"ReadAction\",\"target\":[\"https:\\\/\\\/highfit.es\\\/en\\\/producto\\\/lipo-c4-120-capsules-ares\\\/\"]}]},{\"@type\":\"ImageObject\",\"inLanguage\":\"en-US\",\"@id\":\"https:\\\/\\\/highfit.es\\\/en\\\/producto\\\/lipo-c4-120-capsules-ares\\\/#primaryimage\",\"url\":\"https:\\\/\\\/highfit.es\\\/wp-content\\\/uploads\\\/2022\\\/08\\\/ares-lipoc4.jpg\",\"contentUrl\":\"https:\\\/\\\/highfit.es\\\/wp-content\\\/uploads\\\/2022\\\/08\\\/ares-lipoc4.jpg\",\"width\":578,\"height\":578},{\"@type\":\"BreadcrumbList\",\"@id\":\"https:\\\/\\\/highfit.es\\\/en\\\/producto\\\/lipo-c4-120-capsules-ares\\\/#breadcrumb\",\"itemListElement\":[{\"@type\":\"ListItem\",\"position\":1,\"name\":\"Portada\",\"item\":\"https:\\\/\\\/highfit.es\\\/\"},{\"@type\":\"ListItem\",\"position\":2,\"name\":\"Productos\",\"item\":\"https:\\\/\\\/highfit.es\\\/shop\\\/\"},{\"@type\":\"ListItem\",\"position\":3,\"name\":\"LIPO C4 -120 CAPSULES\"}]},{\"@type\":\"WebSite\",\"@id\":\"https:\\\/\\\/highfit.es\\\/#website\",\"url\":\"https:\\\/\\\/highfit.es\\\/\",\"name\":\"Nutrici\u00f3n Deportiva y Suplementaci\u00f3n - HighFit\",\"description\":\"\u00daltima generaci\u00f3n en productos de nutrici\u00f3n deportiva. Marcas estrella en suplementaci\u00f3n con los m\u00e1s altos est\u00e1ndares de calidad\",\"potentialAction\":[{\"@type\":\"SearchAction\",\"target\":{\"@type\":\"EntryPoint\",\"urlTemplate\":\"https:\\\/\\\/highfit.es\\\/?s={search_term_string}\"},\"query-input\":{\"@type\":\"PropertyValueSpecification\",\"valueRequired\":true,\"valueName\":\"search_term_string\"}}],\"inLanguage\":\"en-US\"}]}<\/script>\n<!-- \/ Yoast SEO plugin. -->","yoast_head_json":{"title":"LIPO C4 ARES - 120 CAPSULES - HighFit","robots":{"index":"index","follow":"follow","max-snippet":"max-snippet:-1","max-image-preview":"max-image-preview:large","max-video-preview":"max-video-preview:-1"},"canonical":"https:\/\/highfit.es\/en\/producto\/lipo-c4-120-capsules-ares\/","og_locale":"en_US","og_type":"article","og_title":"LIPO C4 ARES - 120 CAPSULES - HighFit","og_description":"LIPO C4 is a fatburner with thermogenic effect. It is designed to increase body temperature. Also increases the metabolic rate and the amount of calories burned. Your body will burn more calories during the day, even when resting.","og_url":"https:\/\/highfit.es\/en\/producto\/lipo-c4-120-capsules-ares\/","og_site_name":"Nutrici\u00f3n Deportiva y Suplementaci\u00f3n - HighFit","article_modified_time":"2023-04-04T08:56:04+00:00","og_image":[{"width":578,"height":578,"url":"https:\/\/highfit.es\/wp-content\/uploads\/2022\/08\/ares-lipoc4.jpg","type":"image\/jpeg"}],"twitter_card":"summary_large_image","schema":{"@context":"https:\/\/schema.org","@graph":[{"@type":"WebPage","@id":"https:\/\/highfit.es\/en\/producto\/lipo-c4-120-capsules-ares\/","url":"https:\/\/highfit.es\/en\/producto\/lipo-c4-120-capsules-ares\/","name":"LIPO C4 ARES - 120 CAPSULES - HighFit","isPartOf":{"@id":"https:\/\/highfit.es\/#website"},"primaryImageOfPage":{"@id":"https:\/\/highfit.es\/en\/producto\/lipo-c4-120-capsules-ares\/#primaryimage"},"image":{"@id":"https:\/\/highfit.es\/en\/producto\/lipo-c4-120-capsules-ares\/#primaryimage"},"thumbnailUrl":"https:\/\/highfit.es\/wp-content\/uploads\/2022\/08\/ares-lipoc4.jpg","datePublished":"2022-08-11T10:50:31+00:00","dateModified":"2023-04-04T08:56:04+00:00","breadcrumb":{"@id":"https:\/\/highfit.es\/en\/producto\/lipo-c4-120-capsules-ares\/#breadcrumb"},"inLanguage":"en-US","potentialAction":[{"@type":"ReadAction","target":["https:\/\/highfit.es\/en\/producto\/lipo-c4-120-capsules-ares\/"]}]},{"@type":"ImageObject","inLanguage":"en-US","@id":"https:\/\/highfit.es\/en\/producto\/lipo-c4-120-capsules-ares\/#primaryimage","url":"https:\/\/highfit.es\/wp-content\/uploads\/2022\/08\/ares-lipoc4.jpg","contentUrl":"https:\/\/highfit.es\/wp-content\/uploads\/2022\/08\/ares-lipoc4.jpg","width":578,"height":578},{"@type":"BreadcrumbList","@id":"https:\/\/highfit.es\/en\/producto\/lipo-c4-120-capsules-ares\/#breadcrumb","itemListElement":[{"@type":"ListItem","position":1,"name":"Portada","item":"https:\/\/highfit.es\/"},{"@type":"ListItem","position":2,"name":"Productos","item":"https:\/\/highfit.es\/shop\/"},{"@type":"ListItem","position":3,"name":"LIPO C4 -120 CAPSULES"}]},{"@type":"WebSite","@id":"https:\/\/highfit.es\/#website","url":"https:\/\/highfit.es\/","name":"Nutrici\u00f3n Deportiva y Suplementaci\u00f3n - HighFit","description":"\u00daltima generaci\u00f3n en productos de nutrici\u00f3n deportiva. Marcas estrella en suplementaci\u00f3n con los m\u00e1s altos est\u00e1ndares de calidad","potentialAction":[{"@type":"SearchAction","target":{"@type":"EntryPoint","urlTemplate":"https:\/\/highfit.es\/?s={search_term_string}"},"query-input":{"@type":"PropertyValueSpecification","valueRequired":true,"valueName":"search_term_string"}}],"inLanguage":"en-US"}]}},"_links":{"self":[{"href":"https:\/\/highfit.es\/en\/wp-json\/wp\/v2\/product\/3446","targetHints":{"allow":["GET"]}}],"collection":[{"href":"https:\/\/highfit.es\/en\/wp-json\/wp\/v2\/product"}],"about":[{"href":"https:\/\/highfit.es\/en\/wp-json\/wp\/v2\/types\/product"}],"replies":[{"embeddable":true,"href":"https:\/\/highfit.es\/en\/wp-json\/wp\/v2\/comments?post=3446"}],"wp:featuredmedia":[{"embeddable":true,"href":"https:\/\/highfit.es\/en\/wp-json\/wp\/v2\/media\/2889"}],"wp:attachment":[{"href":"https:\/\/highfit.es\/en\/wp-json\/wp\/v2\/media?parent=3446"}],"wp:term":[{"taxonomy":"product_brand","embeddable":true,"href":"https:\/\/highfit.es\/en\/wp-json\/wp\/v2\/product_brand?post=3446"},{"taxonomy":"product_cat","embeddable":true,"href":"https:\/\/highfit.es\/en\/wp-json\/wp\/v2\/product_cat?post=3446"},{"taxonomy":"product_tag","embeddable":true,"href":"https:\/\/highfit.es\/en\/wp-json\/wp\/v2\/product_tag?post=3446"}],"curies":[{"name":"wp","href":"https:\/\/api.w.org\/{rel}","templated":true}]}}