{"id":3442,"date":"2022-08-11T10:50:31","date_gmt":"2022-08-11T10:50:31","guid":{"rendered":"https:\/\/highfit.es\/producto\/micronized-creatine-300-500gr\/"},"modified":"2023-04-25T11:52:34","modified_gmt":"2023-04-25T11:52:34","slug":"micronized-creatine-300-500gr","status":"publish","type":"product","link":"https:\/\/highfit.es\/en\/producto\/micronized-creatine-300-500gr\/","title":{"rendered":"Micronized Creatine [300-500gr]"},"excerpt":{"rendered":"<p class=\"p1\"><b>Creatine <\/b>is a suitable supplement for all types of athletes because it supports physical performance. Studies in and experience with athletes have shown creatine to improve maximal strength, increase lean muscle mass and help muscles recover more quickly during exercise.<\/p>\n","protected":false},"featured_media":2887,"comment_status":"closed","ping_status":"closed","template":"","meta":[],"product_brand":[],"product_cat":[],"product_tag":[],"class_list":{"0":"post-3442","1":"product","2":"type-product","3":"status-publish","4":"has-post-thumbnail","7":"first","8":"outofstock","9":"taxable","10":"shipping-taxable","11":"product-type-variable"},"yoast_head":"<!-- This site is optimized with the Yoast SEO plugin v27.3 - https:\/\/yoast.com\/product\/yoast-seo-wordpress\/ -->\n<title>Micronized Creatine [300-500gr] - Nutrici\u00f3n Deportiva y Suplementaci\u00f3n - HighFit<\/title>\n<meta name=\"robots\" content=\"index, follow, max-snippet:-1, max-image-preview:large, max-video-preview:-1\" \/>\n<link rel=\"canonical\" href=\"https:\/\/highfit.es\/en\/producto\/micronized-creatine-300-500gr\/\" \/>\n<meta property=\"og:locale\" content=\"en_US\" \/>\n<meta property=\"og:type\" content=\"article\" \/>\n<meta property=\"og:title\" content=\"Micronized Creatine [300-500gr] - Nutrici\u00f3n Deportiva y Suplementaci\u00f3n - HighFit\" \/>\n<meta property=\"og:description\" content=\"Creatine is a suitable supplement for all types of athletes because it supports physical performance. Studies in and experience with athletes have shown creatine to improve maximal strength, increase lean muscle mass and help muscles recover more quickly during exercise.\" \/>\n<meta property=\"og:url\" content=\"https:\/\/highfit.es\/en\/producto\/micronized-creatine-300-500gr\/\" \/>\n<meta property=\"og:site_name\" content=\"Nutrici\u00f3n Deportiva y Suplementaci\u00f3n - HighFit\" \/>\n<meta property=\"article:modified_time\" content=\"2023-04-25T11:52:34+00:00\" \/>\n<meta property=\"og:image\" content=\"https:\/\/highfit.es\/wp-content\/uploads\/2022\/08\/micronizes-creatine-ares-500-1.jpg\" \/>\n\t<meta property=\"og:image:width\" content=\"578\" \/>\n\t<meta property=\"og:image:height\" content=\"578\" \/>\n\t<meta property=\"og:image:type\" content=\"image\/jpeg\" \/>\n<meta name=\"twitter:card\" content=\"summary_large_image\" \/>\n<script type=\"application\/ld+json\" class=\"yoast-schema-graph\">{\"@context\":\"https:\\\/\\\/schema.org\",\"@graph\":[{\"@type\":\"WebPage\",\"@id\":\"https:\\\/\\\/highfit.es\\\/en\\\/producto\\\/micronized-creatine-300-500gr\\\/\",\"url\":\"https:\\\/\\\/highfit.es\\\/en\\\/producto\\\/micronized-creatine-300-500gr\\\/\",\"name\":\"Micronized Creatine [300-500gr] - Nutrici\u00f3n Deportiva y Suplementaci\u00f3n - HighFit\",\"isPartOf\":{\"@id\":\"https:\\\/\\\/highfit.es\\\/#website\"},\"primaryImageOfPage\":{\"@id\":\"https:\\\/\\\/highfit.es\\\/en\\\/producto\\\/micronized-creatine-300-500gr\\\/#primaryimage\"},\"image\":{\"@id\":\"https:\\\/\\\/highfit.es\\\/en\\\/producto\\\/micronized-creatine-300-500gr\\\/#primaryimage\"},\"thumbnailUrl\":\"https:\\\/\\\/highfit.es\\\/wp-content\\\/uploads\\\/2022\\\/08\\\/micronizes-creatine-ares-500-1.jpg\",\"datePublished\":\"2022-08-11T10:50:31+00:00\",\"dateModified\":\"2023-04-25T11:52:34+00:00\",\"breadcrumb\":{\"@id\":\"https:\\\/\\\/highfit.es\\\/en\\\/producto\\\/micronized-creatine-300-500gr\\\/#breadcrumb\"},\"inLanguage\":\"en-US\",\"potentialAction\":[{\"@type\":\"ReadAction\",\"target\":[\"https:\\\/\\\/highfit.es\\\/en\\\/producto\\\/micronized-creatine-300-500gr\\\/\"]}]},{\"@type\":\"ImageObject\",\"inLanguage\":\"en-US\",\"@id\":\"https:\\\/\\\/highfit.es\\\/en\\\/producto\\\/micronized-creatine-300-500gr\\\/#primaryimage\",\"url\":\"https:\\\/\\\/highfit.es\\\/wp-content\\\/uploads\\\/2022\\\/08\\\/micronizes-creatine-ares-500-1.jpg\",\"contentUrl\":\"https:\\\/\\\/highfit.es\\\/wp-content\\\/uploads\\\/2022\\\/08\\\/micronizes-creatine-ares-500-1.jpg\",\"width\":578,\"height\":578},{\"@type\":\"BreadcrumbList\",\"@id\":\"https:\\\/\\\/highfit.es\\\/en\\\/producto\\\/micronized-creatine-300-500gr\\\/#breadcrumb\",\"itemListElement\":[{\"@type\":\"ListItem\",\"position\":1,\"name\":\"Portada\",\"item\":\"https:\\\/\\\/highfit.es\\\/\"},{\"@type\":\"ListItem\",\"position\":2,\"name\":\"Productos\",\"item\":\"https:\\\/\\\/highfit.es\\\/shop\\\/\"},{\"@type\":\"ListItem\",\"position\":3,\"name\":\"Micronized Creatine [300-500gr]\"}]},{\"@type\":\"WebSite\",\"@id\":\"https:\\\/\\\/highfit.es\\\/#website\",\"url\":\"https:\\\/\\\/highfit.es\\\/\",\"name\":\"Nutrici\u00f3n Deportiva y Suplementaci\u00f3n - HighFit\",\"description\":\"\u00daltima generaci\u00f3n en productos de nutrici\u00f3n deportiva. Marcas estrella en suplementaci\u00f3n con los m\u00e1s altos est\u00e1ndares de calidad\",\"potentialAction\":[{\"@type\":\"SearchAction\",\"target\":{\"@type\":\"EntryPoint\",\"urlTemplate\":\"https:\\\/\\\/highfit.es\\\/?s={search_term_string}\"},\"query-input\":{\"@type\":\"PropertyValueSpecification\",\"valueRequired\":true,\"valueName\":\"search_term_string\"}}],\"inLanguage\":\"en-US\"}]}<\/script>\n<!-- \/ Yoast SEO plugin. -->","yoast_head_json":{"title":"Micronized Creatine [300-500gr] - Nutrici\u00f3n Deportiva y Suplementaci\u00f3n - HighFit","robots":{"index":"index","follow":"follow","max-snippet":"max-snippet:-1","max-image-preview":"max-image-preview:large","max-video-preview":"max-video-preview:-1"},"canonical":"https:\/\/highfit.es\/en\/producto\/micronized-creatine-300-500gr\/","og_locale":"en_US","og_type":"article","og_title":"Micronized Creatine [300-500gr] - Nutrici\u00f3n Deportiva y Suplementaci\u00f3n - HighFit","og_description":"Creatine is a suitable supplement for all types of athletes because it supports physical performance. Studies in and experience with athletes have shown creatine to improve maximal strength, increase lean muscle mass and help muscles recover more quickly during exercise.","og_url":"https:\/\/highfit.es\/en\/producto\/micronized-creatine-300-500gr\/","og_site_name":"Nutrici\u00f3n Deportiva y Suplementaci\u00f3n - HighFit","article_modified_time":"2023-04-25T11:52:34+00:00","og_image":[{"width":578,"height":578,"url":"https:\/\/highfit.es\/wp-content\/uploads\/2022\/08\/micronizes-creatine-ares-500-1.jpg","type":"image\/jpeg"}],"twitter_card":"summary_large_image","schema":{"@context":"https:\/\/schema.org","@graph":[{"@type":"WebPage","@id":"https:\/\/highfit.es\/en\/producto\/micronized-creatine-300-500gr\/","url":"https:\/\/highfit.es\/en\/producto\/micronized-creatine-300-500gr\/","name":"Micronized Creatine [300-500gr] - Nutrici\u00f3n Deportiva y Suplementaci\u00f3n - HighFit","isPartOf":{"@id":"https:\/\/highfit.es\/#website"},"primaryImageOfPage":{"@id":"https:\/\/highfit.es\/en\/producto\/micronized-creatine-300-500gr\/#primaryimage"},"image":{"@id":"https:\/\/highfit.es\/en\/producto\/micronized-creatine-300-500gr\/#primaryimage"},"thumbnailUrl":"https:\/\/highfit.es\/wp-content\/uploads\/2022\/08\/micronizes-creatine-ares-500-1.jpg","datePublished":"2022-08-11T10:50:31+00:00","dateModified":"2023-04-25T11:52:34+00:00","breadcrumb":{"@id":"https:\/\/highfit.es\/en\/producto\/micronized-creatine-300-500gr\/#breadcrumb"},"inLanguage":"en-US","potentialAction":[{"@type":"ReadAction","target":["https:\/\/highfit.es\/en\/producto\/micronized-creatine-300-500gr\/"]}]},{"@type":"ImageObject","inLanguage":"en-US","@id":"https:\/\/highfit.es\/en\/producto\/micronized-creatine-300-500gr\/#primaryimage","url":"https:\/\/highfit.es\/wp-content\/uploads\/2022\/08\/micronizes-creatine-ares-500-1.jpg","contentUrl":"https:\/\/highfit.es\/wp-content\/uploads\/2022\/08\/micronizes-creatine-ares-500-1.jpg","width":578,"height":578},{"@type":"BreadcrumbList","@id":"https:\/\/highfit.es\/en\/producto\/micronized-creatine-300-500gr\/#breadcrumb","itemListElement":[{"@type":"ListItem","position":1,"name":"Portada","item":"https:\/\/highfit.es\/"},{"@type":"ListItem","position":2,"name":"Productos","item":"https:\/\/highfit.es\/shop\/"},{"@type":"ListItem","position":3,"name":"Micronized Creatine [300-500gr]"}]},{"@type":"WebSite","@id":"https:\/\/highfit.es\/#website","url":"https:\/\/highfit.es\/","name":"Nutrici\u00f3n Deportiva y Suplementaci\u00f3n - HighFit","description":"\u00daltima generaci\u00f3n en productos de nutrici\u00f3n deportiva. Marcas estrella en suplementaci\u00f3n con los m\u00e1s altos est\u00e1ndares de calidad","potentialAction":[{"@type":"SearchAction","target":{"@type":"EntryPoint","urlTemplate":"https:\/\/highfit.es\/?s={search_term_string}"},"query-input":{"@type":"PropertyValueSpecification","valueRequired":true,"valueName":"search_term_string"}}],"inLanguage":"en-US"}]}},"_links":{"self":[{"href":"https:\/\/highfit.es\/en\/wp-json\/wp\/v2\/product\/3442","targetHints":{"allow":["GET"]}}],"collection":[{"href":"https:\/\/highfit.es\/en\/wp-json\/wp\/v2\/product"}],"about":[{"href":"https:\/\/highfit.es\/en\/wp-json\/wp\/v2\/types\/product"}],"replies":[{"embeddable":true,"href":"https:\/\/highfit.es\/en\/wp-json\/wp\/v2\/comments?post=3442"}],"wp:featuredmedia":[{"embeddable":true,"href":"https:\/\/highfit.es\/en\/wp-json\/wp\/v2\/media\/2887"}],"wp:attachment":[{"href":"https:\/\/highfit.es\/en\/wp-json\/wp\/v2\/media?parent=3442"}],"wp:term":[{"taxonomy":"product_brand","embeddable":true,"href":"https:\/\/highfit.es\/en\/wp-json\/wp\/v2\/product_brand?post=3442"},{"taxonomy":"product_cat","embeddable":true,"href":"https:\/\/highfit.es\/en\/wp-json\/wp\/v2\/product_cat?post=3442"},{"taxonomy":"product_tag","embeddable":true,"href":"https:\/\/highfit.es\/en\/wp-json\/wp\/v2\/product_tag?post=3442"}],"curies":[{"name":"wp","href":"https:\/\/api.w.org\/{rel}","templated":true}]}}