{"id":3426,"date":"2022-08-11T10:51:00","date_gmt":"2022-08-11T10:51:00","guid":{"rendered":"https:\/\/highfit.es\/producto\/black-tribulus-120-capsulas\/"},"modified":"2023-05-29T08:27:39","modified_gmt":"2023-05-29T08:27:39","slug":"black-tribulus-120-capsules","status":"publish","type":"product","link":"https:\/\/highfit.es\/en\/producto\/black-tribulus-120-capsules\/","title":{"rendered":"BLACK TRIBULUS &#8211; 120 CAPSULES"},"excerpt":{"rendered":"<p>BLACK TRIBULUS contains extract of tribulus terrestris, a well-known herb within the Ayurvedic group of medicine. One of its biochemically active principles are steroidal saponins. In the case of Tribulus terrestris, these substances are found in high concentrations.<\/p>\n<p>Black Tribulus increases and accelerates the synthesis of new proteins and the formation of new tissue, i.e. it promotes anabolism.<\/p>\n","protected":false},"featured_media":2898,"comment_status":"closed","ping_status":"closed","template":"","meta":[],"product_brand":[],"product_cat":[],"product_tag":[],"class_list":{"0":"post-3426","1":"product","2":"type-product","3":"status-publish","4":"has-post-thumbnail","7":"first","8":"outofstock","9":"taxable","10":"shipping-taxable","11":"purchasable","12":"product-type-simple"},"yoast_head":"<!-- This site is optimized with the Yoast SEO plugin v27.3 - https:\/\/yoast.com\/product\/yoast-seo-wordpress\/ -->\n<title>BLACK TRIBULUS - 120 CAPSULES - Nutrici\u00f3n Deportiva y Suplementaci\u00f3n - HighFit<\/title>\n<meta name=\"robots\" content=\"index, follow, max-snippet:-1, max-image-preview:large, max-video-preview:-1\" \/>\n<link rel=\"canonical\" href=\"https:\/\/highfit.es\/en\/producto\/black-tribulus-120-capsules\/\" \/>\n<meta property=\"og:locale\" content=\"en_US\" \/>\n<meta property=\"og:type\" content=\"article\" \/>\n<meta property=\"og:title\" content=\"BLACK TRIBULUS - 120 CAPSULES - Nutrici\u00f3n Deportiva y Suplementaci\u00f3n - HighFit\" \/>\n<meta property=\"og:description\" content=\"BLACK TRIBULUS contains extract of tribulus terrestris, a well-known herb within the Ayurvedic group of medicine. One of its biochemically active principles are steroidal saponins. In the case of Tribulus terrestris, these substances are found in high concentrations.  Black Tribulus increases and accelerates the synthesis of new proteins and the formation of new tissue, i.e. it promotes anabolism.\" \/>\n<meta property=\"og:url\" content=\"https:\/\/highfit.es\/en\/producto\/black-tribulus-120-capsules\/\" \/>\n<meta property=\"og:site_name\" content=\"Nutrici\u00f3n Deportiva y Suplementaci\u00f3n - HighFit\" \/>\n<meta property=\"article:modified_time\" content=\"2023-05-29T08:27:39+00:00\" \/>\n<meta property=\"og:image\" content=\"https:\/\/highfit.es\/wp-content\/uploads\/2022\/08\/Sin-titulo-1_Mesa-de-trabajo-1-1024x1024.png\" \/>\n\t<meta property=\"og:image:width\" content=\"1024\" \/>\n\t<meta property=\"og:image:height\" content=\"1024\" \/>\n\t<meta property=\"og:image:type\" content=\"image\/png\" \/>\n<meta name=\"twitter:card\" content=\"summary_large_image\" \/>\n<script type=\"application\/ld+json\" class=\"yoast-schema-graph\">{\"@context\":\"https:\\\/\\\/schema.org\",\"@graph\":[{\"@type\":\"WebPage\",\"@id\":\"https:\\\/\\\/highfit.es\\\/en\\\/producto\\\/black-tribulus-120-capsules\\\/\",\"url\":\"https:\\\/\\\/highfit.es\\\/en\\\/producto\\\/black-tribulus-120-capsules\\\/\",\"name\":\"BLACK TRIBULUS - 120 CAPSULES - Nutrici\u00f3n Deportiva y Suplementaci\u00f3n - HighFit\",\"isPartOf\":{\"@id\":\"https:\\\/\\\/highfit.es\\\/#website\"},\"primaryImageOfPage\":{\"@id\":\"https:\\\/\\\/highfit.es\\\/en\\\/producto\\\/black-tribulus-120-capsules\\\/#primaryimage\"},\"image\":{\"@id\":\"https:\\\/\\\/highfit.es\\\/en\\\/producto\\\/black-tribulus-120-capsules\\\/#primaryimage\"},\"thumbnailUrl\":\"https:\\\/\\\/highfit.es\\\/wp-content\\\/uploads\\\/2022\\\/08\\\/Sin-titulo-1_Mesa-de-trabajo-1.png\",\"datePublished\":\"2022-08-11T10:51:00+00:00\",\"dateModified\":\"2023-05-29T08:27:39+00:00\",\"breadcrumb\":{\"@id\":\"https:\\\/\\\/highfit.es\\\/en\\\/producto\\\/black-tribulus-120-capsules\\\/#breadcrumb\"},\"inLanguage\":\"en-US\",\"potentialAction\":[{\"@type\":\"ReadAction\",\"target\":[\"https:\\\/\\\/highfit.es\\\/en\\\/producto\\\/black-tribulus-120-capsules\\\/\"]}]},{\"@type\":\"ImageObject\",\"inLanguage\":\"en-US\",\"@id\":\"https:\\\/\\\/highfit.es\\\/en\\\/producto\\\/black-tribulus-120-capsules\\\/#primaryimage\",\"url\":\"https:\\\/\\\/highfit.es\\\/wp-content\\\/uploads\\\/2022\\\/08\\\/Sin-titulo-1_Mesa-de-trabajo-1.png\",\"contentUrl\":\"https:\\\/\\\/highfit.es\\\/wp-content\\\/uploads\\\/2022\\\/08\\\/Sin-titulo-1_Mesa-de-trabajo-1.png\",\"width\":3334,\"height\":3334},{\"@type\":\"BreadcrumbList\",\"@id\":\"https:\\\/\\\/highfit.es\\\/en\\\/producto\\\/black-tribulus-120-capsules\\\/#breadcrumb\",\"itemListElement\":[{\"@type\":\"ListItem\",\"position\":1,\"name\":\"Portada\",\"item\":\"https:\\\/\\\/highfit.es\\\/\"},{\"@type\":\"ListItem\",\"position\":2,\"name\":\"Productos\",\"item\":\"https:\\\/\\\/highfit.es\\\/shop\\\/\"},{\"@type\":\"ListItem\",\"position\":3,\"name\":\"BLACK TRIBULUS &#8211; 120 CAPSULES\"}]},{\"@type\":\"WebSite\",\"@id\":\"https:\\\/\\\/highfit.es\\\/#website\",\"url\":\"https:\\\/\\\/highfit.es\\\/\",\"name\":\"Nutrici\u00f3n Deportiva y Suplementaci\u00f3n - HighFit\",\"description\":\"\u00daltima generaci\u00f3n en productos de nutrici\u00f3n deportiva. Marcas estrella en suplementaci\u00f3n con los m\u00e1s altos est\u00e1ndares de calidad\",\"potentialAction\":[{\"@type\":\"SearchAction\",\"target\":{\"@type\":\"EntryPoint\",\"urlTemplate\":\"https:\\\/\\\/highfit.es\\\/?s={search_term_string}\"},\"query-input\":{\"@type\":\"PropertyValueSpecification\",\"valueRequired\":true,\"valueName\":\"search_term_string\"}}],\"inLanguage\":\"en-US\"}]}<\/script>\n<!-- \/ Yoast SEO plugin. -->","yoast_head_json":{"title":"BLACK TRIBULUS - 120 CAPSULES - Nutrici\u00f3n Deportiva y Suplementaci\u00f3n - HighFit","robots":{"index":"index","follow":"follow","max-snippet":"max-snippet:-1","max-image-preview":"max-image-preview:large","max-video-preview":"max-video-preview:-1"},"canonical":"https:\/\/highfit.es\/en\/producto\/black-tribulus-120-capsules\/","og_locale":"en_US","og_type":"article","og_title":"BLACK TRIBULUS - 120 CAPSULES - Nutrici\u00f3n Deportiva y Suplementaci\u00f3n - HighFit","og_description":"BLACK TRIBULUS contains extract of tribulus terrestris, a well-known herb within the Ayurvedic group of medicine. One of its biochemically active principles are steroidal saponins. In the case of Tribulus terrestris, these substances are found in high concentrations.  Black Tribulus increases and accelerates the synthesis of new proteins and the formation of new tissue, i.e. it promotes anabolism.","og_url":"https:\/\/highfit.es\/en\/producto\/black-tribulus-120-capsules\/","og_site_name":"Nutrici\u00f3n Deportiva y Suplementaci\u00f3n - HighFit","article_modified_time":"2023-05-29T08:27:39+00:00","og_image":[{"width":1024,"height":1024,"url":"https:\/\/highfit.es\/wp-content\/uploads\/2022\/08\/Sin-titulo-1_Mesa-de-trabajo-1-1024x1024.png","type":"image\/png"}],"twitter_card":"summary_large_image","schema":{"@context":"https:\/\/schema.org","@graph":[{"@type":"WebPage","@id":"https:\/\/highfit.es\/en\/producto\/black-tribulus-120-capsules\/","url":"https:\/\/highfit.es\/en\/producto\/black-tribulus-120-capsules\/","name":"BLACK TRIBULUS - 120 CAPSULES - Nutrici\u00f3n Deportiva y Suplementaci\u00f3n - HighFit","isPartOf":{"@id":"https:\/\/highfit.es\/#website"},"primaryImageOfPage":{"@id":"https:\/\/highfit.es\/en\/producto\/black-tribulus-120-capsules\/#primaryimage"},"image":{"@id":"https:\/\/highfit.es\/en\/producto\/black-tribulus-120-capsules\/#primaryimage"},"thumbnailUrl":"https:\/\/highfit.es\/wp-content\/uploads\/2022\/08\/Sin-titulo-1_Mesa-de-trabajo-1.png","datePublished":"2022-08-11T10:51:00+00:00","dateModified":"2023-05-29T08:27:39+00:00","breadcrumb":{"@id":"https:\/\/highfit.es\/en\/producto\/black-tribulus-120-capsules\/#breadcrumb"},"inLanguage":"en-US","potentialAction":[{"@type":"ReadAction","target":["https:\/\/highfit.es\/en\/producto\/black-tribulus-120-capsules\/"]}]},{"@type":"ImageObject","inLanguage":"en-US","@id":"https:\/\/highfit.es\/en\/producto\/black-tribulus-120-capsules\/#primaryimage","url":"https:\/\/highfit.es\/wp-content\/uploads\/2022\/08\/Sin-titulo-1_Mesa-de-trabajo-1.png","contentUrl":"https:\/\/highfit.es\/wp-content\/uploads\/2022\/08\/Sin-titulo-1_Mesa-de-trabajo-1.png","width":3334,"height":3334},{"@type":"BreadcrumbList","@id":"https:\/\/highfit.es\/en\/producto\/black-tribulus-120-capsules\/#breadcrumb","itemListElement":[{"@type":"ListItem","position":1,"name":"Portada","item":"https:\/\/highfit.es\/"},{"@type":"ListItem","position":2,"name":"Productos","item":"https:\/\/highfit.es\/shop\/"},{"@type":"ListItem","position":3,"name":"BLACK TRIBULUS &#8211; 120 CAPSULES"}]},{"@type":"WebSite","@id":"https:\/\/highfit.es\/#website","url":"https:\/\/highfit.es\/","name":"Nutrici\u00f3n Deportiva y Suplementaci\u00f3n - HighFit","description":"\u00daltima generaci\u00f3n en productos de nutrici\u00f3n deportiva. Marcas estrella en suplementaci\u00f3n con los m\u00e1s altos est\u00e1ndares de calidad","potentialAction":[{"@type":"SearchAction","target":{"@type":"EntryPoint","urlTemplate":"https:\/\/highfit.es\/?s={search_term_string}"},"query-input":{"@type":"PropertyValueSpecification","valueRequired":true,"valueName":"search_term_string"}}],"inLanguage":"en-US"}]}},"_links":{"self":[{"href":"https:\/\/highfit.es\/en\/wp-json\/wp\/v2\/product\/3426","targetHints":{"allow":["GET"]}}],"collection":[{"href":"https:\/\/highfit.es\/en\/wp-json\/wp\/v2\/product"}],"about":[{"href":"https:\/\/highfit.es\/en\/wp-json\/wp\/v2\/types\/product"}],"replies":[{"embeddable":true,"href":"https:\/\/highfit.es\/en\/wp-json\/wp\/v2\/comments?post=3426"}],"wp:featuredmedia":[{"embeddable":true,"href":"https:\/\/highfit.es\/en\/wp-json\/wp\/v2\/media\/2898"}],"wp:attachment":[{"href":"https:\/\/highfit.es\/en\/wp-json\/wp\/v2\/media?parent=3426"}],"wp:term":[{"taxonomy":"product_brand","embeddable":true,"href":"https:\/\/highfit.es\/en\/wp-json\/wp\/v2\/product_brand?post=3426"},{"taxonomy":"product_cat","embeddable":true,"href":"https:\/\/highfit.es\/en\/wp-json\/wp\/v2\/product_cat?post=3426"},{"taxonomy":"product_tag","embeddable":true,"href":"https:\/\/highfit.es\/en\/wp-json\/wp\/v2\/product_tag?post=3426"}],"curies":[{"name":"wp","href":"https:\/\/api.w.org\/{rel}","templated":true}]}}