{"id":3388,"date":"2022-08-11T10:51:57","date_gmt":"2022-08-11T10:51:57","guid":{"rendered":"https:\/\/highfit.es\/producto\/whey-protein-concentrate-100-5lbs-72-servings\/"},"modified":"2023-05-24T08:21:12","modified_gmt":"2023-05-24T08:21:12","slug":"whey-protein-concentrate-100-5lbs-72-servings","status":"publish","type":"product","link":"https:\/\/highfit.es\/en\/producto\/whey-protein-concentrate-100-5lbs-72-servings\/","title":{"rendered":"WHEY PROTEIN CONCENTRATE 100% [5LBS] &#8211; 72 SERVINGS"},"excerpt":{"rendered":"<p>WPC contains the highest-quality protein thanks to our formulation and combination of amino acids that nourish and maintain your muscles after your workouts, thus promoting the growth of muscle mass.<\/p>\n<p>In quality, whey protein surpasses other protein sources such as eggs or meat due to its amino acid profile, where we find a large amount of branched and essential amino acids (BCAAs also belong to this group). This is the protein with the highest biological index, that is, its degree of absorption and use by our organism.<\/p>\n","protected":false},"featured_media":2908,"comment_status":"closed","ping_status":"closed","template":"","meta":[],"product_brand":[],"product_cat":[],"product_tag":[],"class_list":{"0":"post-3388","1":"product","2":"type-product","3":"status-publish","4":"has-post-thumbnail","6":"pa_sabor-brownie-en","7":"pa_sabor-doble-chocolate-en","8":"pa_sabor-lemon-chesecake-en","9":"pa_sabor-leche-merengada-en","10":"pa_sabor-pina-colada-en","11":"pa_sabor-fresa-en","12":"pa_sabor-vainilla-cookie-en","14":"first","15":"outofstock","16":"featured","17":"taxable","18":"shipping-taxable","19":"product-type-variable"},"yoast_head":"<!-- This site is optimized with the Yoast SEO plugin v27.3 - https:\/\/yoast.com\/product\/yoast-seo-wordpress\/ -->\n<title>WHEY PROTEIN CONCENTRATE 100% [5LBS] - 72 SERVINGS - Nutrici\u00f3n Deportiva y Suplementaci\u00f3n - HighFit<\/title>\n<meta name=\"robots\" content=\"index, follow, max-snippet:-1, max-image-preview:large, max-video-preview:-1\" \/>\n<link rel=\"canonical\" href=\"https:\/\/highfit.es\/en\/producto\/whey-protein-concentrate-100-5lbs-72-servings\/\" \/>\n<meta property=\"og:locale\" content=\"en_US\" \/>\n<meta property=\"og:type\" content=\"article\" \/>\n<meta property=\"og:title\" content=\"WHEY PROTEIN CONCENTRATE 100% [5LBS] - 72 SERVINGS - Nutrici\u00f3n Deportiva y Suplementaci\u00f3n - HighFit\" \/>\n<meta property=\"og:description\" content=\"WPC contains the highest-quality protein thanks to our formulation and combination of amino acids that nourish and maintain your muscles after your workouts, thus promoting the growth of muscle mass.  In quality, whey protein surpasses other protein sources such as eggs or meat due to its amino acid profile, where we find a large amount of branched and essential amino acids (BCAAs also belong to this group). This is the protein with the highest biological index, that is, its degree of absorption and use by our organism.\" \/>\n<meta property=\"og:url\" content=\"https:\/\/highfit.es\/en\/producto\/whey-protein-concentrate-100-5lbs-72-servings\/\" \/>\n<meta property=\"og:site_name\" content=\"Nutrici\u00f3n Deportiva y Suplementaci\u00f3n - HighFit\" \/>\n<meta property=\"article:modified_time\" content=\"2023-05-24T08:21:12+00:00\" \/>\n<meta property=\"og:image\" content=\"https:\/\/highfit.es\/wp-content\/uploads\/2022\/08\/WPC-whey-protein-concentrate-1.jpg\" \/>\n\t<meta property=\"og:image:width\" content=\"1080\" \/>\n\t<meta property=\"og:image:height\" content=\"1080\" \/>\n\t<meta property=\"og:image:type\" content=\"image\/jpeg\" \/>\n<meta name=\"twitter:card\" content=\"summary_large_image\" \/>\n<script type=\"application\/ld+json\" class=\"yoast-schema-graph\">{\"@context\":\"https:\\\/\\\/schema.org\",\"@graph\":[{\"@type\":\"WebPage\",\"@id\":\"https:\\\/\\\/highfit.es\\\/en\\\/producto\\\/whey-protein-concentrate-100-5lbs-72-servings\\\/\",\"url\":\"https:\\\/\\\/highfit.es\\\/en\\\/producto\\\/whey-protein-concentrate-100-5lbs-72-servings\\\/\",\"name\":\"WHEY PROTEIN CONCENTRATE 100% [5LBS] - 72 SERVINGS - Nutrici\u00f3n Deportiva y Suplementaci\u00f3n - HighFit\",\"isPartOf\":{\"@id\":\"https:\\\/\\\/highfit.es\\\/#website\"},\"primaryImageOfPage\":{\"@id\":\"https:\\\/\\\/highfit.es\\\/en\\\/producto\\\/whey-protein-concentrate-100-5lbs-72-servings\\\/#primaryimage\"},\"image\":{\"@id\":\"https:\\\/\\\/highfit.es\\\/en\\\/producto\\\/whey-protein-concentrate-100-5lbs-72-servings\\\/#primaryimage\"},\"thumbnailUrl\":\"https:\\\/\\\/highfit.es\\\/wp-content\\\/uploads\\\/2022\\\/08\\\/WPC-whey-protein-concentrate-1.jpg\",\"datePublished\":\"2022-08-11T10:51:57+00:00\",\"dateModified\":\"2023-05-24T08:21:12+00:00\",\"breadcrumb\":{\"@id\":\"https:\\\/\\\/highfit.es\\\/en\\\/producto\\\/whey-protein-concentrate-100-5lbs-72-servings\\\/#breadcrumb\"},\"inLanguage\":\"en-US\",\"potentialAction\":[{\"@type\":\"ReadAction\",\"target\":[\"https:\\\/\\\/highfit.es\\\/en\\\/producto\\\/whey-protein-concentrate-100-5lbs-72-servings\\\/\"]}]},{\"@type\":\"ImageObject\",\"inLanguage\":\"en-US\",\"@id\":\"https:\\\/\\\/highfit.es\\\/en\\\/producto\\\/whey-protein-concentrate-100-5lbs-72-servings\\\/#primaryimage\",\"url\":\"https:\\\/\\\/highfit.es\\\/wp-content\\\/uploads\\\/2022\\\/08\\\/WPC-whey-protein-concentrate-1.jpg\",\"contentUrl\":\"https:\\\/\\\/highfit.es\\\/wp-content\\\/uploads\\\/2022\\\/08\\\/WPC-whey-protein-concentrate-1.jpg\",\"width\":1080,\"height\":1080},{\"@type\":\"BreadcrumbList\",\"@id\":\"https:\\\/\\\/highfit.es\\\/en\\\/producto\\\/whey-protein-concentrate-100-5lbs-72-servings\\\/#breadcrumb\",\"itemListElement\":[{\"@type\":\"ListItem\",\"position\":1,\"name\":\"Portada\",\"item\":\"https:\\\/\\\/highfit.es\\\/\"},{\"@type\":\"ListItem\",\"position\":2,\"name\":\"Productos\",\"item\":\"https:\\\/\\\/highfit.es\\\/shop\\\/\"},{\"@type\":\"ListItem\",\"position\":3,\"name\":\"WHEY PROTEIN CONCENTRATE 100% [5LBS] &#8211; 72 SERVINGS\"}]},{\"@type\":\"WebSite\",\"@id\":\"https:\\\/\\\/highfit.es\\\/#website\",\"url\":\"https:\\\/\\\/highfit.es\\\/\",\"name\":\"Nutrici\u00f3n Deportiva y Suplementaci\u00f3n - HighFit\",\"description\":\"\u00daltima generaci\u00f3n en productos de nutrici\u00f3n deportiva. Marcas estrella en suplementaci\u00f3n con los m\u00e1s altos est\u00e1ndares de calidad\",\"potentialAction\":[{\"@type\":\"SearchAction\",\"target\":{\"@type\":\"EntryPoint\",\"urlTemplate\":\"https:\\\/\\\/highfit.es\\\/?s={search_term_string}\"},\"query-input\":{\"@type\":\"PropertyValueSpecification\",\"valueRequired\":true,\"valueName\":\"search_term_string\"}}],\"inLanguage\":\"en-US\"}]}<\/script>\n<!-- \/ Yoast SEO plugin. -->","yoast_head_json":{"title":"WHEY PROTEIN CONCENTRATE 100% [5LBS] - 72 SERVINGS - Nutrici\u00f3n Deportiva y Suplementaci\u00f3n - HighFit","robots":{"index":"index","follow":"follow","max-snippet":"max-snippet:-1","max-image-preview":"max-image-preview:large","max-video-preview":"max-video-preview:-1"},"canonical":"https:\/\/highfit.es\/en\/producto\/whey-protein-concentrate-100-5lbs-72-servings\/","og_locale":"en_US","og_type":"article","og_title":"WHEY PROTEIN CONCENTRATE 100% [5LBS] - 72 SERVINGS - Nutrici\u00f3n Deportiva y Suplementaci\u00f3n - HighFit","og_description":"WPC contains the highest-quality protein thanks to our formulation and combination of amino acids that nourish and maintain your muscles after your workouts, thus promoting the growth of muscle mass.  In quality, whey protein surpasses other protein sources such as eggs or meat due to its amino acid profile, where we find a large amount of branched and essential amino acids (BCAAs also belong to this group). This is the protein with the highest biological index, that is, its degree of absorption and use by our organism.","og_url":"https:\/\/highfit.es\/en\/producto\/whey-protein-concentrate-100-5lbs-72-servings\/","og_site_name":"Nutrici\u00f3n Deportiva y Suplementaci\u00f3n - HighFit","article_modified_time":"2023-05-24T08:21:12+00:00","og_image":[{"width":1080,"height":1080,"url":"https:\/\/highfit.es\/wp-content\/uploads\/2022\/08\/WPC-whey-protein-concentrate-1.jpg","type":"image\/jpeg"}],"twitter_card":"summary_large_image","schema":{"@context":"https:\/\/schema.org","@graph":[{"@type":"WebPage","@id":"https:\/\/highfit.es\/en\/producto\/whey-protein-concentrate-100-5lbs-72-servings\/","url":"https:\/\/highfit.es\/en\/producto\/whey-protein-concentrate-100-5lbs-72-servings\/","name":"WHEY PROTEIN CONCENTRATE 100% [5LBS] - 72 SERVINGS - Nutrici\u00f3n Deportiva y Suplementaci\u00f3n - HighFit","isPartOf":{"@id":"https:\/\/highfit.es\/#website"},"primaryImageOfPage":{"@id":"https:\/\/highfit.es\/en\/producto\/whey-protein-concentrate-100-5lbs-72-servings\/#primaryimage"},"image":{"@id":"https:\/\/highfit.es\/en\/producto\/whey-protein-concentrate-100-5lbs-72-servings\/#primaryimage"},"thumbnailUrl":"https:\/\/highfit.es\/wp-content\/uploads\/2022\/08\/WPC-whey-protein-concentrate-1.jpg","datePublished":"2022-08-11T10:51:57+00:00","dateModified":"2023-05-24T08:21:12+00:00","breadcrumb":{"@id":"https:\/\/highfit.es\/en\/producto\/whey-protein-concentrate-100-5lbs-72-servings\/#breadcrumb"},"inLanguage":"en-US","potentialAction":[{"@type":"ReadAction","target":["https:\/\/highfit.es\/en\/producto\/whey-protein-concentrate-100-5lbs-72-servings\/"]}]},{"@type":"ImageObject","inLanguage":"en-US","@id":"https:\/\/highfit.es\/en\/producto\/whey-protein-concentrate-100-5lbs-72-servings\/#primaryimage","url":"https:\/\/highfit.es\/wp-content\/uploads\/2022\/08\/WPC-whey-protein-concentrate-1.jpg","contentUrl":"https:\/\/highfit.es\/wp-content\/uploads\/2022\/08\/WPC-whey-protein-concentrate-1.jpg","width":1080,"height":1080},{"@type":"BreadcrumbList","@id":"https:\/\/highfit.es\/en\/producto\/whey-protein-concentrate-100-5lbs-72-servings\/#breadcrumb","itemListElement":[{"@type":"ListItem","position":1,"name":"Portada","item":"https:\/\/highfit.es\/"},{"@type":"ListItem","position":2,"name":"Productos","item":"https:\/\/highfit.es\/shop\/"},{"@type":"ListItem","position":3,"name":"WHEY PROTEIN CONCENTRATE 100% [5LBS] &#8211; 72 SERVINGS"}]},{"@type":"WebSite","@id":"https:\/\/highfit.es\/#website","url":"https:\/\/highfit.es\/","name":"Nutrici\u00f3n Deportiva y Suplementaci\u00f3n - HighFit","description":"\u00daltima generaci\u00f3n en productos de nutrici\u00f3n deportiva. Marcas estrella en suplementaci\u00f3n con los m\u00e1s altos est\u00e1ndares de calidad","potentialAction":[{"@type":"SearchAction","target":{"@type":"EntryPoint","urlTemplate":"https:\/\/highfit.es\/?s={search_term_string}"},"query-input":{"@type":"PropertyValueSpecification","valueRequired":true,"valueName":"search_term_string"}}],"inLanguage":"en-US"}]}},"_links":{"self":[{"href":"https:\/\/highfit.es\/en\/wp-json\/wp\/v2\/product\/3388","targetHints":{"allow":["GET"]}}],"collection":[{"href":"https:\/\/highfit.es\/en\/wp-json\/wp\/v2\/product"}],"about":[{"href":"https:\/\/highfit.es\/en\/wp-json\/wp\/v2\/types\/product"}],"replies":[{"embeddable":true,"href":"https:\/\/highfit.es\/en\/wp-json\/wp\/v2\/comments?post=3388"}],"wp:featuredmedia":[{"embeddable":true,"href":"https:\/\/highfit.es\/en\/wp-json\/wp\/v2\/media\/2908"}],"wp:attachment":[{"href":"https:\/\/highfit.es\/en\/wp-json\/wp\/v2\/media?parent=3388"}],"wp:term":[{"taxonomy":"product_brand","embeddable":true,"href":"https:\/\/highfit.es\/en\/wp-json\/wp\/v2\/product_brand?post=3388"},{"taxonomy":"product_cat","embeddable":true,"href":"https:\/\/highfit.es\/en\/wp-json\/wp\/v2\/product_cat?post=3388"},{"taxonomy":"product_tag","embeddable":true,"href":"https:\/\/highfit.es\/en\/wp-json\/wp\/v2\/product_tag?post=3388"}],"curies":[{"name":"wp","href":"https:\/\/api.w.org\/{rel}","templated":true}]}}