{"id":3377,"date":"2022-08-11T10:52:24","date_gmt":"2022-08-11T10:52:24","guid":{"rendered":"https:\/\/highfit.es\/producto\/aakg-1170-arginine-alpha-ketoglutarate-120-capsulas\/"},"modified":"2023-05-24T08:44:19","modified_gmt":"2023-05-24T08:44:19","slug":"aakg-1170-arginine-alpha-ketoglutarate-120-capsules","status":"publish","type":"product","link":"https:\/\/highfit.es\/en\/producto\/aakg-1170-arginine-alpha-ketoglutarate-120-capsules\/","title":{"rendered":"AAKG 1170 ARGININE ALPHA KETOGLUTARATE &#8211; 120 CAPSULES"},"excerpt":{"rendered":"<p>A high concentration of Arginine and Alpha-Ketoglutarate that increases nitric oxide levels in the blood, promoting performance, strength and endurance. Increases lean muscle mass; vascularisation, muscle regeneration and prevents catabolism.<\/p>\n<p>Without arginine, the body cannot produce nitric oxide, which is a vital messenger for many bodily functions: vasodilation, reduction of platelet clumps, and transmission of neurons in the brain. Arginine stimulates the production of white blood cells in the blood and promotes the secretion of growth hormone, insulin and norepinephrine.<\/p>\n<p>One of the properties that most people are not aware of is arginine&#8217;s potential to promote hair strengthening and reduce hair loss. Nitric oxide is responsible for this because it boosts blood circulation to the scalp, opening potassium channels, which stimulates hair growth from the root.<\/p>\n<p>AAKG 1170 is a sports supplement composed of top-quality ingredients that, together, act as a vasodilator by stimulating blood flow and supplying oxygen to the blood vessels. In addition, it optimises muscle recovery and aids in the process of building muscle mass.<\/p>\n<p>L-Arginine, together with an alpha-ketoglutarate molecule, forms what is called Arginine AAKG or Arginine Alpha-ketoglutarate. This is an amino acid joined with another molecule in the form of salt, and is obtained through supplementation and not just a single food source.<\/p>\n","protected":false},"featured_media":2912,"comment_status":"closed","ping_status":"closed","template":"","meta":[],"product_brand":[],"product_cat":[],"product_tag":[],"class_list":{"0":"post-3377","1":"product","2":"type-product","3":"status-publish","4":"has-post-thumbnail","7":"first","8":"outofstock","9":"taxable","10":"shipping-taxable","11":"purchasable","12":"product-type-simple"},"yoast_head":"<!-- This site is optimized with the Yoast SEO plugin v27.3 - https:\/\/yoast.com\/product\/yoast-seo-wordpress\/ -->\n<title>AAKG 1170 ARGININE ALPHA KETOGLUTARATE - 120 CAPSULES - Nutrici\u00f3n Deportiva y Suplementaci\u00f3n - HighFit<\/title>\n<meta name=\"description\" content=\"Important concentrate of Arginine and Alpha-Ketoglutarato that increases the levels of nitric oxide in the blood favoring performance, strength and physical resistance. Increases lean muscle mass; vascularization, muscle regeneration and prevents catabolism.\" \/>\n<meta name=\"robots\" content=\"index, follow, max-snippet:-1, max-image-preview:large, max-video-preview:-1\" \/>\n<link rel=\"canonical\" href=\"https:\/\/highfit.es\/en\/producto\/aakg-1170-arginine-alpha-ketoglutarate-120-capsules\/\" \/>\n<meta property=\"og:locale\" content=\"en_US\" \/>\n<meta property=\"og:type\" content=\"article\" \/>\n<meta property=\"og:title\" content=\"AAKG 1170 ARGININE ALPHA KETOGLUTARATE - 120 CAPSULES - Nutrici\u00f3n Deportiva y Suplementaci\u00f3n - HighFit\" \/>\n<meta property=\"og:description\" content=\"Important concentrate of Arginine and Alpha-Ketoglutarato that increases the levels of nitric oxide in the blood favoring performance, strength and physical resistance. Increases lean muscle mass; vascularization, muscle regeneration and prevents catabolism.\" \/>\n<meta property=\"og:url\" content=\"https:\/\/highfit.es\/en\/producto\/aakg-1170-arginine-alpha-ketoglutarate-120-capsules\/\" \/>\n<meta property=\"og:site_name\" content=\"Nutrici\u00f3n Deportiva y Suplementaci\u00f3n - HighFit\" \/>\n<meta property=\"article:modified_time\" content=\"2023-05-24T08:44:19+00:00\" \/>\n<meta property=\"og:image\" content=\"https:\/\/highfit.es\/wp-content\/uploads\/2022\/08\/aakg_Mesa-de-trabajo-1.png\" \/>\n\t<meta property=\"og:image:width\" content=\"800\" \/>\n\t<meta property=\"og:image:height\" content=\"800\" \/>\n\t<meta property=\"og:image:type\" content=\"image\/png\" \/>\n<meta name=\"twitter:card\" content=\"summary_large_image\" \/>\n<script type=\"application\/ld+json\" class=\"yoast-schema-graph\">{\"@context\":\"https:\\\/\\\/schema.org\",\"@graph\":[{\"@type\":\"WebPage\",\"@id\":\"https:\\\/\\\/highfit.es\\\/en\\\/producto\\\/aakg-1170-arginine-alpha-ketoglutarate-120-capsules\\\/\",\"url\":\"https:\\\/\\\/highfit.es\\\/en\\\/producto\\\/aakg-1170-arginine-alpha-ketoglutarate-120-capsules\\\/\",\"name\":\"AAKG 1170 ARGININE ALPHA KETOGLUTARATE - 120 CAPSULES - Nutrici\u00f3n Deportiva y Suplementaci\u00f3n - HighFit\",\"isPartOf\":{\"@id\":\"https:\\\/\\\/highfit.es\\\/#website\"},\"primaryImageOfPage\":{\"@id\":\"https:\\\/\\\/highfit.es\\\/en\\\/producto\\\/aakg-1170-arginine-alpha-ketoglutarate-120-capsules\\\/#primaryimage\"},\"image\":{\"@id\":\"https:\\\/\\\/highfit.es\\\/en\\\/producto\\\/aakg-1170-arginine-alpha-ketoglutarate-120-capsules\\\/#primaryimage\"},\"thumbnailUrl\":\"https:\\\/\\\/highfit.es\\\/wp-content\\\/uploads\\\/2022\\\/08\\\/aakg_Mesa-de-trabajo-1.png\",\"datePublished\":\"2022-08-11T10:52:24+00:00\",\"dateModified\":\"2023-05-24T08:44:19+00:00\",\"description\":\"Important concentrate of Arginine and Alpha-Ketoglutarato that increases the levels of nitric oxide in the blood favoring performance, strength and physical resistance. Increases lean muscle mass; vascularization, muscle regeneration and prevents catabolism.\",\"breadcrumb\":{\"@id\":\"https:\\\/\\\/highfit.es\\\/en\\\/producto\\\/aakg-1170-arginine-alpha-ketoglutarate-120-capsules\\\/#breadcrumb\"},\"inLanguage\":\"en-US\",\"potentialAction\":[{\"@type\":\"ReadAction\",\"target\":[\"https:\\\/\\\/highfit.es\\\/en\\\/producto\\\/aakg-1170-arginine-alpha-ketoglutarate-120-capsules\\\/\"]}]},{\"@type\":\"ImageObject\",\"inLanguage\":\"en-US\",\"@id\":\"https:\\\/\\\/highfit.es\\\/en\\\/producto\\\/aakg-1170-arginine-alpha-ketoglutarate-120-capsules\\\/#primaryimage\",\"url\":\"https:\\\/\\\/highfit.es\\\/wp-content\\\/uploads\\\/2022\\\/08\\\/aakg_Mesa-de-trabajo-1.png\",\"contentUrl\":\"https:\\\/\\\/highfit.es\\\/wp-content\\\/uploads\\\/2022\\\/08\\\/aakg_Mesa-de-trabajo-1.png\",\"width\":800,\"height\":800},{\"@type\":\"BreadcrumbList\",\"@id\":\"https:\\\/\\\/highfit.es\\\/en\\\/producto\\\/aakg-1170-arginine-alpha-ketoglutarate-120-capsules\\\/#breadcrumb\",\"itemListElement\":[{\"@type\":\"ListItem\",\"position\":1,\"name\":\"Portada\",\"item\":\"https:\\\/\\\/highfit.es\\\/\"},{\"@type\":\"ListItem\",\"position\":2,\"name\":\"Productos\",\"item\":\"https:\\\/\\\/highfit.es\\\/shop\\\/\"},{\"@type\":\"ListItem\",\"position\":3,\"name\":\"AAKG 1170 ARGININE ALPHA KETOGLUTARATE &#8211; 120 CAPSULES\"}]},{\"@type\":\"WebSite\",\"@id\":\"https:\\\/\\\/highfit.es\\\/#website\",\"url\":\"https:\\\/\\\/highfit.es\\\/\",\"name\":\"Nutrici\u00f3n Deportiva y Suplementaci\u00f3n - HighFit\",\"description\":\"\u00daltima generaci\u00f3n en productos de nutrici\u00f3n deportiva. Marcas estrella en suplementaci\u00f3n con los m\u00e1s altos est\u00e1ndares de calidad\",\"potentialAction\":[{\"@type\":\"SearchAction\",\"target\":{\"@type\":\"EntryPoint\",\"urlTemplate\":\"https:\\\/\\\/highfit.es\\\/?s={search_term_string}\"},\"query-input\":{\"@type\":\"PropertyValueSpecification\",\"valueRequired\":true,\"valueName\":\"search_term_string\"}}],\"inLanguage\":\"en-US\"}]}<\/script>\n<!-- \/ Yoast SEO plugin. -->","yoast_head_json":{"title":"AAKG 1170 ARGININE ALPHA KETOGLUTARATE - 120 CAPSULES - Nutrici\u00f3n Deportiva y Suplementaci\u00f3n - HighFit","description":"Important concentrate of Arginine and Alpha-Ketoglutarato that increases the levels of nitric oxide in the blood favoring performance, strength and physical resistance. Increases lean muscle mass; vascularization, muscle regeneration and prevents catabolism.","robots":{"index":"index","follow":"follow","max-snippet":"max-snippet:-1","max-image-preview":"max-image-preview:large","max-video-preview":"max-video-preview:-1"},"canonical":"https:\/\/highfit.es\/en\/producto\/aakg-1170-arginine-alpha-ketoglutarate-120-capsules\/","og_locale":"en_US","og_type":"article","og_title":"AAKG 1170 ARGININE ALPHA KETOGLUTARATE - 120 CAPSULES - Nutrici\u00f3n Deportiva y Suplementaci\u00f3n - HighFit","og_description":"Important concentrate of Arginine and Alpha-Ketoglutarato that increases the levels of nitric oxide in the blood favoring performance, strength and physical resistance. Increases lean muscle mass; vascularization, muscle regeneration and prevents catabolism.","og_url":"https:\/\/highfit.es\/en\/producto\/aakg-1170-arginine-alpha-ketoglutarate-120-capsules\/","og_site_name":"Nutrici\u00f3n Deportiva y Suplementaci\u00f3n - HighFit","article_modified_time":"2023-05-24T08:44:19+00:00","og_image":[{"width":800,"height":800,"url":"https:\/\/highfit.es\/wp-content\/uploads\/2022\/08\/aakg_Mesa-de-trabajo-1.png","type":"image\/png"}],"twitter_card":"summary_large_image","schema":{"@context":"https:\/\/schema.org","@graph":[{"@type":"WebPage","@id":"https:\/\/highfit.es\/en\/producto\/aakg-1170-arginine-alpha-ketoglutarate-120-capsules\/","url":"https:\/\/highfit.es\/en\/producto\/aakg-1170-arginine-alpha-ketoglutarate-120-capsules\/","name":"AAKG 1170 ARGININE ALPHA KETOGLUTARATE - 120 CAPSULES - Nutrici\u00f3n Deportiva y Suplementaci\u00f3n - HighFit","isPartOf":{"@id":"https:\/\/highfit.es\/#website"},"primaryImageOfPage":{"@id":"https:\/\/highfit.es\/en\/producto\/aakg-1170-arginine-alpha-ketoglutarate-120-capsules\/#primaryimage"},"image":{"@id":"https:\/\/highfit.es\/en\/producto\/aakg-1170-arginine-alpha-ketoglutarate-120-capsules\/#primaryimage"},"thumbnailUrl":"https:\/\/highfit.es\/wp-content\/uploads\/2022\/08\/aakg_Mesa-de-trabajo-1.png","datePublished":"2022-08-11T10:52:24+00:00","dateModified":"2023-05-24T08:44:19+00:00","description":"Important concentrate of Arginine and Alpha-Ketoglutarato that increases the levels of nitric oxide in the blood favoring performance, strength and physical resistance. Increases lean muscle mass; vascularization, muscle regeneration and prevents catabolism.","breadcrumb":{"@id":"https:\/\/highfit.es\/en\/producto\/aakg-1170-arginine-alpha-ketoglutarate-120-capsules\/#breadcrumb"},"inLanguage":"en-US","potentialAction":[{"@type":"ReadAction","target":["https:\/\/highfit.es\/en\/producto\/aakg-1170-arginine-alpha-ketoglutarate-120-capsules\/"]}]},{"@type":"ImageObject","inLanguage":"en-US","@id":"https:\/\/highfit.es\/en\/producto\/aakg-1170-arginine-alpha-ketoglutarate-120-capsules\/#primaryimage","url":"https:\/\/highfit.es\/wp-content\/uploads\/2022\/08\/aakg_Mesa-de-trabajo-1.png","contentUrl":"https:\/\/highfit.es\/wp-content\/uploads\/2022\/08\/aakg_Mesa-de-trabajo-1.png","width":800,"height":800},{"@type":"BreadcrumbList","@id":"https:\/\/highfit.es\/en\/producto\/aakg-1170-arginine-alpha-ketoglutarate-120-capsules\/#breadcrumb","itemListElement":[{"@type":"ListItem","position":1,"name":"Portada","item":"https:\/\/highfit.es\/"},{"@type":"ListItem","position":2,"name":"Productos","item":"https:\/\/highfit.es\/shop\/"},{"@type":"ListItem","position":3,"name":"AAKG 1170 ARGININE ALPHA KETOGLUTARATE &#8211; 120 CAPSULES"}]},{"@type":"WebSite","@id":"https:\/\/highfit.es\/#website","url":"https:\/\/highfit.es\/","name":"Nutrici\u00f3n Deportiva y Suplementaci\u00f3n - HighFit","description":"\u00daltima generaci\u00f3n en productos de nutrici\u00f3n deportiva. Marcas estrella en suplementaci\u00f3n con los m\u00e1s altos est\u00e1ndares de calidad","potentialAction":[{"@type":"SearchAction","target":{"@type":"EntryPoint","urlTemplate":"https:\/\/highfit.es\/?s={search_term_string}"},"query-input":{"@type":"PropertyValueSpecification","valueRequired":true,"valueName":"search_term_string"}}],"inLanguage":"en-US"}]}},"_links":{"self":[{"href":"https:\/\/highfit.es\/en\/wp-json\/wp\/v2\/product\/3377","targetHints":{"allow":["GET"]}}],"collection":[{"href":"https:\/\/highfit.es\/en\/wp-json\/wp\/v2\/product"}],"about":[{"href":"https:\/\/highfit.es\/en\/wp-json\/wp\/v2\/types\/product"}],"replies":[{"embeddable":true,"href":"https:\/\/highfit.es\/en\/wp-json\/wp\/v2\/comments?post=3377"}],"wp:featuredmedia":[{"embeddable":true,"href":"https:\/\/highfit.es\/en\/wp-json\/wp\/v2\/media\/2912"}],"wp:attachment":[{"href":"https:\/\/highfit.es\/en\/wp-json\/wp\/v2\/media?parent=3377"}],"wp:term":[{"taxonomy":"product_brand","embeddable":true,"href":"https:\/\/highfit.es\/en\/wp-json\/wp\/v2\/product_brand?post=3377"},{"taxonomy":"product_cat","embeddable":true,"href":"https:\/\/highfit.es\/en\/wp-json\/wp\/v2\/product_cat?post=3377"},{"taxonomy":"product_tag","embeddable":true,"href":"https:\/\/highfit.es\/en\/wp-json\/wp\/v2\/product_tag?post=3377"}],"curies":[{"name":"wp","href":"https:\/\/api.w.org\/{rel}","templated":true}]}}