{"id":3371,"date":"2022-08-11T10:52:27","date_gmt":"2022-08-11T10:52:27","guid":{"rendered":"https:\/\/highfit.es\/producto\/hmb-hydroxy-methylbutyric-acid-120-capsulas\/"},"modified":"2023-03-28T10:26:46","modified_gmt":"2023-03-28T10:26:46","slug":"hmb-hydroxy-methylbutyric-acid-120-capsulas","status":"publish","type":"product","link":"https:\/\/highfit.es\/en\/producto\/hmb-hydroxy-methylbutyric-acid-120-capsulas\/","title":{"rendered":"HMB HYDROXY METHYLBUTYRIC ACID &#8211; 120 CAPSULES"},"excerpt":{"rendered":"<p>HMB by MASTER ZX Nutrition is a metabolite of the branched-chain amino acid Leucine. This amino acid is synthesised in the human body. HMB (Beta-Hydroxy-Beta-Methybutyrate) has been designed to duplicate all the functions of leucine such as reducing protein catabolism and increasing protein synthesis. A large number of supplements exists to help build strength and increase muscle mass and one of the most effective ones is undoubtedly HMB.<\/p>\n<p>Increases muscle mass and prevents catabolism, decreases protein breakdown from hard workouts, helps lose fat and speed up recovery times, maximises strength gain and improves aerobic performance.<\/p>\n<p>In short, HMB is a natural compound produced during the metabolism of the amino acid leucine (one of the branched-chain amino acids BCAA&#8217;s). A metabolite of leucine that has been shown to stimulate protein synthesis and decrease protein degradation.<\/p>\n","protected":false},"featured_media":2916,"comment_status":"closed","ping_status":"closed","template":"","meta":[],"product_brand":[],"product_cat":[],"product_tag":[],"class_list":{"0":"post-3371","1":"product","2":"type-product","3":"status-publish","4":"has-post-thumbnail","7":"first","8":"outofstock","9":"taxable","10":"shipping-taxable","11":"purchasable","12":"product-type-simple"},"yoast_head":"<!-- This site is optimized with the Yoast SEO plugin v27.3 - https:\/\/yoast.com\/product\/yoast-seo-wordpress\/ -->\n<title>HMB HYDROXY METHYLBUTYRIC ACID - 120 CAPSULES - Nutrici\u00f3n Deportiva y Suplementaci\u00f3n - HighFit<\/title>\n<meta name=\"description\" content=\"HMB stands for \u00df-hydroxy-\u00df methylbutyrate, a natural compound that is produced during the metabolism of the amino acid leucine, a branched-chain BCAA amino acid. Increases muscle mass and prevents catabolism, decreases degradation from hard workouts, helps lose fat, accelerates recovery. Strength gain is maximized and aerobic performance is improved.\" \/>\n<meta name=\"robots\" content=\"index, follow, max-snippet:-1, max-image-preview:large, max-video-preview:-1\" \/>\n<link rel=\"canonical\" href=\"https:\/\/highfit.es\/en\/producto\/hmb-hydroxy-methylbutyric-acid-120-capsulas\/\" \/>\n<meta property=\"og:locale\" content=\"en_US\" \/>\n<meta property=\"og:type\" content=\"article\" \/>\n<meta property=\"og:title\" content=\"HMB HYDROXY METHYLBUTYRIC ACID - 120 CAPSULES - Nutrici\u00f3n Deportiva y Suplementaci\u00f3n - HighFit\" \/>\n<meta property=\"og:description\" content=\"HMB stands for \u00df-hydroxy-\u00df methylbutyrate, a natural compound that is produced during the metabolism of the amino acid leucine, a branched-chain BCAA amino acid. Increases muscle mass and prevents catabolism, decreases degradation from hard workouts, helps lose fat, accelerates recovery. Strength gain is maximized and aerobic performance is improved.\" \/>\n<meta property=\"og:url\" content=\"https:\/\/highfit.es\/en\/producto\/hmb-hydroxy-methylbutyric-acid-120-capsulas\/\" \/>\n<meta property=\"og:site_name\" content=\"Nutrici\u00f3n Deportiva y Suplementaci\u00f3n - HighFit\" \/>\n<meta property=\"article:modified_time\" content=\"2023-03-28T10:26:46+00:00\" \/>\n<meta property=\"og:image\" content=\"https:\/\/highfit.es\/wp-content\/uploads\/2022\/08\/hmb_Mesa-de-trabajo-1.png\" \/>\n\t<meta property=\"og:image:width\" content=\"800\" \/>\n\t<meta property=\"og:image:height\" content=\"800\" \/>\n\t<meta property=\"og:image:type\" content=\"image\/png\" \/>\n<meta name=\"twitter:card\" content=\"summary_large_image\" \/>\n<script type=\"application\/ld+json\" class=\"yoast-schema-graph\">{\"@context\":\"https:\\\/\\\/schema.org\",\"@graph\":[{\"@type\":\"WebPage\",\"@id\":\"https:\\\/\\\/highfit.es\\\/en\\\/producto\\\/hmb-hydroxy-methylbutyric-acid-120-capsulas\\\/\",\"url\":\"https:\\\/\\\/highfit.es\\\/en\\\/producto\\\/hmb-hydroxy-methylbutyric-acid-120-capsulas\\\/\",\"name\":\"HMB HYDROXY METHYLBUTYRIC ACID - 120 CAPSULES - Nutrici\u00f3n Deportiva y Suplementaci\u00f3n - HighFit\",\"isPartOf\":{\"@id\":\"https:\\\/\\\/highfit.es\\\/#website\"},\"primaryImageOfPage\":{\"@id\":\"https:\\\/\\\/highfit.es\\\/en\\\/producto\\\/hmb-hydroxy-methylbutyric-acid-120-capsulas\\\/#primaryimage\"},\"image\":{\"@id\":\"https:\\\/\\\/highfit.es\\\/en\\\/producto\\\/hmb-hydroxy-methylbutyric-acid-120-capsulas\\\/#primaryimage\"},\"thumbnailUrl\":\"https:\\\/\\\/highfit.es\\\/wp-content\\\/uploads\\\/2022\\\/08\\\/hmb_Mesa-de-trabajo-1.png\",\"datePublished\":\"2022-08-11T10:52:27+00:00\",\"dateModified\":\"2023-03-28T10:26:46+00:00\",\"description\":\"HMB stands for \u00df-hydroxy-\u00df methylbutyrate, a natural compound that is produced during the metabolism of the amino acid leucine, a branched-chain BCAA amino acid. Increases muscle mass and prevents catabolism, decreases degradation from hard workouts, helps lose fat, accelerates recovery. Strength gain is maximized and aerobic performance is improved.\",\"breadcrumb\":{\"@id\":\"https:\\\/\\\/highfit.es\\\/en\\\/producto\\\/hmb-hydroxy-methylbutyric-acid-120-capsulas\\\/#breadcrumb\"},\"inLanguage\":\"en-US\",\"potentialAction\":[{\"@type\":\"ReadAction\",\"target\":[\"https:\\\/\\\/highfit.es\\\/en\\\/producto\\\/hmb-hydroxy-methylbutyric-acid-120-capsulas\\\/\"]}]},{\"@type\":\"ImageObject\",\"inLanguage\":\"en-US\",\"@id\":\"https:\\\/\\\/highfit.es\\\/en\\\/producto\\\/hmb-hydroxy-methylbutyric-acid-120-capsulas\\\/#primaryimage\",\"url\":\"https:\\\/\\\/highfit.es\\\/wp-content\\\/uploads\\\/2022\\\/08\\\/hmb_Mesa-de-trabajo-1.png\",\"contentUrl\":\"https:\\\/\\\/highfit.es\\\/wp-content\\\/uploads\\\/2022\\\/08\\\/hmb_Mesa-de-trabajo-1.png\",\"width\":800,\"height\":800},{\"@type\":\"BreadcrumbList\",\"@id\":\"https:\\\/\\\/highfit.es\\\/en\\\/producto\\\/hmb-hydroxy-methylbutyric-acid-120-capsulas\\\/#breadcrumb\",\"itemListElement\":[{\"@type\":\"ListItem\",\"position\":1,\"name\":\"Portada\",\"item\":\"https:\\\/\\\/highfit.es\\\/\"},{\"@type\":\"ListItem\",\"position\":2,\"name\":\"Productos\",\"item\":\"https:\\\/\\\/highfit.es\\\/shop\\\/\"},{\"@type\":\"ListItem\",\"position\":3,\"name\":\"HMB HYDROXY METHYLBUTYRIC ACID &#8211; 120 CAPSULES\"}]},{\"@type\":\"WebSite\",\"@id\":\"https:\\\/\\\/highfit.es\\\/#website\",\"url\":\"https:\\\/\\\/highfit.es\\\/\",\"name\":\"Nutrici\u00f3n Deportiva y Suplementaci\u00f3n - HighFit\",\"description\":\"\u00daltima generaci\u00f3n en productos de nutrici\u00f3n deportiva. Marcas estrella en suplementaci\u00f3n con los m\u00e1s altos est\u00e1ndares de calidad\",\"potentialAction\":[{\"@type\":\"SearchAction\",\"target\":{\"@type\":\"EntryPoint\",\"urlTemplate\":\"https:\\\/\\\/highfit.es\\\/?s={search_term_string}\"},\"query-input\":{\"@type\":\"PropertyValueSpecification\",\"valueRequired\":true,\"valueName\":\"search_term_string\"}}],\"inLanguage\":\"en-US\"}]}<\/script>\n<!-- \/ Yoast SEO plugin. -->","yoast_head_json":{"title":"HMB HYDROXY METHYLBUTYRIC ACID - 120 CAPSULES - Nutrici\u00f3n Deportiva y Suplementaci\u00f3n - HighFit","description":"HMB stands for \u00df-hydroxy-\u00df methylbutyrate, a natural compound that is produced during the metabolism of the amino acid leucine, a branched-chain BCAA amino acid. Increases muscle mass and prevents catabolism, decreases degradation from hard workouts, helps lose fat, accelerates recovery. Strength gain is maximized and aerobic performance is improved.","robots":{"index":"index","follow":"follow","max-snippet":"max-snippet:-1","max-image-preview":"max-image-preview:large","max-video-preview":"max-video-preview:-1"},"canonical":"https:\/\/highfit.es\/en\/producto\/hmb-hydroxy-methylbutyric-acid-120-capsulas\/","og_locale":"en_US","og_type":"article","og_title":"HMB HYDROXY METHYLBUTYRIC ACID - 120 CAPSULES - Nutrici\u00f3n Deportiva y Suplementaci\u00f3n - HighFit","og_description":"HMB stands for \u00df-hydroxy-\u00df methylbutyrate, a natural compound that is produced during the metabolism of the amino acid leucine, a branched-chain BCAA amino acid. Increases muscle mass and prevents catabolism, decreases degradation from hard workouts, helps lose fat, accelerates recovery. Strength gain is maximized and aerobic performance is improved.","og_url":"https:\/\/highfit.es\/en\/producto\/hmb-hydroxy-methylbutyric-acid-120-capsulas\/","og_site_name":"Nutrici\u00f3n Deportiva y Suplementaci\u00f3n - HighFit","article_modified_time":"2023-03-28T10:26:46+00:00","og_image":[{"width":800,"height":800,"url":"https:\/\/highfit.es\/wp-content\/uploads\/2022\/08\/hmb_Mesa-de-trabajo-1.png","type":"image\/png"}],"twitter_card":"summary_large_image","schema":{"@context":"https:\/\/schema.org","@graph":[{"@type":"WebPage","@id":"https:\/\/highfit.es\/en\/producto\/hmb-hydroxy-methylbutyric-acid-120-capsulas\/","url":"https:\/\/highfit.es\/en\/producto\/hmb-hydroxy-methylbutyric-acid-120-capsulas\/","name":"HMB HYDROXY METHYLBUTYRIC ACID - 120 CAPSULES - Nutrici\u00f3n Deportiva y Suplementaci\u00f3n - HighFit","isPartOf":{"@id":"https:\/\/highfit.es\/#website"},"primaryImageOfPage":{"@id":"https:\/\/highfit.es\/en\/producto\/hmb-hydroxy-methylbutyric-acid-120-capsulas\/#primaryimage"},"image":{"@id":"https:\/\/highfit.es\/en\/producto\/hmb-hydroxy-methylbutyric-acid-120-capsulas\/#primaryimage"},"thumbnailUrl":"https:\/\/highfit.es\/wp-content\/uploads\/2022\/08\/hmb_Mesa-de-trabajo-1.png","datePublished":"2022-08-11T10:52:27+00:00","dateModified":"2023-03-28T10:26:46+00:00","description":"HMB stands for \u00df-hydroxy-\u00df methylbutyrate, a natural compound that is produced during the metabolism of the amino acid leucine, a branched-chain BCAA amino acid. Increases muscle mass and prevents catabolism, decreases degradation from hard workouts, helps lose fat, accelerates recovery. Strength gain is maximized and aerobic performance is improved.","breadcrumb":{"@id":"https:\/\/highfit.es\/en\/producto\/hmb-hydroxy-methylbutyric-acid-120-capsulas\/#breadcrumb"},"inLanguage":"en-US","potentialAction":[{"@type":"ReadAction","target":["https:\/\/highfit.es\/en\/producto\/hmb-hydroxy-methylbutyric-acid-120-capsulas\/"]}]},{"@type":"ImageObject","inLanguage":"en-US","@id":"https:\/\/highfit.es\/en\/producto\/hmb-hydroxy-methylbutyric-acid-120-capsulas\/#primaryimage","url":"https:\/\/highfit.es\/wp-content\/uploads\/2022\/08\/hmb_Mesa-de-trabajo-1.png","contentUrl":"https:\/\/highfit.es\/wp-content\/uploads\/2022\/08\/hmb_Mesa-de-trabajo-1.png","width":800,"height":800},{"@type":"BreadcrumbList","@id":"https:\/\/highfit.es\/en\/producto\/hmb-hydroxy-methylbutyric-acid-120-capsulas\/#breadcrumb","itemListElement":[{"@type":"ListItem","position":1,"name":"Portada","item":"https:\/\/highfit.es\/"},{"@type":"ListItem","position":2,"name":"Productos","item":"https:\/\/highfit.es\/shop\/"},{"@type":"ListItem","position":3,"name":"HMB HYDROXY METHYLBUTYRIC ACID &#8211; 120 CAPSULES"}]},{"@type":"WebSite","@id":"https:\/\/highfit.es\/#website","url":"https:\/\/highfit.es\/","name":"Nutrici\u00f3n Deportiva y Suplementaci\u00f3n - HighFit","description":"\u00daltima generaci\u00f3n en productos de nutrici\u00f3n deportiva. Marcas estrella en suplementaci\u00f3n con los m\u00e1s altos est\u00e1ndares de calidad","potentialAction":[{"@type":"SearchAction","target":{"@type":"EntryPoint","urlTemplate":"https:\/\/highfit.es\/?s={search_term_string}"},"query-input":{"@type":"PropertyValueSpecification","valueRequired":true,"valueName":"search_term_string"}}],"inLanguage":"en-US"}]}},"_links":{"self":[{"href":"https:\/\/highfit.es\/en\/wp-json\/wp\/v2\/product\/3371","targetHints":{"allow":["GET"]}}],"collection":[{"href":"https:\/\/highfit.es\/en\/wp-json\/wp\/v2\/product"}],"about":[{"href":"https:\/\/highfit.es\/en\/wp-json\/wp\/v2\/types\/product"}],"replies":[{"embeddable":true,"href":"https:\/\/highfit.es\/en\/wp-json\/wp\/v2\/comments?post=3371"}],"wp:featuredmedia":[{"embeddable":true,"href":"https:\/\/highfit.es\/en\/wp-json\/wp\/v2\/media\/2916"}],"wp:attachment":[{"href":"https:\/\/highfit.es\/en\/wp-json\/wp\/v2\/media?parent=3371"}],"wp:term":[{"taxonomy":"product_brand","embeddable":true,"href":"https:\/\/highfit.es\/en\/wp-json\/wp\/v2\/product_brand?post=3371"},{"taxonomy":"product_cat","embeddable":true,"href":"https:\/\/highfit.es\/en\/wp-json\/wp\/v2\/product_cat?post=3371"},{"taxonomy":"product_tag","embeddable":true,"href":"https:\/\/highfit.es\/en\/wp-json\/wp\/v2\/product_tag?post=3371"}],"curies":[{"name":"wp","href":"https:\/\/api.w.org\/{rel}","templated":true}]}}