{"id":3370,"date":"2022-08-11T10:52:27","date_gmt":"2022-08-11T08:52:27","guid":{"rendered":"https:\/\/highfit.es\/producto\/zma-zincmagnesiumvitamin-b6-120-softgels\/"},"modified":"2023-04-25T12:00:48","modified_gmt":"2023-04-25T12:00:48","slug":"zma-zincmagnesiumvitamin-b6-120-softgels","status":"publish","type":"product","link":"https:\/\/highfit.es\/en\/producto\/zma-zincmagnesiumvitamin-b6-120-softgels\/","title":{"rendered":"ZMA [ZINC+MAGNESIUM+VITAMIN B6] &#8211; 120 SOFTGELS"},"excerpt":{"rendered":"<p><strong>ZMA<\/strong> by <strong>MASTER ZX<\/strong> acts as a powerful antioxidant that protects against damage by free radicals. Additionally, this combination of vitamins and minerals contributes to the maintenance of protein synthesis under normal conditions, which helps in the formation of testosterone.<\/p>\n<p>Magnesium is essential for the maintenance of electrolyte balance, energy production and normal neuro-muscular function.<\/p>\n<p>At MASTER ZX, we make all our supplements from high-quality raw materials and with the optimum proportion of active ingredients.<\/p>\n","protected":false},"featured_media":2917,"comment_status":"closed","ping_status":"closed","template":"","meta":[],"product_brand":[],"product_cat":[],"product_tag":[],"class_list":{"0":"post-3370","1":"product","2":"type-product","3":"status-publish","4":"has-post-thumbnail","7":"first","8":"outofstock","9":"taxable","10":"shipping-taxable","11":"purchasable","12":"product-type-simple"},"yoast_head":"<!-- This site is optimized with the Yoast SEO plugin v27.3 - https:\/\/yoast.com\/product\/yoast-seo-wordpress\/ -->\n<title>ZMA [ZINC+MAGNESIUM+VITAMIN B6] - 120 SOFTGELS - Nutrici\u00f3n Deportiva y Suplementaci\u00f3n - HighFit<\/title>\n<meta name=\"description\" content=\"ZMA acts as a powerful antioxidant, protecting us against damage caused by free radicals. In addition, these vitamins and minerals contributes to the maintenance of protein synthesis under normal conditions, which helps in the formation of testosterone.\" \/>\n<meta name=\"robots\" content=\"index, follow, max-snippet:-1, max-image-preview:large, max-video-preview:-1\" \/>\n<link rel=\"canonical\" href=\"https:\/\/highfit.es\/en\/producto\/zma-zincmagnesiumvitamin-b6-120-softgels\/\" \/>\n<meta property=\"og:locale\" content=\"en_US\" \/>\n<meta property=\"og:type\" content=\"article\" \/>\n<meta property=\"og:title\" content=\"ZMA [ZINC+MAGNESIUM+VITAMIN B6] - 120 SOFTGELS - Nutrici\u00f3n Deportiva y Suplementaci\u00f3n - HighFit\" \/>\n<meta property=\"og:description\" content=\"ZMA acts as a powerful antioxidant, protecting us against damage caused by free radicals. In addition, these vitamins and minerals contributes to the maintenance of protein synthesis under normal conditions, which helps in the formation of testosterone.\" \/>\n<meta property=\"og:url\" content=\"https:\/\/highfit.es\/en\/producto\/zma-zincmagnesiumvitamin-b6-120-softgels\/\" \/>\n<meta property=\"og:site_name\" content=\"Nutrici\u00f3n Deportiva y Suplementaci\u00f3n - HighFit\" \/>\n<meta property=\"article:modified_time\" content=\"2023-04-25T12:00:48+00:00\" \/>\n<meta property=\"og:image\" content=\"https:\/\/highfit.es\/wp-content\/uploads\/2022\/08\/zma_Mesa-de-trabajo-1.png\" \/>\n\t<meta property=\"og:image:width\" content=\"800\" \/>\n\t<meta property=\"og:image:height\" content=\"800\" \/>\n\t<meta property=\"og:image:type\" content=\"image\/png\" \/>\n<meta name=\"twitter:card\" content=\"summary_large_image\" \/>\n<script type=\"application\/ld+json\" class=\"yoast-schema-graph\">{\"@context\":\"https:\\\/\\\/schema.org\",\"@graph\":[{\"@type\":\"WebPage\",\"@id\":\"https:\\\/\\\/highfit.es\\\/en\\\/producto\\\/zma-zincmagnesiumvitamin-b6-120-softgels\\\/\",\"url\":\"https:\\\/\\\/highfit.es\\\/en\\\/producto\\\/zma-zincmagnesiumvitamin-b6-120-softgels\\\/\",\"name\":\"ZMA [ZINC+MAGNESIUM+VITAMIN B6] - 120 SOFTGELS - Nutrici\u00f3n Deportiva y Suplementaci\u00f3n - HighFit\",\"isPartOf\":{\"@id\":\"https:\\\/\\\/highfit.es\\\/#website\"},\"primaryImageOfPage\":{\"@id\":\"https:\\\/\\\/highfit.es\\\/en\\\/producto\\\/zma-zincmagnesiumvitamin-b6-120-softgels\\\/#primaryimage\"},\"image\":{\"@id\":\"https:\\\/\\\/highfit.es\\\/en\\\/producto\\\/zma-zincmagnesiumvitamin-b6-120-softgels\\\/#primaryimage\"},\"thumbnailUrl\":\"https:\\\/\\\/highfit.es\\\/wp-content\\\/uploads\\\/2022\\\/08\\\/zma_Mesa-de-trabajo-1.png\",\"datePublished\":\"2022-08-11T08:52:27+00:00\",\"dateModified\":\"2023-04-25T12:00:48+00:00\",\"description\":\"ZMA acts as a powerful antioxidant, protecting us against damage caused by free radicals. In addition, these vitamins and minerals contributes to the maintenance of protein synthesis under normal conditions, which helps in the formation of testosterone.\",\"breadcrumb\":{\"@id\":\"https:\\\/\\\/highfit.es\\\/en\\\/producto\\\/zma-zincmagnesiumvitamin-b6-120-softgels\\\/#breadcrumb\"},\"inLanguage\":\"en-US\",\"potentialAction\":[{\"@type\":\"ReadAction\",\"target\":[\"https:\\\/\\\/highfit.es\\\/en\\\/producto\\\/zma-zincmagnesiumvitamin-b6-120-softgels\\\/\"]}]},{\"@type\":\"ImageObject\",\"inLanguage\":\"en-US\",\"@id\":\"https:\\\/\\\/highfit.es\\\/en\\\/producto\\\/zma-zincmagnesiumvitamin-b6-120-softgels\\\/#primaryimage\",\"url\":\"https:\\\/\\\/highfit.es\\\/wp-content\\\/uploads\\\/2022\\\/08\\\/zma_Mesa-de-trabajo-1.png\",\"contentUrl\":\"https:\\\/\\\/highfit.es\\\/wp-content\\\/uploads\\\/2022\\\/08\\\/zma_Mesa-de-trabajo-1.png\",\"width\":800,\"height\":800},{\"@type\":\"BreadcrumbList\",\"@id\":\"https:\\\/\\\/highfit.es\\\/en\\\/producto\\\/zma-zincmagnesiumvitamin-b6-120-softgels\\\/#breadcrumb\",\"itemListElement\":[{\"@type\":\"ListItem\",\"position\":1,\"name\":\"Portada\",\"item\":\"https:\\\/\\\/highfit.es\\\/\"},{\"@type\":\"ListItem\",\"position\":2,\"name\":\"Productos\",\"item\":\"https:\\\/\\\/highfit.es\\\/shop\\\/\"},{\"@type\":\"ListItem\",\"position\":3,\"name\":\"ZMA [ZINC+MAGNESIUM+VITAMIN B6] &#8211; 120 SOFTGELS\"}]},{\"@type\":\"WebSite\",\"@id\":\"https:\\\/\\\/highfit.es\\\/#website\",\"url\":\"https:\\\/\\\/highfit.es\\\/\",\"name\":\"Nutrici\u00f3n Deportiva y Suplementaci\u00f3n - HighFit\",\"description\":\"\u00daltima generaci\u00f3n en productos de nutrici\u00f3n deportiva. Marcas estrella en suplementaci\u00f3n con los m\u00e1s altos est\u00e1ndares de calidad\",\"potentialAction\":[{\"@type\":\"SearchAction\",\"target\":{\"@type\":\"EntryPoint\",\"urlTemplate\":\"https:\\\/\\\/highfit.es\\\/?s={search_term_string}\"},\"query-input\":{\"@type\":\"PropertyValueSpecification\",\"valueRequired\":true,\"valueName\":\"search_term_string\"}}],\"inLanguage\":\"en-US\"}]}<\/script>\n<!-- \/ Yoast SEO plugin. -->","yoast_head_json":{"title":"ZMA [ZINC+MAGNESIUM+VITAMIN B6] - 120 SOFTGELS - Nutrici\u00f3n Deportiva y Suplementaci\u00f3n - HighFit","description":"ZMA acts as a powerful antioxidant, protecting us against damage caused by free radicals. In addition, these vitamins and minerals contributes to the maintenance of protein synthesis under normal conditions, which helps in the formation of testosterone.","robots":{"index":"index","follow":"follow","max-snippet":"max-snippet:-1","max-image-preview":"max-image-preview:large","max-video-preview":"max-video-preview:-1"},"canonical":"https:\/\/highfit.es\/en\/producto\/zma-zincmagnesiumvitamin-b6-120-softgels\/","og_locale":"en_US","og_type":"article","og_title":"ZMA [ZINC+MAGNESIUM+VITAMIN B6] - 120 SOFTGELS - Nutrici\u00f3n Deportiva y Suplementaci\u00f3n - HighFit","og_description":"ZMA acts as a powerful antioxidant, protecting us against damage caused by free radicals. In addition, these vitamins and minerals contributes to the maintenance of protein synthesis under normal conditions, which helps in the formation of testosterone.","og_url":"https:\/\/highfit.es\/en\/producto\/zma-zincmagnesiumvitamin-b6-120-softgels\/","og_site_name":"Nutrici\u00f3n Deportiva y Suplementaci\u00f3n - HighFit","article_modified_time":"2023-04-25T12:00:48+00:00","og_image":[{"width":800,"height":800,"url":"https:\/\/highfit.es\/wp-content\/uploads\/2022\/08\/zma_Mesa-de-trabajo-1.png","type":"image\/png"}],"twitter_card":"summary_large_image","schema":{"@context":"https:\/\/schema.org","@graph":[{"@type":"WebPage","@id":"https:\/\/highfit.es\/en\/producto\/zma-zincmagnesiumvitamin-b6-120-softgels\/","url":"https:\/\/highfit.es\/en\/producto\/zma-zincmagnesiumvitamin-b6-120-softgels\/","name":"ZMA [ZINC+MAGNESIUM+VITAMIN B6] - 120 SOFTGELS - Nutrici\u00f3n Deportiva y Suplementaci\u00f3n - HighFit","isPartOf":{"@id":"https:\/\/highfit.es\/#website"},"primaryImageOfPage":{"@id":"https:\/\/highfit.es\/en\/producto\/zma-zincmagnesiumvitamin-b6-120-softgels\/#primaryimage"},"image":{"@id":"https:\/\/highfit.es\/en\/producto\/zma-zincmagnesiumvitamin-b6-120-softgels\/#primaryimage"},"thumbnailUrl":"https:\/\/highfit.es\/wp-content\/uploads\/2022\/08\/zma_Mesa-de-trabajo-1.png","datePublished":"2022-08-11T08:52:27+00:00","dateModified":"2023-04-25T12:00:48+00:00","description":"ZMA acts as a powerful antioxidant, protecting us against damage caused by free radicals. In addition, these vitamins and minerals contributes to the maintenance of protein synthesis under normal conditions, which helps in the formation of testosterone.","breadcrumb":{"@id":"https:\/\/highfit.es\/en\/producto\/zma-zincmagnesiumvitamin-b6-120-softgels\/#breadcrumb"},"inLanguage":"en-US","potentialAction":[{"@type":"ReadAction","target":["https:\/\/highfit.es\/en\/producto\/zma-zincmagnesiumvitamin-b6-120-softgels\/"]}]},{"@type":"ImageObject","inLanguage":"en-US","@id":"https:\/\/highfit.es\/en\/producto\/zma-zincmagnesiumvitamin-b6-120-softgels\/#primaryimage","url":"https:\/\/highfit.es\/wp-content\/uploads\/2022\/08\/zma_Mesa-de-trabajo-1.png","contentUrl":"https:\/\/highfit.es\/wp-content\/uploads\/2022\/08\/zma_Mesa-de-trabajo-1.png","width":800,"height":800},{"@type":"BreadcrumbList","@id":"https:\/\/highfit.es\/en\/producto\/zma-zincmagnesiumvitamin-b6-120-softgels\/#breadcrumb","itemListElement":[{"@type":"ListItem","position":1,"name":"Portada","item":"https:\/\/highfit.es\/"},{"@type":"ListItem","position":2,"name":"Productos","item":"https:\/\/highfit.es\/shop\/"},{"@type":"ListItem","position":3,"name":"ZMA [ZINC+MAGNESIUM+VITAMIN B6] &#8211; 120 SOFTGELS"}]},{"@type":"WebSite","@id":"https:\/\/highfit.es\/#website","url":"https:\/\/highfit.es\/","name":"Nutrici\u00f3n Deportiva y Suplementaci\u00f3n - HighFit","description":"\u00daltima generaci\u00f3n en productos de nutrici\u00f3n deportiva. Marcas estrella en suplementaci\u00f3n con los m\u00e1s altos est\u00e1ndares de calidad","potentialAction":[{"@type":"SearchAction","target":{"@type":"EntryPoint","urlTemplate":"https:\/\/highfit.es\/?s={search_term_string}"},"query-input":{"@type":"PropertyValueSpecification","valueRequired":true,"valueName":"search_term_string"}}],"inLanguage":"en-US"}]}},"_links":{"self":[{"href":"https:\/\/highfit.es\/en\/wp-json\/wp\/v2\/product\/3370","targetHints":{"allow":["GET"]}}],"collection":[{"href":"https:\/\/highfit.es\/en\/wp-json\/wp\/v2\/product"}],"about":[{"href":"https:\/\/highfit.es\/en\/wp-json\/wp\/v2\/types\/product"}],"replies":[{"embeddable":true,"href":"https:\/\/highfit.es\/en\/wp-json\/wp\/v2\/comments?post=3370"}],"wp:featuredmedia":[{"embeddable":true,"href":"https:\/\/highfit.es\/en\/wp-json\/wp\/v2\/media\/2917"}],"wp:attachment":[{"href":"https:\/\/highfit.es\/en\/wp-json\/wp\/v2\/media?parent=3370"}],"wp:term":[{"taxonomy":"product_brand","embeddable":true,"href":"https:\/\/highfit.es\/en\/wp-json\/wp\/v2\/product_brand?post=3370"},{"taxonomy":"product_cat","embeddable":true,"href":"https:\/\/highfit.es\/en\/wp-json\/wp\/v2\/product_cat?post=3370"},{"taxonomy":"product_tag","embeddable":true,"href":"https:\/\/highfit.es\/en\/wp-json\/wp\/v2\/product_tag?post=3370"}],"curies":[{"name":"wp","href":"https:\/\/api.w.org\/{rel}","templated":true}]}}