{"id":3342,"date":"2022-08-11T10:52:59","date_gmt":"2022-08-11T10:52:59","guid":{"rendered":"https:\/\/highfit.es\/producto\/oxygen-pump-infusion-300gr-25-servings\/"},"modified":"2023-05-24T10:58:24","modified_gmt":"2023-05-24T10:58:24","slug":"oxygen-pump-infusion-300gr-25-servings","status":"publish","type":"product","link":"https:\/\/highfit.es\/en\/producto\/oxygen-pump-infusion-300gr-25-servings\/","title":{"rendered":"OXYGEN PUMP INFUSION [300gr] &#8211; 25 SERVINGS"},"excerpt":{"rendered":"<p>OXYGEN PUMP is a food supplement made with amino acids, vitamin B6 and scientifically studied extracts which, combined, provide optimum performance and extreme energy, enabling training and competitions to be carried out with greater intensity, ideal for all sporting activities.<\/p>\n<p>Pre-workout for incredible results in high-intensity training.<\/p>\n<p>Ingredients: Beta alanine, L-arginine, alpha-ketoglutarate, taurine, creatine hydrochloride, L-citrulline, malate, flavourings, trisodium citrate, creatine monohydrate, tricalcium phosphate, tyrosine, sodium bicarbonate, caffeine anhydrous, vitamin B3, black pepper powder, vitamin B6, vitamin B1, preservatives and anti-caking agent.<\/p>\n<p>The unique formulation of our Pre-Workout with Vitamins B6, B3 and B1 will give you all the energy, strength, concentration and vascularity you need for intense training.<\/p>\n<p>Suitable for use when training is more demanding, or in specific moments when our physical capacity decreases due to external factors.<\/p>\n","protected":false},"featured_media":2924,"comment_status":"closed","ping_status":"closed","template":"","meta":[],"product_brand":[],"product_cat":[],"product_tag":[],"class_list":{"0":"post-3342","1":"product","2":"type-product","3":"status-publish","4":"has-post-thumbnail","6":"pa_sabor-cola-en","7":"pa_sabor-limon-en","8":"pa_sabor-fresa-en","10":"first","11":"outofstock","12":"taxable","13":"shipping-taxable","14":"product-type-variable"},"yoast_head":"<!-- This site is optimized with the Yoast SEO plugin v27.3 - https:\/\/yoast.com\/product\/yoast-seo-wordpress\/ -->\n<title>OXYGEN PUMP INFUSION [300gr] - 25 SERVINGS - Nutrici\u00f3n Deportiva y Suplementaci\u00f3n - HighFit<\/title>\n<meta name=\"description\" content=\"The exclusive formulation of our OXYGEN PUMP Pre-workout with Vitamins B6, B3 and B1 will give you all the energy, strength, concentration and vascularity necessary to perform a high-intensity training\" \/>\n<meta name=\"robots\" content=\"index, follow, max-snippet:-1, max-image-preview:large, max-video-preview:-1\" \/>\n<link rel=\"canonical\" href=\"https:\/\/highfit.es\/en\/producto\/oxygen-pump-infusion-300gr-25-servings\/\" \/>\n<meta property=\"og:locale\" content=\"en_US\" \/>\n<meta property=\"og:type\" content=\"article\" \/>\n<meta property=\"og:title\" content=\"OXYGEN PUMP INFUSION [300gr] - 25 SERVINGS - Nutrici\u00f3n Deportiva y Suplementaci\u00f3n - HighFit\" \/>\n<meta property=\"og:description\" content=\"The exclusive formulation of our OXYGEN PUMP Pre-workout with Vitamins B6, B3 and B1 will give you all the energy, strength, concentration and vascularity necessary to perform a high-intensity training\" \/>\n<meta property=\"og:url\" content=\"https:\/\/highfit.es\/en\/producto\/oxygen-pump-infusion-300gr-25-servings\/\" \/>\n<meta property=\"og:site_name\" content=\"Nutrici\u00f3n Deportiva y Suplementaci\u00f3n - HighFit\" \/>\n<meta property=\"article:modified_time\" content=\"2023-05-24T10:58:24+00:00\" \/>\n<meta property=\"og:image\" content=\"https:\/\/highfit.es\/wp-content\/uploads\/2022\/08\/oxygen_Mesa-de-trabajo-1.png\" \/>\n\t<meta property=\"og:image:width\" content=\"800\" \/>\n\t<meta property=\"og:image:height\" content=\"800\" \/>\n\t<meta property=\"og:image:type\" content=\"image\/png\" \/>\n<meta name=\"twitter:card\" content=\"summary_large_image\" \/>\n<script type=\"application\/ld+json\" class=\"yoast-schema-graph\">{\"@context\":\"https:\\\/\\\/schema.org\",\"@graph\":[{\"@type\":\"WebPage\",\"@id\":\"https:\\\/\\\/highfit.es\\\/en\\\/producto\\\/oxygen-pump-infusion-300gr-25-servings\\\/\",\"url\":\"https:\\\/\\\/highfit.es\\\/en\\\/producto\\\/oxygen-pump-infusion-300gr-25-servings\\\/\",\"name\":\"OXYGEN PUMP INFUSION [300gr] - 25 SERVINGS - Nutrici\u00f3n Deportiva y Suplementaci\u00f3n - HighFit\",\"isPartOf\":{\"@id\":\"https:\\\/\\\/highfit.es\\\/#website\"},\"primaryImageOfPage\":{\"@id\":\"https:\\\/\\\/highfit.es\\\/en\\\/producto\\\/oxygen-pump-infusion-300gr-25-servings\\\/#primaryimage\"},\"image\":{\"@id\":\"https:\\\/\\\/highfit.es\\\/en\\\/producto\\\/oxygen-pump-infusion-300gr-25-servings\\\/#primaryimage\"},\"thumbnailUrl\":\"https:\\\/\\\/highfit.es\\\/wp-content\\\/uploads\\\/2022\\\/08\\\/oxygen_Mesa-de-trabajo-1.png\",\"datePublished\":\"2022-08-11T10:52:59+00:00\",\"dateModified\":\"2023-05-24T10:58:24+00:00\",\"description\":\"The exclusive formulation of our OXYGEN PUMP Pre-workout with Vitamins B6, B3 and B1 will give you all the energy, strength, concentration and vascularity necessary to perform a high-intensity training\",\"breadcrumb\":{\"@id\":\"https:\\\/\\\/highfit.es\\\/en\\\/producto\\\/oxygen-pump-infusion-300gr-25-servings\\\/#breadcrumb\"},\"inLanguage\":\"en-US\",\"potentialAction\":[{\"@type\":\"ReadAction\",\"target\":[\"https:\\\/\\\/highfit.es\\\/en\\\/producto\\\/oxygen-pump-infusion-300gr-25-servings\\\/\"]}]},{\"@type\":\"ImageObject\",\"inLanguage\":\"en-US\",\"@id\":\"https:\\\/\\\/highfit.es\\\/en\\\/producto\\\/oxygen-pump-infusion-300gr-25-servings\\\/#primaryimage\",\"url\":\"https:\\\/\\\/highfit.es\\\/wp-content\\\/uploads\\\/2022\\\/08\\\/oxygen_Mesa-de-trabajo-1.png\",\"contentUrl\":\"https:\\\/\\\/highfit.es\\\/wp-content\\\/uploads\\\/2022\\\/08\\\/oxygen_Mesa-de-trabajo-1.png\",\"width\":800,\"height\":800},{\"@type\":\"BreadcrumbList\",\"@id\":\"https:\\\/\\\/highfit.es\\\/en\\\/producto\\\/oxygen-pump-infusion-300gr-25-servings\\\/#breadcrumb\",\"itemListElement\":[{\"@type\":\"ListItem\",\"position\":1,\"name\":\"Portada\",\"item\":\"https:\\\/\\\/highfit.es\\\/\"},{\"@type\":\"ListItem\",\"position\":2,\"name\":\"Productos\",\"item\":\"https:\\\/\\\/highfit.es\\\/shop\\\/\"},{\"@type\":\"ListItem\",\"position\":3,\"name\":\"OXYGEN PUMP INFUSION [300gr] &#8211; 25 SERVINGS\"}]},{\"@type\":\"WebSite\",\"@id\":\"https:\\\/\\\/highfit.es\\\/#website\",\"url\":\"https:\\\/\\\/highfit.es\\\/\",\"name\":\"Nutrici\u00f3n Deportiva y Suplementaci\u00f3n - HighFit\",\"description\":\"\u00daltima generaci\u00f3n en productos de nutrici\u00f3n deportiva. Marcas estrella en suplementaci\u00f3n con los m\u00e1s altos est\u00e1ndares de calidad\",\"potentialAction\":[{\"@type\":\"SearchAction\",\"target\":{\"@type\":\"EntryPoint\",\"urlTemplate\":\"https:\\\/\\\/highfit.es\\\/?s={search_term_string}\"},\"query-input\":{\"@type\":\"PropertyValueSpecification\",\"valueRequired\":true,\"valueName\":\"search_term_string\"}}],\"inLanguage\":\"en-US\"}]}<\/script>\n<!-- \/ Yoast SEO plugin. -->","yoast_head_json":{"title":"OXYGEN PUMP INFUSION [300gr] - 25 SERVINGS - Nutrici\u00f3n Deportiva y Suplementaci\u00f3n - HighFit","description":"The exclusive formulation of our OXYGEN PUMP Pre-workout with Vitamins B6, B3 and B1 will give you all the energy, strength, concentration and vascularity necessary to perform a high-intensity training","robots":{"index":"index","follow":"follow","max-snippet":"max-snippet:-1","max-image-preview":"max-image-preview:large","max-video-preview":"max-video-preview:-1"},"canonical":"https:\/\/highfit.es\/en\/producto\/oxygen-pump-infusion-300gr-25-servings\/","og_locale":"en_US","og_type":"article","og_title":"OXYGEN PUMP INFUSION [300gr] - 25 SERVINGS - Nutrici\u00f3n Deportiva y Suplementaci\u00f3n - HighFit","og_description":"The exclusive formulation of our OXYGEN PUMP Pre-workout with Vitamins B6, B3 and B1 will give you all the energy, strength, concentration and vascularity necessary to perform a high-intensity training","og_url":"https:\/\/highfit.es\/en\/producto\/oxygen-pump-infusion-300gr-25-servings\/","og_site_name":"Nutrici\u00f3n Deportiva y Suplementaci\u00f3n - HighFit","article_modified_time":"2023-05-24T10:58:24+00:00","og_image":[{"width":800,"height":800,"url":"https:\/\/highfit.es\/wp-content\/uploads\/2022\/08\/oxygen_Mesa-de-trabajo-1.png","type":"image\/png"}],"twitter_card":"summary_large_image","schema":{"@context":"https:\/\/schema.org","@graph":[{"@type":"WebPage","@id":"https:\/\/highfit.es\/en\/producto\/oxygen-pump-infusion-300gr-25-servings\/","url":"https:\/\/highfit.es\/en\/producto\/oxygen-pump-infusion-300gr-25-servings\/","name":"OXYGEN PUMP INFUSION [300gr] - 25 SERVINGS - Nutrici\u00f3n Deportiva y Suplementaci\u00f3n - HighFit","isPartOf":{"@id":"https:\/\/highfit.es\/#website"},"primaryImageOfPage":{"@id":"https:\/\/highfit.es\/en\/producto\/oxygen-pump-infusion-300gr-25-servings\/#primaryimage"},"image":{"@id":"https:\/\/highfit.es\/en\/producto\/oxygen-pump-infusion-300gr-25-servings\/#primaryimage"},"thumbnailUrl":"https:\/\/highfit.es\/wp-content\/uploads\/2022\/08\/oxygen_Mesa-de-trabajo-1.png","datePublished":"2022-08-11T10:52:59+00:00","dateModified":"2023-05-24T10:58:24+00:00","description":"The exclusive formulation of our OXYGEN PUMP Pre-workout with Vitamins B6, B3 and B1 will give you all the energy, strength, concentration and vascularity necessary to perform a high-intensity training","breadcrumb":{"@id":"https:\/\/highfit.es\/en\/producto\/oxygen-pump-infusion-300gr-25-servings\/#breadcrumb"},"inLanguage":"en-US","potentialAction":[{"@type":"ReadAction","target":["https:\/\/highfit.es\/en\/producto\/oxygen-pump-infusion-300gr-25-servings\/"]}]},{"@type":"ImageObject","inLanguage":"en-US","@id":"https:\/\/highfit.es\/en\/producto\/oxygen-pump-infusion-300gr-25-servings\/#primaryimage","url":"https:\/\/highfit.es\/wp-content\/uploads\/2022\/08\/oxygen_Mesa-de-trabajo-1.png","contentUrl":"https:\/\/highfit.es\/wp-content\/uploads\/2022\/08\/oxygen_Mesa-de-trabajo-1.png","width":800,"height":800},{"@type":"BreadcrumbList","@id":"https:\/\/highfit.es\/en\/producto\/oxygen-pump-infusion-300gr-25-servings\/#breadcrumb","itemListElement":[{"@type":"ListItem","position":1,"name":"Portada","item":"https:\/\/highfit.es\/"},{"@type":"ListItem","position":2,"name":"Productos","item":"https:\/\/highfit.es\/shop\/"},{"@type":"ListItem","position":3,"name":"OXYGEN PUMP INFUSION [300gr] &#8211; 25 SERVINGS"}]},{"@type":"WebSite","@id":"https:\/\/highfit.es\/#website","url":"https:\/\/highfit.es\/","name":"Nutrici\u00f3n Deportiva y Suplementaci\u00f3n - HighFit","description":"\u00daltima generaci\u00f3n en productos de nutrici\u00f3n deportiva. Marcas estrella en suplementaci\u00f3n con los m\u00e1s altos est\u00e1ndares de calidad","potentialAction":[{"@type":"SearchAction","target":{"@type":"EntryPoint","urlTemplate":"https:\/\/highfit.es\/?s={search_term_string}"},"query-input":{"@type":"PropertyValueSpecification","valueRequired":true,"valueName":"search_term_string"}}],"inLanguage":"en-US"}]}},"_links":{"self":[{"href":"https:\/\/highfit.es\/en\/wp-json\/wp\/v2\/product\/3342","targetHints":{"allow":["GET"]}}],"collection":[{"href":"https:\/\/highfit.es\/en\/wp-json\/wp\/v2\/product"}],"about":[{"href":"https:\/\/highfit.es\/en\/wp-json\/wp\/v2\/types\/product"}],"replies":[{"embeddable":true,"href":"https:\/\/highfit.es\/en\/wp-json\/wp\/v2\/comments?post=3342"}],"wp:featuredmedia":[{"embeddable":true,"href":"https:\/\/highfit.es\/en\/wp-json\/wp\/v2\/media\/2924"}],"wp:attachment":[{"href":"https:\/\/highfit.es\/en\/wp-json\/wp\/v2\/media?parent=3342"}],"wp:term":[{"taxonomy":"product_brand","embeddable":true,"href":"https:\/\/highfit.es\/en\/wp-json\/wp\/v2\/product_brand?post=3342"},{"taxonomy":"product_cat","embeddable":true,"href":"https:\/\/highfit.es\/en\/wp-json\/wp\/v2\/product_cat?post=3342"},{"taxonomy":"product_tag","embeddable":true,"href":"https:\/\/highfit.es\/en\/wp-json\/wp\/v2\/product_tag?post=3342"}],"curies":[{"name":"wp","href":"https:\/\/api.w.org\/{rel}","templated":true}]}}