{"id":3341,"date":"2022-08-11T10:53:00","date_gmt":"2022-08-11T08:53:00","guid":{"rendered":"https:\/\/highfit.es\/producto\/fatzx-fatburner-thermogenic-effect-120-capsulas\/"},"modified":"2025-11-03T19:48:30","modified_gmt":"2025-11-03T17:48:30","slug":"fatzx-fatburner-thermogenic-effect-120-capsules","status":"publish","type":"product","link":"https:\/\/highfit.es\/en\/producto\/fatzx-fatburner-thermogenic-effect-120-capsules\/","title":{"rendered":"FATZX FATBURNER THERMOGENIC EFFECT &#8211; 120 CAPSULES"},"excerpt":{"rendered":"<p>FATBURNER is the perfect supplement that promotes fat burning thanks to the formulation and combination of L-Carnitine, Green Tea, Caffeine and other components that, together with physical activity and a balanced diet, will have a fat burning effect.<\/p>\n<p>The best 3-in-1 fat burner with powerful thermogenic effects for maximum fat loss and a toned and fit body.<\/p>\n<p>Also works during rest!<\/p>\n<p>Burns 24%* more fat over several hours while keeping muscles intact.<br \/>\nTRIPLE ACTION: helps burn more fat, reduces fatigue for improved performance, and stimulates recovery to help maintain regular physical activity.<\/p>\n","protected":false},"featured_media":2925,"comment_status":"closed","ping_status":"closed","template":"","meta":[],"product_brand":[],"product_cat":[102],"product_tag":[],"class_list":{"0":"post-3341","1":"product","2":"type-product","3":"status-publish","4":"has-post-thumbnail","6":"product_cat-outlet-en","7":"pa_marca-master-zx-en","9":"first","10":"instock","11":"taxable","12":"shipping-taxable","13":"purchasable","14":"product-type-simple"},"yoast_head":"<!-- This site is optimized with the Yoast SEO plugin v27.3 - https:\/\/yoast.com\/product\/yoast-seo-wordpress\/ -->\n<title>FATZX FATBURNER THERMOGENIC EFFECT - 120 CAPSULES - Nutrici\u00f3n Deportiva y Suplementaci\u00f3n - HighFit<\/title>\n<meta name=\"description\" content=\"FATZX is a fat burner with a thermogenic effect. It has been designed to increase body temperature, as well as the metabolic rate and the number of calories burned. Your body will burn more calories during the day, even when you are resting. By increasing the daily calorie burn, it helps reduce the percentage of fat. Hence, this type of product is consumed especially if you are looking to lose weight.\" \/>\n<meta name=\"robots\" content=\"index, follow, max-snippet:-1, max-image-preview:large, max-video-preview:-1\" \/>\n<link rel=\"canonical\" href=\"https:\/\/highfit.es\/?post_type=product&p=215\" \/>\n<meta property=\"og:locale\" content=\"en_US\" \/>\n<meta property=\"og:type\" content=\"article\" \/>\n<meta property=\"og:title\" content=\"FATZX FATBURNER THERMOGENIC EFFECT - 120 CAPSULES - Nutrici\u00f3n Deportiva y Suplementaci\u00f3n - HighFit\" \/>\n<meta property=\"og:description\" content=\"FATZX is a fat burner with a thermogenic effect. It has been designed to increase body temperature, as well as the metabolic rate and the number of calories burned. Your body will burn more calories during the day, even when you are resting. By increasing the daily calorie burn, it helps reduce the percentage of fat. Hence, this type of product is consumed especially if you are looking to lose weight.\" \/>\n<meta property=\"og:url\" content=\"https:\/\/highfit.es\/?post_type=product&amp;p=215\" \/>\n<meta property=\"og:site_name\" content=\"Nutrici\u00f3n Deportiva y Suplementaci\u00f3n - HighFit\" \/>\n<meta property=\"article:modified_time\" content=\"2025-11-03T17:48:30+00:00\" \/>\n<meta property=\"og:image\" content=\"https:\/\/highfit.es\/wp-content\/uploads\/2022\/08\/fatburner_Mesa-de-trabajo-1.png\" \/>\n\t<meta property=\"og:image:width\" content=\"800\" \/>\n\t<meta property=\"og:image:height\" content=\"800\" \/>\n\t<meta property=\"og:image:type\" content=\"image\/png\" \/>\n<meta name=\"twitter:card\" content=\"summary_large_image\" \/>\n<script type=\"application\/ld+json\" class=\"yoast-schema-graph\">{\"@context\":\"https:\\\/\\\/schema.org\",\"@graph\":[{\"@type\":\"WebPage\",\"@id\":\"https:\\\/\\\/highfit.es\\\/?post_type=product&p=215\",\"url\":\"https:\\\/\\\/highfit.es\\\/?post_type=product&p=215\",\"name\":\"FATZX FATBURNER THERMOGENIC EFFECT - 120 CAPSULES - Nutrici\u00f3n Deportiva y Suplementaci\u00f3n - HighFit\",\"isPartOf\":{\"@id\":\"https:\\\/\\\/highfit.es\\\/#website\"},\"primaryImageOfPage\":{\"@id\":\"https:\\\/\\\/highfit.es\\\/?post_type=product&p=215#primaryimage\"},\"image\":{\"@id\":\"https:\\\/\\\/highfit.es\\\/?post_type=product&p=215#primaryimage\"},\"thumbnailUrl\":\"https:\\\/\\\/highfit.es\\\/wp-content\\\/uploads\\\/2022\\\/08\\\/fatburner_Mesa-de-trabajo-1.png\",\"datePublished\":\"2022-08-11T08:53:00+00:00\",\"dateModified\":\"2025-11-03T17:48:30+00:00\",\"description\":\"FATZX is a fat burner with a thermogenic effect. It has been designed to increase body temperature, as well as the metabolic rate and the number of calories burned. Your body will burn more calories during the day, even when you are resting. By increasing the daily calorie burn, it helps reduce the percentage of fat. Hence, this type of product is consumed especially if you are looking to lose weight.\",\"breadcrumb\":{\"@id\":\"https:\\\/\\\/highfit.es\\\/?post_type=product&p=215#breadcrumb\"},\"inLanguage\":\"en-US\",\"potentialAction\":[{\"@type\":\"ReadAction\",\"target\":[\"https:\\\/\\\/highfit.es\\\/?post_type=product&p=215\"]}]},{\"@type\":\"ImageObject\",\"inLanguage\":\"en-US\",\"@id\":\"https:\\\/\\\/highfit.es\\\/?post_type=product&p=215#primaryimage\",\"url\":\"https:\\\/\\\/highfit.es\\\/wp-content\\\/uploads\\\/2022\\\/08\\\/fatburner_Mesa-de-trabajo-1.png\",\"contentUrl\":\"https:\\\/\\\/highfit.es\\\/wp-content\\\/uploads\\\/2022\\\/08\\\/fatburner_Mesa-de-trabajo-1.png\",\"width\":800,\"height\":800},{\"@type\":\"BreadcrumbList\",\"@id\":\"https:\\\/\\\/highfit.es\\\/?post_type=product&p=215#breadcrumb\",\"itemListElement\":[{\"@type\":\"ListItem\",\"position\":1,\"name\":\"Portada\",\"item\":\"https:\\\/\\\/highfit.es\\\/\"},{\"@type\":\"ListItem\",\"position\":2,\"name\":\"Productos\",\"item\":\"https:\\\/\\\/highfit.es\\\/shop\\\/\"},{\"@type\":\"ListItem\",\"position\":3,\"name\":\"FATZX FATBURNER THERMOGENIC EFFECT &#8211; 120 CAPSULES\"}]},{\"@type\":\"WebSite\",\"@id\":\"https:\\\/\\\/highfit.es\\\/#website\",\"url\":\"https:\\\/\\\/highfit.es\\\/\",\"name\":\"Nutrici\u00f3n Deportiva y Suplementaci\u00f3n - HighFit\",\"description\":\"\u00daltima generaci\u00f3n en productos de nutrici\u00f3n deportiva. Marcas estrella en suplementaci\u00f3n con los m\u00e1s altos est\u00e1ndares de calidad\",\"potentialAction\":[{\"@type\":\"SearchAction\",\"target\":{\"@type\":\"EntryPoint\",\"urlTemplate\":\"https:\\\/\\\/highfit.es\\\/?s={search_term_string}\"},\"query-input\":{\"@type\":\"PropertyValueSpecification\",\"valueRequired\":true,\"valueName\":\"search_term_string\"}}],\"inLanguage\":\"en-US\"}]}<\/script>\n<!-- \/ Yoast SEO plugin. -->","yoast_head_json":{"title":"FATZX FATBURNER THERMOGENIC EFFECT - 120 CAPSULES - Nutrici\u00f3n Deportiva y Suplementaci\u00f3n - HighFit","description":"FATZX is a fat burner with a thermogenic effect. It has been designed to increase body temperature, as well as the metabolic rate and the number of calories burned. Your body will burn more calories during the day, even when you are resting. By increasing the daily calorie burn, it helps reduce the percentage of fat. Hence, this type of product is consumed especially if you are looking to lose weight.","robots":{"index":"index","follow":"follow","max-snippet":"max-snippet:-1","max-image-preview":"max-image-preview:large","max-video-preview":"max-video-preview:-1"},"canonical":"https:\/\/highfit.es\/?post_type=product&p=215","og_locale":"en_US","og_type":"article","og_title":"FATZX FATBURNER THERMOGENIC EFFECT - 120 CAPSULES - Nutrici\u00f3n Deportiva y Suplementaci\u00f3n - HighFit","og_description":"FATZX is a fat burner with a thermogenic effect. It has been designed to increase body temperature, as well as the metabolic rate and the number of calories burned. Your body will burn more calories during the day, even when you are resting. By increasing the daily calorie burn, it helps reduce the percentage of fat. Hence, this type of product is consumed especially if you are looking to lose weight.","og_url":"https:\/\/highfit.es\/?post_type=product&p=215","og_site_name":"Nutrici\u00f3n Deportiva y Suplementaci\u00f3n - HighFit","article_modified_time":"2025-11-03T17:48:30+00:00","og_image":[{"width":800,"height":800,"url":"https:\/\/highfit.es\/wp-content\/uploads\/2022\/08\/fatburner_Mesa-de-trabajo-1.png","type":"image\/png"}],"twitter_card":"summary_large_image","schema":{"@context":"https:\/\/schema.org","@graph":[{"@type":"WebPage","@id":"https:\/\/highfit.es\/?post_type=product&p=215","url":"https:\/\/highfit.es\/?post_type=product&p=215","name":"FATZX FATBURNER THERMOGENIC EFFECT - 120 CAPSULES - Nutrici\u00f3n Deportiva y Suplementaci\u00f3n - HighFit","isPartOf":{"@id":"https:\/\/highfit.es\/#website"},"primaryImageOfPage":{"@id":"https:\/\/highfit.es\/?post_type=product&p=215#primaryimage"},"image":{"@id":"https:\/\/highfit.es\/?post_type=product&p=215#primaryimage"},"thumbnailUrl":"https:\/\/highfit.es\/wp-content\/uploads\/2022\/08\/fatburner_Mesa-de-trabajo-1.png","datePublished":"2022-08-11T08:53:00+00:00","dateModified":"2025-11-03T17:48:30+00:00","description":"FATZX is a fat burner with a thermogenic effect. It has been designed to increase body temperature, as well as the metabolic rate and the number of calories burned. Your body will burn more calories during the day, even when you are resting. By increasing the daily calorie burn, it helps reduce the percentage of fat. Hence, this type of product is consumed especially if you are looking to lose weight.","breadcrumb":{"@id":"https:\/\/highfit.es\/?post_type=product&p=215#breadcrumb"},"inLanguage":"en-US","potentialAction":[{"@type":"ReadAction","target":["https:\/\/highfit.es\/?post_type=product&p=215"]}]},{"@type":"ImageObject","inLanguage":"en-US","@id":"https:\/\/highfit.es\/?post_type=product&p=215#primaryimage","url":"https:\/\/highfit.es\/wp-content\/uploads\/2022\/08\/fatburner_Mesa-de-trabajo-1.png","contentUrl":"https:\/\/highfit.es\/wp-content\/uploads\/2022\/08\/fatburner_Mesa-de-trabajo-1.png","width":800,"height":800},{"@type":"BreadcrumbList","@id":"https:\/\/highfit.es\/?post_type=product&p=215#breadcrumb","itemListElement":[{"@type":"ListItem","position":1,"name":"Portada","item":"https:\/\/highfit.es\/"},{"@type":"ListItem","position":2,"name":"Productos","item":"https:\/\/highfit.es\/shop\/"},{"@type":"ListItem","position":3,"name":"FATZX FATBURNER THERMOGENIC EFFECT &#8211; 120 CAPSULES"}]},{"@type":"WebSite","@id":"https:\/\/highfit.es\/#website","url":"https:\/\/highfit.es\/","name":"Nutrici\u00f3n Deportiva y Suplementaci\u00f3n - HighFit","description":"\u00daltima generaci\u00f3n en productos de nutrici\u00f3n deportiva. Marcas estrella en suplementaci\u00f3n con los m\u00e1s altos est\u00e1ndares de calidad","potentialAction":[{"@type":"SearchAction","target":{"@type":"EntryPoint","urlTemplate":"https:\/\/highfit.es\/?s={search_term_string}"},"query-input":{"@type":"PropertyValueSpecification","valueRequired":true,"valueName":"search_term_string"}}],"inLanguage":"en-US"}]}},"_links":{"self":[{"href":"https:\/\/highfit.es\/en\/wp-json\/wp\/v2\/product\/3341","targetHints":{"allow":["GET"]}}],"collection":[{"href":"https:\/\/highfit.es\/en\/wp-json\/wp\/v2\/product"}],"about":[{"href":"https:\/\/highfit.es\/en\/wp-json\/wp\/v2\/types\/product"}],"replies":[{"embeddable":true,"href":"https:\/\/highfit.es\/en\/wp-json\/wp\/v2\/comments?post=3341"}],"wp:featuredmedia":[{"embeddable":true,"href":"https:\/\/highfit.es\/en\/wp-json\/wp\/v2\/media\/2925"}],"wp:attachment":[{"href":"https:\/\/highfit.es\/en\/wp-json\/wp\/v2\/media?parent=3341"}],"wp:term":[{"taxonomy":"product_brand","embeddable":true,"href":"https:\/\/highfit.es\/en\/wp-json\/wp\/v2\/product_brand?post=3341"},{"taxonomy":"product_cat","embeddable":true,"href":"https:\/\/highfit.es\/en\/wp-json\/wp\/v2\/product_cat?post=3341"},{"taxonomy":"product_tag","embeddable":true,"href":"https:\/\/highfit.es\/en\/wp-json\/wp\/v2\/product_tag?post=3341"}],"curies":[{"name":"wp","href":"https:\/\/api.w.org\/{rel}","templated":true}]}}