{"id":3340,"date":"2022-08-11T10:53:01","date_gmt":"2022-08-11T08:53:01","guid":{"rendered":"https:\/\/highfit.es\/producto\/cla-80-conjugated-linoleic-acid-supplement-120-softgel\/"},"modified":"2023-05-24T11:09:03","modified_gmt":"2023-05-24T11:09:03","slug":"cla-80-conjugated-linoleic-acid-supplement-120-softgel","status":"publish","type":"product","link":"https:\/\/highfit.es\/en\/producto\/cla-80-conjugated-linoleic-acid-supplement-120-softgel\/","title":{"rendered":"CLA 80% CONJUGATED LINOLEIC ACID SUPPLEMENT -120 SOFTGEL"},"excerpt":{"rendered":"<p>CLA is a nutritional supplement that contributes to the maintenance of normal blood cholesterol levels. It is composed primarily of the essential fatty acid that is produced from linoleic acid.<\/p>\n<p>The combination of these components makes CLA a perfect option for normal growth and development of the body.<\/p>\n<p>An unrivalled leader in terms of purity and potency. Each softgel is made to the highest standards from the highest quality raw materials on the market.<\/p>\n","protected":false},"featured_media":2926,"comment_status":"closed","ping_status":"closed","template":"","meta":[],"product_brand":[],"product_cat":[102],"product_tag":[],"class_list":{"0":"post-3340","1":"product","2":"type-product","3":"status-publish","4":"has-post-thumbnail","6":"product_cat-outlet-en","7":"pa_marca-master-zx-en","9":"first","10":"instock","11":"sale","12":"taxable","13":"shipping-taxable","14":"purchasable","15":"product-type-simple"},"yoast_head":"<!-- This site is optimized with the Yoast SEO plugin v27.3 - https:\/\/yoast.com\/product\/yoast-seo-wordpress\/ -->\n<title>CLA 80% CONJUGATED LINOLEIC ACID SUPPLEMENT -120 SOFTGEL - Nutrici\u00f3n Deportiva y Suplementaci\u00f3n - HighFit<\/title>\n<meta name=\"description\" content=\"CLA is short for Conjugated Linoleic Acid. This is an essential fatty acid (which means that the body does not synthesize it) produced by the intestinal flora of ruminant animals. Helps burn body fat, while stimulating the construction of muscle mass. For this reason, CLA is the ideal dietary supplement for people looking to &quot;drop those extra pounds&quot; while maintaining muscle mass.\" \/>\n<meta name=\"robots\" content=\"index, follow, max-snippet:-1, max-image-preview:large, max-video-preview:-1\" \/>\n<link rel=\"canonical\" href=\"https:\/\/highfit.es\/en\/producto\/cla-80-conjugated-linoleic-acid-supplement-120-softgel\/\" \/>\n<meta property=\"og:locale\" content=\"en_US\" \/>\n<meta property=\"og:type\" content=\"article\" \/>\n<meta property=\"og:title\" content=\"CLA 80% CONJUGATED LINOLEIC ACID SUPPLEMENT -120 SOFTGEL - Nutrici\u00f3n Deportiva y Suplementaci\u00f3n - HighFit\" \/>\n<meta property=\"og:description\" content=\"CLA is short for Conjugated Linoleic Acid. This is an essential fatty acid (which means that the body does not synthesize it) produced by the intestinal flora of ruminant animals. Helps burn body fat, while stimulating the construction of muscle mass. For this reason, CLA is the ideal dietary supplement for people looking to &quot;drop those extra pounds&quot; while maintaining muscle mass.\" \/>\n<meta property=\"og:url\" content=\"https:\/\/highfit.es\/en\/producto\/cla-80-conjugated-linoleic-acid-supplement-120-softgel\/\" \/>\n<meta property=\"og:site_name\" content=\"Nutrici\u00f3n Deportiva y Suplementaci\u00f3n - HighFit\" \/>\n<meta property=\"article:modified_time\" content=\"2023-05-24T11:09:03+00:00\" \/>\n<meta property=\"og:image\" content=\"https:\/\/highfit.es\/wp-content\/uploads\/2022\/08\/cla_Mesa-de-trabajo-1.png\" \/>\n\t<meta property=\"og:image:width\" content=\"800\" \/>\n\t<meta property=\"og:image:height\" content=\"800\" \/>\n\t<meta property=\"og:image:type\" content=\"image\/png\" \/>\n<meta name=\"twitter:card\" content=\"summary_large_image\" \/>\n<script type=\"application\/ld+json\" class=\"yoast-schema-graph\">{\"@context\":\"https:\\\/\\\/schema.org\",\"@graph\":[{\"@type\":\"WebPage\",\"@id\":\"https:\\\/\\\/highfit.es\\\/en\\\/producto\\\/cla-80-conjugated-linoleic-acid-supplement-120-softgel\\\/\",\"url\":\"https:\\\/\\\/highfit.es\\\/en\\\/producto\\\/cla-80-conjugated-linoleic-acid-supplement-120-softgel\\\/\",\"name\":\"CLA 80% CONJUGATED LINOLEIC ACID SUPPLEMENT -120 SOFTGEL - Nutrici\u00f3n Deportiva y Suplementaci\u00f3n - HighFit\",\"isPartOf\":{\"@id\":\"https:\\\/\\\/highfit.es\\\/#website\"},\"primaryImageOfPage\":{\"@id\":\"https:\\\/\\\/highfit.es\\\/en\\\/producto\\\/cla-80-conjugated-linoleic-acid-supplement-120-softgel\\\/#primaryimage\"},\"image\":{\"@id\":\"https:\\\/\\\/highfit.es\\\/en\\\/producto\\\/cla-80-conjugated-linoleic-acid-supplement-120-softgel\\\/#primaryimage\"},\"thumbnailUrl\":\"https:\\\/\\\/highfit.es\\\/wp-content\\\/uploads\\\/2022\\\/08\\\/cla_Mesa-de-trabajo-1.png\",\"datePublished\":\"2022-08-11T08:53:01+00:00\",\"dateModified\":\"2023-05-24T11:09:03+00:00\",\"description\":\"CLA is short for Conjugated Linoleic Acid. This is an essential fatty acid (which means that the body does not synthesize it) produced by the intestinal flora of ruminant animals. Helps burn body fat, while stimulating the construction of muscle mass. For this reason, CLA is the ideal dietary supplement for people looking to \\\"drop those extra pounds\\\" while maintaining muscle mass.\",\"breadcrumb\":{\"@id\":\"https:\\\/\\\/highfit.es\\\/en\\\/producto\\\/cla-80-conjugated-linoleic-acid-supplement-120-softgel\\\/#breadcrumb\"},\"inLanguage\":\"en-US\",\"potentialAction\":[{\"@type\":\"ReadAction\",\"target\":[\"https:\\\/\\\/highfit.es\\\/en\\\/producto\\\/cla-80-conjugated-linoleic-acid-supplement-120-softgel\\\/\"]}]},{\"@type\":\"ImageObject\",\"inLanguage\":\"en-US\",\"@id\":\"https:\\\/\\\/highfit.es\\\/en\\\/producto\\\/cla-80-conjugated-linoleic-acid-supplement-120-softgel\\\/#primaryimage\",\"url\":\"https:\\\/\\\/highfit.es\\\/wp-content\\\/uploads\\\/2022\\\/08\\\/cla_Mesa-de-trabajo-1.png\",\"contentUrl\":\"https:\\\/\\\/highfit.es\\\/wp-content\\\/uploads\\\/2022\\\/08\\\/cla_Mesa-de-trabajo-1.png\",\"width\":800,\"height\":800},{\"@type\":\"BreadcrumbList\",\"@id\":\"https:\\\/\\\/highfit.es\\\/en\\\/producto\\\/cla-80-conjugated-linoleic-acid-supplement-120-softgel\\\/#breadcrumb\",\"itemListElement\":[{\"@type\":\"ListItem\",\"position\":1,\"name\":\"Portada\",\"item\":\"https:\\\/\\\/highfit.es\\\/\"},{\"@type\":\"ListItem\",\"position\":2,\"name\":\"Productos\",\"item\":\"https:\\\/\\\/highfit.es\\\/shop\\\/\"},{\"@type\":\"ListItem\",\"position\":3,\"name\":\"CLA 80% CONJUGATED LINOLEIC ACID SUPPLEMENT -120 SOFTGEL\"}]},{\"@type\":\"WebSite\",\"@id\":\"https:\\\/\\\/highfit.es\\\/#website\",\"url\":\"https:\\\/\\\/highfit.es\\\/\",\"name\":\"Nutrici\u00f3n Deportiva y Suplementaci\u00f3n - HighFit\",\"description\":\"\u00daltima generaci\u00f3n en productos de nutrici\u00f3n deportiva. Marcas estrella en suplementaci\u00f3n con los m\u00e1s altos est\u00e1ndares de calidad\",\"potentialAction\":[{\"@type\":\"SearchAction\",\"target\":{\"@type\":\"EntryPoint\",\"urlTemplate\":\"https:\\\/\\\/highfit.es\\\/?s={search_term_string}\"},\"query-input\":{\"@type\":\"PropertyValueSpecification\",\"valueRequired\":true,\"valueName\":\"search_term_string\"}}],\"inLanguage\":\"en-US\"}]}<\/script>\n<!-- \/ Yoast SEO plugin. -->","yoast_head_json":{"title":"CLA 80% CONJUGATED LINOLEIC ACID SUPPLEMENT -120 SOFTGEL - Nutrici\u00f3n Deportiva y Suplementaci\u00f3n - HighFit","description":"CLA is short for Conjugated Linoleic Acid. This is an essential fatty acid (which means that the body does not synthesize it) produced by the intestinal flora of ruminant animals. Helps burn body fat, while stimulating the construction of muscle mass. For this reason, CLA is the ideal dietary supplement for people looking to \"drop those extra pounds\" while maintaining muscle mass.","robots":{"index":"index","follow":"follow","max-snippet":"max-snippet:-1","max-image-preview":"max-image-preview:large","max-video-preview":"max-video-preview:-1"},"canonical":"https:\/\/highfit.es\/en\/producto\/cla-80-conjugated-linoleic-acid-supplement-120-softgel\/","og_locale":"en_US","og_type":"article","og_title":"CLA 80% CONJUGATED LINOLEIC ACID SUPPLEMENT -120 SOFTGEL - Nutrici\u00f3n Deportiva y Suplementaci\u00f3n - HighFit","og_description":"CLA is short for Conjugated Linoleic Acid. This is an essential fatty acid (which means that the body does not synthesize it) produced by the intestinal flora of ruminant animals. Helps burn body fat, while stimulating the construction of muscle mass. For this reason, CLA is the ideal dietary supplement for people looking to \"drop those extra pounds\" while maintaining muscle mass.","og_url":"https:\/\/highfit.es\/en\/producto\/cla-80-conjugated-linoleic-acid-supplement-120-softgel\/","og_site_name":"Nutrici\u00f3n Deportiva y Suplementaci\u00f3n - HighFit","article_modified_time":"2023-05-24T11:09:03+00:00","og_image":[{"width":800,"height":800,"url":"https:\/\/highfit.es\/wp-content\/uploads\/2022\/08\/cla_Mesa-de-trabajo-1.png","type":"image\/png"}],"twitter_card":"summary_large_image","schema":{"@context":"https:\/\/schema.org","@graph":[{"@type":"WebPage","@id":"https:\/\/highfit.es\/en\/producto\/cla-80-conjugated-linoleic-acid-supplement-120-softgel\/","url":"https:\/\/highfit.es\/en\/producto\/cla-80-conjugated-linoleic-acid-supplement-120-softgel\/","name":"CLA 80% CONJUGATED LINOLEIC ACID SUPPLEMENT -120 SOFTGEL - Nutrici\u00f3n Deportiva y Suplementaci\u00f3n - HighFit","isPartOf":{"@id":"https:\/\/highfit.es\/#website"},"primaryImageOfPage":{"@id":"https:\/\/highfit.es\/en\/producto\/cla-80-conjugated-linoleic-acid-supplement-120-softgel\/#primaryimage"},"image":{"@id":"https:\/\/highfit.es\/en\/producto\/cla-80-conjugated-linoleic-acid-supplement-120-softgel\/#primaryimage"},"thumbnailUrl":"https:\/\/highfit.es\/wp-content\/uploads\/2022\/08\/cla_Mesa-de-trabajo-1.png","datePublished":"2022-08-11T08:53:01+00:00","dateModified":"2023-05-24T11:09:03+00:00","description":"CLA is short for Conjugated Linoleic Acid. This is an essential fatty acid (which means that the body does not synthesize it) produced by the intestinal flora of ruminant animals. Helps burn body fat, while stimulating the construction of muscle mass. For this reason, CLA is the ideal dietary supplement for people looking to \"drop those extra pounds\" while maintaining muscle mass.","breadcrumb":{"@id":"https:\/\/highfit.es\/en\/producto\/cla-80-conjugated-linoleic-acid-supplement-120-softgel\/#breadcrumb"},"inLanguage":"en-US","potentialAction":[{"@type":"ReadAction","target":["https:\/\/highfit.es\/en\/producto\/cla-80-conjugated-linoleic-acid-supplement-120-softgel\/"]}]},{"@type":"ImageObject","inLanguage":"en-US","@id":"https:\/\/highfit.es\/en\/producto\/cla-80-conjugated-linoleic-acid-supplement-120-softgel\/#primaryimage","url":"https:\/\/highfit.es\/wp-content\/uploads\/2022\/08\/cla_Mesa-de-trabajo-1.png","contentUrl":"https:\/\/highfit.es\/wp-content\/uploads\/2022\/08\/cla_Mesa-de-trabajo-1.png","width":800,"height":800},{"@type":"BreadcrumbList","@id":"https:\/\/highfit.es\/en\/producto\/cla-80-conjugated-linoleic-acid-supplement-120-softgel\/#breadcrumb","itemListElement":[{"@type":"ListItem","position":1,"name":"Portada","item":"https:\/\/highfit.es\/"},{"@type":"ListItem","position":2,"name":"Productos","item":"https:\/\/highfit.es\/shop\/"},{"@type":"ListItem","position":3,"name":"CLA 80% CONJUGATED LINOLEIC ACID SUPPLEMENT -120 SOFTGEL"}]},{"@type":"WebSite","@id":"https:\/\/highfit.es\/#website","url":"https:\/\/highfit.es\/","name":"Nutrici\u00f3n Deportiva y Suplementaci\u00f3n - HighFit","description":"\u00daltima generaci\u00f3n en productos de nutrici\u00f3n deportiva. Marcas estrella en suplementaci\u00f3n con los m\u00e1s altos est\u00e1ndares de calidad","potentialAction":[{"@type":"SearchAction","target":{"@type":"EntryPoint","urlTemplate":"https:\/\/highfit.es\/?s={search_term_string}"},"query-input":{"@type":"PropertyValueSpecification","valueRequired":true,"valueName":"search_term_string"}}],"inLanguage":"en-US"}]}},"_links":{"self":[{"href":"https:\/\/highfit.es\/en\/wp-json\/wp\/v2\/product\/3340","targetHints":{"allow":["GET"]}}],"collection":[{"href":"https:\/\/highfit.es\/en\/wp-json\/wp\/v2\/product"}],"about":[{"href":"https:\/\/highfit.es\/en\/wp-json\/wp\/v2\/types\/product"}],"replies":[{"embeddable":true,"href":"https:\/\/highfit.es\/en\/wp-json\/wp\/v2\/comments?post=3340"}],"wp:featuredmedia":[{"embeddable":true,"href":"https:\/\/highfit.es\/en\/wp-json\/wp\/v2\/media\/2926"}],"wp:attachment":[{"href":"https:\/\/highfit.es\/en\/wp-json\/wp\/v2\/media?parent=3340"}],"wp:term":[{"taxonomy":"product_brand","embeddable":true,"href":"https:\/\/highfit.es\/en\/wp-json\/wp\/v2\/product_brand?post=3340"},{"taxonomy":"product_cat","embeddable":true,"href":"https:\/\/highfit.es\/en\/wp-json\/wp\/v2\/product_cat?post=3340"},{"taxonomy":"product_tag","embeddable":true,"href":"https:\/\/highfit.es\/en\/wp-json\/wp\/v2\/product_tag?post=3340"}],"curies":[{"name":"wp","href":"https:\/\/api.w.org\/{rel}","templated":true}]}}