{"id":3339,"date":"2022-08-11T10:53:01","date_gmt":"2022-08-11T08:53:01","guid":{"rendered":"https:\/\/highfit.es\/producto\/multivitamin-1700-120-softgels\/"},"modified":"2023-05-24T11:11:18","modified_gmt":"2023-05-24T11:11:18","slug":"multivitamin-1700-120-softgels","status":"publish","type":"product","link":"https:\/\/highfit.es\/en\/producto\/multivitamin-1700-120-softgels\/","title":{"rendered":"MULTIVITAMIN 1700 -120 softgels"},"excerpt":{"rendered":"<p>Extra vitamins and minerals that benefit the growth of lean mass, performance and improve the athlete&#8217;s rest. Daily Vitamin helps supplement your nutrition, maintain your energy and strengthen your defences.<\/p>\n<p>Contains the most important micronutrients, which prevent lows in our immune system and improve our quality of life.<\/p>\n<p>MULTIVITAMIN is without a doubt the perfect ally for athletes and people with a heavy workload.<\/p>\n<p>What are the benefits of MULTIVITAMIN?<br \/>\nStrengthens the immune system.<br \/>\nSupports normal functioning of the nervous system.<br \/>\nSupports the synthesis of amino acids and proteins, which is especially important for sportsmen and women.<br \/>\nAntioxidant.<br \/>\nNatural source of energy.<br \/>\nStrengthens the vascular system.<br \/>\nPromotes the normal functioning of the prostate gland.<br \/>\nMultivitamin helps to strengthen defences and guarantee the correct absorption of nutrients.<\/p>\n","protected":false},"featured_media":2927,"comment_status":"closed","ping_status":"closed","template":"","meta":[],"product_brand":[],"product_cat":[],"product_tag":[],"class_list":{"0":"post-3339","1":"product","2":"type-product","3":"status-publish","4":"has-post-thumbnail","7":"first","8":"outofstock","9":"sale","10":"taxable","11":"shipping-taxable","12":"purchasable","13":"product-type-simple"},"yoast_head":"<!-- This site is optimized with the Yoast SEO plugin v27.3 - https:\/\/yoast.com\/product\/yoast-seo-wordpress\/ -->\n<title>MULTIVITAMIN 1700 -120 softgels - Nutrici\u00f3n Deportiva y Suplementaci\u00f3n - HighFit<\/title>\n<meta name=\"description\" content=\"Vitamins and minerals are essential elements for the proper functioning of the body and Multivitamin 1700 can provide these. Especially in some stages of life, such as pregnancy, growth stages or intensive sports or physical activities, the body requires these supplements to a greater extent. It\u00b4s clear that nowadays maintaining a correct diet is quite a complicated task. The mere fact of not contributing even just one vitamin already works against us.\" \/>\n<meta name=\"robots\" content=\"index, follow, max-snippet:-1, max-image-preview:large, max-video-preview:-1\" \/>\n<link rel=\"canonical\" href=\"https:\/\/highfit.es\/en\/producto\/multivitamin-1700-120-softgels\/\" \/>\n<meta property=\"og:locale\" content=\"en_US\" \/>\n<meta property=\"og:type\" content=\"article\" \/>\n<meta property=\"og:title\" content=\"MULTIVITAMIN 1700 -120 softgels - Nutrici\u00f3n Deportiva y Suplementaci\u00f3n - HighFit\" \/>\n<meta property=\"og:description\" content=\"Vitamins and minerals are essential elements for the proper functioning of the body and Multivitamin 1700 can provide these. Especially in some stages of life, such as pregnancy, growth stages or intensive sports or physical activities, the body requires these supplements to a greater extent. It\u00b4s clear that nowadays maintaining a correct diet is quite a complicated task. The mere fact of not contributing even just one vitamin already works against us.\" \/>\n<meta property=\"og:url\" content=\"https:\/\/highfit.es\/en\/producto\/multivitamin-1700-120-softgels\/\" \/>\n<meta property=\"og:site_name\" content=\"Nutrici\u00f3n Deportiva y Suplementaci\u00f3n - HighFit\" \/>\n<meta property=\"article:modified_time\" content=\"2023-05-24T11:11:18+00:00\" \/>\n<meta property=\"og:image\" content=\"https:\/\/highfit.es\/wp-content\/uploads\/2022\/08\/multi_Mesa-de-trabajo-1.png\" \/>\n\t<meta property=\"og:image:width\" content=\"800\" \/>\n\t<meta property=\"og:image:height\" content=\"800\" \/>\n\t<meta property=\"og:image:type\" content=\"image\/png\" \/>\n<meta name=\"twitter:card\" content=\"summary_large_image\" \/>\n<script type=\"application\/ld+json\" class=\"yoast-schema-graph\">{\"@context\":\"https:\\\/\\\/schema.org\",\"@graph\":[{\"@type\":\"WebPage\",\"@id\":\"https:\\\/\\\/highfit.es\\\/en\\\/producto\\\/multivitamin-1700-120-softgels\\\/\",\"url\":\"https:\\\/\\\/highfit.es\\\/en\\\/producto\\\/multivitamin-1700-120-softgels\\\/\",\"name\":\"MULTIVITAMIN 1700 -120 softgels - Nutrici\u00f3n Deportiva y Suplementaci\u00f3n - HighFit\",\"isPartOf\":{\"@id\":\"https:\\\/\\\/highfit.es\\\/#website\"},\"primaryImageOfPage\":{\"@id\":\"https:\\\/\\\/highfit.es\\\/en\\\/producto\\\/multivitamin-1700-120-softgels\\\/#primaryimage\"},\"image\":{\"@id\":\"https:\\\/\\\/highfit.es\\\/en\\\/producto\\\/multivitamin-1700-120-softgels\\\/#primaryimage\"},\"thumbnailUrl\":\"https:\\\/\\\/highfit.es\\\/wp-content\\\/uploads\\\/2022\\\/08\\\/multi_Mesa-de-trabajo-1.png\",\"datePublished\":\"2022-08-11T08:53:01+00:00\",\"dateModified\":\"2023-05-24T11:11:18+00:00\",\"description\":\"Vitamins and minerals are essential elements for the proper functioning of the body and Multivitamin 1700 can provide these. Especially in some stages of life, such as pregnancy, growth stages or intensive sports or physical activities, the body requires these supplements to a greater extent. It\u00b4s clear that nowadays maintaining a correct diet is quite a complicated task. The mere fact of not contributing even just one vitamin already works against us.\",\"breadcrumb\":{\"@id\":\"https:\\\/\\\/highfit.es\\\/en\\\/producto\\\/multivitamin-1700-120-softgels\\\/#breadcrumb\"},\"inLanguage\":\"en-US\",\"potentialAction\":[{\"@type\":\"ReadAction\",\"target\":[\"https:\\\/\\\/highfit.es\\\/en\\\/producto\\\/multivitamin-1700-120-softgels\\\/\"]}]},{\"@type\":\"ImageObject\",\"inLanguage\":\"en-US\",\"@id\":\"https:\\\/\\\/highfit.es\\\/en\\\/producto\\\/multivitamin-1700-120-softgels\\\/#primaryimage\",\"url\":\"https:\\\/\\\/highfit.es\\\/wp-content\\\/uploads\\\/2022\\\/08\\\/multi_Mesa-de-trabajo-1.png\",\"contentUrl\":\"https:\\\/\\\/highfit.es\\\/wp-content\\\/uploads\\\/2022\\\/08\\\/multi_Mesa-de-trabajo-1.png\",\"width\":800,\"height\":800},{\"@type\":\"BreadcrumbList\",\"@id\":\"https:\\\/\\\/highfit.es\\\/en\\\/producto\\\/multivitamin-1700-120-softgels\\\/#breadcrumb\",\"itemListElement\":[{\"@type\":\"ListItem\",\"position\":1,\"name\":\"Portada\",\"item\":\"https:\\\/\\\/highfit.es\\\/\"},{\"@type\":\"ListItem\",\"position\":2,\"name\":\"Productos\",\"item\":\"https:\\\/\\\/highfit.es\\\/shop\\\/\"},{\"@type\":\"ListItem\",\"position\":3,\"name\":\"MULTIVITAMIN 1700 -120 softgels\"}]},{\"@type\":\"WebSite\",\"@id\":\"https:\\\/\\\/highfit.es\\\/#website\",\"url\":\"https:\\\/\\\/highfit.es\\\/\",\"name\":\"Nutrici\u00f3n Deportiva y Suplementaci\u00f3n - HighFit\",\"description\":\"\u00daltima generaci\u00f3n en productos de nutrici\u00f3n deportiva. Marcas estrella en suplementaci\u00f3n con los m\u00e1s altos est\u00e1ndares de calidad\",\"potentialAction\":[{\"@type\":\"SearchAction\",\"target\":{\"@type\":\"EntryPoint\",\"urlTemplate\":\"https:\\\/\\\/highfit.es\\\/?s={search_term_string}\"},\"query-input\":{\"@type\":\"PropertyValueSpecification\",\"valueRequired\":true,\"valueName\":\"search_term_string\"}}],\"inLanguage\":\"en-US\"}]}<\/script>\n<!-- \/ Yoast SEO plugin. -->","yoast_head_json":{"title":"MULTIVITAMIN 1700 -120 softgels - Nutrici\u00f3n Deportiva y Suplementaci\u00f3n - HighFit","description":"Vitamins and minerals are essential elements for the proper functioning of the body and Multivitamin 1700 can provide these. Especially in some stages of life, such as pregnancy, growth stages or intensive sports or physical activities, the body requires these supplements to a greater extent. It\u00b4s clear that nowadays maintaining a correct diet is quite a complicated task. The mere fact of not contributing even just one vitamin already works against us.","robots":{"index":"index","follow":"follow","max-snippet":"max-snippet:-1","max-image-preview":"max-image-preview:large","max-video-preview":"max-video-preview:-1"},"canonical":"https:\/\/highfit.es\/en\/producto\/multivitamin-1700-120-softgels\/","og_locale":"en_US","og_type":"article","og_title":"MULTIVITAMIN 1700 -120 softgels - Nutrici\u00f3n Deportiva y Suplementaci\u00f3n - HighFit","og_description":"Vitamins and minerals are essential elements for the proper functioning of the body and Multivitamin 1700 can provide these. Especially in some stages of life, such as pregnancy, growth stages or intensive sports or physical activities, the body requires these supplements to a greater extent. It\u00b4s clear that nowadays maintaining a correct diet is quite a complicated task. The mere fact of not contributing even just one vitamin already works against us.","og_url":"https:\/\/highfit.es\/en\/producto\/multivitamin-1700-120-softgels\/","og_site_name":"Nutrici\u00f3n Deportiva y Suplementaci\u00f3n - HighFit","article_modified_time":"2023-05-24T11:11:18+00:00","og_image":[{"width":800,"height":800,"url":"https:\/\/highfit.es\/wp-content\/uploads\/2022\/08\/multi_Mesa-de-trabajo-1.png","type":"image\/png"}],"twitter_card":"summary_large_image","schema":{"@context":"https:\/\/schema.org","@graph":[{"@type":"WebPage","@id":"https:\/\/highfit.es\/en\/producto\/multivitamin-1700-120-softgels\/","url":"https:\/\/highfit.es\/en\/producto\/multivitamin-1700-120-softgels\/","name":"MULTIVITAMIN 1700 -120 softgels - Nutrici\u00f3n Deportiva y Suplementaci\u00f3n - HighFit","isPartOf":{"@id":"https:\/\/highfit.es\/#website"},"primaryImageOfPage":{"@id":"https:\/\/highfit.es\/en\/producto\/multivitamin-1700-120-softgels\/#primaryimage"},"image":{"@id":"https:\/\/highfit.es\/en\/producto\/multivitamin-1700-120-softgels\/#primaryimage"},"thumbnailUrl":"https:\/\/highfit.es\/wp-content\/uploads\/2022\/08\/multi_Mesa-de-trabajo-1.png","datePublished":"2022-08-11T08:53:01+00:00","dateModified":"2023-05-24T11:11:18+00:00","description":"Vitamins and minerals are essential elements for the proper functioning of the body and Multivitamin 1700 can provide these. Especially in some stages of life, such as pregnancy, growth stages or intensive sports or physical activities, the body requires these supplements to a greater extent. It\u00b4s clear that nowadays maintaining a correct diet is quite a complicated task. The mere fact of not contributing even just one vitamin already works against us.","breadcrumb":{"@id":"https:\/\/highfit.es\/en\/producto\/multivitamin-1700-120-softgels\/#breadcrumb"},"inLanguage":"en-US","potentialAction":[{"@type":"ReadAction","target":["https:\/\/highfit.es\/en\/producto\/multivitamin-1700-120-softgels\/"]}]},{"@type":"ImageObject","inLanguage":"en-US","@id":"https:\/\/highfit.es\/en\/producto\/multivitamin-1700-120-softgels\/#primaryimage","url":"https:\/\/highfit.es\/wp-content\/uploads\/2022\/08\/multi_Mesa-de-trabajo-1.png","contentUrl":"https:\/\/highfit.es\/wp-content\/uploads\/2022\/08\/multi_Mesa-de-trabajo-1.png","width":800,"height":800},{"@type":"BreadcrumbList","@id":"https:\/\/highfit.es\/en\/producto\/multivitamin-1700-120-softgels\/#breadcrumb","itemListElement":[{"@type":"ListItem","position":1,"name":"Portada","item":"https:\/\/highfit.es\/"},{"@type":"ListItem","position":2,"name":"Productos","item":"https:\/\/highfit.es\/shop\/"},{"@type":"ListItem","position":3,"name":"MULTIVITAMIN 1700 -120 softgels"}]},{"@type":"WebSite","@id":"https:\/\/highfit.es\/#website","url":"https:\/\/highfit.es\/","name":"Nutrici\u00f3n Deportiva y Suplementaci\u00f3n - HighFit","description":"\u00daltima generaci\u00f3n en productos de nutrici\u00f3n deportiva. Marcas estrella en suplementaci\u00f3n con los m\u00e1s altos est\u00e1ndares de calidad","potentialAction":[{"@type":"SearchAction","target":{"@type":"EntryPoint","urlTemplate":"https:\/\/highfit.es\/?s={search_term_string}"},"query-input":{"@type":"PropertyValueSpecification","valueRequired":true,"valueName":"search_term_string"}}],"inLanguage":"en-US"}]}},"_links":{"self":[{"href":"https:\/\/highfit.es\/en\/wp-json\/wp\/v2\/product\/3339","targetHints":{"allow":["GET"]}}],"collection":[{"href":"https:\/\/highfit.es\/en\/wp-json\/wp\/v2\/product"}],"about":[{"href":"https:\/\/highfit.es\/en\/wp-json\/wp\/v2\/types\/product"}],"replies":[{"embeddable":true,"href":"https:\/\/highfit.es\/en\/wp-json\/wp\/v2\/comments?post=3339"}],"wp:featuredmedia":[{"embeddable":true,"href":"https:\/\/highfit.es\/en\/wp-json\/wp\/v2\/media\/2927"}],"wp:attachment":[{"href":"https:\/\/highfit.es\/en\/wp-json\/wp\/v2\/media?parent=3339"}],"wp:term":[{"taxonomy":"product_brand","embeddable":true,"href":"https:\/\/highfit.es\/en\/wp-json\/wp\/v2\/product_brand?post=3339"},{"taxonomy":"product_cat","embeddable":true,"href":"https:\/\/highfit.es\/en\/wp-json\/wp\/v2\/product_cat?post=3339"},{"taxonomy":"product_tag","embeddable":true,"href":"https:\/\/highfit.es\/en\/wp-json\/wp\/v2\/product_tag?post=3339"}],"curies":[{"name":"wp","href":"https:\/\/api.w.org\/{rel}","templated":true}]}}