{"id":3338,"date":"2022-08-11T10:53:01","date_gmt":"2022-08-11T10:53:01","guid":{"rendered":"https:\/\/highfit.es\/producto\/vitamin-e-400-i-u-antioxidant-120-softgels\/"},"modified":"2023-05-24T11:13:17","modified_gmt":"2023-05-24T11:13:17","slug":"vitamin-e-400-i-u-antioxidant-120-softgels","status":"publish","type":"product","link":"https:\/\/highfit.es\/en\/producto\/vitamin-e-400-i-u-antioxidant-120-softgels\/","title":{"rendered":"VITAMIN E 400 I.U. ANTIOXIDANT [120 SOFTGELS]"},"excerpt":{"rendered":"<p>Vitamin E is a powerful antioxidant. It delays ageing, making you look and feel much younger for a longer period of time. Fights free radicals that can cause serious disease in the future.<\/p>\n<p>Strengthens the cardiovascular system. Widens blood vessels, prevents the formation of blood clots, brings energy into your life, supplements the vitamin you extract from food in your daily intake, helps the body to use vitamin K correctly, strengthens the immune system so that the body can fight viruses and bacteria, and protects tissues and organs.<\/p>\n<p>Vitamin E is considered to be the &#8220;Vitamin of Youth&#8221; due to its properties and benefits in terms of reducing the symptoms of the deterioration we suffer as we age. Vitamin E is a renowned antioxidant that combats the immunosuppression that occurs in the later stages of life.<\/p>\n<p>Vitamin E, being able to oxidise within the body, acts as a &#8220;bodyguard&#8221; for other substances, as it acts as an antioxidant. By destroying itself, it protects polyunsaturated fats and other fat-soluble substances such as vitamin A against destruction by oxygen. It is also a powerful antioxidant that protects neurons against damage caused by oxidative stress, reducing the onset of neurodegenerative processes.<\/p>\n","protected":false},"featured_media":2928,"comment_status":"closed","ping_status":"closed","template":"","meta":[],"product_brand":[],"product_cat":[],"product_tag":[],"class_list":{"0":"post-3338","1":"product","2":"type-product","3":"status-publish","4":"has-post-thumbnail","7":"first","8":"outofstock","9":"taxable","10":"shipping-taxable","11":"product-type-simple"},"yoast_head":"<!-- This site is optimized with the Yoast SEO plugin v27.3 - https:\/\/yoast.com\/product\/yoast-seo-wordpress\/ -->\n<title>VITAMIN E 400 I.U. ANTIOXIDANT [120 SOFTGELS] - Nutrici\u00f3n Deportiva y Suplementaci\u00f3n - HighFit<\/title>\n<meta name=\"description\" content=\"Vitamin E is a powerful antioxidant. It delays ageing, making you look and feel younger for a long time. Fight free radicals that can be the cause of future serious diseases.\" \/>\n<meta name=\"robots\" content=\"index, follow, max-snippet:-1, max-image-preview:large, max-video-preview:-1\" \/>\n<link rel=\"canonical\" href=\"https:\/\/highfit.es\/en\/producto\/vitamin-e-400-i-u-antioxidant-120-softgels\/\" \/>\n<meta property=\"og:locale\" content=\"en_US\" \/>\n<meta property=\"og:type\" content=\"article\" \/>\n<meta property=\"og:title\" content=\"VITAMIN E 400 I.U. ANTIOXIDANT [120 SOFTGELS] - Nutrici\u00f3n Deportiva y Suplementaci\u00f3n - HighFit\" \/>\n<meta property=\"og:description\" content=\"Vitamin E is a powerful antioxidant. It delays ageing, making you look and feel younger for a long time. Fight free radicals that can be the cause of future serious diseases.\" \/>\n<meta property=\"og:url\" content=\"https:\/\/highfit.es\/en\/producto\/vitamin-e-400-i-u-antioxidant-120-softgels\/\" \/>\n<meta property=\"og:site_name\" content=\"Nutrici\u00f3n Deportiva y Suplementaci\u00f3n - HighFit\" \/>\n<meta property=\"article:modified_time\" content=\"2023-05-24T11:13:17+00:00\" \/>\n<meta property=\"og:image\" content=\"https:\/\/highfit.es\/wp-content\/uploads\/2022\/08\/vitaminE_Mesa-de-trabajo-1.png\" \/>\n\t<meta property=\"og:image:width\" content=\"800\" \/>\n\t<meta property=\"og:image:height\" content=\"800\" \/>\n\t<meta property=\"og:image:type\" content=\"image\/png\" \/>\n<meta name=\"twitter:card\" content=\"summary_large_image\" \/>\n<script type=\"application\/ld+json\" class=\"yoast-schema-graph\">{\"@context\":\"https:\\\/\\\/schema.org\",\"@graph\":[{\"@type\":\"WebPage\",\"@id\":\"https:\\\/\\\/highfit.es\\\/en\\\/producto\\\/vitamin-e-400-i-u-antioxidant-120-softgels\\\/\",\"url\":\"https:\\\/\\\/highfit.es\\\/en\\\/producto\\\/vitamin-e-400-i-u-antioxidant-120-softgels\\\/\",\"name\":\"VITAMIN E 400 I.U. ANTIOXIDANT [120 SOFTGELS] - Nutrici\u00f3n Deportiva y Suplementaci\u00f3n - HighFit\",\"isPartOf\":{\"@id\":\"https:\\\/\\\/highfit.es\\\/#website\"},\"primaryImageOfPage\":{\"@id\":\"https:\\\/\\\/highfit.es\\\/en\\\/producto\\\/vitamin-e-400-i-u-antioxidant-120-softgels\\\/#primaryimage\"},\"image\":{\"@id\":\"https:\\\/\\\/highfit.es\\\/en\\\/producto\\\/vitamin-e-400-i-u-antioxidant-120-softgels\\\/#primaryimage\"},\"thumbnailUrl\":\"https:\\\/\\\/highfit.es\\\/wp-content\\\/uploads\\\/2022\\\/08\\\/vitaminE_Mesa-de-trabajo-1.png\",\"datePublished\":\"2022-08-11T10:53:01+00:00\",\"dateModified\":\"2023-05-24T11:13:17+00:00\",\"description\":\"Vitamin E is a powerful antioxidant. It delays ageing, making you look and feel younger for a long time. Fight free radicals that can be the cause of future serious diseases.\",\"breadcrumb\":{\"@id\":\"https:\\\/\\\/highfit.es\\\/en\\\/producto\\\/vitamin-e-400-i-u-antioxidant-120-softgels\\\/#breadcrumb\"},\"inLanguage\":\"en-US\",\"potentialAction\":[{\"@type\":\"ReadAction\",\"target\":[\"https:\\\/\\\/highfit.es\\\/en\\\/producto\\\/vitamin-e-400-i-u-antioxidant-120-softgels\\\/\"]}]},{\"@type\":\"ImageObject\",\"inLanguage\":\"en-US\",\"@id\":\"https:\\\/\\\/highfit.es\\\/en\\\/producto\\\/vitamin-e-400-i-u-antioxidant-120-softgels\\\/#primaryimage\",\"url\":\"https:\\\/\\\/highfit.es\\\/wp-content\\\/uploads\\\/2022\\\/08\\\/vitaminE_Mesa-de-trabajo-1.png\",\"contentUrl\":\"https:\\\/\\\/highfit.es\\\/wp-content\\\/uploads\\\/2022\\\/08\\\/vitaminE_Mesa-de-trabajo-1.png\",\"width\":800,\"height\":800},{\"@type\":\"BreadcrumbList\",\"@id\":\"https:\\\/\\\/highfit.es\\\/en\\\/producto\\\/vitamin-e-400-i-u-antioxidant-120-softgels\\\/#breadcrumb\",\"itemListElement\":[{\"@type\":\"ListItem\",\"position\":1,\"name\":\"Portada\",\"item\":\"https:\\\/\\\/highfit.es\\\/\"},{\"@type\":\"ListItem\",\"position\":2,\"name\":\"Productos\",\"item\":\"https:\\\/\\\/highfit.es\\\/shop\\\/\"},{\"@type\":\"ListItem\",\"position\":3,\"name\":\"VITAMIN E 400 I.U. ANTIOXIDANT [120 SOFTGELS]\"}]},{\"@type\":\"WebSite\",\"@id\":\"https:\\\/\\\/highfit.es\\\/#website\",\"url\":\"https:\\\/\\\/highfit.es\\\/\",\"name\":\"Nutrici\u00f3n Deportiva y Suplementaci\u00f3n - HighFit\",\"description\":\"\u00daltima generaci\u00f3n en productos de nutrici\u00f3n deportiva. Marcas estrella en suplementaci\u00f3n con los m\u00e1s altos est\u00e1ndares de calidad\",\"potentialAction\":[{\"@type\":\"SearchAction\",\"target\":{\"@type\":\"EntryPoint\",\"urlTemplate\":\"https:\\\/\\\/highfit.es\\\/?s={search_term_string}\"},\"query-input\":{\"@type\":\"PropertyValueSpecification\",\"valueRequired\":true,\"valueName\":\"search_term_string\"}}],\"inLanguage\":\"en-US\"}]}<\/script>\n<!-- \/ Yoast SEO plugin. -->","yoast_head_json":{"title":"VITAMIN E 400 I.U. ANTIOXIDANT [120 SOFTGELS] - Nutrici\u00f3n Deportiva y Suplementaci\u00f3n - HighFit","description":"Vitamin E is a powerful antioxidant. It delays ageing, making you look and feel younger for a long time. Fight free radicals that can be the cause of future serious diseases.","robots":{"index":"index","follow":"follow","max-snippet":"max-snippet:-1","max-image-preview":"max-image-preview:large","max-video-preview":"max-video-preview:-1"},"canonical":"https:\/\/highfit.es\/en\/producto\/vitamin-e-400-i-u-antioxidant-120-softgels\/","og_locale":"en_US","og_type":"article","og_title":"VITAMIN E 400 I.U. ANTIOXIDANT [120 SOFTGELS] - Nutrici\u00f3n Deportiva y Suplementaci\u00f3n - HighFit","og_description":"Vitamin E is a powerful antioxidant. It delays ageing, making you look and feel younger for a long time. Fight free radicals that can be the cause of future serious diseases.","og_url":"https:\/\/highfit.es\/en\/producto\/vitamin-e-400-i-u-antioxidant-120-softgels\/","og_site_name":"Nutrici\u00f3n Deportiva y Suplementaci\u00f3n - HighFit","article_modified_time":"2023-05-24T11:13:17+00:00","og_image":[{"width":800,"height":800,"url":"https:\/\/highfit.es\/wp-content\/uploads\/2022\/08\/vitaminE_Mesa-de-trabajo-1.png","type":"image\/png"}],"twitter_card":"summary_large_image","schema":{"@context":"https:\/\/schema.org","@graph":[{"@type":"WebPage","@id":"https:\/\/highfit.es\/en\/producto\/vitamin-e-400-i-u-antioxidant-120-softgels\/","url":"https:\/\/highfit.es\/en\/producto\/vitamin-e-400-i-u-antioxidant-120-softgels\/","name":"VITAMIN E 400 I.U. ANTIOXIDANT [120 SOFTGELS] - Nutrici\u00f3n Deportiva y Suplementaci\u00f3n - HighFit","isPartOf":{"@id":"https:\/\/highfit.es\/#website"},"primaryImageOfPage":{"@id":"https:\/\/highfit.es\/en\/producto\/vitamin-e-400-i-u-antioxidant-120-softgels\/#primaryimage"},"image":{"@id":"https:\/\/highfit.es\/en\/producto\/vitamin-e-400-i-u-antioxidant-120-softgels\/#primaryimage"},"thumbnailUrl":"https:\/\/highfit.es\/wp-content\/uploads\/2022\/08\/vitaminE_Mesa-de-trabajo-1.png","datePublished":"2022-08-11T10:53:01+00:00","dateModified":"2023-05-24T11:13:17+00:00","description":"Vitamin E is a powerful antioxidant. It delays ageing, making you look and feel younger for a long time. Fight free radicals that can be the cause of future serious diseases.","breadcrumb":{"@id":"https:\/\/highfit.es\/en\/producto\/vitamin-e-400-i-u-antioxidant-120-softgels\/#breadcrumb"},"inLanguage":"en-US","potentialAction":[{"@type":"ReadAction","target":["https:\/\/highfit.es\/en\/producto\/vitamin-e-400-i-u-antioxidant-120-softgels\/"]}]},{"@type":"ImageObject","inLanguage":"en-US","@id":"https:\/\/highfit.es\/en\/producto\/vitamin-e-400-i-u-antioxidant-120-softgels\/#primaryimage","url":"https:\/\/highfit.es\/wp-content\/uploads\/2022\/08\/vitaminE_Mesa-de-trabajo-1.png","contentUrl":"https:\/\/highfit.es\/wp-content\/uploads\/2022\/08\/vitaminE_Mesa-de-trabajo-1.png","width":800,"height":800},{"@type":"BreadcrumbList","@id":"https:\/\/highfit.es\/en\/producto\/vitamin-e-400-i-u-antioxidant-120-softgels\/#breadcrumb","itemListElement":[{"@type":"ListItem","position":1,"name":"Portada","item":"https:\/\/highfit.es\/"},{"@type":"ListItem","position":2,"name":"Productos","item":"https:\/\/highfit.es\/shop\/"},{"@type":"ListItem","position":3,"name":"VITAMIN E 400 I.U. ANTIOXIDANT [120 SOFTGELS]"}]},{"@type":"WebSite","@id":"https:\/\/highfit.es\/#website","url":"https:\/\/highfit.es\/","name":"Nutrici\u00f3n Deportiva y Suplementaci\u00f3n - HighFit","description":"\u00daltima generaci\u00f3n en productos de nutrici\u00f3n deportiva. Marcas estrella en suplementaci\u00f3n con los m\u00e1s altos est\u00e1ndares de calidad","potentialAction":[{"@type":"SearchAction","target":{"@type":"EntryPoint","urlTemplate":"https:\/\/highfit.es\/?s={search_term_string}"},"query-input":{"@type":"PropertyValueSpecification","valueRequired":true,"valueName":"search_term_string"}}],"inLanguage":"en-US"}]}},"_links":{"self":[{"href":"https:\/\/highfit.es\/en\/wp-json\/wp\/v2\/product\/3338","targetHints":{"allow":["GET"]}}],"collection":[{"href":"https:\/\/highfit.es\/en\/wp-json\/wp\/v2\/product"}],"about":[{"href":"https:\/\/highfit.es\/en\/wp-json\/wp\/v2\/types\/product"}],"replies":[{"embeddable":true,"href":"https:\/\/highfit.es\/en\/wp-json\/wp\/v2\/comments?post=3338"}],"wp:featuredmedia":[{"embeddable":true,"href":"https:\/\/highfit.es\/en\/wp-json\/wp\/v2\/media\/2928"}],"wp:attachment":[{"href":"https:\/\/highfit.es\/en\/wp-json\/wp\/v2\/media?parent=3338"}],"wp:term":[{"taxonomy":"product_brand","embeddable":true,"href":"https:\/\/highfit.es\/en\/wp-json\/wp\/v2\/product_brand?post=3338"},{"taxonomy":"product_cat","embeddable":true,"href":"https:\/\/highfit.es\/en\/wp-json\/wp\/v2\/product_cat?post=3338"},{"taxonomy":"product_tag","embeddable":true,"href":"https:\/\/highfit.es\/en\/wp-json\/wp\/v2\/product_tag?post=3338"}],"curies":[{"name":"wp","href":"https:\/\/api.w.org\/{rel}","templated":true}]}}