{"id":3295,"date":"2022-08-11T10:54:21","date_gmt":"2022-08-11T08:54:21","guid":{"rendered":"https:\/\/highfit.es\/producto\/omega-369-120-perlas\/"},"modified":"2023-05-16T12:01:40","modified_gmt":"2023-05-16T12:01:40","slug":"omega-369-120-pearls","status":"publish","type":"product","link":"https:\/\/highfit.es\/en\/producto\/omega-369-120-pearls\/","title":{"rendered":"OMEGA 369 &#8211; 120 PEARLS"},"excerpt":{"rendered":"<p>Omega 3, 6 and 9 or unsaturated fatty acids, such as omegas, have an important effect on cardiovascular health, decreasing the production and increasing the elimination of triglycerides and cholesterol, which are responsible for the increase and formation of atherosclerotic plaque.<\/p>\n<p>Omega-3 fatty acids are a type of polyunsaturated fat (like omega-6), considered essential because the body cannot produce them.<\/p>\n","protected":false},"featured_media":2946,"comment_status":"closed","ping_status":"closed","template":"","meta":[],"product_brand":[],"product_cat":[123],"product_tag":[],"class_list":{"0":"post-3295","1":"product","2":"type-product","3":"status-publish","4":"has-post-thumbnail","6":"product_cat-vitaminas-en","7":"pa_marca-pf-pharma-en","9":"first","10":"outofstock","11":"taxable","12":"shipping-taxable","13":"purchasable","14":"product-type-simple"},"yoast_head":"<!-- This site is optimized with the Yoast SEO plugin v27.3 - https:\/\/yoast.com\/product\/yoast-seo-wordpress\/ -->\n<title>OMEGA 369 - 120 PEARLS - Nutrici\u00f3n Deportiva y Suplementaci\u00f3n - HighFit<\/title>\n<meta name=\"description\" content=\"Omega 3, 6 and 9 or unsaturated fatty acids, such as omegas, have a significant effect on cardiovascular health, decreasing the production and increasing the elimination of triglycerides and cholesterol, which are the cause of the increase and formation of atherosclerotic plaque.\" \/>\n<meta name=\"robots\" content=\"index, follow, max-snippet:-1, max-image-preview:large, max-video-preview:-1\" \/>\n<link rel=\"canonical\" href=\"https:\/\/highfit.es\/en\/producto\/omega-369-120-pearls\/\" \/>\n<meta property=\"og:locale\" content=\"en_US\" \/>\n<meta property=\"og:type\" content=\"article\" \/>\n<meta property=\"og:title\" content=\"OMEGA 369 - 120 PEARLS - Nutrici\u00f3n Deportiva y Suplementaci\u00f3n - HighFit\" \/>\n<meta property=\"og:description\" content=\"Omega 3, 6 and 9 or unsaturated fatty acids, such as omegas, have a significant effect on cardiovascular health, decreasing the production and increasing the elimination of triglycerides and cholesterol, which are the cause of the increase and formation of atherosclerotic plaque.\" \/>\n<meta property=\"og:url\" content=\"https:\/\/highfit.es\/en\/producto\/omega-369-120-pearls\/\" \/>\n<meta property=\"og:site_name\" content=\"Nutrici\u00f3n Deportiva y Suplementaci\u00f3n - HighFit\" \/>\n<meta property=\"article:modified_time\" content=\"2023-05-16T12:01:40+00:00\" \/>\n<meta property=\"og:image\" content=\"https:\/\/highfit.es\/wp-content\/uploads\/2022\/08\/omeg_Mesa-de-trabajo-1.png\" \/>\n\t<meta property=\"og:image:width\" content=\"800\" \/>\n\t<meta property=\"og:image:height\" content=\"800\" \/>\n\t<meta property=\"og:image:type\" content=\"image\/png\" \/>\n<meta name=\"twitter:card\" content=\"summary_large_image\" \/>\n<script type=\"application\/ld+json\" class=\"yoast-schema-graph\">{\"@context\":\"https:\\\/\\\/schema.org\",\"@graph\":[{\"@type\":\"WebPage\",\"@id\":\"https:\\\/\\\/highfit.es\\\/en\\\/producto\\\/omega-369-120-pearls\\\/\",\"url\":\"https:\\\/\\\/highfit.es\\\/en\\\/producto\\\/omega-369-120-pearls\\\/\",\"name\":\"OMEGA 369 - 120 PEARLS - Nutrici\u00f3n Deportiva y Suplementaci\u00f3n - HighFit\",\"isPartOf\":{\"@id\":\"https:\\\/\\\/highfit.es\\\/#website\"},\"primaryImageOfPage\":{\"@id\":\"https:\\\/\\\/highfit.es\\\/en\\\/producto\\\/omega-369-120-pearls\\\/#primaryimage\"},\"image\":{\"@id\":\"https:\\\/\\\/highfit.es\\\/en\\\/producto\\\/omega-369-120-pearls\\\/#primaryimage\"},\"thumbnailUrl\":\"https:\\\/\\\/highfit.es\\\/wp-content\\\/uploads\\\/2022\\\/08\\\/omeg_Mesa-de-trabajo-1.png\",\"datePublished\":\"2022-08-11T08:54:21+00:00\",\"dateModified\":\"2023-05-16T12:01:40+00:00\",\"description\":\"Omega 3, 6 and 9 or unsaturated fatty acids, such as omegas, have a significant effect on cardiovascular health, decreasing the production and increasing the elimination of triglycerides and cholesterol, which are the cause of the increase and formation of atherosclerotic plaque.\",\"breadcrumb\":{\"@id\":\"https:\\\/\\\/highfit.es\\\/en\\\/producto\\\/omega-369-120-pearls\\\/#breadcrumb\"},\"inLanguage\":\"en-US\",\"potentialAction\":[{\"@type\":\"ReadAction\",\"target\":[\"https:\\\/\\\/highfit.es\\\/en\\\/producto\\\/omega-369-120-pearls\\\/\"]}]},{\"@type\":\"ImageObject\",\"inLanguage\":\"en-US\",\"@id\":\"https:\\\/\\\/highfit.es\\\/en\\\/producto\\\/omega-369-120-pearls\\\/#primaryimage\",\"url\":\"https:\\\/\\\/highfit.es\\\/wp-content\\\/uploads\\\/2022\\\/08\\\/omeg_Mesa-de-trabajo-1.png\",\"contentUrl\":\"https:\\\/\\\/highfit.es\\\/wp-content\\\/uploads\\\/2022\\\/08\\\/omeg_Mesa-de-trabajo-1.png\",\"width\":800,\"height\":800},{\"@type\":\"BreadcrumbList\",\"@id\":\"https:\\\/\\\/highfit.es\\\/en\\\/producto\\\/omega-369-120-pearls\\\/#breadcrumb\",\"itemListElement\":[{\"@type\":\"ListItem\",\"position\":1,\"name\":\"Portada\",\"item\":\"https:\\\/\\\/highfit.es\\\/\"},{\"@type\":\"ListItem\",\"position\":2,\"name\":\"Productos\",\"item\":\"https:\\\/\\\/highfit.es\\\/shop\\\/\"},{\"@type\":\"ListItem\",\"position\":3,\"name\":\"OMEGA 369 &#8211; 120 PEARLS\"}]},{\"@type\":\"WebSite\",\"@id\":\"https:\\\/\\\/highfit.es\\\/#website\",\"url\":\"https:\\\/\\\/highfit.es\\\/\",\"name\":\"Nutrici\u00f3n Deportiva y Suplementaci\u00f3n - HighFit\",\"description\":\"\u00daltima generaci\u00f3n en productos de nutrici\u00f3n deportiva. Marcas estrella en suplementaci\u00f3n con los m\u00e1s altos est\u00e1ndares de calidad\",\"potentialAction\":[{\"@type\":\"SearchAction\",\"target\":{\"@type\":\"EntryPoint\",\"urlTemplate\":\"https:\\\/\\\/highfit.es\\\/?s={search_term_string}\"},\"query-input\":{\"@type\":\"PropertyValueSpecification\",\"valueRequired\":true,\"valueName\":\"search_term_string\"}}],\"inLanguage\":\"en-US\"}]}<\/script>\n<!-- \/ Yoast SEO plugin. -->","yoast_head_json":{"title":"OMEGA 369 - 120 PEARLS - Nutrici\u00f3n Deportiva y Suplementaci\u00f3n - HighFit","description":"Omega 3, 6 and 9 or unsaturated fatty acids, such as omegas, have a significant effect on cardiovascular health, decreasing the production and increasing the elimination of triglycerides and cholesterol, which are the cause of the increase and formation of atherosclerotic plaque.","robots":{"index":"index","follow":"follow","max-snippet":"max-snippet:-1","max-image-preview":"max-image-preview:large","max-video-preview":"max-video-preview:-1"},"canonical":"https:\/\/highfit.es\/en\/producto\/omega-369-120-pearls\/","og_locale":"en_US","og_type":"article","og_title":"OMEGA 369 - 120 PEARLS - Nutrici\u00f3n Deportiva y Suplementaci\u00f3n - HighFit","og_description":"Omega 3, 6 and 9 or unsaturated fatty acids, such as omegas, have a significant effect on cardiovascular health, decreasing the production and increasing the elimination of triglycerides and cholesterol, which are the cause of the increase and formation of atherosclerotic plaque.","og_url":"https:\/\/highfit.es\/en\/producto\/omega-369-120-pearls\/","og_site_name":"Nutrici\u00f3n Deportiva y Suplementaci\u00f3n - HighFit","article_modified_time":"2023-05-16T12:01:40+00:00","og_image":[{"width":800,"height":800,"url":"https:\/\/highfit.es\/wp-content\/uploads\/2022\/08\/omeg_Mesa-de-trabajo-1.png","type":"image\/png"}],"twitter_card":"summary_large_image","schema":{"@context":"https:\/\/schema.org","@graph":[{"@type":"WebPage","@id":"https:\/\/highfit.es\/en\/producto\/omega-369-120-pearls\/","url":"https:\/\/highfit.es\/en\/producto\/omega-369-120-pearls\/","name":"OMEGA 369 - 120 PEARLS - Nutrici\u00f3n Deportiva y Suplementaci\u00f3n - HighFit","isPartOf":{"@id":"https:\/\/highfit.es\/#website"},"primaryImageOfPage":{"@id":"https:\/\/highfit.es\/en\/producto\/omega-369-120-pearls\/#primaryimage"},"image":{"@id":"https:\/\/highfit.es\/en\/producto\/omega-369-120-pearls\/#primaryimage"},"thumbnailUrl":"https:\/\/highfit.es\/wp-content\/uploads\/2022\/08\/omeg_Mesa-de-trabajo-1.png","datePublished":"2022-08-11T08:54:21+00:00","dateModified":"2023-05-16T12:01:40+00:00","description":"Omega 3, 6 and 9 or unsaturated fatty acids, such as omegas, have a significant effect on cardiovascular health, decreasing the production and increasing the elimination of triglycerides and cholesterol, which are the cause of the increase and formation of atherosclerotic plaque.","breadcrumb":{"@id":"https:\/\/highfit.es\/en\/producto\/omega-369-120-pearls\/#breadcrumb"},"inLanguage":"en-US","potentialAction":[{"@type":"ReadAction","target":["https:\/\/highfit.es\/en\/producto\/omega-369-120-pearls\/"]}]},{"@type":"ImageObject","inLanguage":"en-US","@id":"https:\/\/highfit.es\/en\/producto\/omega-369-120-pearls\/#primaryimage","url":"https:\/\/highfit.es\/wp-content\/uploads\/2022\/08\/omeg_Mesa-de-trabajo-1.png","contentUrl":"https:\/\/highfit.es\/wp-content\/uploads\/2022\/08\/omeg_Mesa-de-trabajo-1.png","width":800,"height":800},{"@type":"BreadcrumbList","@id":"https:\/\/highfit.es\/en\/producto\/omega-369-120-pearls\/#breadcrumb","itemListElement":[{"@type":"ListItem","position":1,"name":"Portada","item":"https:\/\/highfit.es\/"},{"@type":"ListItem","position":2,"name":"Productos","item":"https:\/\/highfit.es\/shop\/"},{"@type":"ListItem","position":3,"name":"OMEGA 369 &#8211; 120 PEARLS"}]},{"@type":"WebSite","@id":"https:\/\/highfit.es\/#website","url":"https:\/\/highfit.es\/","name":"Nutrici\u00f3n Deportiva y Suplementaci\u00f3n - HighFit","description":"\u00daltima generaci\u00f3n en productos de nutrici\u00f3n deportiva. Marcas estrella en suplementaci\u00f3n con los m\u00e1s altos est\u00e1ndares de calidad","potentialAction":[{"@type":"SearchAction","target":{"@type":"EntryPoint","urlTemplate":"https:\/\/highfit.es\/?s={search_term_string}"},"query-input":{"@type":"PropertyValueSpecification","valueRequired":true,"valueName":"search_term_string"}}],"inLanguage":"en-US"}]}},"_links":{"self":[{"href":"https:\/\/highfit.es\/en\/wp-json\/wp\/v2\/product\/3295","targetHints":{"allow":["GET"]}}],"collection":[{"href":"https:\/\/highfit.es\/en\/wp-json\/wp\/v2\/product"}],"about":[{"href":"https:\/\/highfit.es\/en\/wp-json\/wp\/v2\/types\/product"}],"replies":[{"embeddable":true,"href":"https:\/\/highfit.es\/en\/wp-json\/wp\/v2\/comments?post=3295"}],"wp:featuredmedia":[{"embeddable":true,"href":"https:\/\/highfit.es\/en\/wp-json\/wp\/v2\/media\/2946"}],"wp:attachment":[{"href":"https:\/\/highfit.es\/en\/wp-json\/wp\/v2\/media?parent=3295"}],"wp:term":[{"taxonomy":"product_brand","embeddable":true,"href":"https:\/\/highfit.es\/en\/wp-json\/wp\/v2\/product_brand?post=3295"},{"taxonomy":"product_cat","embeddable":true,"href":"https:\/\/highfit.es\/en\/wp-json\/wp\/v2\/product_cat?post=3295"},{"taxonomy":"product_tag","embeddable":true,"href":"https:\/\/highfit.es\/en\/wp-json\/wp\/v2\/product_tag?post=3295"}],"curies":[{"name":"wp","href":"https:\/\/api.w.org\/{rel}","templated":true}]}}