{"id":3291,"date":"2022-08-11T10:54:22","date_gmt":"2022-08-11T10:54:22","guid":{"rendered":"https:\/\/highfit.es\/producto\/whey-iso-plus-5lbs-72-servings\/"},"modified":"2023-04-25T11:40:07","modified_gmt":"2023-04-25T11:40:07","slug":"whey-iso-plus-5lbs-72-servings","status":"publish","type":"product","link":"https:\/\/highfit.es\/en\/producto\/whey-iso-plus-5lbs-72-servings\/","title":{"rendered":"WHEY ISO PLUS [5LBS] &#8211; 72 SERVINGS"},"excerpt":{"rendered":"<p>WHEY ISO PLUS is the purest whey protein available, with a protein content of over 90%. Low fat and carbohydrate content. In manufacturing we use cross-flow micro-filtration, a delicate process that uses filters to separate protein from fat, cholesterol and lactose on a molecular weight and size basis, providing the purest protein on the market. 5 pound format.<\/p>\n","protected":false},"featured_media":2948,"comment_status":"closed","ping_status":"closed","template":"","meta":[],"product_brand":[],"product_cat":[113,179],"product_tag":[],"class_list":{"0":"post-3291","1":"product","2":"type-product","3":"status-publish","4":"has-post-thumbnail","6":"product_cat-proteinas-en","7":"product_cat-whey-protein-en","8":"pa_marca-pf-pharma-en","9":"pa_sabor-chocolate-en","10":"pa_sabor-fresa-en","12":"first","13":"outofstock","14":"featured","15":"taxable","16":"shipping-taxable","17":"product-type-variable"},"yoast_head":"<!-- This site is optimized with the Yoast SEO plugin v27.3 - https:\/\/yoast.com\/product\/yoast-seo-wordpress\/ -->\n<title>WHEY ISO PLUS [5LBS] - 72 SERVINGS - Nutrici\u00f3n Deportiva y Suplementaci\u00f3n - HighFit<\/title>\n<meta name=\"robots\" content=\"index, follow, max-snippet:-1, max-image-preview:large, max-video-preview:-1\" \/>\n<link rel=\"canonical\" href=\"https:\/\/highfit.es\/en\/producto\/whey-iso-plus-5lbs-72-servings\/\" \/>\n<meta property=\"og:locale\" content=\"en_US\" \/>\n<meta property=\"og:type\" content=\"article\" \/>\n<meta property=\"og:title\" content=\"WHEY ISO PLUS [5LBS] - 72 SERVINGS - Nutrici\u00f3n Deportiva y Suplementaci\u00f3n - HighFit\" \/>\n<meta property=\"og:description\" content=\"WHEY ISO PLUS is the purest whey protein available, with a protein content of over 90%. Low fat and carbohydrate content. In manufacturing we use cross-flow micro-filtration, a delicate process that uses filters to separate protein from fat, cholesterol and lactose on a molecular weight and size basis, providing the purest protein on the market. 5 pound format.\" \/>\n<meta property=\"og:url\" content=\"https:\/\/highfit.es\/en\/producto\/whey-iso-plus-5lbs-72-servings\/\" \/>\n<meta property=\"og:site_name\" content=\"Nutrici\u00f3n Deportiva y Suplementaci\u00f3n - HighFit\" \/>\n<meta property=\"article:modified_time\" content=\"2023-04-25T11:40:07+00:00\" \/>\n<meta property=\"og:image\" content=\"https:\/\/highfit.es\/wp-content\/uploads\/2022\/08\/iso_Mesa-de-trabajo-1.png\" \/>\n\t<meta property=\"og:image:width\" content=\"800\" \/>\n\t<meta property=\"og:image:height\" content=\"800\" \/>\n\t<meta property=\"og:image:type\" content=\"image\/png\" \/>\n<meta name=\"twitter:card\" content=\"summary_large_image\" \/>\n<script type=\"application\/ld+json\" class=\"yoast-schema-graph\">{\"@context\":\"https:\\\/\\\/schema.org\",\"@graph\":[{\"@type\":\"WebPage\",\"@id\":\"https:\\\/\\\/highfit.es\\\/en\\\/producto\\\/whey-iso-plus-5lbs-72-servings\\\/\",\"url\":\"https:\\\/\\\/highfit.es\\\/en\\\/producto\\\/whey-iso-plus-5lbs-72-servings\\\/\",\"name\":\"WHEY ISO PLUS [5LBS] - 72 SERVINGS - Nutrici\u00f3n Deportiva y Suplementaci\u00f3n - HighFit\",\"isPartOf\":{\"@id\":\"https:\\\/\\\/highfit.es\\\/#website\"},\"primaryImageOfPage\":{\"@id\":\"https:\\\/\\\/highfit.es\\\/en\\\/producto\\\/whey-iso-plus-5lbs-72-servings\\\/#primaryimage\"},\"image\":{\"@id\":\"https:\\\/\\\/highfit.es\\\/en\\\/producto\\\/whey-iso-plus-5lbs-72-servings\\\/#primaryimage\"},\"thumbnailUrl\":\"https:\\\/\\\/highfit.es\\\/wp-content\\\/uploads\\\/2022\\\/08\\\/iso_Mesa-de-trabajo-1.png\",\"datePublished\":\"2022-08-11T10:54:22+00:00\",\"dateModified\":\"2023-04-25T11:40:07+00:00\",\"breadcrumb\":{\"@id\":\"https:\\\/\\\/highfit.es\\\/en\\\/producto\\\/whey-iso-plus-5lbs-72-servings\\\/#breadcrumb\"},\"inLanguage\":\"en-US\",\"potentialAction\":[{\"@type\":\"ReadAction\",\"target\":[\"https:\\\/\\\/highfit.es\\\/en\\\/producto\\\/whey-iso-plus-5lbs-72-servings\\\/\"]}]},{\"@type\":\"ImageObject\",\"inLanguage\":\"en-US\",\"@id\":\"https:\\\/\\\/highfit.es\\\/en\\\/producto\\\/whey-iso-plus-5lbs-72-servings\\\/#primaryimage\",\"url\":\"https:\\\/\\\/highfit.es\\\/wp-content\\\/uploads\\\/2022\\\/08\\\/iso_Mesa-de-trabajo-1.png\",\"contentUrl\":\"https:\\\/\\\/highfit.es\\\/wp-content\\\/uploads\\\/2022\\\/08\\\/iso_Mesa-de-trabajo-1.png\",\"width\":800,\"height\":800},{\"@type\":\"BreadcrumbList\",\"@id\":\"https:\\\/\\\/highfit.es\\\/en\\\/producto\\\/whey-iso-plus-5lbs-72-servings\\\/#breadcrumb\",\"itemListElement\":[{\"@type\":\"ListItem\",\"position\":1,\"name\":\"Portada\",\"item\":\"https:\\\/\\\/highfit.es\\\/\"},{\"@type\":\"ListItem\",\"position\":2,\"name\":\"Productos\",\"item\":\"https:\\\/\\\/highfit.es\\\/shop\\\/\"},{\"@type\":\"ListItem\",\"position\":3,\"name\":\"WHEY ISO PLUS [5LBS] &#8211; 72 SERVINGS\"}]},{\"@type\":\"WebSite\",\"@id\":\"https:\\\/\\\/highfit.es\\\/#website\",\"url\":\"https:\\\/\\\/highfit.es\\\/\",\"name\":\"Nutrici\u00f3n Deportiva y Suplementaci\u00f3n - HighFit\",\"description\":\"\u00daltima generaci\u00f3n en productos de nutrici\u00f3n deportiva. Marcas estrella en suplementaci\u00f3n con los m\u00e1s altos est\u00e1ndares de calidad\",\"potentialAction\":[{\"@type\":\"SearchAction\",\"target\":{\"@type\":\"EntryPoint\",\"urlTemplate\":\"https:\\\/\\\/highfit.es\\\/?s={search_term_string}\"},\"query-input\":{\"@type\":\"PropertyValueSpecification\",\"valueRequired\":true,\"valueName\":\"search_term_string\"}}],\"inLanguage\":\"en-US\"}]}<\/script>\n<!-- \/ Yoast SEO plugin. -->","yoast_head_json":{"title":"WHEY ISO PLUS [5LBS] - 72 SERVINGS - Nutrici\u00f3n Deportiva y Suplementaci\u00f3n - HighFit","robots":{"index":"index","follow":"follow","max-snippet":"max-snippet:-1","max-image-preview":"max-image-preview:large","max-video-preview":"max-video-preview:-1"},"canonical":"https:\/\/highfit.es\/en\/producto\/whey-iso-plus-5lbs-72-servings\/","og_locale":"en_US","og_type":"article","og_title":"WHEY ISO PLUS [5LBS] - 72 SERVINGS - Nutrici\u00f3n Deportiva y Suplementaci\u00f3n - HighFit","og_description":"WHEY ISO PLUS is the purest whey protein available, with a protein content of over 90%. Low fat and carbohydrate content. In manufacturing we use cross-flow micro-filtration, a delicate process that uses filters to separate protein from fat, cholesterol and lactose on a molecular weight and size basis, providing the purest protein on the market. 5 pound format.","og_url":"https:\/\/highfit.es\/en\/producto\/whey-iso-plus-5lbs-72-servings\/","og_site_name":"Nutrici\u00f3n Deportiva y Suplementaci\u00f3n - HighFit","article_modified_time":"2023-04-25T11:40:07+00:00","og_image":[{"width":800,"height":800,"url":"https:\/\/highfit.es\/wp-content\/uploads\/2022\/08\/iso_Mesa-de-trabajo-1.png","type":"image\/png"}],"twitter_card":"summary_large_image","schema":{"@context":"https:\/\/schema.org","@graph":[{"@type":"WebPage","@id":"https:\/\/highfit.es\/en\/producto\/whey-iso-plus-5lbs-72-servings\/","url":"https:\/\/highfit.es\/en\/producto\/whey-iso-plus-5lbs-72-servings\/","name":"WHEY ISO PLUS [5LBS] - 72 SERVINGS - Nutrici\u00f3n Deportiva y Suplementaci\u00f3n - HighFit","isPartOf":{"@id":"https:\/\/highfit.es\/#website"},"primaryImageOfPage":{"@id":"https:\/\/highfit.es\/en\/producto\/whey-iso-plus-5lbs-72-servings\/#primaryimage"},"image":{"@id":"https:\/\/highfit.es\/en\/producto\/whey-iso-plus-5lbs-72-servings\/#primaryimage"},"thumbnailUrl":"https:\/\/highfit.es\/wp-content\/uploads\/2022\/08\/iso_Mesa-de-trabajo-1.png","datePublished":"2022-08-11T10:54:22+00:00","dateModified":"2023-04-25T11:40:07+00:00","breadcrumb":{"@id":"https:\/\/highfit.es\/en\/producto\/whey-iso-plus-5lbs-72-servings\/#breadcrumb"},"inLanguage":"en-US","potentialAction":[{"@type":"ReadAction","target":["https:\/\/highfit.es\/en\/producto\/whey-iso-plus-5lbs-72-servings\/"]}]},{"@type":"ImageObject","inLanguage":"en-US","@id":"https:\/\/highfit.es\/en\/producto\/whey-iso-plus-5lbs-72-servings\/#primaryimage","url":"https:\/\/highfit.es\/wp-content\/uploads\/2022\/08\/iso_Mesa-de-trabajo-1.png","contentUrl":"https:\/\/highfit.es\/wp-content\/uploads\/2022\/08\/iso_Mesa-de-trabajo-1.png","width":800,"height":800},{"@type":"BreadcrumbList","@id":"https:\/\/highfit.es\/en\/producto\/whey-iso-plus-5lbs-72-servings\/#breadcrumb","itemListElement":[{"@type":"ListItem","position":1,"name":"Portada","item":"https:\/\/highfit.es\/"},{"@type":"ListItem","position":2,"name":"Productos","item":"https:\/\/highfit.es\/shop\/"},{"@type":"ListItem","position":3,"name":"WHEY ISO PLUS [5LBS] &#8211; 72 SERVINGS"}]},{"@type":"WebSite","@id":"https:\/\/highfit.es\/#website","url":"https:\/\/highfit.es\/","name":"Nutrici\u00f3n Deportiva y Suplementaci\u00f3n - HighFit","description":"\u00daltima generaci\u00f3n en productos de nutrici\u00f3n deportiva. Marcas estrella en suplementaci\u00f3n con los m\u00e1s altos est\u00e1ndares de calidad","potentialAction":[{"@type":"SearchAction","target":{"@type":"EntryPoint","urlTemplate":"https:\/\/highfit.es\/?s={search_term_string}"},"query-input":{"@type":"PropertyValueSpecification","valueRequired":true,"valueName":"search_term_string"}}],"inLanguage":"en-US"}]}},"_links":{"self":[{"href":"https:\/\/highfit.es\/en\/wp-json\/wp\/v2\/product\/3291","targetHints":{"allow":["GET"]}}],"collection":[{"href":"https:\/\/highfit.es\/en\/wp-json\/wp\/v2\/product"}],"about":[{"href":"https:\/\/highfit.es\/en\/wp-json\/wp\/v2\/types\/product"}],"replies":[{"embeddable":true,"href":"https:\/\/highfit.es\/en\/wp-json\/wp\/v2\/comments?post=3291"}],"wp:featuredmedia":[{"embeddable":true,"href":"https:\/\/highfit.es\/en\/wp-json\/wp\/v2\/media\/2948"}],"wp:attachment":[{"href":"https:\/\/highfit.es\/en\/wp-json\/wp\/v2\/media?parent=3291"}],"wp:term":[{"taxonomy":"product_brand","embeddable":true,"href":"https:\/\/highfit.es\/en\/wp-json\/wp\/v2\/product_brand?post=3291"},{"taxonomy":"product_cat","embeddable":true,"href":"https:\/\/highfit.es\/en\/wp-json\/wp\/v2\/product_cat?post=3291"},{"taxonomy":"product_tag","embeddable":true,"href":"https:\/\/highfit.es\/en\/wp-json\/wp\/v2\/product_tag?post=3291"}],"curies":[{"name":"wp","href":"https:\/\/api.w.org\/{rel}","templated":true}]}}