{"id":3533,"date":"2022-09-07T12:55:51","date_gmt":"2022-09-07T12:55:51","guid":{"rendered":"https:\/\/highfit.es\/aviso-legal\/"},"modified":"2022-12-09T11:02:24","modified_gmt":"2022-12-09T11:02:24","slug":"aviso-legal","status":"publish","type":"page","link":"https:\/\/highfit.es\/en\/aviso-legal\/","title":{"rendered":"Legal Notice"},"content":{"rendered":"\n<p>TEC PHARMA EUROPE, in compliance with Article 10 of Law 34\/2002 on Information Society Services and Electronic Commerce, notifies: That it is the owner of the domain and website www.highfit.es<br>That its identification data are:<\/p>\n\n\n\n<p>TEC PHARMA EUROPE<br>CALLE NOGAL 5<br>18100 ARMILLA<br>GRANADA<\/p>\n\n\n\n<p>That it is registered with NIF B-19684604 in the Mercantile Register of Granada, Volume: 1683, Folio 210, Section: 8, Page: GR 52694, Registration: 1 \/ Date: 19\/02\/2019.<\/p>\n\n\n\n<p>The use of the website grants the condition of user and implies full acceptance of all the provisions contained in this Legal Notice and in the Privacy Policy. If the user does not agree with the conditions set forth herein, he\/she should not access and use the website.<\/p>\n\n\n\n<p>The content of this website is the property of TEC PHARMA EUROPE, and any copies or reproduction of all or part of the content is prohibited without the express permission of its owner.<\/p>\n\n\n\n<p>TEC PHARMA EUROPE does not assume any responsibility for the external links of third parties that may be incorporated in the website, as it has no control over them, their contents, the services they provide or the way in which they appear.<\/p>\n\n\n\n<p>The user of the website undertakes to make proper use of it, not to use it for practices contrary to law or good faith and not to cause damage to the physical and logical systems of TEC PHARMA EUROPE.<\/p>\n","protected":false},"excerpt":{"rendered":"<p>TEC PHARMA EUROPE, in compliance with Article 10 of Law 34\/2002 on Information Society Services and Electronic Commerce, notifies: That it is the owner of the domain and website www.highfit.esThat its identification data are: TEC PHARMA EUROPECALLE NOGAL 518100 ARMILLAGRANADA That it is registered with NIF B-19684604 in the Mercantile Register of Granada, Volume: 1683, [&hellip;]<\/p>\n","protected":false},"author":13,"featured_media":0,"parent":0,"menu_order":0,"comment_status":"closed","ping_status":"closed","template":"","meta":{"footnotes":""},"class_list":["post-3533","page","type-page","status-publish","hentry"],"yoast_head":"<!-- This site is optimized with the Yoast SEO plugin v27.3 - https:\/\/yoast.com\/product\/yoast-seo-wordpress\/ -->\n<title>Legal Notice - Nutrici\u00f3n Deportiva y Suplementaci\u00f3n - HighFit<\/title>\n<meta name=\"robots\" content=\"index, follow, max-snippet:-1, max-image-preview:large, max-video-preview:-1\" \/>\n<link rel=\"canonical\" href=\"https:\/\/highfit.es\/en\/aviso-legal\/\" \/>\n<meta property=\"og:locale\" content=\"en_US\" \/>\n<meta property=\"og:type\" content=\"article\" \/>\n<meta property=\"og:title\" content=\"Legal Notice - Nutrici\u00f3n Deportiva y Suplementaci\u00f3n - HighFit\" \/>\n<meta property=\"og:description\" content=\"TEC PHARMA EUROPE, in compliance with Article 10 of Law 34\/2002 on Information Society Services and Electronic Commerce, notifies: That it is the owner of the domain and website www.highfit.esThat its identification data are: TEC PHARMA EUROPECALLE NOGAL 518100 ARMILLAGRANADA That it is registered with NIF B-19684604 in the Mercantile Register of Granada, Volume: 1683, [&hellip;]\" \/>\n<meta property=\"og:url\" content=\"https:\/\/highfit.es\/en\/aviso-legal\/\" \/>\n<meta property=\"og:site_name\" content=\"Nutrici\u00f3n Deportiva y Suplementaci\u00f3n - HighFit\" \/>\n<meta property=\"article:modified_time\" content=\"2022-12-09T11:02:24+00:00\" \/>\n<meta name=\"twitter:card\" content=\"summary_large_image\" \/>\n<meta name=\"twitter:label1\" content=\"Est. reading time\" \/>\n\t<meta name=\"twitter:data1\" content=\"1 minute\" \/>\n<script type=\"application\/ld+json\" class=\"yoast-schema-graph\">{\"@context\":\"https:\\\/\\\/schema.org\",\"@graph\":[{\"@type\":\"WebPage\",\"@id\":\"https:\\\/\\\/highfit.es\\\/en\\\/aviso-legal\\\/\",\"url\":\"https:\\\/\\\/highfit.es\\\/en\\\/aviso-legal\\\/\",\"name\":\"Legal Notice - Nutrici\u00f3n Deportiva y Suplementaci\u00f3n - HighFit\",\"isPartOf\":{\"@id\":\"https:\\\/\\\/highfit.es\\\/#website\"},\"datePublished\":\"2022-09-07T12:55:51+00:00\",\"dateModified\":\"2022-12-09T11:02:24+00:00\",\"breadcrumb\":{\"@id\":\"https:\\\/\\\/highfit.es\\\/en\\\/aviso-legal\\\/#breadcrumb\"},\"inLanguage\":\"en-US\",\"potentialAction\":[{\"@type\":\"ReadAction\",\"target\":[\"https:\\\/\\\/highfit.es\\\/en\\\/aviso-legal\\\/\"]}]},{\"@type\":\"BreadcrumbList\",\"@id\":\"https:\\\/\\\/highfit.es\\\/en\\\/aviso-legal\\\/#breadcrumb\",\"itemListElement\":[{\"@type\":\"ListItem\",\"position\":1,\"name\":\"Portada\",\"item\":\"https:\\\/\\\/highfit.es\\\/\"},{\"@type\":\"ListItem\",\"position\":2,\"name\":\"Legal Notice\"}]},{\"@type\":\"WebSite\",\"@id\":\"https:\\\/\\\/highfit.es\\\/#website\",\"url\":\"https:\\\/\\\/highfit.es\\\/\",\"name\":\"Nutrici\u00f3n Deportiva y Suplementaci\u00f3n - HighFit\",\"description\":\"\u00daltima generaci\u00f3n en productos de nutrici\u00f3n deportiva. Marcas estrella en suplementaci\u00f3n con los m\u00e1s altos est\u00e1ndares de calidad\",\"potentialAction\":[{\"@type\":\"SearchAction\",\"target\":{\"@type\":\"EntryPoint\",\"urlTemplate\":\"https:\\\/\\\/highfit.es\\\/?s={search_term_string}\"},\"query-input\":{\"@type\":\"PropertyValueSpecification\",\"valueRequired\":true,\"valueName\":\"search_term_string\"}}],\"inLanguage\":\"en-US\"}]}<\/script>\n<!-- \/ Yoast SEO plugin. -->","yoast_head_json":{"title":"Legal Notice - Nutrici\u00f3n Deportiva y Suplementaci\u00f3n - HighFit","robots":{"index":"index","follow":"follow","max-snippet":"max-snippet:-1","max-image-preview":"max-image-preview:large","max-video-preview":"max-video-preview:-1"},"canonical":"https:\/\/highfit.es\/en\/aviso-legal\/","og_locale":"en_US","og_type":"article","og_title":"Legal Notice - Nutrici\u00f3n Deportiva y Suplementaci\u00f3n - HighFit","og_description":"TEC PHARMA EUROPE, in compliance with Article 10 of Law 34\/2002 on Information Society Services and Electronic Commerce, notifies: That it is the owner of the domain and website www.highfit.esThat its identification data are: TEC PHARMA EUROPECALLE NOGAL 518100 ARMILLAGRANADA That it is registered with NIF B-19684604 in the Mercantile Register of Granada, Volume: 1683, [&hellip;]","og_url":"https:\/\/highfit.es\/en\/aviso-legal\/","og_site_name":"Nutrici\u00f3n Deportiva y Suplementaci\u00f3n - HighFit","article_modified_time":"2022-12-09T11:02:24+00:00","twitter_card":"summary_large_image","twitter_misc":{"Est. reading time":"1 minute"},"schema":{"@context":"https:\/\/schema.org","@graph":[{"@type":"WebPage","@id":"https:\/\/highfit.es\/en\/aviso-legal\/","url":"https:\/\/highfit.es\/en\/aviso-legal\/","name":"Legal Notice - Nutrici\u00f3n Deportiva y Suplementaci\u00f3n - HighFit","isPartOf":{"@id":"https:\/\/highfit.es\/#website"},"datePublished":"2022-09-07T12:55:51+00:00","dateModified":"2022-12-09T11:02:24+00:00","breadcrumb":{"@id":"https:\/\/highfit.es\/en\/aviso-legal\/#breadcrumb"},"inLanguage":"en-US","potentialAction":[{"@type":"ReadAction","target":["https:\/\/highfit.es\/en\/aviso-legal\/"]}]},{"@type":"BreadcrumbList","@id":"https:\/\/highfit.es\/en\/aviso-legal\/#breadcrumb","itemListElement":[{"@type":"ListItem","position":1,"name":"Portada","item":"https:\/\/highfit.es\/"},{"@type":"ListItem","position":2,"name":"Legal Notice"}]},{"@type":"WebSite","@id":"https:\/\/highfit.es\/#website","url":"https:\/\/highfit.es\/","name":"Nutrici\u00f3n Deportiva y Suplementaci\u00f3n - HighFit","description":"\u00daltima generaci\u00f3n en productos de nutrici\u00f3n deportiva. Marcas estrella en suplementaci\u00f3n con los m\u00e1s altos est\u00e1ndares de calidad","potentialAction":[{"@type":"SearchAction","target":{"@type":"EntryPoint","urlTemplate":"https:\/\/highfit.es\/?s={search_term_string}"},"query-input":{"@type":"PropertyValueSpecification","valueRequired":true,"valueName":"search_term_string"}}],"inLanguage":"en-US"}]}},"_links":{"self":[{"href":"https:\/\/highfit.es\/en\/wp-json\/wp\/v2\/pages\/3533","targetHints":{"allow":["GET"]}}],"collection":[{"href":"https:\/\/highfit.es\/en\/wp-json\/wp\/v2\/pages"}],"about":[{"href":"https:\/\/highfit.es\/en\/wp-json\/wp\/v2\/types\/page"}],"author":[{"embeddable":true,"href":"https:\/\/highfit.es\/en\/wp-json\/wp\/v2\/users\/13"}],"replies":[{"embeddable":true,"href":"https:\/\/highfit.es\/en\/wp-json\/wp\/v2\/comments?post=3533"}],"version-history":[{"count":2,"href":"https:\/\/highfit.es\/en\/wp-json\/wp\/v2\/pages\/3533\/revisions"}],"predecessor-version":[{"id":3535,"href":"https:\/\/highfit.es\/en\/wp-json\/wp\/v2\/pages\/3533\/revisions\/3535"}],"wp:attachment":[{"href":"https:\/\/highfit.es\/en\/wp-json\/wp\/v2\/media?parent=3533"}],"curies":[{"name":"wp","href":"https:\/\/api.w.org\/{rel}","templated":true}]}}