{"id":3528,"date":"2022-07-15T09:40:48","date_gmt":"2022-07-15T09:40:48","guid":{"rendered":"https:\/\/highfit.es\/politica-privacidad\/"},"modified":"2022-12-09T10:50:32","modified_gmt":"2022-12-09T10:50:32","slug":"politica-privacidad","status":"publish","type":"page","link":"https:\/\/highfit.es\/en\/politica-privacidad\/","title":{"rendered":"Privacy policy"},"content":{"rendered":"\n<p>In compliance with current legislation on the Protection of Personal Data, we inform you that the personal data provided by the users of this website in its different forms will be incorporated and processed in one or more files owned by TEC PHARMA EUROPE in order to manage your request, as well as to keep you informed, including by electronic means, of future news and developments related to our company.<\/p>\n\n\n\n<p>The data requested in the various forms marked with an&nbsp;<strong>asterisk<\/strong>&nbsp;(*) are strictly necessary to provide the requested service or to contact the user.<\/p>\n\n\n\n<p>The user guarantees the veracity of the personal data provided, they being the only person responsible for any direct or indirect damage that could be caused to TEC PHARMA EUROPE as a result of filling in the forms with false, inaccurate or incomplete data.<\/p>\n\n\n\n<p>In the event that the user includes personal data of third parties, the user must, prior to their inclusion, inform them of the provisions of this privacy policy, being solely responsible for their inclusion.<\/p>\n\n\n\n<p>TEC PHARMA EUROPE undertakes not to transfer the personal data provided by users of this website to third parties or companies without the prior, express and informed consent of the user.<\/p>\n\n\n\n<p>Users may exercise their rights of access, rectification, cancellation, limitation of processing, opposition and portability recognised in the current legislation by writing to the data controller mentioned below, or to the e-mail address: info@tecpharmaeurope.es or by means of the form for exercising rights provided at the address indicated above.<\/p>\n\n\n\n<p>Acceptance of the terms set out in this privacy policy is required for the sending and transmission of your request. You may also be asked to consent to the processing of the data you provide.<\/p>\n\n\n\n<p>Data controller:<br>TEC PHARMA EUROPE<\/p>\n\n\n\n<p>CALLE NOGAL 5<br>18100 ARMILLA<br>GRANADA<\/p>\n","protected":false},"excerpt":{"rendered":"<p>In compliance with current legislation on the Protection of Personal Data, we inform you that the personal data provided by the users of this website in its different forms will be incorporated and processed in one or more files owned by TEC PHARMA EUROPE in order to manage your request, as well as to keep [&hellip;]<\/p>\n","protected":false},"author":13,"featured_media":0,"parent":0,"menu_order":0,"comment_status":"closed","ping_status":"open","template":"","meta":{"footnotes":""},"class_list":["post-3528","page","type-page","status-publish","hentry"],"yoast_head":"<!-- This site is optimized with the Yoast SEO plugin v27.3 - https:\/\/yoast.com\/product\/yoast-seo-wordpress\/ -->\n<title>Privacy policy - Nutrici\u00f3n Deportiva y Suplementaci\u00f3n - HighFit<\/title>\n<meta name=\"robots\" content=\"index, follow, max-snippet:-1, max-image-preview:large, max-video-preview:-1\" \/>\n<link rel=\"canonical\" href=\"https:\/\/highfit.es\/en\/politica-privacidad\/\" \/>\n<meta property=\"og:locale\" content=\"en_US\" \/>\n<meta property=\"og:type\" content=\"article\" \/>\n<meta property=\"og:title\" content=\"Privacy policy - Nutrici\u00f3n Deportiva y Suplementaci\u00f3n - HighFit\" \/>\n<meta property=\"og:description\" content=\"In compliance with current legislation on the Protection of Personal Data, we inform you that the personal data provided by the users of this website in its different forms will be incorporated and processed in one or more files owned by TEC PHARMA EUROPE in order to manage your request, as well as to keep [&hellip;]\" \/>\n<meta property=\"og:url\" content=\"https:\/\/highfit.es\/en\/politica-privacidad\/\" \/>\n<meta property=\"og:site_name\" content=\"Nutrici\u00f3n Deportiva y Suplementaci\u00f3n - HighFit\" \/>\n<meta property=\"article:modified_time\" content=\"2022-12-09T10:50:32+00:00\" \/>\n<meta name=\"twitter:card\" content=\"summary_large_image\" \/>\n<meta name=\"twitter:label1\" content=\"Est. reading time\" \/>\n\t<meta name=\"twitter:data1\" content=\"1 minute\" \/>\n<script type=\"application\/ld+json\" class=\"yoast-schema-graph\">{\"@context\":\"https:\\\/\\\/schema.org\",\"@graph\":[{\"@type\":\"WebPage\",\"@id\":\"https:\\\/\\\/highfit.es\\\/en\\\/politica-privacidad\\\/\",\"url\":\"https:\\\/\\\/highfit.es\\\/en\\\/politica-privacidad\\\/\",\"name\":\"Privacy policy - Nutrici\u00f3n Deportiva y Suplementaci\u00f3n - HighFit\",\"isPartOf\":{\"@id\":\"https:\\\/\\\/highfit.es\\\/#website\"},\"datePublished\":\"2022-07-15T09:40:48+00:00\",\"dateModified\":\"2022-12-09T10:50:32+00:00\",\"breadcrumb\":{\"@id\":\"https:\\\/\\\/highfit.es\\\/en\\\/politica-privacidad\\\/#breadcrumb\"},\"inLanguage\":\"en-US\",\"potentialAction\":[{\"@type\":\"ReadAction\",\"target\":[\"https:\\\/\\\/highfit.es\\\/en\\\/politica-privacidad\\\/\"]}]},{\"@type\":\"BreadcrumbList\",\"@id\":\"https:\\\/\\\/highfit.es\\\/en\\\/politica-privacidad\\\/#breadcrumb\",\"itemListElement\":[{\"@type\":\"ListItem\",\"position\":1,\"name\":\"Portada\",\"item\":\"https:\\\/\\\/highfit.es\\\/\"},{\"@type\":\"ListItem\",\"position\":2,\"name\":\"Privacy policy\"}]},{\"@type\":\"WebSite\",\"@id\":\"https:\\\/\\\/highfit.es\\\/#website\",\"url\":\"https:\\\/\\\/highfit.es\\\/\",\"name\":\"Nutrici\u00f3n Deportiva y Suplementaci\u00f3n - HighFit\",\"description\":\"\u00daltima generaci\u00f3n en productos de nutrici\u00f3n deportiva. Marcas estrella en suplementaci\u00f3n con los m\u00e1s altos est\u00e1ndares de calidad\",\"potentialAction\":[{\"@type\":\"SearchAction\",\"target\":{\"@type\":\"EntryPoint\",\"urlTemplate\":\"https:\\\/\\\/highfit.es\\\/?s={search_term_string}\"},\"query-input\":{\"@type\":\"PropertyValueSpecification\",\"valueRequired\":true,\"valueName\":\"search_term_string\"}}],\"inLanguage\":\"en-US\"}]}<\/script>\n<!-- \/ Yoast SEO plugin. -->","yoast_head_json":{"title":"Privacy policy - Nutrici\u00f3n Deportiva y Suplementaci\u00f3n - HighFit","robots":{"index":"index","follow":"follow","max-snippet":"max-snippet:-1","max-image-preview":"max-image-preview:large","max-video-preview":"max-video-preview:-1"},"canonical":"https:\/\/highfit.es\/en\/politica-privacidad\/","og_locale":"en_US","og_type":"article","og_title":"Privacy policy - Nutrici\u00f3n Deportiva y Suplementaci\u00f3n - HighFit","og_description":"In compliance with current legislation on the Protection of Personal Data, we inform you that the personal data provided by the users of this website in its different forms will be incorporated and processed in one or more files owned by TEC PHARMA EUROPE in order to manage your request, as well as to keep [&hellip;]","og_url":"https:\/\/highfit.es\/en\/politica-privacidad\/","og_site_name":"Nutrici\u00f3n Deportiva y Suplementaci\u00f3n - HighFit","article_modified_time":"2022-12-09T10:50:32+00:00","twitter_card":"summary_large_image","twitter_misc":{"Est. reading time":"1 minute"},"schema":{"@context":"https:\/\/schema.org","@graph":[{"@type":"WebPage","@id":"https:\/\/highfit.es\/en\/politica-privacidad\/","url":"https:\/\/highfit.es\/en\/politica-privacidad\/","name":"Privacy policy - Nutrici\u00f3n Deportiva y Suplementaci\u00f3n - HighFit","isPartOf":{"@id":"https:\/\/highfit.es\/#website"},"datePublished":"2022-07-15T09:40:48+00:00","dateModified":"2022-12-09T10:50:32+00:00","breadcrumb":{"@id":"https:\/\/highfit.es\/en\/politica-privacidad\/#breadcrumb"},"inLanguage":"en-US","potentialAction":[{"@type":"ReadAction","target":["https:\/\/highfit.es\/en\/politica-privacidad\/"]}]},{"@type":"BreadcrumbList","@id":"https:\/\/highfit.es\/en\/politica-privacidad\/#breadcrumb","itemListElement":[{"@type":"ListItem","position":1,"name":"Portada","item":"https:\/\/highfit.es\/"},{"@type":"ListItem","position":2,"name":"Privacy policy"}]},{"@type":"WebSite","@id":"https:\/\/highfit.es\/#website","url":"https:\/\/highfit.es\/","name":"Nutrici\u00f3n Deportiva y Suplementaci\u00f3n - HighFit","description":"\u00daltima generaci\u00f3n en productos de nutrici\u00f3n deportiva. Marcas estrella en suplementaci\u00f3n con los m\u00e1s altos est\u00e1ndares de calidad","potentialAction":[{"@type":"SearchAction","target":{"@type":"EntryPoint","urlTemplate":"https:\/\/highfit.es\/?s={search_term_string}"},"query-input":{"@type":"PropertyValueSpecification","valueRequired":true,"valueName":"search_term_string"}}],"inLanguage":"en-US"}]}},"_links":{"self":[{"href":"https:\/\/highfit.es\/en\/wp-json\/wp\/v2\/pages\/3528","targetHints":{"allow":["GET"]}}],"collection":[{"href":"https:\/\/highfit.es\/en\/wp-json\/wp\/v2\/pages"}],"about":[{"href":"https:\/\/highfit.es\/en\/wp-json\/wp\/v2\/types\/page"}],"author":[{"embeddable":true,"href":"https:\/\/highfit.es\/en\/wp-json\/wp\/v2\/users\/13"}],"replies":[{"embeddable":true,"href":"https:\/\/highfit.es\/en\/wp-json\/wp\/v2\/comments?post=3528"}],"version-history":[{"count":1,"href":"https:\/\/highfit.es\/en\/wp-json\/wp\/v2\/pages\/3528\/revisions"}],"predecessor-version":[{"id":3529,"href":"https:\/\/highfit.es\/en\/wp-json\/wp\/v2\/pages\/3528\/revisions\/3529"}],"wp:attachment":[{"href":"https:\/\/highfit.es\/en\/wp-json\/wp\/v2\/media?parent=3528"}],"curies":[{"name":"wp","href":"https:\/\/api.w.org\/{rel}","templated":true}]}}