{"id":3514,"date":"2022-09-07T12:35:31","date_gmt":"2022-09-07T12:35:31","guid":{"rendered":"https:\/\/highfit.es\/cookie-policy\/"},"modified":"2022-12-09T10:33:42","modified_gmt":"2022-12-09T10:33:42","slug":"cookie-policy","status":"publish","type":"page","link":"https:\/\/highfit.es\/en\/cookie-policy\/","title":{"rendered":"Cookie Policy"},"content":{"rendered":"\n<p>TEC PHARMA EUROPE S.L., either on its own account or that of a third party contracted to provide measurement services, may use cookies when a user browses the website. Cookies are files sent to the browser by a web server in order to record the user\u2019s activities during their browsing time.<\/p>\n\n\n\n<p>Cookies used by this website are only associated with an anonymous user and their computer, and do not provide the user\u2019s personal data.<\/p>\n\n\n\n<p>Through the use of cookies, the server on which the website is located can recognise the web browser employed by the user. This makes browsing easier, allowing, for example, users who have previously registered get access to areas, services, promotions or competitions reserved exclusively for them without having to register on each visit. They are also used to measure audience and traffic parameters, monitor progress and number of entries.<\/p>\n\n\n\n<p>If cookies are not enabled, some functions and pages may not display correctly. To delete cookies on your computer, click on \u201cHelp\u201d in the browser menu for instructions.<\/p>\n\n\n\n<p>The user can also change their browser settings to be notified of the reception of cookies and to prevent their installation on their computer. Please consult the instructions and manuals of your browser for further information.<\/p>\n\n\n\n<p>To use the website, the user doesn\u00b4t need to allow the installation of the cookies sent by the website, or any third party acting on its behalf, without prejudice to the fact that it is necessary for the user to log in as such in each of the services whose provision requires prior registration or \u201clogin\u201d.<\/p>\n","protected":false},"excerpt":{"rendered":"<p>TEC PHARMA EUROPE S.L., either on its own account or that of a third party contracted to provide measurement services, may use cookies when a user browses the website. Cookies are files sent to the browser by a web server in order to record the user\u2019s activities during their browsing time. Cookies used by this [&hellip;]<\/p>\n","protected":false},"author":13,"featured_media":0,"parent":0,"menu_order":0,"comment_status":"closed","ping_status":"closed","template":"","meta":{"footnotes":""},"class_list":["post-3514","page","type-page","status-publish","hentry"],"yoast_head":"<!-- This site is optimized with the Yoast SEO plugin v27.3 - https:\/\/yoast.com\/product\/yoast-seo-wordpress\/ -->\n<title>Cookie Policy - Nutrici\u00f3n Deportiva y Suplementaci\u00f3n - HighFit<\/title>\n<meta name=\"robots\" content=\"index, follow, max-snippet:-1, max-image-preview:large, max-video-preview:-1\" \/>\n<link rel=\"canonical\" href=\"https:\/\/highfit.es\/en\/cookie-policy\/\" \/>\n<meta property=\"og:locale\" content=\"en_US\" \/>\n<meta property=\"og:type\" content=\"article\" \/>\n<meta property=\"og:title\" content=\"Cookie Policy - Nutrici\u00f3n Deportiva y Suplementaci\u00f3n - HighFit\" \/>\n<meta property=\"og:description\" content=\"TEC PHARMA EUROPE S.L., either on its own account or that of a third party contracted to provide measurement services, may use cookies when a user browses the website. Cookies are files sent to the browser by a web server in order to record the user\u2019s activities during their browsing time. Cookies used by this [&hellip;]\" \/>\n<meta property=\"og:url\" content=\"https:\/\/highfit.es\/en\/cookie-policy\/\" \/>\n<meta property=\"og:site_name\" content=\"Nutrici\u00f3n Deportiva y Suplementaci\u00f3n - HighFit\" \/>\n<meta property=\"article:modified_time\" content=\"2022-12-09T10:33:42+00:00\" \/>\n<meta name=\"twitter:card\" content=\"summary_large_image\" \/>\n<meta name=\"twitter:label1\" content=\"Est. reading time\" \/>\n\t<meta name=\"twitter:data1\" content=\"1 minute\" \/>\n<script type=\"application\/ld+json\" class=\"yoast-schema-graph\">{\"@context\":\"https:\\\/\\\/schema.org\",\"@graph\":[{\"@type\":\"WebPage\",\"@id\":\"https:\\\/\\\/highfit.es\\\/en\\\/cookie-policy\\\/\",\"url\":\"https:\\\/\\\/highfit.es\\\/en\\\/cookie-policy\\\/\",\"name\":\"Cookie Policy - Nutrici\u00f3n Deportiva y Suplementaci\u00f3n - HighFit\",\"isPartOf\":{\"@id\":\"https:\\\/\\\/highfit.es\\\/#website\"},\"datePublished\":\"2022-09-07T12:35:31+00:00\",\"dateModified\":\"2022-12-09T10:33:42+00:00\",\"breadcrumb\":{\"@id\":\"https:\\\/\\\/highfit.es\\\/en\\\/cookie-policy\\\/#breadcrumb\"},\"inLanguage\":\"en-US\",\"potentialAction\":[{\"@type\":\"ReadAction\",\"target\":[\"https:\\\/\\\/highfit.es\\\/en\\\/cookie-policy\\\/\"]}]},{\"@type\":\"BreadcrumbList\",\"@id\":\"https:\\\/\\\/highfit.es\\\/en\\\/cookie-policy\\\/#breadcrumb\",\"itemListElement\":[{\"@type\":\"ListItem\",\"position\":1,\"name\":\"Portada\",\"item\":\"https:\\\/\\\/highfit.es\\\/\"},{\"@type\":\"ListItem\",\"position\":2,\"name\":\"Cookie Policy\"}]},{\"@type\":\"WebSite\",\"@id\":\"https:\\\/\\\/highfit.es\\\/#website\",\"url\":\"https:\\\/\\\/highfit.es\\\/\",\"name\":\"Nutrici\u00f3n Deportiva y Suplementaci\u00f3n - HighFit\",\"description\":\"\u00daltima generaci\u00f3n en productos de nutrici\u00f3n deportiva. Marcas estrella en suplementaci\u00f3n con los m\u00e1s altos est\u00e1ndares de calidad\",\"potentialAction\":[{\"@type\":\"SearchAction\",\"target\":{\"@type\":\"EntryPoint\",\"urlTemplate\":\"https:\\\/\\\/highfit.es\\\/?s={search_term_string}\"},\"query-input\":{\"@type\":\"PropertyValueSpecification\",\"valueRequired\":true,\"valueName\":\"search_term_string\"}}],\"inLanguage\":\"en-US\"}]}<\/script>\n<!-- \/ Yoast SEO plugin. -->","yoast_head_json":{"title":"Cookie Policy - Nutrici\u00f3n Deportiva y Suplementaci\u00f3n - HighFit","robots":{"index":"index","follow":"follow","max-snippet":"max-snippet:-1","max-image-preview":"max-image-preview:large","max-video-preview":"max-video-preview:-1"},"canonical":"https:\/\/highfit.es\/en\/cookie-policy\/","og_locale":"en_US","og_type":"article","og_title":"Cookie Policy - Nutrici\u00f3n Deportiva y Suplementaci\u00f3n - HighFit","og_description":"TEC PHARMA EUROPE S.L., either on its own account or that of a third party contracted to provide measurement services, may use cookies when a user browses the website. Cookies are files sent to the browser by a web server in order to record the user\u2019s activities during their browsing time. Cookies used by this [&hellip;]","og_url":"https:\/\/highfit.es\/en\/cookie-policy\/","og_site_name":"Nutrici\u00f3n Deportiva y Suplementaci\u00f3n - HighFit","article_modified_time":"2022-12-09T10:33:42+00:00","twitter_card":"summary_large_image","twitter_misc":{"Est. reading time":"1 minute"},"schema":{"@context":"https:\/\/schema.org","@graph":[{"@type":"WebPage","@id":"https:\/\/highfit.es\/en\/cookie-policy\/","url":"https:\/\/highfit.es\/en\/cookie-policy\/","name":"Cookie Policy - Nutrici\u00f3n Deportiva y Suplementaci\u00f3n - HighFit","isPartOf":{"@id":"https:\/\/highfit.es\/#website"},"datePublished":"2022-09-07T12:35:31+00:00","dateModified":"2022-12-09T10:33:42+00:00","breadcrumb":{"@id":"https:\/\/highfit.es\/en\/cookie-policy\/#breadcrumb"},"inLanguage":"en-US","potentialAction":[{"@type":"ReadAction","target":["https:\/\/highfit.es\/en\/cookie-policy\/"]}]},{"@type":"BreadcrumbList","@id":"https:\/\/highfit.es\/en\/cookie-policy\/#breadcrumb","itemListElement":[{"@type":"ListItem","position":1,"name":"Portada","item":"https:\/\/highfit.es\/"},{"@type":"ListItem","position":2,"name":"Cookie Policy"}]},{"@type":"WebSite","@id":"https:\/\/highfit.es\/#website","url":"https:\/\/highfit.es\/","name":"Nutrici\u00f3n Deportiva y Suplementaci\u00f3n - HighFit","description":"\u00daltima generaci\u00f3n en productos de nutrici\u00f3n deportiva. Marcas estrella en suplementaci\u00f3n con los m\u00e1s altos est\u00e1ndares de calidad","potentialAction":[{"@type":"SearchAction","target":{"@type":"EntryPoint","urlTemplate":"https:\/\/highfit.es\/?s={search_term_string}"},"query-input":{"@type":"PropertyValueSpecification","valueRequired":true,"valueName":"search_term_string"}}],"inLanguage":"en-US"}]}},"_links":{"self":[{"href":"https:\/\/highfit.es\/en\/wp-json\/wp\/v2\/pages\/3514","targetHints":{"allow":["GET"]}}],"collection":[{"href":"https:\/\/highfit.es\/en\/wp-json\/wp\/v2\/pages"}],"about":[{"href":"https:\/\/highfit.es\/en\/wp-json\/wp\/v2\/types\/page"}],"author":[{"embeddable":true,"href":"https:\/\/highfit.es\/en\/wp-json\/wp\/v2\/users\/13"}],"replies":[{"embeddable":true,"href":"https:\/\/highfit.es\/en\/wp-json\/wp\/v2\/comments?post=3514"}],"version-history":[{"count":4,"href":"https:\/\/highfit.es\/en\/wp-json\/wp\/v2\/pages\/3514\/revisions"}],"predecessor-version":[{"id":3518,"href":"https:\/\/highfit.es\/en\/wp-json\/wp\/v2\/pages\/3514\/revisions\/3518"}],"wp:attachment":[{"href":"https:\/\/highfit.es\/en\/wp-json\/wp\/v2\/media?parent=3514"}],"curies":[{"name":"wp","href":"https:\/\/api.w.org\/{rel}","templated":true}]}}